{"id":33136,"date":"2024-08-09T14:02:42","date_gmt":"2024-08-09T14:02:42","guid":{"rendered":"https:\/\/lacasadelamedicina.es\/product\/kjop-california-sunshine-online\/"},"modified":"2024-08-09T14:02:42","modified_gmt":"2024-08-09T14:02:42","slug":"kjop-california-sunshine-online","status":"publish","type":"product","link":"https:\/\/lacasadelamedicina.es\/no\/produkt\/kjop-california-sunshine-online\/","title":{"rendered":"Kj\u00f8p California Sunshine Online"},"content":{"rendered":"<h2>Kj\u00f8p California Sunshine Online<\/h2>\n<p> California Sunshine \u2013 ark med 100 faner. Kj\u00f8p California Sunshine LSD Online. En ikonisk, noen ganger forvekslet med oransje solskinn, med lyse farger og fantastiske detaljer, denne blotteren har blitt sett dosert over hele verden siden 1980-tallet og er en absolutt perle i LSDs historie.  <\/p>\n<h2>Kj\u00f8p California Sunshine LSD p\u00e5 nett<\/h2>\n<p> De skapte den originale oransje solskinns-LSDen etter en h\u00f8ydose-syretrip hvor en intern stemme fortalte Nicholas Sand at det var hans jobb i livet \u00e5 lage psykedelisk og sl\u00e5 p\u00e5 verden. Kj\u00f8p California Sunshine LSD Online LSD (lysergsyredietylamid), f\u00f8rst syntetisert i 1938, er et kraftig psykoaktivt stoff. Den er kunstig fremstilt av lyserginsyre, som er avledet fra ergot, en sopp som vokser p\u00e5 rug og andre kornsorter. P\u00e5 grunn av sin h\u00f8ye styrke, blir doser av LSD vanligvis m\u00e5lt i mikrogram (mcg). Effektene av LSD, ofte referert til som en \u00abtur\u00bb, kan variere fra stimulerende og hyggelig til sinnsendrende. Imidlertid kan de ogs\u00e5 f\u00f8re til ubehagelige eller noen ganger skremmende opplevelser kjent som en &laquo;d\u00e5rlig tur I USA er LSD klassifisert som et ulovlig stoff og er utpekt av Drug Enforcement Administration (DEA) som et Schedule I-stoff. Denne klassifiseringen betyr at LSD anses \u00e5 ha et h\u00f8yt potensial for misbruk, mangler akseptert medisinsk bruk og anses som usikker for bruk under medisinsk tilsyn. Til tross for dens Schedule I-status, har det v\u00e6rt fornyet interesse for \u00e5 utforske potensielle terapeutiske anvendelser for LSD, for eksempel i behandling av alkoholisme og depresjon. P\u00e5g\u00e5ende studier som f\u00f8lger moderne forskningsstandarder kan forbedre v\u00e5r forst\u00e5else av LSDs mulige fordeler.<\/p>\n","protected":false},"excerpt":{"rendered":"<h2>Kj\u00f8p California Sunshine LSD p\u00e5 nett<\/h2>\n<p> LSD leveres i glasslignende struktur og blander seg etterp\u00e5 med andre latente fester, eller svekkes som en v\u00e6ske for skapelse i svelgelige strukturer. Den er uparfymert, dyster og har en noe hard smak. <\/p>\n","protected":false},"featured_media":19285,"comment_status":"open","ping_status":"closed","template":"","meta":{"om_disable_all_campaigns":false,"_sitemap_exclude":false,"_sitemap_priority":"","_sitemap_frequency":"","_monsterinsights_skip_tracking":false,"_monsterinsights_sitenote_active":false,"_monsterinsights_sitenote_note":"","_monsterinsights_sitenote_category":0},"product_cat":[31687],"product_tag":[31690,31688,31689],"class_list":{"0":"post-33136","1":"product","2":"type-product","3":"status-publish","4":"has-post-thumbnail","6":"product_cat-lsd-no","7":"product_tag-hvor-kan-du-kjope-california-sunshine-online","8":"product_tag-kjop-california-sunshine","9":"product_tag-kjop-california-sunshine-online","11":"first","12":"instock","13":"shipping-taxable","14":"purchasable","15":"product-type-simple","16":"farmacie-col"},"aioseo_notices":[],"_links":{"self":[{"href":"https:\/\/lacasadelamedicina.es\/no\/wp-json\/wp\/v2\/product\/33136"}],"collection":[{"href":"https:\/\/lacasadelamedicina.es\/no\/wp-json\/wp\/v2\/product"}],"about":[{"href":"https:\/\/lacasadelamedicina.es\/no\/wp-json\/wp\/v2\/types\/product"}],"replies":[{"embeddable":true,"href":"https:\/\/lacasadelamedicina.es\/no\/wp-json\/wp\/v2\/comments?post=33136"}],"wp:featuredmedia":[{"embeddable":true,"href":"https:\/\/lacasadelamedicina.es\/no\/wp-json\/wp\/v2\/media\/19285"}],"wp:attachment":[{"href":"https:\/\/lacasadelamedicina.es\/no\/wp-json\/wp\/v2\/media?parent=33136"}],"wp:term":[{"taxonomy":"product_cat","embeddable":true,"href":"https:\/\/lacasadelamedicina.es\/no\/wp-json\/wp\/v2\/product_cat?post=33136"},{"taxonomy":"product_tag","embeddable":true,"href":"https:\/\/lacasadelamedicina.es\/no\/wp-json\/wp\/v2\/product_tag?post=33136"}],"curies":[{"name":"wp","href":"https:\/\/api.w.org\/{rel}","templated":true}]}}