{"id":33132,"date":"2024-08-09T14:02:42","date_gmt":"2024-08-09T14:02:42","guid":{"rendered":"https:\/\/lacasadelamedicina.es\/product\/kjop-alice-in-wonderland-308-ug-pa-nett\/"},"modified":"2024-10-15T20:00:14","modified_gmt":"2024-10-15T20:00:14","slug":"kjop-alice-in-wonderland-308-ug-pa-nett","status":"publish","type":"product","link":"https:\/\/lacasadelamedicina.es\/no\/produkt\/kjop-alice-in-wonderland-308-ug-pa-nett\/","title":{"rendered":"Kj\u00f8p Alice In Wonderland 308 Ug p\u00e5 nett"},"content":{"rendered":"<h2>Kj\u00f8p Alice In Wonderland 308 Ug p\u00e5 nett<\/h2>\n<p>Det psykedeliske stoffet (eller entheogenet) lysergsyredietylamid (LSD) ble f\u00f8rste gang syntetisert den 16. november 1938 av den sveitsiske kjemikeren Albert Hofmann i Sandoz&#8217; (n\u00e5 Novartis) laboratorier i Basel i Sveits. P\u00e5 midten av 60-tallet resulterte motreaksjonene mot bruken av LSD og dets antatt \u00f8deleggende effekt p\u00e5 verdiene til den vestlige middelklassen i at myndighetene grep inn for \u00e5 begrense tilgjengeligheten av stoffet ved \u00e5 gj\u00f8re all bruk av det ulovlig.<\/p>\n<p>[21]  LSD ble erkl\u00e6rt som et &laquo;Schedule I&raquo;-stoff, noe som juridisk sett betyr at stoffet har et &laquo;h\u00f8yt misbrukspotensial&raquo; og ikke har noen &laquo;n\u00e5v\u00e6rende akseptert medisinsk bruk i behandling&raquo;. LSD ble fjernet fra lovlig sirkulasjon. USAs narkotikah\u00e5ndhevelsesadministrasjon hevdet: Kj\u00f8p Lsd online. Bestill Lsd online. Lsd til salgs online    <\/p>\n<h2>Helsemessige fordeler av lysergsyredietylamid<\/h2>\n<p>1) LSD lindrer angst og smerte hos d\u00f8dssyke pasienter. 2) LSD forbedrer emosjonell empati, sosialitet og suggestibilitet. 3) LSD har gunstige effekter p\u00e5 alkohol- og narkotikamisbruk<br \/>\n4) LSD lindrer klyngehodepine. 5) LSD for behandling av stemningslidelser og depresjon. 6) LSD bidrar til \u00e5 \u00f8ke menneskelig kreativitet. 7) LSD som behandling for autisme. 8) LSD har potente antiinflammatoriske effekter. 9) LSD reduserer kriminalitet hos kriminelle. P\u00e5 midten av 1960-tallet f\u00f8rte den \u00f8kende motstanden mot LSD og dets antatt negative innvirkning p\u00e5 den vestlige middelklassens verdier til at myndighetene grep inn for \u00e5 begrense tilgjengeligheten. Myndighetene erkl\u00e6rte LSD som et &laquo;Schedule I&raquo;-stoff, og kategoriserte det som et stoff med &laquo;stort potensial for misbruk&raquo; og uten &laquo;akseptert medisinsk bruk i behandling&raquo;. F\u00f8lgelig ble LSD trukket tilbake fra lovlig omsetning. Det amerikanske narkotikapolitiet understreket forbudet og uttalte &laquo;Kj\u00f8p LSD p\u00e5 nettet. Bestill LSD p\u00e5 nettet. LSD til salgs p\u00e5 nettet.&raquo;<\/p>\n","protected":false},"excerpt":{"rendered":"<p>Kj\u00f8p Alice In Wonderland 308 Ug p\u00e5 nett Det psykedeliske stoffet (eller entheogenet) lysergsyredietylamid (LSD) ble f\u00f8rste gang syntetisert den 16. november 1938 av den sveitsiske kjemikeren Albert Hofmann i Sandoz&#8217; (n\u00e5 Novartis) laboratorier i Basel i Sveits. P\u00e5 midten av 60-tallet resulterte motreaksjonene mot bruken av LSD og dets antatt \u00f8deleggende effekt p\u00e5 verdiene [&hellip;]<\/p>\n","protected":false},"featured_media":19270,"comment_status":"open","ping_status":"closed","template":"","meta":{"om_disable_all_campaigns":false,"_sitemap_exclude":false,"_sitemap_priority":"","_sitemap_frequency":"","_monsterinsights_skip_tracking":false,"_monsterinsights_sitenote_active":false,"_monsterinsights_sitenote_note":"","_monsterinsights_sitenote_category":0},"product_cat":[31687],"product_tag":[39903,39912,39916,39915,39913,39907,39910,39911,39905,39908,39900,39904,39898,39909,39899,39906,39897,39901,39895,39902,39896],"class_list":{"0":"post-33132","1":"product","2":"type-product","3":"status-publish","4":"has-post-thumbnail","6":"product_cat-lsd-no","7":"product_tag-alice-i-eventyrland-308-ug-beste-pris-europa","8":"product_tag-alice-i-eventyrland-308-ug-europa-rabatt","9":"product_tag-alice-i-eventyrland-308-ug-europe-anmeldelse","10":"product_tag-alice-i-eventyrland-308-ug-europe-leverandorer","11":"product_tag-alice-i-eventyrland-308-ug-europe-levering","12":"product_tag-alice-i-eventyrland-308-ug-europe-salg","13":"product_tag-alice-i-eventyrland-308-ug-europe-tilbud","14":"product_tag-alice-i-eventyrland-308-ug-europe-butikk","15":"product_tag-alice-i-eventyrland-308-ug-gratis-frakt-europa","16":"product_tag-alice-i-eventyrland-308-ug-nettbutikk-europa","17":"product_tag-alice-in-wonderland-308-ug-salg-online","18":"product_tag-bestill-alice-i-eventyrland-308-ug-eu","19":"product_tag-bestill-alice-i-eventyrland-308-ug-online","20":"product_tag-billig-alice-i-eventyrland-308-ug-europa","21":"product_tag-effektene-av-alice-i-eventyrland-308-ug","22":"product_tag-hvor-kan-jeg-kjope-alice-i-eventyrland-308-ug-europe","23":"product_tag-hvor-kan-jeg-kjope-alice-i-eventyrland-308-ug-pa-nett","24":"product_tag-hvor-mye-koster-alice-i-eventyrland-308-ug","25":"product_tag-kjop-alice-i-eventyrland-308-ug","26":"product_tag-kjop-alice-i-eventyrland-308-ug-online-i-europa","27":"product_tag-kjop-alice-i-eventyrland-308-ug-pa-nett","29":"first","30":"instock","31":"shipping-taxable","32":"purchasable","33":"product-type-variable","34":"farmacie-col"},"aioseo_notices":[],"_links":{"self":[{"href":"https:\/\/lacasadelamedicina.es\/no\/wp-json\/wp\/v2\/product\/33132"}],"collection":[{"href":"https:\/\/lacasadelamedicina.es\/no\/wp-json\/wp\/v2\/product"}],"about":[{"href":"https:\/\/lacasadelamedicina.es\/no\/wp-json\/wp\/v2\/types\/product"}],"replies":[{"embeddable":true,"href":"https:\/\/lacasadelamedicina.es\/no\/wp-json\/wp\/v2\/comments?post=33132"}],"wp:featuredmedia":[{"embeddable":true,"href":"https:\/\/lacasadelamedicina.es\/no\/wp-json\/wp\/v2\/media\/19270"}],"wp:attachment":[{"href":"https:\/\/lacasadelamedicina.es\/no\/wp-json\/wp\/v2\/media?parent=33132"}],"wp:term":[{"taxonomy":"product_cat","embeddable":true,"href":"https:\/\/lacasadelamedicina.es\/no\/wp-json\/wp\/v2\/product_cat?post=33132"},{"taxonomy":"product_tag","embeddable":true,"href":"https:\/\/lacasadelamedicina.es\/no\/wp-json\/wp\/v2\/product_tag?post=33132"}],"curies":[{"name":"wp","href":"https:\/\/api.w.org\/{rel}","templated":true}]}}