{"id":33131,"date":"2024-08-09T14:02:42","date_gmt":"2024-08-09T14:02:42","guid":{"rendered":"https:\/\/lacasadelamedicina.es\/product\/kjop-albert-hofmann-bicycle-day-1943-online\/"},"modified":"2024-08-09T14:02:42","modified_gmt":"2024-08-09T14:02:42","slug":"kjop-albert-hofmann-bicycle-day-1943-online","status":"publish","type":"product","link":"https:\/\/lacasadelamedicina.es\/no\/produkt\/kjop-albert-hofmann-bicycle-day-1943-online\/","title":{"rendered":"Kj\u00f8p Albert Hofmann Bicycle Day 1943 Online"},"content":{"rendered":"<h2>Kj\u00f8p Albert Hofmann Bicycle Day 1943 p\u00e5 nett<\/h2>\n<p> \u00abLitt etter litt kunne jeg begynne \u00e5 nyte de enest\u00e5ende fargene og formspillene som vedvarte bak mine lukkede \u00f8yne. Kaleidoskopiske, fantastiske bilder str\u00f8mmet inn p\u00e5 meg, vekslende, varierte, \u00e5pnet og lukket seg i sirkler og spiraler, eksploderte i fargede fontener, omorganiserte og hybridiserte seg selv i konstant fluks.\u00bb<\/p>\n","protected":false},"excerpt":{"rendered":"<p>Kj\u00f8p Albert Hofmann Bicycle Day 1943 p\u00e5 nett \u00abLitt etter litt kunne jeg begynne \u00e5 nyte de enest\u00e5ende fargene og formspillene som vedvarte bak mine lukkede \u00f8yne. Kaleidoskopiske, fantastiske bilder str\u00f8mmet inn p\u00e5 meg, vekslende, varierte, \u00e5pnet og lukket seg i sirkler og spiraler, eksploderte i fargede fontener, omorganiserte og hybridiserte seg selv i konstant [&hellip;]<\/p>\n","protected":false},"featured_media":19255,"comment_status":"open","ping_status":"closed","template":"","meta":{"om_disable_all_campaigns":false,"_sitemap_exclude":false,"_sitemap_priority":"","_sitemap_frequency":"","_monsterinsights_skip_tracking":false,"_monsterinsights_sitenote_active":false,"_monsterinsights_sitenote_note":"","_monsterinsights_sitenote_category":0},"product_cat":[31687],"product_tag":[31824,31836,31834,31828,31832,31833,31831,31837,31826,31829,31821,31835,31825,31819,31830,31820,31827,31818,31822,31816,31823,31817],"class_list":{"0":"post-33131","1":"product","2":"type-product","3":"status-publish","4":"has-post-thumbnail","6":"product_cat-lsd-no","7":"product_tag-albert-hofmann-bicycle-day-1943-beste-pris-europa","8":"product_tag-albert-hofmann-bicycle-day-1943-europa-leverandorer","9":"product_tag-albert-hofmann-bicycle-day-1943-europa-levering","10":"product_tag-albert-hofmann-bicycle-day-1943-europa-salg","11":"product_tag-albert-hofmann-bicycle-day-1943-europa-butikk","12":"product_tag-albert-hofmann-bicycle-day-1943-europa-rabatt","13":"product_tag-albert-hofmann-bicycle-day-1943-europa-tilbud","14":"product_tag-albert-hofmann-bicycle-day-1943-europe-review-no","15":"product_tag-albert-hofmann-bicycle-day-1943-gratis-frakt-europa","16":"product_tag-albert-hofmann-bicycle-day-1943-nettbutikk-europa","17":"product_tag-albert-hofmann-bicycle-day-1943-salg-pa-nett","18":"product_tag-autentisk-albert-hofmann-sykkeldag-1943-europa","19":"product_tag-bestill-albert-hofmann-bicycle-day-1943-eu","20":"product_tag-bestill-albert-hofmann-bicycle-day-1943-online","21":"product_tag-billig-albert-hofmann-bicycle-day-1943-europa","22":"product_tag-effekter-av-albert-hofmann-sykkeldag-1943","23":"product_tag-hvor-kan-du-kjope-albert-hofmann-bicycle-day-1943-europe","24":"product_tag-hvor-kan-du-kjope-albert-hofmann-bicycle-day-1943-online","25":"product_tag-hvor-mye-koster-albert-hofmann-bicycle-day-1943","26":"product_tag-kjop-albert-hofmann-bicycle-day-1943","27":"product_tag-kjop-albert-hofmann-bicycle-day-1943-online-europa","28":"product_tag-kjop-albert-hofmann-bicycle-day-1943-pa-nett","30":"first","31":"instock","32":"shipping-taxable","33":"purchasable","34":"product-type-simple","35":"farmacie-col"},"aioseo_notices":[],"_links":{"self":[{"href":"https:\/\/lacasadelamedicina.es\/no\/wp-json\/wp\/v2\/product\/33131"}],"collection":[{"href":"https:\/\/lacasadelamedicina.es\/no\/wp-json\/wp\/v2\/product"}],"about":[{"href":"https:\/\/lacasadelamedicina.es\/no\/wp-json\/wp\/v2\/types\/product"}],"replies":[{"embeddable":true,"href":"https:\/\/lacasadelamedicina.es\/no\/wp-json\/wp\/v2\/comments?post=33131"}],"wp:featuredmedia":[{"embeddable":true,"href":"https:\/\/lacasadelamedicina.es\/no\/wp-json\/wp\/v2\/media\/19255"}],"wp:attachment":[{"href":"https:\/\/lacasadelamedicina.es\/no\/wp-json\/wp\/v2\/media?parent=33131"}],"wp:term":[{"taxonomy":"product_cat","embeddable":true,"href":"https:\/\/lacasadelamedicina.es\/no\/wp-json\/wp\/v2\/product_cat?post=33131"},{"taxonomy":"product_tag","embeddable":true,"href":"https:\/\/lacasadelamedicina.es\/no\/wp-json\/wp\/v2\/product_tag?post=33131"}],"curies":[{"name":"wp","href":"https:\/\/api.w.org\/{rel}","templated":true}]}}