{"id":33116,"date":"2024-08-09T14:02:43","date_gmt":"2024-08-09T14:02:43","guid":{"rendered":"https:\/\/lacasadelamedicina.es\/product\/kjop-pentobarbital-intravenos-opplosning-online\/"},"modified":"2024-08-09T14:02:43","modified_gmt":"2024-08-09T14:02:43","slug":"kjop-pentobarbital-intravenos-opplosning-online","status":"publish","type":"product","link":"https:\/\/lacasadelamedicina.es\/no\/produkt\/kjop-pentobarbital-intravenos-opplosning-online\/","title":{"rendered":"Kj\u00f8p Pentobarbital intraven\u00f8s oppl\u00f8sning online"},"content":{"rendered":"<h2>Kj\u00f8p Pentobarbital intraven\u00f8s oppl\u00f8sning<\/h2>\n<p> Det finnes mange typer barbiturater, og pentobarbital intraven\u00f8s oppl\u00f8sning er bare en av dem. Hos Dr. Law Sons Pharmacy gir vi omfattende informasjon om dette stoffet for \u00e5 hjelpe deg \u00e5 forst\u00e5 dets bruk og virkning.  <\/p>\n<h3>Hva er Pentobarbital?<\/h3>\n<p> Pentobarbital er et barbiturat som deprimerer sentralnervesystemet (CNS) og hjernen. Det er f\u00f8rst og fremst foreskrevet for \u00e5 indusere s\u00f8vn i stedet for som et beroligende middel. Som andre barbiturater, kan effektiviteten reduseres ved langvarig bruk, og blir ofte mindre effektiv etter to uker. Legemidlet har en halveringstid fra 5 til 50 timer, avhengig av dosering. Pentobarbital er en gang allment tilgjengelig, n\u00e5 sjeldent og dyrt, siden det ikke lenger brukes som bed\u00f8velsesmiddel i mange land.     <\/p>\n<h3>Psykologiske og fysiologiske effekter av pentobarbital<\/h3>\n<p> Pentobarbital kan for\u00e5rsake ulike fysiologiske effekter, inkludert: <\/p>\n<ul>\n<li>Redusert arterielt trykk<\/li>\n<li>Perifer vasodilatasjon<\/li>\n<li>Endret hjertefrekvens<\/li>\n<li>Depresjon av hjertevolum<\/li>\n<li>Redusert vasopressorrespons<\/li>\n<\/ul>\n<p> I forskningssammenheng kan det p\u00e5virke variabler som myokardskade etter koronararterieligering. Legemidlet gir sedasjonsdybde lik Jorgensen-teknikken, med effekter som varer i 2-4 timer. Som et CNS-dempende middel kan det gj\u00f8re individer mer f\u00f8lsomme for stimuli. I flere ti\u00e5r var pentobarbital et standard bed\u00f8velsesmiddel for fors\u00f8ksdyr. Effektiv anestesi hos fors\u00f8ksdyr oppn\u00e5s med doser n\u00e6r de som kan for\u00e5rsake respirasjonssvikt, administrert sakte via intraven\u00f8s injeksjon. Selv om pentobarbital ikke lenger er kommersielt tilgjengelig for anestesi i de fleste land, kan det fortsatt f\u00e5s fra lisensierte leverand\u00f8rer som Dr. Law Sons Pharmacy for spesifikke forskningsbehov.      <\/p>\n<h2>Kan du behandle en overdose pentobarbital?<\/h2>\n<p> Overdosering av barbiturat kan v\u00e6re ekstremt d\u00f8delig. Du b\u00f8r alltid varsle legen din hvis du tror du er f\u00f8lsom overfor barbiturater eller hvis du har en historie med narkotikamisbruk. Du b\u00f8r ogs\u00e5 fortelle legen hvis du har en lever- eller nyresykdom, porfyri, kronisk obstruktiv lungetilstand, ukontrollert astma eller en historie med mental helse eller kronisk sykdom. Hvis en kj\u00e6r eller en n\u00e6r person har overdosert pentobarbital, ikke pr\u00f8v \u00e5 f\u00e5 ham eller henne til \u00e5 kaste opp. Du b\u00f8r s\u00f8ke medisinsk hjelp umiddelbart. Behandling av en overdose pentobarbital involverer for det meste st\u00f8ttende hjelp. Nedenfor er noen av de st\u00f8ttende prosedyrene:       <\/p>\n<ul>\n<li>Sjekke de vanlige overdosesymptomene<\/li>\n<li>Observer tilf\u00f8rsel og utgang av v\u00e6ske<\/li>\n<li>S\u00f8rge for at det er nok oksygen<\/li>\n<li>Sikre at offeret er trygt til enhver tid<\/li>\n<li>Sjekker sjokksymptomene<\/li>\n<li>Sjekker bevissthetsniv\u00e5er<\/li>\n<li>Hemodialyse kan v\u00e6re n\u00f8dvendig for \u00e5 ta stoffet ut av systemet hvis det er unormal nyrefunksjon<\/li>\n<li>\u00d8kt v\u00e6skeinntak<\/li>\n<li>Sikre at det er pentobarbital nyreutskillelse<\/li>\n<li>Start antibiotikabehandling i tilfelle offeret har lungebetennelse<\/li>\n<li>Tilbyr omsorg som kan forbedre mental \u00e5rv\u00e5kenhet og l\u00f8se eventuelle tegn p\u00e5 p\u00e5virket tenkning<\/li>\n<li>Sjekke mulige problemer som nyresvikt, lunge\u00f8dem, arytmier og kongestive hjerteproblemer.<\/li>\n<\/ul>\n<h3>Pentobarbital bivirkninger<\/h3>\n<p> N\u00e5r du tar pentobarbital, vil du sannsynligvis oppleve flere bivirkninger etterp\u00e5. Noen kan v\u00e6re milde mens andre er alvorlige. Vi har gitt de fleste bivirkningene her. Husk at dette ikke er en fullstendig liste over bivirkninger. De inkluderer: forvirring, mareritt, angst, unormal tenkning, kvalme, forstoppelse, feber, agitasjon, hallusinasjoner, nerv\u00f8sitet, s\u00f8vnl\u00f8shet, svimmelhet, kvalme, oppkast og hodepine, blant andre.     <\/p>\n<h3>Kan du bli avhengig av Pentobarbital intraven\u00f8s l\u00f8sning?<\/h3>\n<p> Akkurat som de fleste barbiturater, er pentobarbital ogs\u00e5 veldig vanedannende. Unng\u00e5 \u00e5 ta stoffet i mer enn n\u00f8dvendige doser eller i lengre tid enn n\u00f8dvendig. I tillegg, n\u00e5r du trekker deg fra stoffet, s\u00f8rg for at du konsulterer en lege. Pentobarbital kan for\u00e5rsake alvorlige abstinenssymptomer som svimmelhet, s\u00f8vnl\u00f8shet, besvimelse og mer, og en lege vet hvordan du kan redusere dosen gradvis slik at du ikke lider av disse abstinenssymptomene.    <\/p>\n<h3>Kan du f\u00e5 pentobarbital lovlig?<\/h3>\n<p> Pentobarbital er en av f\u00e5 barbiturater som du kan kj\u00f8pe lovlig. Det er imidlertid verdt \u00e5 merke seg at antallet selskaper som produserer pentobarbital har redusert drastisk, noe som gj\u00f8r det vanskelig \u00e5 f\u00e5 tak i dette stoffet. Du trenger en legeanbefaling\/resept for at du skal kunne kj\u00f8pe dette stoffet.   <\/p>\n<h3>Kan du kj\u00f8pe pentobarbital p\u00e5 nett?<\/h3>\n<p> Hvis du s\u00f8ker pentobarbital p\u00e5 s\u00f8kemotorer, vil du f\u00e5 mange nettleverand\u00f8rer som selger pentobarbital og andre barbiturater. Du b\u00f8r imidlertid vite at pentobarbital og andre barbiturater er kontrollerte stoffer i mange land. Hvis du planlegger \u00e5 kj\u00f8pe pentobarbital p\u00e5 nettet, s\u00f8rg for at du har gjort skikkelig unders\u00f8kelser f\u00f8r du kj\u00f8per. \u00c5 lese mange anmeldelser sikrer ogs\u00e5 at du kj\u00f8per fra en legitim kj\u00f8per.<\/p>\n","protected":false},"excerpt":{"rendered":"<p>Kj\u00f8p Nembutal Pentobarbital d\u00f8delig injeksjonsl\u00f8sning online. Tilgjengelig i en konsentrasjon p\u00e5 50 mg\/ml, kommer l\u00f8sningen i hetteglass p\u00e5 20 ml og 50 ml. Velg mengden du trenger og legg den i handlekurven. Vi tilbyr rask og garantert diskret levering for alle bestillinger.   <\/p>\n","protected":false},"featured_media":19720,"comment_status":"open","ping_status":"closed","template":"","meta":{"om_disable_all_campaigns":false,"_sitemap_exclude":false,"_sitemap_priority":"","_sitemap_frequency":"","_monsterinsights_skip_tracking":false,"_monsterinsights_sitenote_active":false,"_monsterinsights_sitenote_note":"","_monsterinsights_sitenote_category":0},"product_cat":[31590],"product_tag":[31783,31767,31773,31778,31768,31775,31766,31770,31771,31764,31765,31772,31779,31780,31785,31784,31781,31776,31774,31777,31782,31769],"class_list":{"0":"post-33116","1":"product","2":"type-product","3":"status-publish","4":"has-post-thumbnail","6":"product_cat-pentobarbitalnatrium-nembutal","7":"product_tag-autentisk-pentobarbital-intravenos-losning-europa","8":"product_tag-bestill-pentobarbital-intravenos-losning-online","9":"product_tag-bestill-pentobarbital-intravenos-opplosning-eu","10":"product_tag-billig-pentobarbital-intravenos-opplosning-europa","11":"product_tag-effekter-av-pentobarbital-intravenos-opplosning","12":"product_tag-hvor-kan-man-kjope-pentobarbital-intravenos-opplosning-europa","13":"product_tag-hvor-kan-man-kjope-pentobarbital-intravenos-opplosning-online","14":"product_tag-hvor-mye-er-pentobarbital-intravenos-opplosning","15":"product_tag-kjop-pentobarbital-intravenos-losning-online-europa","16":"product_tag-kjop-pentobarbital-intravenos-opplosning","17":"product_tag-kjop-pentobarbital-intravenos-opplosning-online","18":"product_tag-pentobarbital-intravenos-losning-beste-pris-europa","19":"product_tag-pentobarbital-intravenos-losning-europa-avtaler","20":"product_tag-pentobarbital-intravenos-losning-europa-butikk","21":"product_tag-pentobarbital-intravenos-losning-europa-gjennomgang","22":"product_tag-pentobarbital-intravenos-losning-europa-leverandorer","23":"product_tag-pentobarbital-intravenos-losning-europa-rabatt","24":"product_tag-pentobarbital-intravenos-losning-europa-salg","25":"product_tag-pentobarbital-intravenos-losning-gratis-frakt-europa","26":"product_tag-pentobarbital-intravenos-losning-nettbutikk-europa","27":"product_tag-pentobarbital-intravenos-opplosning-europa-levering","28":"product_tag-salg-av-pentobarbital-intravenos-losning-online","30":"first","31":"instock","32":"shipping-taxable","33":"purchasable","34":"product-type-variable","35":"farmacie-col"},"aioseo_notices":[],"_links":{"self":[{"href":"https:\/\/lacasadelamedicina.es\/no\/wp-json\/wp\/v2\/product\/33116"}],"collection":[{"href":"https:\/\/lacasadelamedicina.es\/no\/wp-json\/wp\/v2\/product"}],"about":[{"href":"https:\/\/lacasadelamedicina.es\/no\/wp-json\/wp\/v2\/types\/product"}],"replies":[{"embeddable":true,"href":"https:\/\/lacasadelamedicina.es\/no\/wp-json\/wp\/v2\/comments?post=33116"}],"wp:featuredmedia":[{"embeddable":true,"href":"https:\/\/lacasadelamedicina.es\/no\/wp-json\/wp\/v2\/media\/19720"}],"wp:attachment":[{"href":"https:\/\/lacasadelamedicina.es\/no\/wp-json\/wp\/v2\/media?parent=33116"}],"wp:term":[{"taxonomy":"product_cat","embeddable":true,"href":"https:\/\/lacasadelamedicina.es\/no\/wp-json\/wp\/v2\/product_cat?post=33116"},{"taxonomy":"product_tag","embeddable":true,"href":"https:\/\/lacasadelamedicina.es\/no\/wp-json\/wp\/v2\/product_tag?post=33116"}],"curies":[{"name":"wp","href":"https:\/\/api.w.org\/{rel}","templated":true}]}}