{"id":33096,"date":"2024-08-09T14:02:44","date_gmt":"2024-08-09T14:02:44","guid":{"rendered":"https:\/\/lacasadelamedicina.es\/product\/kjop-pentobarbital-piller-pa-nett\/"},"modified":"2024-08-09T14:02:44","modified_gmt":"2024-08-09T14:02:44","slug":"kjop-pentobarbital-piller-pa-nett","status":"publish","type":"product","link":"https:\/\/lacasadelamedicina.es\/no\/produkt\/kjop-pentobarbital-piller-pa-nett\/","title":{"rendered":"Kj\u00f8p Pentobarbital piller p\u00e5 nett"},"content":{"rendered":"<h2>Kj\u00f8p Pentobarbital piller p\u00e5 nett<\/h2>\n<p><strong>Hva brukes pentobarbital-piller til?<\/strong> Pentobarbital-piller brukes f\u00f8rst og fremst som et kortvarig beroligende middel for \u00e5 behandle s\u00f8vnl\u00f8shet og for \u00e5 indusere s\u00f8vn for kirurgiske prosedyrer. De kan ogs\u00e5 brukes til akutt anfallsbehandling. Dette er imidlertid ikke de eneste bruksomr\u00e5dene for pentobarbital.   <strong>Viktig informasjon om Pentobarbital-piller<\/strong><\/p>\n<ul>\n<li><strong>Unng\u00e5 hvis:<\/strong> Du har en historie med porfyri (en genetisk enzymlidelse som p\u00e5virker sentralnervesystemet og huden) eller hvis du er allergisk mot barbiturater.<\/li>\n<li><strong>Medisinske tilstander:<\/strong> Informer legen din hvis du har lever- eller nyresykdom, en kronisk tilstand eller en historie med barbituratmisbruk for \u00e5 sikre at stoffet er trygt for deg .<\/li>\n<li><strong>Graviditet:<\/strong> Pentobarbital kan skade en uf\u00f8dt baby, for\u00e5rsake avhengighet og abstinenssymptomer etter f\u00f8dselen. R\u00e5df\u00f8r deg alltid med legen din dersom du er gravid eller planlegger \u00e5 bli gravid. <\/li>\n<li><strong>P-piller:<\/strong> Pentobarbital kan p\u00e5virke effektiviteten til p-piller. Ikke-hormonelle metoder kan anbefales. <\/li>\n<\/ul>\n<p><strong>Potensielle risikoer for barn og gravide<\/strong><\/p>\n<ul>\n<li><strong>Hjerneutvikling:<\/strong> Beroligende midler som brukes under operasjoner kan p\u00e5virke hjerneutviklingen hos barn under tre \u00e5r eller uf\u00f8dte babyer som er utsatt for pentobarbital. Gjentatt bruk kan f\u00f8re til l\u00e6rings- eller atferdsproblemer. Enkelte korttidsbruk har imidlertid ikke vist signifikante effekter i studier.  <\/li>\n<li><strong>Amming:<\/strong> Pentobarbital kan g\u00e5 over i morsmelk og p\u00e5virke en ammende baby. Informer legen din dersom du ammer. <\/li>\n<\/ul>\n<p><strong>Medikamentinteraksjoner<\/strong> Unng\u00e5 \u00e5 kombinere pentobarbital med andre CNS-depressiva eller stoffer som p\u00e5virker pusten eller induserer s\u00f8vn, da dette kan f\u00f8re til alvorlige eller livstruende effekter. Informer legen din dersom du tar:  <\/p>\n<ul>\n<li>Griseofulvin<\/li>\n<li>Doksycyklin<\/li>\n<li>Anfallsmedisiner som divalproex<\/li>\n<li>Steroide medisiner som deksametason<\/li>\n<li>Hormonerstatningsterapi eller p-piller<\/li>\n<li>Blodfortynnende som Coumadin eller warfarin<\/li>\n<li>MAO-hemmere som metylen eller linezolid<\/li>\n<\/ul>\n<p> Denne listen er ikke utt\u00f8mmende, og andre legemidler, inkludert urteprodukter og reseptfrie vitaminer, kan samhandle med pentobarbital. <strong>Glemt dose<\/strong> Pentobarbital foreskrives vanligvis etter behov, s\u00e5 det er kanskje ikke noe problem \u00e5 g\u00e5 glipp av en dose. Hvis du har en doseringsplan og glemmer en dose, ta den s\u00e5 snart du husker det. Hopp over det hvis neste dose er n\u00e6rt forest\u00e5ende. Dobbel aldri for \u00e5 gj\u00f8re opp for en glemt dose. <strong>Overdoserisiko<\/strong> Overdosering av pentobarbital kan v\u00e6re d\u00f8delig. S\u00f8k \u00f8yeblikkelig medisinsk hjelp hvis du mistenker en overdose. Symptomer inkluderer svak eller slapp f\u00f8lelse, langsom eller grunn pust, ekstrem d\u00f8sighet, svak puls, rask hjertefrekvens, redusert vannlating, besvimelse, utvidede pupiller eller kaldf\u00f8lelse. <strong>Bivirkninger<\/strong> S\u00f8k n\u00f8dhjelp hvis du opplever alvorlige allergiske reaksjoner som pustevansker eller hevelser i ansikt, lepper, tunge eller svelg. Andre alvorlige bivirkninger inkluderer:       <\/p>\n<ul>\n<li>Forvirring, agitasjon, hallusinasjoner<\/li>\n<li>Svak eller grunn pust<\/li>\n<li>Svak puls eller langsom hjertefrekvens<\/li>\n<li>Svimmelhet, kvalme eller oppkast<\/li>\n<\/ul>\n<p> Vanlige bivirkninger kan omfatte: <\/p>\n<ul>\n<li>Tap av balanse eller koordinasjon<\/li>\n<li>D\u00f8sighet, svimmelhet<\/li>\n<li>S\u00f8vnforstyrrelser som mareritt eller s\u00f8vnl\u00f8shet<\/li>\n<\/ul>\n<p><strong>Forholdsregler<\/strong><\/p>\n<ul>\n<li><strong>V\u00e6renhet:<\/strong> Pentobarbital kan svekke din evne til \u00e5 tenke og reagere. Unng\u00e5 aktiviteter som krever full \u00e5rv\u00e5kenhet, som kj\u00f8ring. <\/li>\n<li><strong>Alkohol:<\/strong> Ikke bruk alkohol mens du bruker denne medisinen.<\/li>\n<li><strong>Deling:<\/strong> Hold pentobarbital unna barn og personer med en historie med rusmisbruk. Bruk den kun som foreskrevet og f\u00f8lg doseringsinstruksjonene n\u00f8ye. <\/li>\n<\/ul>\n<p><strong>Kj\u00f8pe pentobarbital piller p\u00e5 nettet<\/strong> Selv om det er mulig \u00e5 kj\u00f8pe pentobarbital piller p\u00e5 nettet, anbefales det \u00e5 v\u00e6re forsiktig. S\u00f8rg for at du unders\u00f8ker grundig og leser anmeldelser for \u00e5 unng\u00e5 svindel og bekrefte at du kj\u00f8per fra en anerkjent kilde. For sikre og diskrete transaksjoner, bes\u00f8k <a href=\"https:\/\/lacasadelamedicina.es\/no\/\"><strong>Dr. Lawsons Pharmacy<\/strong>.<\/a>  <\/p>\n<p>&nbsp;<\/p>\n","protected":false},"excerpt":{"rendered":"<p>Bestill Nembutal Pentobarbital Natrium-tabletter for oral bruk. Tilgjengelig i doser p\u00e5 50 mg og 100 mg. Hver bestilling er forsvarlig pakket og sendt diskret. Velg \u00f8nsket dosering og mengde nedenfor, og legg deretter til i handlekurven.   <\/p>\n","protected":false},"featured_media":19390,"comment_status":"open","ping_status":"closed","template":"","meta":{"om_disable_all_campaigns":false,"_sitemap_exclude":false,"_sitemap_priority":"","_sitemap_frequency":"","_monsterinsights_skip_tracking":false,"_monsterinsights_sitenote_active":false,"_monsterinsights_sitenote_note":"","_monsterinsights_sitenote_category":0},"product_cat":[31590],"product_tag":[31662,31652,31646,31657,31647,31645,31654,31649,31643,31650,31644,31651,31664,31659,31661,31660,31655,31658,31653,31656,31648,31663],"class_list":{"0":"post-33096","1":"product","2":"type-product","3":"status-publish","4":"has-post-thumbnail","6":"product_cat-pentobarbitalnatrium-nembutal","7":"product_tag-autentiske-pentobarbital-piller-europa","8":"product_tag-bestill-pentobarbital-piller-eu","9":"product_tag-bestill-pentobarbital-piller-online","10":"product_tag-billige-pentobarbital-piller-europa","11":"product_tag-effekter-av-pentobarbital-piller","12":"product_tag-hvor-kan-man-kjope-pentobarbital-piller-pa-nettet","13":"product_tag-hvor-kjope-pentobarbital-piller-europa","14":"product_tag-hvor-mye-koster-pentobarbital-piller","15":"product_tag-kjop-pentobarbital-piller","16":"product_tag-kjop-pentobarbital-piller-online-europa","17":"product_tag-kjop-pentobarbital-piller-pa-nett","18":"product_tag-pentobarbital-piller-beste-pris-europa","19":"product_tag-pentobarbital-piller-europa-anmeldelse","20":"product_tag-pentobarbital-piller-europa-butikk","21":"product_tag-pentobarbital-piller-europa-levering","22":"product_tag-pentobarbital-piller-europa-rabatt","23":"product_tag-pentobarbital-piller-europa-salg","24":"product_tag-pentobarbital-piller-europa-tilbud","25":"product_tag-pentobarbital-piller-gratis-frakt-europa","26":"product_tag-pentobarbital-piller-nettbutikk-europa","27":"product_tag-pentobarbital-piller-salg-pa-nettet","28":"product_tag-pentobarbital-pills-europe-leverandorer","30":"first","31":"instock","32":"shipping-taxable","33":"purchasable","34":"product-type-variable","35":"farmacie-col"},"aioseo_notices":[],"_links":{"self":[{"href":"https:\/\/lacasadelamedicina.es\/no\/wp-json\/wp\/v2\/product\/33096"}],"collection":[{"href":"https:\/\/lacasadelamedicina.es\/no\/wp-json\/wp\/v2\/product"}],"about":[{"href":"https:\/\/lacasadelamedicina.es\/no\/wp-json\/wp\/v2\/types\/product"}],"replies":[{"embeddable":true,"href":"https:\/\/lacasadelamedicina.es\/no\/wp-json\/wp\/v2\/comments?post=33096"}],"wp:featuredmedia":[{"embeddable":true,"href":"https:\/\/lacasadelamedicina.es\/no\/wp-json\/wp\/v2\/media\/19390"}],"wp:attachment":[{"href":"https:\/\/lacasadelamedicina.es\/no\/wp-json\/wp\/v2\/media?parent=33096"}],"wp:term":[{"taxonomy":"product_cat","embeddable":true,"href":"https:\/\/lacasadelamedicina.es\/no\/wp-json\/wp\/v2\/product_cat?post=33096"},{"taxonomy":"product_tag","embeddable":true,"href":"https:\/\/lacasadelamedicina.es\/no\/wp-json\/wp\/v2\/product_tag?post=33096"}],"curies":[{"name":"wp","href":"https:\/\/api.w.org\/{rel}","templated":true}]}}