{"id":33081,"date":"2024-08-09T14:02:46","date_gmt":"2024-08-09T14:02:46","guid":{"rendered":"https:\/\/lacasadelamedicina.es\/product\/kjop-kaliumcyanidpulver-og-piller-pa-nett\/"},"modified":"2024-08-09T14:02:46","modified_gmt":"2024-08-09T14:02:46","slug":"kjop-kaliumcyanidpulver-og-piller-pa-nett","status":"publish","type":"product","link":"https:\/\/lacasadelamedicina.es\/no\/produkt\/kjop-kaliumcyanidpulver-og-piller-pa-nett\/","title":{"rendered":"Kj\u00f8p kaliumcyanidpulver og piller p\u00e5 nett"},"content":{"rendered":"<h3>Kj\u00f8p kaliumcyanidpulver og piller p\u00e5 nett<\/h3>\n<p> Er dette f\u00f8rste gang du kommer over kaliumcyanidpulver og piller? I s\u00e5 fall er det ingen grunn til bekymring. I denne artikkelen vil vi diskutere alt du trenger \u00e5 vite om kjemikaliet. Kaliumcyanid (KCN) er en uorganisk forbindelse som fremst\u00e5r som et fargel\u00f8st, krystallinsk stoff som ligner sukker. Det er sv\u00e6rt l\u00f8selig i vann og har ulike bruksomr\u00e5der, inkludert gullgruvedrift, galvanisering, organisk syntese og smykkeforgylling. Kaliumcyanid brukes ogs\u00e5 av entomologer for raskt \u00e5 drepe insekter for innsamlingsform\u00e5l. Historisk sett har det v\u00e6rt ansatt av noen individer for selvmord, inkludert medlemmer av nazistpartiet. <strong>Produksjon av kaliumcyanid<\/strong> Produksjonen av kaliumcyanid inneb\u00e6rer behandling av hydrogencyanid med en 50 % vandig kaliumhydroksidl\u00f8sning, etterfulgt av fordampning i vakuum. \u00c5rlig produseres omtrent 50 000 tonn kaliumcyanid av autoriserte industrier. <strong>Mekanisme og toksisitet<\/strong> Kaliumcyanid er en kraftig hemmer av cellul\u00e6r respirasjon. Det p\u00e5virker mitokondriell cytokrom c-oksidase, blokkerer oksidativ fosforylering og forstyrrer kroppens evne til \u00e5 omdanne mat til energi. Dette f\u00f8rer til laktacidose p\u00e5 grunn av anaerob metabolisme. <strong>D\u00f8delig dose og eksponeringsveier<\/strong> Den d\u00f8delige dosen av kaliumcyanid er vanligvis mellom 200-300 mg. Dette kjemikaliet er ekstremt giftig og kan frigj\u00f8re hydrogencyanidgass ved hydrolyse, som har en bitter mandelsmak. Imidlertid kan ikke alle oppdage denne smaken, noe som gj\u00f8r den spesielt farlig. Kaliumcyanid kan komme inn i kroppen gjennom svelging, inn\u00e5nding, hudkontakt og \u00f8yekontakt. <strong>Bruk av kaliumcyanid<\/strong> Selv om kaliumcyanid ofte er forbundet med selvmord p\u00e5 grunn av dets raske og smertefrie effekter, har kaliumcyanid legitim industriell bruk. Det er avgj\u00f8rende for utvinning av edle metaller som gull og s\u00f8lv, og brukes i galvanisering og organisk syntese. Det kan ogs\u00e5 brukes som et analytisk reagens p\u00e5 forskjellige felt. <strong>Hvordan kaliumcyanid fungerer<\/strong> Kaliumcyanid frigj\u00f8r hydrogencyanidgass, som virker som et kraftig kvelningsmiddel. Det svekker sterkt kroppens evne til \u00e5 utnytte oksygen, noe som f\u00f8rer til raske, potensielt d\u00f8delige effekter. Det p\u00e5virker f\u00f8rst og fremst vitale organer som er f\u00f8lsomme for lave oksygenniv\u00e5er, inkludert sentralnervesystemet og lungesystemet.                 <strong>Effekter av kaliumcyanid<\/strong><\/p>\n<ul>\n<li><strong>Sm\u00e5 doser<\/strong>: Pustevansker, svimmelhet, hodepine.<\/li>\n<li><strong>H\u00f8ye doser<\/strong>: koma, kramper og d\u00f8d. Administrering av glukose kan bidra til \u00e5 motvirke enkelte effekter, men er ikke alltid helt effektivt. <\/li>\n<\/ul>\n<p><strong>Symptomer p\u00e5 overdose\/forgiftning<\/strong> Tegn p\u00e5 kaliumcyanidforgiftning inkluderer utvidede eller r\u00f8de \u00f8yne, r\u00f8de kinn og bl\u00e5aktig hudfarge. Eksponering kan for\u00e5rsake alvorlige effekter avhengig av eksponeringsveien:  <\/p>\n<ul>\n<li><strong>Hud<\/strong>: Svie, irritasjon, vevsskade.<\/li>\n<li><strong>Svelging<\/strong>: Magesmerter, kvalme, oppkast, skade p\u00e5 mageslimhinnen.<\/li>\n<li><strong>Inhalering<\/strong>: Milde effekter inkluderer angst, forvirring og svimmelhet; Alvorlige effekter inkluderer anfall, koma og v\u00e6ske i lungene.<\/li>\n<\/ul>\n<p><strong>Juridisk status og kj\u00f8p<\/strong> Kaliumcyanid er klassifisert som et kontrollert stoff i mange land p\u00e5 grunn av dets h\u00f8ye toksisitet. Lovlig kj\u00f8p krever riktig autorisasjon. Hvis du vurderer \u00e5 kj\u00f8pe kaliumcyanidpulver eller piller p\u00e5 nettet, utvis ekstrem forsiktighet. Forsikre deg om at du kj\u00f8per fra en anerkjent og legitim kilde, siden understandard eller forfalskede produkter kan v\u00e6re farlige. Gjennomf\u00f8r grundige unders\u00f8kelser, r\u00e5df\u00f8r deg med eksperter og les anmeldelser for \u00e5 bekrefte legitimiteten til leverand\u00f8ren.<\/p>\n","protected":false},"excerpt":{"rendered":"<p><strong>Kj\u00f8p ren kaliumcyanid (KCN) i pulver- eller pilleform<\/strong> Tilgjengelig for ulike bruksomr\u00e5der, tilbys kaliumcyanid i b\u00e5de pulver- og pilleformat. Hvert produkt er forsvarlig pakket og inkluderer spesielle h\u00e5ndteringshansker for din sikkerhet. Velg mengden du trenger og legg den i handlekurven. Dr. Lawsons apotek s\u00f8rger for rask og diskret levering for alle bestillinger.   <\/p>\n","protected":false},"featured_media":19405,"comment_status":"open","ping_status":"closed","template":"","meta":{"om_disable_all_campaigns":false,"_sitemap_exclude":false,"_sitemap_priority":"","_sitemap_frequency":"","_monsterinsights_skip_tracking":false,"_monsterinsights_sitenote_active":false,"_monsterinsights_sitenote_note":"","_monsterinsights_sitenote_category":0},"product_cat":[31590],"product_tag":[31610,31600,31594,31605,31595,31602,31593,31597,31599,31609,31608,31601,31604,31591,31598,31592,31612,31611,31607,31606,31603,31596],"class_list":{"0":"post-33081","1":"product","2":"type-product","3":"status-publish","4":"has-post-thumbnail","6":"product_cat-pentobarbitalnatrium-nembutal","7":"product_tag-autentisk-kaliumcyanidpulver-og-piller-europa","8":"product_tag-bestill-kaliumcyanidpulver-og-piller-eu","9":"product_tag-bestill-kaliumcyanidpulver-og-piller-online","10":"product_tag-billig-kaliumcyanidpulver-og-piller-europa","11":"product_tag-effekter-av-kaliumcyanidpulver-og-piller","12":"product_tag-hvor-kan-du-kjope-kaliumcyanidpulver-og-piller-europa","13":"product_tag-hvor-kan-du-kjope-kaliumcyanidpulver-og-piller-online","14":"product_tag-hvor-mye-koster-kaliumcyanidpulver-og-piller","15":"product_tag-kaliumcyanid-pulver-og-piller-beste-pris-europa","16":"product_tag-kaliumcyanidpulver-og-piller-europa-levering","17":"product_tag-kaliumcyanidpulver-og-piller-europa-rabatt","18":"product_tag-kaliumcyanidpulver-og-piller-gratis-frakt-europa","19":"product_tag-kaliumcyanidpulver-og-piller-nettbutikk-europa","20":"product_tag-kjop-kaliumcyanidpulver-og-piller","21":"product_tag-kjop-kaliumcyanidpulver-og-piller-online-europa","22":"product_tag-kjop-kaliumcyanidpulver-og-piller-pa-nettet","23":"product_tag-potassium-cyanide-powder-and-pills-europe-anmeldelse","24":"product_tag-potassium-cyanide-powder-and-pills-europe-leverandorer","25":"product_tag-potassium-cyanide-powder-and-pills-europe-butikk","26":"product_tag-potassium-cyanide-powder-and-pills-europe-tilbud","27":"product_tag-salg-av-kaliumcyanidpulver-og-piller-europa","28":"product_tag-salg-av-kaliumcyanidpulver-og-piller-pa-nettet","30":"first","31":"instock","32":"shipping-taxable","33":"purchasable","34":"product-type-variable","35":"farmacie-col"},"aioseo_notices":[],"_links":{"self":[{"href":"https:\/\/lacasadelamedicina.es\/no\/wp-json\/wp\/v2\/product\/33081"}],"collection":[{"href":"https:\/\/lacasadelamedicina.es\/no\/wp-json\/wp\/v2\/product"}],"about":[{"href":"https:\/\/lacasadelamedicina.es\/no\/wp-json\/wp\/v2\/types\/product"}],"replies":[{"embeddable":true,"href":"https:\/\/lacasadelamedicina.es\/no\/wp-json\/wp\/v2\/comments?post=33081"}],"wp:featuredmedia":[{"embeddable":true,"href":"https:\/\/lacasadelamedicina.es\/no\/wp-json\/wp\/v2\/media\/19405"}],"wp:attachment":[{"href":"https:\/\/lacasadelamedicina.es\/no\/wp-json\/wp\/v2\/media?parent=33081"}],"wp:term":[{"taxonomy":"product_cat","embeddable":true,"href":"https:\/\/lacasadelamedicina.es\/no\/wp-json\/wp\/v2\/product_cat?post=33081"},{"taxonomy":"product_tag","embeddable":true,"href":"https:\/\/lacasadelamedicina.es\/no\/wp-json\/wp\/v2\/product_tag?post=33081"}],"curies":[{"name":"wp","href":"https:\/\/api.w.org\/{rel}","templated":true}]}}