{"id":33074,"date":"2024-08-10T09:07:04","date_gmt":"2024-08-10T09:07:04","guid":{"rendered":"https:\/\/lacasadelamedicina.es\/product\/kjop-golden-teacher-mushrooms-online\/"},"modified":"2024-08-10T09:07:04","modified_gmt":"2024-08-10T09:07:04","slug":"kjop-golden-teacher-mushrooms-online","status":"publish","type":"product","link":"https:\/\/lacasadelamedicina.es\/no\/produkt\/kjop-golden-teacher-mushrooms-online\/","title":{"rendered":"Kj\u00f8p Golden Teacher Mushrooms Online"},"content":{"rendered":"<h2>Kj\u00f8p Golden Teacher Mushrooms Online<\/h2>\n<p> Kj\u00f8p Golden Teacher Online. De kloke Golden Teacher-soppene skaper magi i sinnet og gir en reise til selverkjennelse. Dette 100 % mycelium FreshMushroom voksesettet vokser raskt og er helt vedlikeholdsfritt. XP st\u00e5r for Extra Potency!   <\/p>\n<h3>Hvordan det fungerer<\/h3>\n<p> Psilocybin fungerer ved \u00e5 aktivere <span class=\"css-1a8rnix icon-hl-trusted-source-after\"><span class=\"sro\">Trusted Source<\/span><\/span> serotoninreseptorer, oftest i prefrontal cortex. Denne delen av hjernen p\u00e5virker hum\u00f8r, kognisjon og persepsjon. Hallusinogener virker ogs\u00e5 i andre omr\u00e5der av hjernen som regulerer opphisselse og panikkreaksjoner. Psilocybin for\u00e5rsaker ikke alltid aktive visuelle eller auditive hallusinasjoner. I stedet forvrenger det hvordan noen mennesker som bruker stoffet oppfatter gjenstander og mennesker som allerede er i milj\u00f8et. Mengden av stoffet en person bruker, deres tidligere erfaringer og deres forventninger til hvordan opplevelsen vil ta form kan alle p\u00e5virke effekten av psilocybin. I f\u00f8lge European Monitoring Center for Drugs and Drug Addiction (EMCDDA) oppst\u00e5r hallusinogene effekter av psilocybin vanligvis innen 30 minutter etter at en person har inntatt det og varer i 4\u20136 timer. Hos noen individer kan endringer i sanseoppfatning og tankem\u00f8nstre vare i flere dager.        <\/p>\n<h3>Potens<\/h3>\n<p> Styrken til en magisk sopp avhenger av: <\/p>\n<ul>\n<li>arter<\/li>\n<li>opprinnelse<\/li>\n<li>vekstforhold<\/li>\n<li>h\u00f8stingsperiode<\/li>\n<li>om en person spiser dem ferske eller t\u00f8rkede<\/li>\n<\/ul>\n<p> EONN antyder at mengden psilocybin i t\u00f8rket sopp er omtrent 10 ganger h\u00f8yere enn i ferske sopp. <\/p>\n<h3>Forbruk<\/h3>\n<p> Sopp som inneholder psilocybin er sm\u00e5 og vanligvis brune eller brune. I naturen kan folk forveksle sopp som inneholder psilocybin med et hvilket som helst antall andre sopp som er giftige. Folk bruker vanligvis psilocybin som en brygget te eller tilbereder den med en matvare for \u00e5 maskere den bitre smaken. Produsenter knuser ogs\u00e5 t\u00f8rket sopp til et pulver og tilbereder dem i kapselform. Noen mennesker som spiser disse soppene dekker dem med sjokolade.     <\/p>\n<h3>Historie:<\/h3>\n<p> Elskere av magiske sopp er enige om at Golden Teacher-soppen, ogs\u00e5 kjent som en stamme av Psilocybe cubensis, er den mest popul\u00e6re psykedeliske soppstammen. Denne artikkelen vil se n\u00e6rmere p\u00e5 de beryktede Golden Teacher-soppene. Ved slutten av denne artikkelen vil du vite alt som er \u00e5 vite om denne psykedeliske soppen. De som er nye i verden av psykedeliske midler og soppen kan stole p\u00e5 Golden Teachers for en p\u00e5litelig tur med mindre sjanser for en d\u00e5rlig tur. Derfor er de ofte en inngangsport for nybegynnere av magiske sopp.    <\/p>\n<h3>Effekter av Golden Teacher Mushrooms;<\/h3>\n<p> Golden Teacher Mushrooms produserer ogs\u00e5 hallusinogene effekter ** en egenskap som er vanlig blant alle magiske sopp. Forvent en visjon\u00e6r opplevelse sammen med b\u00f8lger av universell energi som str\u00f8mmer gjennom deg med sterke \u00e5pne og lukkede \u00f8yne hallusinasjoner.<\/p>\n","protected":false},"excerpt":{"rendered":"<p>Kj\u00f8p Golden-l\u00e6rere blir ogs\u00e5 hyllet for sine \u00e5ndelige og\/eller sjamanistiske effekter. Derfor er denne soppen ikke bare for uformell tripping. Den kan ogs\u00e5 brukes til \u00e5 f\u00e5 ny innsikt om deg selv og universet.  <\/p>\n","protected":false},"featured_media":19735,"comment_status":"open","ping_status":"closed","template":"","meta":{"om_disable_all_campaigns":false,"_sitemap_exclude":false,"_sitemap_priority":"","_sitemap_frequency":"","_monsterinsights_skip_tracking":false,"_monsterinsights_sitenote_active":false,"_monsterinsights_sitenote_note":"","_monsterinsights_sitenote_category":0},"product_cat":[31340],"product_tag":[31559,31549,31543,31554,31544,31548,31561,31560,31558,31557,31552,31556,31555,31550,31553,31545,31551,31542,31546,31540,31541,31547],"class_list":{"0":"post-33074","1":"product","2":"type-product","3":"status-publish","4":"has-post-thumbnail","6":"product_cat-magiske-sopp","7":"product_tag-autentisk-golden-teacher-mushrooms-europe","8":"product_tag-bestill-golden-teacher-mushrooms-eu","9":"product_tag-bestill-golden-teacher-mushrooms-online","10":"product_tag-billig-golden-teacher-mushrooms-europe","11":"product_tag-effekter-av-golden-teacher-mushrooms","12":"product_tag-golden-teacher-mushrooms-best-pris-europa","13":"product_tag-golden-teacher-mushrooms-europe-anmeldelse","14":"product_tag-golden-teacher-mushrooms-europe-leverandorer","15":"product_tag-golden-teacher-mushrooms-europe-levering","16":"product_tag-golden-teacher-mushrooms-europe-rabatt-no","17":"product_tag-golden-teacher-mushrooms-europe-salg","18":"product_tag-golden-teacher-mushrooms-europe-butikk","19":"product_tag-golden-teacher-mushrooms-europe-tilbud","20":"product_tag-golden-teacher-mushrooms-gratis-frakt-europa","21":"product_tag-golden-teacher-mushrooms-nettbutikk-europa","22":"product_tag-golden-teacher-mushrooms-salg-pa-nett","23":"product_tag-hvor-kan-du-kjope-golden-teacher-mushrooms-europe","24":"product_tag-hvor-kan-du-kjope-golden-teacher-mushrooms-online","25":"product_tag-hvor-mye-koster-golden-teacher-mushrooms","26":"product_tag-kjop-golden-teacher-mushrooms","27":"product_tag-kjop-golden-teacher-mushrooms-online","28":"product_tag-kjop-golden-teacher-mushrooms-online-europa","30":"first","31":"instock","32":"shipping-taxable","33":"purchasable","34":"product-type-simple","35":"farmacie-col"},"aioseo_notices":[],"_links":{"self":[{"href":"https:\/\/lacasadelamedicina.es\/no\/wp-json\/wp\/v2\/product\/33074"}],"collection":[{"href":"https:\/\/lacasadelamedicina.es\/no\/wp-json\/wp\/v2\/product"}],"about":[{"href":"https:\/\/lacasadelamedicina.es\/no\/wp-json\/wp\/v2\/types\/product"}],"replies":[{"embeddable":true,"href":"https:\/\/lacasadelamedicina.es\/no\/wp-json\/wp\/v2\/comments?post=33074"}],"wp:featuredmedia":[{"embeddable":true,"href":"https:\/\/lacasadelamedicina.es\/no\/wp-json\/wp\/v2\/media\/19735"}],"wp:attachment":[{"href":"https:\/\/lacasadelamedicina.es\/no\/wp-json\/wp\/v2\/media?parent=33074"}],"wp:term":[{"taxonomy":"product_cat","embeddable":true,"href":"https:\/\/lacasadelamedicina.es\/no\/wp-json\/wp\/v2\/product_cat?post=33074"},{"taxonomy":"product_tag","embeddable":true,"href":"https:\/\/lacasadelamedicina.es\/no\/wp-json\/wp\/v2\/product_tag?post=33074"}],"curies":[{"name":"wp","href":"https:\/\/api.w.org\/{rel}","templated":true}]}}