{"id":33056,"date":"2024-08-10T09:36:11","date_gmt":"2024-08-10T09:36:11","guid":{"rendered":"https:\/\/lacasadelamedicina.es\/product\/kjop-liberty-caps-pa-nett\/"},"modified":"2024-08-10T09:36:11","modified_gmt":"2024-08-10T09:36:11","slug":"kjop-liberty-caps-pa-nett","status":"publish","type":"product","link":"https:\/\/lacasadelamedicina.es\/no\/produkt\/kjop-liberty-caps-pa-nett\/","title":{"rendered":"Kj\u00f8p Liberty Caps p\u00e5 nett"},"content":{"rendered":"<h2>Kj\u00f8p Liberty Caps p\u00e5 nett<\/h2>\n<p><strong>Kj\u00f8p Liberty Caps online p\u00e5 Dr. Lawson&#8217;s Pharmacy<\/strong> Velkommen til Dr. Lawson&#8217;s Pharmacy, din fremste destinasjon for h\u00f8ykvalitets og p\u00e5litelige legemidler. Vi er glade for \u00e5 tilby Liberty Caps (Psilocybe semilanceata) for kj\u00f8p online, og gir deg en enkel og sikker m\u00e5te \u00e5 f\u00e5 tilgang til disse potente psykoaktive soppene. <strong>Om Liberty Caps<\/strong> Liberty Caps, ogs\u00e5 kjent som <em>Psilocybe semilanceata<\/em>, er kjent for sine psykoaktive egenskaper p\u00e5 grunn av tilstedev\u00e6relsen av psilocybin og biocytin. De er blant de mest utbredte psilocybin-soppene i naturen og er kjent for sin styrke. Disse soppene har en karakteristisk konisk til klokkeformet hette, som m\u00e5ler opptil 2,5 cm (1,0 tommer) i diameter og har ofte et lite brystvorte-lignende fremspring p\u00e5 toppen. Fargen deres varierer fra gul til brun, med radielle riller n\u00e5r de er fuktige, og falmer til en lysere nyanse etter hvert som de modnes. Den slanke, lange stammen til soppen har vanligvis samme farge eller litt lysere enn hetten. Kj\u00f8p Liberty Caps \u2013 1. klasse billig. Psilocybe semilanceata, vanligvis kjent som liberty cap, er en soppart som produserer de psykoaktive forbindelsene psilocybin og biocytin. Det er b\u00e5de en av de mest utbredte psilocybin-soppene i naturen, og en av de mest potente Buy Magic-soppene p\u00e5 nett. De har en karakteristisk konisk til den klokkeformede hetten. Opptil 2,5 cm (1,0 tommer) i diameter, med et lite brystvorte-lignende fremspring p\u00e5 toppen. De er gule til brune, dekket med radielle riller n\u00e5r de er fuktige, og blekner til en lysere farge n\u00e5r de modnes. Stiften deres har en tendens til \u00e5 v\u00e6re slank og lang, og samme farge eller litt lysere enn hetten. Liberty caps mushroom Kj\u00f8p liberty caps online \u2013 Kj\u00f8p magiske sopp \u2013 Liberty tops sopp p\u00e5 nettet Liberty caps er en hallusinogene sopp som inneholder psykoaktive og psilocybinblandinger. P\u00e5 det tidspunktet n\u00e5r toppen er t\u00f8rr, viser den seg \u00e5 v\u00e6re mye blekere, en lys gul-jordfarget skygge. Det kalles i tillegg magisk sopp. For sp\u00f8rsm\u00e5l eller ytterligere hjelp, ikke n\u00f8l med \u00e5 kontakte kundest\u00f8tteteamet v\u00e5rt. Takk for at du valgte Dr. Lawson&#8217;s Pharmacy. Vi er forpliktet til \u00e5 gi deg de beste produktene og tjenestene for alle dine farmas\u00f8ytiske behov.<\/p>\n","protected":false},"excerpt":{"rendered":"<p>V\u00e5re Liberty Caps er hentet fra p\u00e5litelige leverand\u00f8rer og er av h\u00f8yeste kvalitet. Vi sikrer at alle produkter oppfyller strenge kvalitetskontrollstandarder for \u00e5 garantere at du mottar et potent og effektivt produkt. <\/p>\n","protected":false},"featured_media":19750,"comment_status":"open","ping_status":"closed","template":"","meta":{"om_disable_all_campaigns":false,"_sitemap_exclude":false,"_sitemap_priority":"","_sitemap_frequency":"","_monsterinsights_skip_tracking":false,"_monsterinsights_sitenote_active":false,"_monsterinsights_sitenote_note":"","_monsterinsights_sitenote_category":0},"product_cat":[31340],"product_tag":[31492,31482,31476,31487,31477,31484,31475,31479,31473,31480,31474,31481,31494,31493,31491,31490,31485,31489,31488,31483,31486,31478],"class_list":{"0":"post-33056","1":"product","2":"type-product","3":"status-publish","4":"has-post-thumbnail","6":"product_cat-magiske-sopp","7":"product_tag-autentiske-liberty-caps-europe","8":"product_tag-bestill-liberty-caps-eu","9":"product_tag-bestill-liberty-caps-online","10":"product_tag-billige-liberty-caps-europe","11":"product_tag-effekter-av-liberty-caps","12":"product_tag-hvor-kan-du-kjope-liberty-caps-europe","13":"product_tag-hvor-kan-du-kjope-liberty-caps-online","14":"product_tag-hvor-mye-koster-liberty-caps","15":"product_tag-kjop-liberty-caps","16":"product_tag-kjop-liberty-caps-online-europa","17":"product_tag-kjop-liberty-caps-pa-nett","18":"product_tag-liberty-caps-beste-pris-europa","19":"product_tag-liberty-caps-europe-anmeldelse","20":"product_tag-liberty-caps-europe-leverandorer","21":"product_tag-liberty-caps-europe-levering","22":"product_tag-liberty-caps-europe-rabatt-no","23":"product_tag-liberty-caps-europe-salg","24":"product_tag-liberty-caps-europe-butikk","25":"product_tag-liberty-caps-europe-tilbud","26":"product_tag-liberty-caps-gratis-frakt-europa","27":"product_tag-liberty-caps-nettbutikk-europa","28":"product_tag-liberty-caps-salg-pa-nett","30":"first","31":"instock","32":"shipping-taxable","33":"purchasable","34":"product-type-variable","35":"farmacie-col"},"aioseo_notices":[],"_links":{"self":[{"href":"https:\/\/lacasadelamedicina.es\/no\/wp-json\/wp\/v2\/product\/33056"}],"collection":[{"href":"https:\/\/lacasadelamedicina.es\/no\/wp-json\/wp\/v2\/product"}],"about":[{"href":"https:\/\/lacasadelamedicina.es\/no\/wp-json\/wp\/v2\/types\/product"}],"replies":[{"embeddable":true,"href":"https:\/\/lacasadelamedicina.es\/no\/wp-json\/wp\/v2\/comments?post=33056"}],"wp:featuredmedia":[{"embeddable":true,"href":"https:\/\/lacasadelamedicina.es\/no\/wp-json\/wp\/v2\/media\/19750"}],"wp:attachment":[{"href":"https:\/\/lacasadelamedicina.es\/no\/wp-json\/wp\/v2\/media?parent=33056"}],"wp:term":[{"taxonomy":"product_cat","embeddable":true,"href":"https:\/\/lacasadelamedicina.es\/no\/wp-json\/wp\/v2\/product_cat?post=33056"},{"taxonomy":"product_tag","embeddable":true,"href":"https:\/\/lacasadelamedicina.es\/no\/wp-json\/wp\/v2\/product_tag?post=33056"}],"curies":[{"name":"wp","href":"https:\/\/api.w.org\/{rel}","templated":true}]}}