{"id":33051,"date":"2024-08-10T10:17:18","date_gmt":"2024-08-10T10:17:18","guid":{"rendered":"https:\/\/lacasadelamedicina.es\/product\/kjop-magiske-sopp-pa-nett\/"},"modified":"2024-08-10T10:17:18","modified_gmt":"2024-08-10T10:17:18","slug":"kjop-magiske-sopp-pa-nett","status":"publish","type":"product","link":"https:\/\/lacasadelamedicina.es\/no\/produkt\/kjop-magiske-sopp-pa-nett\/","title":{"rendered":"Kj\u00f8p magiske sopp p\u00e5 nett"},"content":{"rendered":"<h3>Kj\u00f8p magiske sopp p\u00e5 nett<\/h3>\n<p> Kj\u00f8p magiske sopp fra USA. Psilocybe cubensis er en art av psykedelisk sopp hvis viktigste aktive forbindelser er psilocybin og psilocin. Vanligvis kalles sopper, magiske sopp, gylne topper, kuber eller gullhetter, den tilh\u00f8rer Hymenogastraceae-familien av sopp og er tidligere kjent som Stropharia cogenesis. Psilocybin cogenesis er en art av psykedeliske sopp hvis viktigste aktive forbindelser er psilocybin og psilocin. Vanligvis kalles sopper, magiske sopp, gyldne topper, kuber eller gullhetter, den tilh\u00f8rer Hymenogastraceae-familien av sopp og er tidligere kjent som Stropharia cogenesis. Magisk sopp er vill eller dyrket sopp som inneholder psilocybin, en naturlig forekommende psykoaktiv og hallusinogene forbindelse. Psilocybin regnes som en av de mest kjente psykedelika, if\u00f8lge administrasjonen for rusmisbruk og mental helse.       <\/p>\n<h3>Hva er psilocybin (magiske sopp)?<\/h3>\n<p> Psilocybin (4-fosforyloksy-N, N-dimetyltryptamin) og psilocin er kjemiske forbindelser hentet fra visse typer t\u00f8rket eller fersk hallusinogene sopp som finnes i Mexico, S\u00f8r-Amerika og de s\u00f8rlige og nordvestlige regionene i USA. Psilocybin er klassifisert som et indol-alkylamin (tryptamin). Disse forbindelsene har lignende struktur som lysergsyredietylamid (LSD) og blir misbrukt for sine hallusinogene og euforiske effekter for \u00e5 produsere en &laquo;tripp&raquo;. Hallusinogene (psykedeliske) effekter skyldes sannsynligvis virkning p\u00e5 sentralnervesystemets serotonin (5-HT) reseptorer. Det er over 180 sopparter som inneholder kjemikaliene psilocybin eller psilocin. I likhet med peyoten (meskalin), har hallusinogene sopp blitt brukt i innf\u00f8dte eller religi\u00f8se ritualer i \u00e5rhundrer. B\u00e5de psilocybin og psilocin kan ogs\u00e5 produseres syntetisk i laboratoriet. Det har v\u00e6rt rapporter om at psilocybin kj\u00f8pt p\u00e5 gata faktisk kan v\u00e6re andre soppsorter med LSD.        <\/p>\n<h3>Metoder for bruk av psilocybin<\/h3>\n<p> &laquo;Magic Mushrooms&raquo; har lange, slanke stilker som kan virke hvite eller gr\u00e5aktige toppet av caps med m\u00f8rke gjeller p\u00e5 undersiden. T\u00f8rket sopp er vanligvis en r\u00f8dlig rustbrun farge med isolerte omr\u00e5der av off-white. Sopp inntas oralt og kan lages til en te eller blandes inn i annen mat. Soppen kan brukes som fersk eller t\u00f8rket produkt. Psilocybin har en bitter, usmakelig smak.<\/p>\n","protected":false},"excerpt":{"rendered":"<p>Kj\u00f8p magiske sopp p\u00e5 nett Kj\u00f8p magiske sopp fra USA. Psilocybe cubensis er en art av psykedelisk sopp hvis viktigste aktive forbindelser er psilocybin og psilocin. Vanligvis kalles sopper, magiske sopp, gylne topper, kuber eller gullhetter, den tilh\u00f8rer Hymenogastraceae-familien av sopp og er tidligere kjent som Stropharia cogenesis. Psilocybin cogenesis er en art av psykedeliske [&hellip;]<\/p>\n","protected":false},"featured_media":19765,"comment_status":"open","ping_status":"closed","template":"","meta":{"om_disable_all_campaigns":false,"_sitemap_exclude":false,"_sitemap_priority":"","_sitemap_frequency":"","_monsterinsights_skip_tracking":false,"_monsterinsights_sitenote_active":false,"_monsterinsights_sitenote_note":"","_monsterinsights_sitenote_category":0},"product_cat":[31340],"product_tag":[31448,31438,31432,31443,31433,31440,31431,31435,31436,31430,31429,31449,31437,31450,31447,31446,31441,31445,31444,31439,31442,31434],"class_list":{"0":"post-33051","1":"product","2":"type-product","3":"status-publish","4":"has-post-thumbnail","6":"product_cat-magiske-sopp","7":"product_tag-autentisk-magic-mushrooms-europe","8":"product_tag-bestill-magic-mushrooms-eu","9":"product_tag-bestill-magic-mushrooms-online","10":"product_tag-billige-magic-mushrooms-europe","11":"product_tag-effekter-av-magiske-sopp","12":"product_tag-hvor-kan-du-kjope-magic-mushrooms-europe","13":"product_tag-hvor-kan-du-kjope-magic-mushrooms-online","14":"product_tag-hvor-mye-koster-magic-mushrooms","15":"product_tag-kjop-magic-mushrooms-online-europa","16":"product_tag-kjop-magiske-sopp","17":"product_tag-kjop-magiske-sopp-pa-nett","18":"product_tag-leverandorer-av-magic-mushrooms-europe","19":"product_tag-magic-mushrooms-best-pris-europa","20":"product_tag-magic-mushrooms-europe-anmeldelse","21":"product_tag-magic-mushrooms-europe-levering","22":"product_tag-magic-mushrooms-europe-rabatt-no","23":"product_tag-magic-mushrooms-europe-salg","24":"product_tag-magic-mushrooms-europe-butikk","25":"product_tag-magic-mushrooms-europe-tilbud","26":"product_tag-magic-mushrooms-gratis-frakt-europa","27":"product_tag-magic-mushrooms-nettbutikk-europa","28":"product_tag-salg-av-magiske-sopp-pa-nett","30":"first","31":"instock","32":"shipping-taxable","33":"purchasable","34":"product-type-simple","35":"farmacie-col"},"aioseo_notices":[],"_links":{"self":[{"href":"https:\/\/lacasadelamedicina.es\/no\/wp-json\/wp\/v2\/product\/33051"}],"collection":[{"href":"https:\/\/lacasadelamedicina.es\/no\/wp-json\/wp\/v2\/product"}],"about":[{"href":"https:\/\/lacasadelamedicina.es\/no\/wp-json\/wp\/v2\/types\/product"}],"replies":[{"embeddable":true,"href":"https:\/\/lacasadelamedicina.es\/no\/wp-json\/wp\/v2\/comments?post=33051"}],"wp:featuredmedia":[{"embeddable":true,"href":"https:\/\/lacasadelamedicina.es\/no\/wp-json\/wp\/v2\/media\/19765"}],"wp:attachment":[{"href":"https:\/\/lacasadelamedicina.es\/no\/wp-json\/wp\/v2\/media?parent=33051"}],"wp:term":[{"taxonomy":"product_cat","embeddable":true,"href":"https:\/\/lacasadelamedicina.es\/no\/wp-json\/wp\/v2\/product_cat?post=33051"},{"taxonomy":"product_tag","embeddable":true,"href":"https:\/\/lacasadelamedicina.es\/no\/wp-json\/wp\/v2\/product_tag?post=33051"}],"curies":[{"name":"wp","href":"https:\/\/api.w.org\/{rel}","templated":true}]}}