{"id":33044,"date":"2024-08-10T10:33:02","date_gmt":"2024-08-10T10:33:02","guid":{"rendered":"https:\/\/lacasadelamedicina.es\/product\/kjop-mazatapec-magic-mushroom-online\/"},"modified":"2024-08-10T10:33:02","modified_gmt":"2024-08-10T10:33:02","slug":"kjop-mazatapec-magic-mushroom-online","status":"publish","type":"product","link":"https:\/\/lacasadelamedicina.es\/no\/produkt\/kjop-mazatapec-magic-mushroom-online\/","title":{"rendered":"Kj\u00f8p Mazatapec Magic Mushroom Online"},"content":{"rendered":"<h3>Mazatapec Magic Mushroom<\/h3>\n<p> Kj\u00f8p mazatapec-sopp p\u00e5 nettet. En psilocybinsopp, ogs\u00e5 kjent som magisk sopp eller psykedelisk sopp, inneholder psilocybin og psilocin. Biologiske slekter som inneholder psilocybin-sopp inkluderer Copelandia, Gymnopilus, Inocybe, Panaeolus, Pholiotina, Pluteus og Psilocybe. Sopp endrer hjernen kjemisk. Vanligvis varer effektene deres i 6 til 7 timer, og effektene kan merkes selv etter 24 timer. Mazatapec magiske sopp er en av to veldig popul\u00e6re stammer som kommer ut av Mexico. Disse soppene produserer en veldig kraftig \u00e5ndelig reise og er sk\u00e5nsomme mot kroppen. Sammenlignet med noen andre stammer, senker ikke Mazatepec Shrooms kroppstemperaturen s\u00e5 mye, og brukere rapporterte ogs\u00e5 at de kniper mindre med kjevene med denne stammen. Dette vil igjen la deg nyte din \u00e5ndelige reise med mindre distraksjoner. Utseendet til disse soppene er preget av deres lyse til m\u00f8rkebrune hetter sammen med en middels stor stilk.         <\/p>\n<h4>Historien om Mazatapec<\/h4>\n<p> Funnet i Oaxaca, Mexico, bruker urbefolkningen i Mazatec denne magiske soppen til \u00e5ndelige og rituelle seremonier. Det har v\u00e6rt en jevn belastning som har v\u00e6rt brukt i generasjoner. Mazatapec-stammen er ogs\u00e5 en av de f\u00f8rste psilocybin-soppene som ble introdusert for den vestlige verden. Kj\u00f8p mazatapec-sopp p\u00e5 nett Effekter av Mazatapec Cubensis Mazatapec Cubensis er flott for nybegynnere og veteraner. Det tilbyr en komplett psykoaktiv opplevelse med en mild p\u00e5virkning i kroppen. Effektene forst\u00f8rrer din kreativitet og originale tanker. I tillegg forbedrer det sosial atferd og gode f\u00f8lelser. Du vil f\u00e5 visuelle hallusinasjoner med enten \u00f8ynene lukket eller \u00e5pne. Visuelle bilder vil inkludere form- og fargevariasjoner, samt fraktaler og former.        <\/p>\n<h3>Doseringsguide<\/h3>\n<p> Kreativ dose: 0,5 gram til 1,25 gram Medium rekreasjonsdose: 1,5 gram til 2 gram Full rekreasjonsdose: 2 gram til 3,5 gram Opplevd full rekreasjonsdose: 3,5 gram til 5 gram Heroisk dose: 5 gram til 7+ gram &nbsp;<\/p>\n","protected":false},"excerpt":{"rendered":"<p>Mazatapec Magic Mushroom Kj\u00f8p mazatapec-sopp p\u00e5 nettet. En psilocybinsopp, ogs\u00e5 kjent som magisk sopp eller psykedelisk sopp, inneholder psilocybin og psilocin. Biologiske slekter som inneholder psilocybin-sopp inkluderer Copelandia, Gymnopilus, Inocybe, Panaeolus, Pholiotina, Pluteus og Psilocybe. Sopp endrer hjernen kjemisk. Vanligvis varer effektene deres i 6 til 7 timer, og effektene kan merkes selv etter 24 [&hellip;]<\/p>\n","protected":false},"featured_media":14905,"comment_status":"open","ping_status":"closed","template":"","meta":{"om_disable_all_campaigns":false,"_sitemap_exclude":false,"_sitemap_priority":"","_sitemap_frequency":"","_monsterinsights_skip_tracking":false,"_monsterinsights_sitenote_active":false,"_monsterinsights_sitenote_note":"","_monsterinsights_sitenote_category":0},"product_cat":[31340],"product_tag":[31404,31394,31388,31399,31389,31396,31387,31391,31385,31386,31392,31393,31406,31405,31403,31402,31397,31401,31400,31395,31398,31390],"class_list":{"0":"post-33044","1":"product","2":"type-product","3":"status-publish","4":"has-post-thumbnail","6":"product_cat-magiske-sopp","7":"product_tag-autentisk-mazatapec-magic-mushroom-europe","8":"product_tag-bestill-mazatapec-magic-mushroom-eu","9":"product_tag-bestill-mazatapec-magic-mushroom-online","10":"product_tag-billig-mazatapec-magic-mushroom-europe","11":"product_tag-effekter-av-mazatapec-magic-mushroom","12":"product_tag-hvor-kan-du-kjope-mazatapec-magic-mushroom-europe","13":"product_tag-hvor-kan-du-kjope-mazatapec-magic-mushroom-online","14":"product_tag-hvor-mye-koster-mazatapec-magic-mushroom","15":"product_tag-kjop-mazatapec-magic-mushroom","16":"product_tag-kjop-mazatapec-magic-mushroom-online","17":"product_tag-kjop-mazatapec-magic-mushroom-online-europa","18":"product_tag-mazatapec-magic-mushroom-beste-pris-europa","19":"product_tag-mazatapec-magic-mushroom-europe-anmeldelse","20":"product_tag-mazatapec-magic-mushroom-europe-leverandorer","21":"product_tag-mazatapec-magic-mushroom-europe-levering","22":"product_tag-mazatapec-magic-mushroom-europe-rabatt-no","23":"product_tag-mazatapec-magic-mushroom-europe-salg","24":"product_tag-mazatapec-magic-mushroom-europe-butikk","25":"product_tag-mazatapec-magic-mushroom-europe-tilbud","26":"product_tag-mazatapec-magic-mushroom-gratis-frakt-europa","27":"product_tag-mazatapec-magic-mushroom-nettbutikk-europa","28":"product_tag-mazatapec-magic-mushroom-salg-pa-nett","30":"first","31":"instock","32":"shipping-taxable","33":"purchasable","34":"product-type-simple","35":"farmacie-col"},"aioseo_notices":[],"_links":{"self":[{"href":"https:\/\/lacasadelamedicina.es\/no\/wp-json\/wp\/v2\/product\/33044"}],"collection":[{"href":"https:\/\/lacasadelamedicina.es\/no\/wp-json\/wp\/v2\/product"}],"about":[{"href":"https:\/\/lacasadelamedicina.es\/no\/wp-json\/wp\/v2\/types\/product"}],"replies":[{"embeddable":true,"href":"https:\/\/lacasadelamedicina.es\/no\/wp-json\/wp\/v2\/comments?post=33044"}],"wp:featuredmedia":[{"embeddable":true,"href":"https:\/\/lacasadelamedicina.es\/no\/wp-json\/wp\/v2\/media\/14905"}],"wp:attachment":[{"href":"https:\/\/lacasadelamedicina.es\/no\/wp-json\/wp\/v2\/media?parent=33044"}],"wp:term":[{"taxonomy":"product_cat","embeddable":true,"href":"https:\/\/lacasadelamedicina.es\/no\/wp-json\/wp\/v2\/product_cat?post=33044"},{"taxonomy":"product_tag","embeddable":true,"href":"https:\/\/lacasadelamedicina.es\/no\/wp-json\/wp\/v2\/product_tag?post=33044"}],"curies":[{"name":"wp","href":"https:\/\/api.w.org\/{rel}","templated":true}]}}