{"id":33038,"date":"2024-08-10T10:46:42","date_gmt":"2024-08-10T10:46:42","guid":{"rendered":"https:\/\/lacasadelamedicina.es\/product\/av-penis-envy-mushrooms-online\/"},"modified":"2024-08-10T10:46:42","modified_gmt":"2024-08-10T10:46:42","slug":"av-penis-envy-mushrooms-online","status":"publish","type":"product","link":"https:\/\/lacasadelamedicina.es\/no\/produkt\/av-penis-envy-mushrooms-online\/","title":{"rendered":"Av Penis Envy Mushrooms Online"},"content":{"rendered":"<h3>Av Penis Envy Mushrooms Online<\/h3>\n<p> Kj\u00f8p penis envy shrooms online. Psilocybe cubensis er en art av psykedeliske sopp hvis viktigste aktive forbindelser er psilocybin og psilocin. Vanligvis kalt sopper, magiske sopp, gyldne topper, kuber eller gullhetter. Supa Envy sopp vil f\u00e5 deg til \u00e5 oppleve niv\u00e5 4-5 turer som tar deg til en annen dimensjon i timevis. Penis Envy er en absolutt vinner &#8230; Sterk og veldig visuell. Foruten sin h\u00f8yere styrke, ser Penis Envy annerledes ut. Ingen vill gjetning er n\u00f8dvendig, dens fallusformede utseende gj\u00f8r den virkelig til noe annet. Det beste er at du kan dyrke disse magiske soppene ogs\u00e5. Penis Envy er en veldig potent magisk soppstamme som er kjent for \u00e5 ha en h\u00f8yere mengde. Kj\u00f8p penis envy shrooms online. Penis envy shrooms er en av de 180 soppartene fra Psilocybe-slekten og vokser i forskjellige milj\u00f8er. Penismisunnelsessoppen g\u00e5r ogs\u00e5 under navnene Flying Saucers, Indigo Psilocybe, Azzies og Blue Angels.            <strong>Hva skiller Penis Envy Magic Mushrooms fra hverandre?<\/strong><\/p>\n<ol>\n<li><strong>Juridisk og laboratorietestet forsikring<\/strong>: P\u00e5 Dr. Lawson&#8217;s Pharmacy er alle produktene v\u00e5re, inkludert de fengslende Penis Envy-soppene, grundig testet for \u00e5 sikre at de er gratis fra psilocybin, psilocin, 4-ACO-DMT, Amanita muscaria, cannabinoider og andre forskningskjemikalier. Denne strenge testingen garanterer at v\u00e5re tilbud oppfyller de h\u00f8yeste standardene for sikkerhet og lovlighet. <\/li>\n<li><strong>Innovativ dyrking<\/strong>: Penis Envy-soppene v\u00e5re er avlet frem gjennom avanserte dyrkingsteknikker som fokuserer p\u00e5 \u00e5 manipulere genetisk sminke for \u00e5 skape en &laquo;ikke-oppdagelig&raquo; stamme. Dette betyr at soppene v\u00e5re er blottet for psilocybin og psilocin, samtidig som de bevarer de unike egenskapene som gj\u00f8r dem ettertraktet. <\/li>\n<li><strong>Forbedret alkaloidprofil<\/strong>: Det som gj\u00f8r Penis Envy-soppene v\u00e5re helt spesielle, er deres forh\u00f8yede niv\u00e5er av andre naturlig forekommende alkaloider. Disse forbindelsene bidrar til en intens og oppslukende psykedelisk opplevelse, og leverer de dype effektene som b\u00e5de medisinske og rekreasjonsbrukere s\u00f8ker. <\/li>\n<li><strong>Mangfoldig produktutvalg<\/strong>: I tillegg til v\u00e5r Penis Envy-sopp, tilbyr Dr. Lawson&#8217;s Pharmacy en rekke andre magiske soppprodukter, inkludert gummier og mikrodosekapsler . Hvert produkt er laget med samme forpliktelse til kvalitet og sikkerhet. <\/li>\n<\/ol>\n<p> Kj\u00f8p penis envy shrooms online i dag. Penis misunnelsessopp inneholder 0,4 % baeocystin, 1,8 % psilocybin og 0,5 % psilocin. Det er den mest potente arten til \u00e5 syntetisere tryptamin. For eksempel er denne arten 3 ganger mer potent enn Psilocybe Cubensis Psilocybe Cyanscens <strong>Utforsk de unike egenskapene til Penis Envy Mushrooms p\u00e5 Dr. Lawson&#8217;s Pharmacy<\/strong> Penis Envy-soppene v\u00e5re viser eksepsjonelle og sjeldne egenskaper som skiller dem fra hverandre. Her er en n\u00e6rmere titt p\u00e5 deres s\u00e6regne egenskaper:     <\/p>\n<ul>\n<li><strong>Sporer<\/strong>: Disse soppene har sporer som kommer i to distinkte nyanser: lilla-svart og m\u00f8rk lilla-brun. Sporene er ellipsoide i form, og skiller dem fra andre arter innenfor samme slekt. <\/li>\n<li><strong>Pileus (Cap)<\/strong>: Pileus, eller hetten, p\u00e5 soppen er konisk eller konveks i form. N\u00e5r den er fersk, viser den en fyldig brun eller karamellfarge. N\u00e5r soppen eldes, g\u00e5r den dype m\u00f8rke flekken i midten av hetten over til en lysere str\u00e5lignende nyanse etter hvert som den t\u00f8rker.  <\/li>\n<\/ul>\n<p> P\u00e5 Dr. Lawson&#8217;s Pharmacy er vi forpliktet til \u00e5 tilby h\u00f8ykvalitets Penis Envy-sopp med disse unike egenskapene, og sikre et produkt som er b\u00e5de sjeldent og bemerkelsesverdig.<\/p>\n","protected":false},"excerpt":{"rendered":"<p>Penis envy shrooms ble oppdaget tilbake i 1979, og siden den gang har forskere publisert forskjellige artikler om det samme. For eksempel, i sin publikasjon fra 1996, &laquo;Psilocybin shrooms of the world,&raquo; kalte Paul Stamets arten Azurescens. Navnet Azurescens er en l\u00f8s oversettelse for asurbl\u00e5 eller bl\u00e5 farge i soppen.  <\/p>\n","protected":false},"featured_media":19795,"comment_status":"open","ping_status":"closed","template":"","meta":{"om_disable_all_campaigns":false,"_sitemap_exclude":false,"_sitemap_priority":"","_sitemap_frequency":"","_monsterinsights_skip_tracking":false,"_monsterinsights_sitenote_active":false,"_monsterinsights_sitenote_note":"","_monsterinsights_sitenote_category":0},"product_cat":[31340],"product_tag":[31360,31350,31344,31355,31345,31352,31343,31347,31341,31342,31348,31361,31349,31362,31359,31358,31353,31357,31356,31351,31354,31346],"class_list":{"0":"post-33038","1":"product","2":"type-product","3":"status-publish","4":"has-post-thumbnail","6":"product_cat-magiske-sopp","7":"product_tag-autentisk-penis-envy-mushrooms-europe","8":"product_tag-bestill-penis-envy-mushrooms-eu","9":"product_tag-bestill-penis-envy-mushrooms-online","10":"product_tag-billige-penis-envy-mushrooms-europa","11":"product_tag-effekter-av-penis-envy-mushrooms","12":"product_tag-hvor-kan-du-kjope-penis-envy-mushrooms-europe","13":"product_tag-hvor-kan-du-kjope-penis-envy-mushrooms-online","14":"product_tag-hvor-mye-koster-penis-envy-mushrooms","15":"product_tag-kjop-penis-envy-mushrooms","16":"product_tag-kjop-penis-envy-mushrooms-online","17":"product_tag-kjop-penis-envy-mushrooms-online-europa","18":"product_tag-leverandorer-av-penis-envy-mushrooms-europe","19":"product_tag-penis-envy-mushrooms-beste-pris-europa","20":"product_tag-penis-envy-mushrooms-europe-anmeldelse","21":"product_tag-penis-envy-mushrooms-europe-levering","22":"product_tag-penis-envy-mushrooms-europe-rabatt-no","23":"product_tag-penis-envy-mushrooms-europe-salg","24":"product_tag-penis-envy-mushrooms-europe-butikk","25":"product_tag-penis-envy-mushrooms-europe-tilbud","26":"product_tag-penis-envy-mushrooms-gratis-frakt-europa","27":"product_tag-penis-envy-mushrooms-nettbutikk-europa","28":"product_tag-penis-envy-mushrooms-salg-pa-nettet","30":"first","31":"instock","32":"shipping-taxable","33":"purchasable","34":"product-type-simple","35":"farmacie-col"},"aioseo_notices":[],"_links":{"self":[{"href":"https:\/\/lacasadelamedicina.es\/no\/wp-json\/wp\/v2\/product\/33038"}],"collection":[{"href":"https:\/\/lacasadelamedicina.es\/no\/wp-json\/wp\/v2\/product"}],"about":[{"href":"https:\/\/lacasadelamedicina.es\/no\/wp-json\/wp\/v2\/types\/product"}],"replies":[{"embeddable":true,"href":"https:\/\/lacasadelamedicina.es\/no\/wp-json\/wp\/v2\/comments?post=33038"}],"wp:featuredmedia":[{"embeddable":true,"href":"https:\/\/lacasadelamedicina.es\/no\/wp-json\/wp\/v2\/media\/19795"}],"wp:attachment":[{"href":"https:\/\/lacasadelamedicina.es\/no\/wp-json\/wp\/v2\/media?parent=33038"}],"wp:term":[{"taxonomy":"product_cat","embeddable":true,"href":"https:\/\/lacasadelamedicina.es\/no\/wp-json\/wp\/v2\/product_cat?post=33038"},{"taxonomy":"product_tag","embeddable":true,"href":"https:\/\/lacasadelamedicina.es\/no\/wp-json\/wp\/v2\/product_tag?post=33038"}],"curies":[{"name":"wp","href":"https:\/\/api.w.org\/{rel}","templated":true}]}}