{"id":33002,"date":"2024-08-10T19:03:32","date_gmt":"2024-08-10T19:03:32","guid":{"rendered":"https:\/\/lacasadelamedicina.es\/product\/kjop-adderall-pa-nett\/"},"modified":"2024-08-10T19:03:32","modified_gmt":"2024-08-10T19:03:32","slug":"kjop-adderall-pa-nett","status":"publish","type":"product","link":"https:\/\/lacasadelamedicina.es\/no\/produkt\/kjop-adderall-pa-nett\/","title":{"rendered":"Kj\u00f8p Adderall p\u00e5 nett"},"content":{"rendered":"<h1 class=\"product_title entry-title\">Kj\u00f8p Adderall p\u00e5 nett<\/h1>\n<p> Kj\u00f8p Adderall online. Adderall er en reseptbelagt medisin som inneholder amfetamin og dekstroamfetamin, klassifisert som sentralstimulerende midler. Det er f\u00f8rst og fremst foreskrevet for \u00e5 behandle oppmerksomhetsunderskudd hyperaktivitetsforstyrrelse (ADHD) og narkolepsi. Adderall er et foretrukket alternativ for \u00e5 h\u00e5ndtere ADHD. Forskning viser at b\u00e5de Adderall og Adderall XR forbedrer oppmerksomhet, fokus og reduserer impulsiv atferd, med 75 til 80 prosent av barn med ADHD som opplever symptomforbedring ved bruk av stimulerende midler. For narkolepsi hjelper Adderall med \u00e5 \u00f8ke v\u00e5kenhet p\u00e5 dagtid, selv om forskning p\u00e5 effektiviteten for denne tilstanden er begrenset. Adderall og Mydayis er merkenavn for en medisin laget av blandede amfetaminsalter, som inkluderer en kombinasjon av fire amfetaminsalter. Denne blandingen best\u00e5r av like deler racemisk amfetamin og dekstroamfetamin, og skaper et (3:1) forhold mellom dekstroamfetamin og levoamfetamin. Begge enantiomerer er sentralstimulerende midler, men har forskjellige effekter, noe som gir Adderall en unik profil sammenlignet med andre amfetaminformer. Adderall brukes til \u00e5 behandle ADHD og narkolepsi, men misbrukes ogs\u00e5 for atletisk ytelse, kognitiv forbedring, appetittundertrykkelse og rekreasjonseufori. Det tilh\u00f8rer sentralnervesystemet (CNS) sentralstimulerende midler. Generisk navn: amfetamin og dekstroamfetamin Merkenavn: Adderall, Adderall XR, Mydayis Legemiddelklasse: sentralstimulerende midler<\/p>\n","protected":false},"excerpt":{"rendered":"<p>Kj\u00f8p Adderall online. Adderall er en reseptbelagt medisin som best\u00e5r av amfetamin og dekstroamfetamin. Du kan finne Adderall tilgjengelig for kj\u00f8p p\u00e5 nettet, inkludert Adderall-piller.  <\/p>\n","protected":false},"featured_media":19810,"comment_status":"open","ping_status":"closed","template":"","meta":{"om_disable_all_campaigns":false,"_sitemap_exclude":false,"_sitemap_priority":"","_sitemap_frequency":"","_monsterinsights_skip_tracking":false,"_monsterinsights_sitenote_active":false,"_monsterinsights_sitenote_note":"","_monsterinsights_sitenote_category":0},"product_cat":[30105],"product_tag":[31326,31339,31334,31338,31336,31335,31330,31333,31328,31331,31323,31337,31327,31321,31332,31322,31329,31318,31324,31319,31325,31320],"class_list":{"0":"post-33002","1":"product","2":"type-product","3":"status-publish","4":"has-post-thumbnail","6":"product_cat-smertestillende","7":"product_tag-adderall-beste-pris-europa","8":"product_tag-adderall-europe-anmeldelse","9":"product_tag-adderall-europe-butikk","10":"product_tag-adderall-europe-leverandorer","11":"product_tag-adderall-europe-levering","12":"product_tag-adderall-europe-rabatt-no","13":"product_tag-adderall-europe-salg","14":"product_tag-adderall-europe-tilbud","15":"product_tag-adderall-gratis-frakt-europa","16":"product_tag-adderall-nettbutikk-europa","17":"product_tag-adderall-salg-pa-nett","18":"product_tag-autentisk-adderall-europe","19":"product_tag-bestill-adderall-eu","20":"product_tag-bestill-adderall-online","21":"product_tag-billig-adderall-europe","22":"product_tag-effekter-av-adderall","23":"product_tag-hvor-kan-du-kjope-adderall-europe","24":"product_tag-hvor-kan-man-kjope-adderall-online","25":"product_tag-hvor-mye-koster-adderall","26":"product_tag-kjop-adderall","27":"product_tag-kjop-adderall-online-europa","28":"product_tag-kjop-adderall-pa-nett","30":"first","31":"instock","32":"shipping-taxable","33":"purchasable","34":"product-type-variable","35":"farmacie-col","36":"product-has-gallery"},"aioseo_notices":[],"_links":{"self":[{"href":"https:\/\/lacasadelamedicina.es\/no\/wp-json\/wp\/v2\/product\/33002"}],"collection":[{"href":"https:\/\/lacasadelamedicina.es\/no\/wp-json\/wp\/v2\/product"}],"about":[{"href":"https:\/\/lacasadelamedicina.es\/no\/wp-json\/wp\/v2\/types\/product"}],"replies":[{"embeddable":true,"href":"https:\/\/lacasadelamedicina.es\/no\/wp-json\/wp\/v2\/comments?post=33002"}],"wp:featuredmedia":[{"embeddable":true,"href":"https:\/\/lacasadelamedicina.es\/no\/wp-json\/wp\/v2\/media\/19810"}],"wp:attachment":[{"href":"https:\/\/lacasadelamedicina.es\/no\/wp-json\/wp\/v2\/media?parent=33002"}],"wp:term":[{"taxonomy":"product_cat","embeddable":true,"href":"https:\/\/lacasadelamedicina.es\/no\/wp-json\/wp\/v2\/product_cat?post=33002"},{"taxonomy":"product_tag","embeddable":true,"href":"https:\/\/lacasadelamedicina.es\/no\/wp-json\/wp\/v2\/product_tag?post=33002"}],"curies":[{"name":"wp","href":"https:\/\/api.w.org\/{rel}","templated":true}]}}