{"id":32987,"date":"2024-08-10T19:23:17","date_gmt":"2024-08-10T19:23:17","guid":{"rendered":"https:\/\/lacasadelamedicina.es\/product\/kjop-buprenorfin-pa-nett\/"},"modified":"2024-08-10T19:23:17","modified_gmt":"2024-08-10T19:23:17","slug":"kjop-buprenorfin-pa-nett","status":"publish","type":"product","link":"https:\/\/lacasadelamedicina.es\/no\/produkt\/kjop-buprenorfin-pa-nett\/","title":{"rendered":"Kj\u00f8p buprenorfin p\u00e5 nett"},"content":{"rendered":"<h1 class=\"product_title entry-title\">Kj\u00f8p buprenorfin p\u00e5 nett<\/h1>\n<p> Kj\u00f8p buprenorfin p\u00e5 nett. Buprenorfin brukes til \u00e5 behandle opioidbruksforstyrrelser (OUD), akutte smerter og kroniske smerter. Det kan administreres i ulike former, inkludert sublingualt (under tungen), bukkalt (i kinnet), injeksjoner (intraven\u00f8st \u200b\u200bog subkutant), hudplaster (transdermalt) eller implantater. For OUD-behandling b\u00f8r buprenorfin kun gis n\u00e5r pasienten opplever moderate opioidabstinenssymptomer og under tilsyn av helsepersonell. Buprenorfin hjelper til med \u00e5 h\u00e5ndtere opioidavhengighet ved \u00e5 redusere trang og abstinenssymptomer uten \u00e5 for\u00e5rsake eufori eller alvorlige bivirkninger, noe som hjelper til med \u00e5 forhindre tilbakefall. Det fungerer som en erstatning for det misbrukte stoffet, minimerer ubehag og lar pasienter fokusere p\u00e5 \u00e5 bli frisk. Buprenorfin for OUD er en del av en omfattende behandlingsplan som inkluderer r\u00e5dgivning og atferdsterapi. For OUD er buprenorfin tilgjengelig som langtidsvirkende injeksjoner (Sublocade, Brixadi) og sublinguale tabletter (Subutex, n\u00e5 utg\u00e5tt, men generiske er tilgjengelige). I smertebehandling brukes buprenorfin til alvorlige akutte smerter og moderate til alvorlige kroniske smerter som ikke kontrolleres av andre medisiner. Den er tilgjengelig som hudplaster (Butrans) og bukkalfilm (Belbuca) for kroniske smerter, og som injeksjon (Buprenex) for akutte smerter. Buprenorfin vises i tre former:           <\/p>\n<ul>\n<li>En rektangul\u00e6r appelsinfilm med limesmak<\/li>\n<li>Nettbrett<\/li>\n<li>Flytende<\/li>\n<\/ul>\n<p> Merkenavn inkluderer Belbuca, Brixadi, Buprenex, Buprenorphine, Butrans, Sublocade, Suboxone, Subutex og Zubsolv. <strong>Bivirkninger:<\/strong> S\u00f8k \u00f8yeblikkelig medisinsk hjelp hvis du opplever tegn p\u00e5 en allergisk reaksjon som elveblest, pustevansker eller hevelser i ansikt, lepper, tunge, eller hals. Opioidmedisiner kan bremse eller slutte \u00e5 puste, noe som kan v\u00e6re d\u00f8delig. S\u00f8rg for at noen i n\u00e6rheten kan administrere nalokson og s\u00f8ke akutt legehjelp hvis du har sakte pust, bl\u00e5 lepper eller problemer med \u00e5 v\u00e5kne. Kontakt legen din hvis du har symptomer som opioidabstinenser, pusteproblemer, langsom hjerterytme, brystsmerter, lave kortisolniv\u00e5er eller leverproblemer. S\u00f8k ogs\u00e5 medisinsk hjelp for serotonergt syndrom symptomer som agitasjon, hallusinasjoner, feber og muskelstivhet.     <strong>Vanlige bivirkninger:<\/strong><\/p>\n<ul>\n<li>Forstoppelse<\/li>\n<li>Kvalme<\/li>\n<li>Oppkast<\/li>\n<li>Hodepine<\/li>\n<li>\u00d8kt svetting<\/li>\n<li>S\u00f8vnl\u00f8shet<\/li>\n<li>Smerte<\/li>\n<\/ul>\n<p><strong>Medisiner for opioidavhengighet:<\/strong><\/p>\n<ul>\n<li>Buprenorfin: Sublocade (subkutan injeksjon), Probufin (implantat), Subutex (sublinguale tabletter)<\/li>\n<li>Buprenorfin og nalokson: Bunavail (sublingual film), Suboxone (sublingual film og tabletter), Zubsolv (sublingual tabletter)<\/li>\n<li>Lofexidin: Lucemyra (tabletter)<\/li>\n<li>Naltrekson: Vivitrol (IM-injeksjon), Naltrekson (tabletter)<\/li>\n<\/ul>\n<p><strong>Medisiner for sterke smerter:<\/strong><\/p>\n<ul>\n<li>Buprenorfin: Buprenex (IM og IV injeksjon), Belbuca (bukkal film), Butrans (depotplaster)<\/li>\n<li>Metadon: Dolophine (tabletter)<\/li>\n<\/ul>\n<p><strong>Merkenavn og doseringsformer:<\/strong><\/p>\n<ul>\n<li>Brixadi: Injeksjon med utvidet frigivelse (subkutan), ukentlig eller m\u00e5nedlig, for OUD<\/li>\n<li>Sublocade: Injeksjon med utvidet frigivelse (subkutan), m\u00e5nedlig, for OUD<\/li>\n<li>Probufin (utg\u00e5tt): Implantat (subdermalt), hver sjette m\u00e5ned, for opioidavhengighet<\/li>\n<li>Belbuca: Buccal film, en gang daglig eller hver 12. time, for sterke smerter<\/li>\n<li>Butrans: Transdermalt system, hver syvende dag, for sterke smerter<\/li>\n<li>Subutex (utg\u00e5tt): Sublinguale tabletter, en gang daglig, for opioidavhengighet<\/li>\n<li>Buprenex: Injeksjon (intraven\u00f8s eller intramuskul\u00e6r), hver 6. time, for sterke smerter<\/li>\n<\/ul>\n<p> Kj\u00f8p buprenorfin p\u00e5 nettet eller finn hvor du kan kj\u00f8pe buprenorfin p\u00e5 nettet for mer informasjon om tilgjengelighet og kj\u00f8psalternativer.<\/p>\n","protected":false},"excerpt":{"rendered":"<p>Kj\u00f8p buprenorfin p\u00e5 nett. Buprenorfin er en n\u00f8kkelmedisin som brukes til \u00e5 behandle opioidbruksforstyrrelser (OUD), s\u00e5 vel som for \u00e5 h\u00e5ndtere akutte og kroniske smerter. Du kan finne buprenorfin tilgjengelig for kj\u00f8p p\u00e5 nettet.  <\/p>\n","protected":false},"featured_media":19840,"comment_status":"open","ping_status":"closed","template":"","meta":{"om_disable_all_campaigns":false,"_sitemap_exclude":false,"_sitemap_priority":"","_sitemap_frequency":"","_monsterinsights_skip_tracking":false,"_monsterinsights_sitenote_active":false,"_monsterinsights_sitenote_note":"","_monsterinsights_sitenote_category":0},"product_cat":[30105],"product_tag":[31293,31283,31277,31288,31282,31284,31287,31279,31290,31295,31294,31292,31291,31286,31289,31278,31285,31276,31280,31274,31281,31275,30306],"class_list":{"0":"post-32987","1":"product","2":"type-product","3":"status-publish","4":"has-post-thumbnail","6":"product_cat-smertestillende","7":"product_tag-autentisk-buprenorfin-europa","8":"product_tag-bestill-buprenorfin-eu","9":"product_tag-bestill-buprenorfin-pa-nett","10":"product_tag-billig-buprenorfin-europa","11":"product_tag-buprenorfin-beste-pris-europa","12":"product_tag-buprenorfin-gratis-frakt-europa","13":"product_tag-buprenorfin-nettbutikk-europa","14":"product_tag-buprenorfinsalg-pa-nett","15":"product_tag-buprenorphine-europe-butikk","16":"product_tag-buprenorphine-europe-gjennomgang","17":"product_tag-buprenorphine-europe-leverandorer","18":"product_tag-buprenorphine-europe-levering","19":"product_tag-buprenorphine-europe-rabatt","20":"product_tag-buprenorphine-europe-salg","21":"product_tag-buprenorphine-europe-tilbud","22":"product_tag-effekter-av-buprenorfin","23":"product_tag-hvor-a-kjope-buprenorphine-europe","24":"product_tag-hvor-kan-man-kjope-buprenorfin-pa-nett","25":"product_tag-hvor-mye-er-buprenorfin","26":"product_tag-kjop-buprenorfin","27":"product_tag-kjop-buprenorfin-online-europa","28":"product_tag-kjop-buprenorfin-pa-nett","29":"product_tag-kjop-suboxone-pa-nett","31":"first","32":"instock","33":"shipping-taxable","34":"purchasable","35":"product-type-variable","36":"farmacie-col"},"aioseo_notices":[],"_links":{"self":[{"href":"https:\/\/lacasadelamedicina.es\/no\/wp-json\/wp\/v2\/product\/32987"}],"collection":[{"href":"https:\/\/lacasadelamedicina.es\/no\/wp-json\/wp\/v2\/product"}],"about":[{"href":"https:\/\/lacasadelamedicina.es\/no\/wp-json\/wp\/v2\/types\/product"}],"replies":[{"embeddable":true,"href":"https:\/\/lacasadelamedicina.es\/no\/wp-json\/wp\/v2\/comments?post=32987"}],"wp:featuredmedia":[{"embeddable":true,"href":"https:\/\/lacasadelamedicina.es\/no\/wp-json\/wp\/v2\/media\/19840"}],"wp:attachment":[{"href":"https:\/\/lacasadelamedicina.es\/no\/wp-json\/wp\/v2\/media?parent=32987"}],"wp:term":[{"taxonomy":"product_cat","embeddable":true,"href":"https:\/\/lacasadelamedicina.es\/no\/wp-json\/wp\/v2\/product_cat?post=32987"},{"taxonomy":"product_tag","embeddable":true,"href":"https:\/\/lacasadelamedicina.es\/no\/wp-json\/wp\/v2\/product_tag?post=32987"}],"curies":[{"name":"wp","href":"https:\/\/api.w.org\/{rel}","templated":true}]}}