{"id":32976,"date":"2024-08-10T19:38:26","date_gmt":"2024-08-10T19:38:26","guid":{"rendered":"https:\/\/lacasadelamedicina.es\/product\/kjop-demerol-pa-nett\/"},"modified":"2024-08-10T19:38:26","modified_gmt":"2024-08-10T19:38:26","slug":"kjop-demerol-pa-nett","status":"publish","type":"product","link":"https:\/\/lacasadelamedicina.es\/no\/produkt\/kjop-demerol-pa-nett\/","title":{"rendered":"Kj\u00f8p Demerol p\u00e5 nett"},"content":{"rendered":"<h1 class=\"product_title entry-title\">Kj\u00f8p Demerol p\u00e5 nett<\/h1>\n<p> Kj\u00f8p Demerol online. Demerol, ogs\u00e5 kjent som meperidinhydroklorid, brukes til \u00e5 h\u00e5ndtere moderate til sterke smerter. Det virker ved \u00e5 binde seg til opioidreseptorer i sentralnervesystemet, noe som gj\u00f8r det til en type smertestillende og opioid. Meperidin er effektivt for smertelindring n\u00e5r andre smertestillende medisiner er utilstrekkelige eller ut\u00e5lelige. Det faller inn under kategorien narkotiske analgetika og virker p\u00e5 sentralnervesystemet for \u00e5 lindre smerte. Imidlertid anbefales det ikke for kronisk smertebehandling. Langvarig bruk av meperidin kan f\u00f8re til fysisk eller mental avhengighet. Mens mental avhengighet er mindre vanlig n\u00e5r den brukes riktig, kan fysisk avhengighet for\u00e5rsake abstinenssymptomer hvis behandlingen avbrytes br\u00e5tt. Gradvis dosereduksjon kan bidra til \u00e5 unng\u00e5 alvorlige abstinenseffekter. Demerol er kun tilgjengelig gjennom et begrenset distribusjonsprogram kjent som Opioid Analgesic REMS (Risk Evaluation and Mitigation Strategy)-programmet. <strong>Generisk navn:<\/strong> Meperidine <strong>Merkenavn:<\/strong> Demerol <strong>Medikamentklasse:<\/strong> Opioidanalgetika, syntetiske opioider <strong>Doseringsformer:<\/strong> Sirup, tablett, l\u00f8sning <strong>Mulige alvorlige bivirkninger:<\/strong>         <\/p>\n<ul>\n<li>Langsom hjertefrekvens<\/li>\n<li>Svak eller grunn pust<\/li>\n<li>Pustepauser under s\u00f8vn<\/li>\n<li>Alvorlig d\u00f8sighet<\/li>\n<li>Stivhet<\/li>\n<li>Forvirring<\/li>\n<li>Stemningsendringer<\/li>\n<li>Alvorlig forstoppelse<\/li>\n<li>Skjelving<\/li>\n<li>Ukontrollerte muskelbevegelser<\/li>\n<li>Anfall<\/li>\n<li>Kvalme og oppkast<\/li>\n<li>Tap av matlyst<\/li>\n<li>Svimmelhet<\/li>\n<li>Forverring av tretthet og svakhet<\/li>\n<\/ul>\n<p> S\u00f8k \u00f8yeblikkelig legehjelp hvis du opplever noen av disse alvorlige bivirkningene. <strong>Vanlige bivirkninger:<\/strong><\/p>\n<ul>\n<li>Stivhet<\/li>\n<li>Langsom hjertefrekvens<\/li>\n<li>Svak eller grunn pust<\/li>\n<li>Forvirring<\/li>\n<li>Skjelving<\/li>\n<li>Ukontrollerte muskelbevegelser<\/li>\n<li>Anfall<\/li>\n<li>Svimmelhet<\/li>\n<li>Sedasjon<\/li>\n<li>Stemningsendringer<\/li>\n<li>Kvalme og oppkast<\/li>\n<li>Svette<\/li>\n<li>Forstoppelse<\/li>\n<li>Tap av matlyst<\/li>\n<li>Hodepine<\/li>\n<li>Svakhet<\/li>\n<li>T\u00f8rr munn<\/li>\n<li>Kl\u00f8e<\/li>\n<li>Redusert vannlating<\/li>\n<li>Skylling<\/li>\n<li>Alvorlig d\u00f8sighet<\/li>\n<li>Redusert interesse for sex<\/li>\n<\/ul>\n<p><strong>Alvorlige bivirkninger som krever umiddelbar oppmerksomhet:<\/strong><\/p>\n<ul>\n<li>Plutselig synstap eller andre alvorlige \u00f8yesymptomer<\/li>\n<li>Raske eller uregelmessige hjerteslag, flagrende i brystet, kortpustethet eller plutselig svimmelhet<\/li>\n<li>Alvorlig hodepine, forvirring, sl\u00f8ret tale, svakhet i lemmer, problemer med \u00e5 g\u00e5, tap av koordinasjon, h\u00f8y feber, kraftig svette eller skjelvinger<\/li>\n<\/ul>\n<p><strong>Dosering:<\/strong> Den typiske dosen for voksne er 50 til 150 mg hver 3. til 4. time. <strong>Medikamentinteraksjoner:<\/strong> Demerol kan samhandle med andre narkotiske smertestillende midler, beroligende midler, beroligende midler, muskelavslappende midler eller medisiner som p\u00e5virker s\u00f8vnighet eller pust. Informer legen din om alle medisiner og kosttilskudd du bruker. <strong>Graviditet og amming:<\/strong> Demerol har ikke blitt grundig studert hos gravide kvinner. Det er vanedannende og kan gi abstinenssymptomer. R\u00e5df\u00f8r deg med legen din dersom du er gravid eller planlegger \u00e5 bli gravid. Demerol kan g\u00e5 over i morsmelk og potensielt skade en ammende baby, s\u00e5 amming mens du bruker Demerol anbefales ikke. Kj\u00f8p Demerol online eller finn mer informasjon om hvor du kan kj\u00f8pe det.<\/p>\n","protected":false},"excerpt":{"rendered":"<p>Kj\u00f8p Demerol p\u00e5 nett. Demerol er et legemiddel som brukes til \u00e5 behandle moderate til sterke smerter. Demerol tabs til salgs p\u00e5 nett, hvor kan man kj\u00f8pe Demerol sirup p\u00e5 nett.  <\/p>\n","protected":false},"featured_media":19855,"comment_status":"open","ping_status":"closed","template":"","meta":{"om_disable_all_campaigns":false,"_sitemap_exclude":false,"_sitemap_priority":"","_sitemap_frequency":"","_monsterinsights_skip_tracking":false,"_monsterinsights_sitenote_active":false,"_monsterinsights_sitenote_note":"","_monsterinsights_sitenote_category":0},"product_cat":[30105],"product_tag":[31271,31261,31255,31266,31260,31273,31272,31270,31269,31264,31268,31267,31262,31265,31257,31256,31263,31254,31258,31252,31259,31253],"class_list":{"0":"post-32976","1":"product","2":"type-product","3":"status-publish","4":"has-post-thumbnail","6":"product_cat-smertestillende","7":"product_tag-autentisk-demerol-europa","8":"product_tag-bestill-demerol-eu","9":"product_tag-bestill-demerol-online","10":"product_tag-billig-demerol-europa","11":"product_tag-demerol-beste-pris-europa","12":"product_tag-demerol-europe-anmeldelse","13":"product_tag-demerol-europe-leverandorer","14":"product_tag-demerol-europe-levering","15":"product_tag-demerol-europe-rabatt-no","16":"product_tag-demerol-europe-salg","17":"product_tag-demerol-europe-butikk","18":"product_tag-demerol-europe-tilbud","19":"product_tag-demerol-gratis-frakt-europa","20":"product_tag-demerol-nettbutikk-europa","21":"product_tag-demerol-salg-pa-nett","22":"product_tag-effekter-av-demerol","23":"product_tag-hvor-kan-du-kjope-demerol-europe","24":"product_tag-hvor-kan-du-kjope-demerol-online","25":"product_tag-hvor-mye-er-demerol","26":"product_tag-kjop-demerol","27":"product_tag-kjop-demerol-online-europa","28":"product_tag-kjop-demerol-pa-nett","30":"first","31":"instock","32":"shipping-taxable","33":"purchasable","34":"product-type-variable","35":"farmacie-col"},"aioseo_notices":[],"_links":{"self":[{"href":"https:\/\/lacasadelamedicina.es\/no\/wp-json\/wp\/v2\/product\/32976"}],"collection":[{"href":"https:\/\/lacasadelamedicina.es\/no\/wp-json\/wp\/v2\/product"}],"about":[{"href":"https:\/\/lacasadelamedicina.es\/no\/wp-json\/wp\/v2\/types\/product"}],"replies":[{"embeddable":true,"href":"https:\/\/lacasadelamedicina.es\/no\/wp-json\/wp\/v2\/comments?post=32976"}],"wp:featuredmedia":[{"embeddable":true,"href":"https:\/\/lacasadelamedicina.es\/no\/wp-json\/wp\/v2\/media\/19855"}],"wp:attachment":[{"href":"https:\/\/lacasadelamedicina.es\/no\/wp-json\/wp\/v2\/media?parent=32976"}],"wp:term":[{"taxonomy":"product_cat","embeddable":true,"href":"https:\/\/lacasadelamedicina.es\/no\/wp-json\/wp\/v2\/product_cat?post=32976"},{"taxonomy":"product_tag","embeddable":true,"href":"https:\/\/lacasadelamedicina.es\/no\/wp-json\/wp\/v2\/product_tag?post=32976"}],"curies":[{"name":"wp","href":"https:\/\/api.w.org\/{rel}","templated":true}]}}