{"id":32955,"date":"2024-08-10T19:51:54","date_gmt":"2024-08-10T19:51:54","guid":{"rendered":"https:\/\/lacasadelamedicina.es\/product\/kjop-dextroamfetamin-pa-nett\/"},"modified":"2024-08-10T19:51:54","modified_gmt":"2024-08-10T19:51:54","slug":"kjop-dextroamfetamin-pa-nett","status":"publish","type":"product","link":"https:\/\/lacasadelamedicina.es\/no\/produkt\/kjop-dextroamfetamin-pa-nett\/","title":{"rendered":"Kj\u00f8p dextroamfetamin p\u00e5 nett"},"content":{"rendered":"<h1 class=\"product_title entry-title\">Kj\u00f8p dextroamfetamin p\u00e5 nett<\/h1>\n<p> Kj\u00f8p dextroamfetamin p\u00e5 nett. Dekstroamfetamin brukes til \u00e5 behandle narkolepsi og oppmerksomhetsunderskudd hyperaktivitetsforstyrrelse (ADHD) og er noen ganger foreskrevet off-label for depresjon og fedme. Mens langvarig bruk av h\u00f8ye doser hos dyr kan for\u00e5rsake skade p\u00e5 dopaminsystemet, st\u00f8tter terapeutiske doser hos mennesker med ADHD generelt hjerneutvikling og nervevekst. <strong>Dextroamphetamine<\/strong> er en reseptbelagt medisin tilgjengelig i flere former:   <\/p>\n<ul>\n<li><strong>Orale tabletter<\/strong> (10 mg, 15 mg, 20 mg, 30 mg, 5 mg, 7,5 mg)<\/li>\n<li><strong>Kapsler med utvidet utgivelse<\/strong> (10 mg, 15 mg, 5 mg)<\/li>\n<li><strong>Oral oppl\u00f8sning<\/strong> (5 mg\/5 ml)<\/li>\n<\/ul>\n<p> Det selges under forskjellige merkenavn, inkludert Dexedrine Spansule, ProCentra, Xelstrym, Zenzedi, Dexedrine, Dextrostat og Liquadd. Den orale tablettformen er bare tilgjengelig i generiske versjoner, som vanligvis er rimeligere enn merkenavn. Dekstroamfetamin kan brukes alene eller som en del av kombinasjonsbehandling med andre medisiner. <strong>Bivirkninger:<\/strong> S\u00f8k akutt medisinsk hjelp hvis du opplever:   <\/p>\n<ul>\n<li>Allergiske reaksjoner som elveblest, pustevansker eller hevelse i ansiktet eller halsen.<\/li>\n<li>Alvorlige hudreaksjoner inkludert feber, s\u00e5r hals, hudsmerter eller utslett med blemmer og avskalling.<\/li>\n<li>Symptomer p\u00e5 hjerteinfarkt eller hjerneslag, som brystsmerter, nummenhet eller svakhet, sl\u00f8ret tale eller kortpustethet.<\/li>\n<\/ul>\n<p> Alvorlige bivirkninger kan omfatte: <\/p>\n<ul>\n<li>Hjerte- eller blodsirkulasjonsproblemer som brystsmerter, pusteproblemer eller nummenhet i fingre eller t\u00e6r.<\/li>\n<li>Mani eller psykosesymptomer som hallusinasjoner, aggresjon, paranoia eller redusert s\u00f8vnbehov.<\/li>\n<li>Kramper, muskelrykninger (tics) eller visuelle endringer.<\/li>\n<li>Hudirritasjon ved bruk av plaster.<\/li>\n<\/ul>\n<p> Dekstroamfetamin kan p\u00e5virke veksten hos barn, s\u00e5 overv\u00e5k for unormale veksthastigheter og kontakt legen din hvis det oppst\u00e5r bekymringer. <strong>Vanlige bivirkninger:<\/strong><\/p>\n<ul>\n<li>T\u00f8rr munn<\/li>\n<li>Oppr\u00f8rt mage<\/li>\n<li>Tap av matlyst og vekttap<\/li>\n<li>Hodepine<\/li>\n<li>Svimmelhet<\/li>\n<li>S\u00f8vnl\u00f8shet<\/li>\n<li>Irritabilitet<\/li>\n<li>Muskelrykninger<\/li>\n<li>Kvalme og oppkast<\/li>\n<li>\u00d8kt blodtrykk<\/li>\n<li>Skjelving<\/li>\n<li>Raske hjerteslag<\/li>\n<\/ul>\n<p><strong>Overdosesymptomer:<\/strong><\/p>\n<ul>\n<li>Rastl\u00f8shet og forvirring<\/li>\n<li>Aggressiv oppf\u00f8rsel<\/li>\n<li>F\u00f8lelser av panikk eller hallusinasjoner<\/li>\n<li>Rask pust og ukontrollerbar risting<\/li>\n<li>Feber og m\u00f8rker\u00f8d urin<\/li>\n<li>Muskelsvakhet og tretthet<\/li>\n<li>Depresjon og uregelmessig hjerterytme<\/li>\n<li>Svimmelhet og t\u00e5kesyn<\/li>\n<li>Oppr\u00f8rt mage, oppkast og diar\u00e9<\/li>\n<li>Kramper og i alvorlige tilfeller koma<\/li>\n<\/ul>\n<p> For mer informasjon om hvor du kan kj\u00f8pe dextroamfetamin p\u00e5 nettet, sjekk med lisensierte nettapoteker eller autoriserte selgere.<\/p>\n","protected":false},"excerpt":{"rendered":"<p>Kj\u00f8p dextroamfetamin p\u00e5 nett. Dekstroamfetamin er et medikament som brukes til \u00e5 behandle narkolepsi og oppmerksomhetsunderskudd hyperaktivitetsforstyrrelse (ADHD). Den er tilgjengelig for salg p\u00e5 nett. For mer informasjon om hvor du kan kj\u00f8pe dextroamfetamin, vennligst sjekk nettapoteker eller autoriserte selgere.   <\/p>\n","protected":false},"featured_media":19870,"comment_status":"open","ping_status":"closed","template":"","meta":{"om_disable_all_campaigns":false,"_sitemap_exclude":false,"_sitemap_priority":"","_sitemap_frequency":"","_monsterinsights_skip_tracking":false,"_monsterinsights_sitenote_active":false,"_monsterinsights_sitenote_note":"","_monsterinsights_sitenote_category":0},"product_cat":[30105],"product_tag":[31205,31195,31189,31200,31194,31196,31191,31207,31206,31204,31203,31198,31202,31201,31199,31190,31197,31188,31192,31186,31187,31193],"class_list":{"0":"post-32955","1":"product","2":"type-product","3":"status-publish","4":"has-post-thumbnail","6":"product_cat-smertestillende","7":"product_tag-autentisk-dextroamphetamine-europe","8":"product_tag-bestill-dextroamphetamine-eu","9":"product_tag-bestill-dextroamphetamine-online","10":"product_tag-billig-dextroamphetamine-europe","11":"product_tag-dextroamfetamin-beste-pris-europa","12":"product_tag-dextroamfetamin-gratis-frakt-europa","13":"product_tag-dextroamfetamin-salg-pa-nett","14":"product_tag-dextroamphetamine-europe-anmeldelse","15":"product_tag-dextroamphetamine-europe-leverandorer","16":"product_tag-dextroamphetamine-europe-levering","17":"product_tag-dextroamphetamine-europe-rabatt-no","18":"product_tag-dextroamphetamine-europe-salg","19":"product_tag-dextroamphetamine-europe-butikk","20":"product_tag-dextroamphetamine-europe-tilbud","21":"product_tag-dextroamphetamine-nettbutikk-europa","22":"product_tag-effekter-av-dextroamfetamin","23":"product_tag-hvor-kan-du-kjope-dextroamphetamine-europe","24":"product_tag-hvor-kan-du-kjope-dextroamphetamine-online","25":"product_tag-hvor-mye-er-dextroamphetamine","26":"product_tag-kjop-dextroamfetamin","27":"product_tag-kjop-dextroamfetamin-pa-nett","28":"product_tag-kjop-dextroamphetamine-online-europa","30":"first","31":"instock","32":"shipping-taxable","33":"purchasable","34":"product-type-variable","35":"farmacie-col"},"aioseo_notices":[],"_links":{"self":[{"href":"https:\/\/lacasadelamedicina.es\/no\/wp-json\/wp\/v2\/product\/32955"}],"collection":[{"href":"https:\/\/lacasadelamedicina.es\/no\/wp-json\/wp\/v2\/product"}],"about":[{"href":"https:\/\/lacasadelamedicina.es\/no\/wp-json\/wp\/v2\/types\/product"}],"replies":[{"embeddable":true,"href":"https:\/\/lacasadelamedicina.es\/no\/wp-json\/wp\/v2\/comments?post=32955"}],"wp:featuredmedia":[{"embeddable":true,"href":"https:\/\/lacasadelamedicina.es\/no\/wp-json\/wp\/v2\/media\/19870"}],"wp:attachment":[{"href":"https:\/\/lacasadelamedicina.es\/no\/wp-json\/wp\/v2\/media?parent=32955"}],"wp:term":[{"taxonomy":"product_cat","embeddable":true,"href":"https:\/\/lacasadelamedicina.es\/no\/wp-json\/wp\/v2\/product_cat?post=32955"},{"taxonomy":"product_tag","embeddable":true,"href":"https:\/\/lacasadelamedicina.es\/no\/wp-json\/wp\/v2\/product_tag?post=32955"}],"curies":[{"name":"wp","href":"https:\/\/api.w.org\/{rel}","templated":true}]}}