{"id":32869,"date":"2024-08-10T20:27:10","date_gmt":"2024-08-10T20:27:10","guid":{"rendered":"https:\/\/lacasadelamedicina.es\/product\/kjop-hydrocodone-online\/"},"modified":"2024-08-10T20:27:10","modified_gmt":"2024-08-10T20:27:10","slug":"kjop-hydrocodone-online","status":"publish","type":"product","link":"https:\/\/lacasadelamedicina.es\/no\/produkt\/kjop-hydrocodone-online\/","title":{"rendered":"Kj\u00f8p Hydrocodone Online"},"content":{"rendered":"<h1 class=\"product_title entry-title\">Kj\u00f8p Hydrocodone Online<\/h1>\n<p><strong>Kj\u00f8p Hydrocodone Online<\/strong>. Hydrokodon, ogs\u00e5 kjent som dihydrokodeinon, er et semisyntetisk opioid som brukes til \u00e5 h\u00e5ndtere sterke smerter og som hostedempende. Det er ofte foreskrevet i kombinasjon med acetaminophen eller ibuprofen for smertelindring, og med homatropin metylbromid for \u00e5 lindre hoste. <strong>Hydrokodon<\/strong> er tilgjengelig i ulike former, inkludert orale tabletter, flytende l\u00f8sninger og kapsler med forlenget frigivelse. Det brukes n\u00e5r smerten er alvorlig nok til \u00e5 kreve et opioid og andre smertestillende medisiner er ineffektive eller ikke tolereres.    <strong>Doseringsformer:<\/strong><\/p>\n<ul>\n<li><strong>Nettbrett<\/strong>: Formuleringer med umiddelbar utgivelse og utvidet utgivelse.<\/li>\n<li><strong>Oral l\u00f8sning<\/strong>: Flytende form for enklere doseringsjustering.<\/li>\n<li><strong>Elixir<\/strong>: Kombinerer hydrokodon med andre ingredienser for smerte- eller hostelindring.<\/li>\n<\/ul>\n<p><strong>Hydrokodon<\/strong> fungerer som et narkotisk smertestillende middel, og virker p\u00e5 sentralnervesystemet for \u00e5 lindre smerte og undertrykke hoste. Det kan v\u00e6re vanedannende, og f\u00f8re til mental eller fysisk avhengighet ved langvarig bruk. Avhengighet kan f\u00f8re til abstinenssymptomer hvis medisinen stoppes plutselig, men gradvis dosereduksjon kan bidra til \u00e5 dempe alvorlige abstinenseffekter.   <strong>Bivirkninger:<\/strong><\/p>\n<ul>\n<li><strong>Vanlige<\/strong>: Svimmelhet, s\u00f8vnighet, kvalme, forstoppelse.<\/li>\n<li><strong>Alvorlig<\/strong>: Lavt blodtrykk, anfall, QT-forlengelse, respirasjonsdepresjon, serotonergt syndrom.<\/li>\n<li><strong>Ytterligere effekter<\/strong>: Kvalme, oppkast, t\u00f8rr hals, problemer med vannlating, utslett, kl\u00f8e og pupillsammentrekning. Bruk av hydrokodon kan ogs\u00e5 for\u00e5rsake progressivt bilateralt h\u00f8rselstap i noen tilfeller. <\/li>\n<\/ul>\n<p><strong>Sikkerhetsinformasjon:<\/strong><\/p>\n<ul>\n<li><strong>Misbruk og avhengighet<\/strong>: Hydrokodon har et h\u00f8yt potensial for misbruk og b\u00f8r overv\u00e5kes n\u00f8ye for \u00e5 forhindre misbruk. Det kan v\u00e6re vanedannende, og bruken b\u00f8r h\u00e5ndteres n\u00f8ye, spesielt hos pasienter med en historie med rusmisbruk. <\/li>\n<li><strong>Graviditet og amming<\/strong>: Anbefales vanligvis ikke p\u00e5 grunn av potensiell risiko for babyen.<\/li>\n<\/ul>\n<p><strong>Tilgjengelige skjemaer:<\/strong><\/p>\n<ul>\n<li><strong>Umiddelbar frigj\u00f8ring<\/strong>: Hydrokodon kombinert med paracetamol (f.eks. Vicodin, Lortab) eller ibuprofen (f.eks. Vicoprofen).<\/li>\n<li><strong>Extended-Release<\/strong>: For langsiktig smertebehandling (f.eks. Hysingla ER, Zohydro ER).<\/li>\n<li><strong>Kombinasjonsprodukter<\/strong>: Hydrokodon med homatropin (Hycodan) mot hoste og smerte, eller i hostesirup som Tussionex.<\/li>\n<\/ul>\n<p><strong>Overdoseringsrisiko:<\/strong> Tegn p\u00e5 overdose kan omfatte langsom eller grunn pust, alvorlig d\u00f8sighet og bevissthetstap. I tilfelle en overdose, administrer nalokson hvis tilgjengelig og s\u00f8k akutt medisinsk hjelp umiddelbart. For mer informasjon om hvor du kan kj\u00f8pe hydrokodon p\u00e5 nettet, kontakt autoriserte nettapoteker eller lisensierte distribut\u00f8rer.<\/p>\n","protected":false},"excerpt":{"rendered":"<p>Kj\u00f8p Hydrocodone Online. Hydrokodon og paracetamol-kombinasjon brukes til \u00e5 lindre alvorlig smerte. Kj\u00f8p Hydrocodone medisiner Online, Hydrocodone for salg Online  <\/p>\n","protected":false},"featured_media":19900,"comment_status":"open","ping_status":"closed","template":"","meta":{"om_disable_all_campaigns":false,"_sitemap_exclude":false,"_sitemap_priority":"","_sitemap_frequency":"","_monsterinsights_skip_tracking":false,"_monsterinsights_sitenote_active":false,"_monsterinsights_sitenote_note":"","_monsterinsights_sitenote_category":0},"product_cat":[30105],"product_tag":[31073,31057,31068,31054,31055,31061,30196],"class_list":{"0":"post-32869","1":"product","2":"type-product","3":"status-publish","4":"has-post-thumbnail","6":"product_cat-smertestillende","7":"product_tag-autentisk-hydrocodone-europe","8":"product_tag-bestill-hydrocodone-online","9":"product_tag-billig-hydrocodone-europe","10":"product_tag-kjop-hydrocodone","11":"product_tag-kjop-hydrocodone-online","12":"product_tag-kjop-hydrocodone-online-europa","13":"product_tag-kjop-vicodin-pa-nett","15":"first","16":"instock","17":"shipping-taxable","18":"purchasable","19":"product-type-variable","20":"farmacie-col"},"aioseo_notices":[],"_links":{"self":[{"href":"https:\/\/lacasadelamedicina.es\/no\/wp-json\/wp\/v2\/product\/32869"}],"collection":[{"href":"https:\/\/lacasadelamedicina.es\/no\/wp-json\/wp\/v2\/product"}],"about":[{"href":"https:\/\/lacasadelamedicina.es\/no\/wp-json\/wp\/v2\/types\/product"}],"replies":[{"embeddable":true,"href":"https:\/\/lacasadelamedicina.es\/no\/wp-json\/wp\/v2\/comments?post=32869"}],"wp:featuredmedia":[{"embeddable":true,"href":"https:\/\/lacasadelamedicina.es\/no\/wp-json\/wp\/v2\/media\/19900"}],"wp:attachment":[{"href":"https:\/\/lacasadelamedicina.es\/no\/wp-json\/wp\/v2\/media?parent=32869"}],"wp:term":[{"taxonomy":"product_cat","embeddable":true,"href":"https:\/\/lacasadelamedicina.es\/no\/wp-json\/wp\/v2\/product_cat?post=32869"},{"taxonomy":"product_tag","embeddable":true,"href":"https:\/\/lacasadelamedicina.es\/no\/wp-json\/wp\/v2\/product_tag?post=32869"}],"curies":[{"name":"wp","href":"https:\/\/api.w.org\/{rel}","templated":true}]}}