{"id":32807,"date":"2024-08-11T08:31:56","date_gmt":"2024-08-11T08:31:56","guid":{"rendered":"https:\/\/lacasadelamedicina.es\/product\/kjop-lortab-10-pa-nett\/"},"modified":"2024-08-11T08:31:56","modified_gmt":"2024-08-11T08:31:56","slug":"kjop-lortab-10-pa-nett","status":"publish","type":"product","link":"https:\/\/lacasadelamedicina.es\/no\/produkt\/kjop-lortab-10-pa-nett\/","title":{"rendered":"Kj\u00f8p Lortab 10 p\u00e5 nett"},"content":{"rendered":"<h1 class=\"product_title entry-title\">Kj\u00f8p Lortab 10 p\u00e5 nett<\/h1>\n<p> Lortab 10 er et medikament utviklet for \u00e5 lindre moderate til sterke smerter. Den kombinerer to aktive ingredienser: Hydrocodone og Acetaminophen. Hydrocodone er et opioid som gir sterk smertelindring, mens Acetaminophen, ofte kjent som Tylenol, forsterker effekten av Hydrocodone og bidrar til \u00e5 redusere feber. <strong>Bivirkninger av Lortab 10<\/strong> Vanlige bivirkninger av Lortab 10 inkluderer:   <\/p>\n<ul>\n<li>D\u00f8sighet<\/li>\n<li>Angst<\/li>\n<li>Svimmelhet<\/li>\n<li>Kvalme og oppkast<\/li>\n<li>Oppr\u00f8rt mage<\/li>\n<li>Forstoppelse<\/li>\n<li>Hodepine<\/li>\n<li>Stemningsendringer<\/li>\n<li>Uklart syn<\/li>\n<li>Ringer i \u00f8rene<\/li>\n<li>T\u00f8rr munn<\/li>\n<li>Forvirring<\/li>\n<\/ul>\n<p><strong>Doseringsanbefalinger<\/strong> Lortab 10\/500 administreres oralt, vanligvis som \u00e9n tablett hver fjerde til sjette time etter behov for smertelindring. Overhold strengt til legens foreskrevne dosering. <strong>Medikamentinteraksjoner<\/strong> Lortab 10\/500 kan samhandle med:  <\/p>\n<ul>\n<li>Alkohol<\/li>\n<li>Andre medisiner som inneholder paracetamol<\/li>\n<li>Beroligende midler, beroligende midler, sovemedisiner og muskelavslappende midler<\/li>\n<li>Visse antidepressiva og MAO-hemmere<\/li>\n<li>Bl\u00e6re- eller urinmedisiner<\/li>\n<li>Bronkodilatatorer og medisiner for irritabel tarm<\/li>\n<\/ul>\n<p> Informer legen din om alle medisiner og kosttilskudd du tar for \u00e5 unng\u00e5 u\u00f8nskede interaksjoner. <strong>Bruk under graviditet og amming<\/strong> Lortab b\u00f8r kun brukes under graviditet n\u00e5r det er absolutt n\u00f8dvendig, og vanligvis ikke i lengre perioder eller n\u00e6r f\u00f8dsel p\u00e5 grunn av potensiell risiko for uf\u00f8dt baby. Det er ogs\u00e5 tilr\u00e5delig \u00e5 konsultere legen din f\u00f8r du ammer, da medisinen kan g\u00e5 over i morsmelk og p\u00e5virke spedbarnet. <strong>Advarsler og forholdsregler<\/strong> S\u00f8k \u00f8yeblikkelig medisinsk hjelp hvis du opplever tegn p\u00e5 en allergisk reaksjon, som elveblest, pustevansker eller hevelse i ansiktet eller halsen. I sjeldne tilfeller kan acetaminophen for\u00e5rsake alvorlige hudreaksjoner, s\u00e5 avbryt bruken og kontakt legen din hvis du merker et spredende utslett eller blemmer. Kontakt legen din umiddelbart hvis du opplever noe av f\u00f8lgende:    <\/p>\n<ul>\n<li>Grunn pust eller langsom hjerterytme<\/li>\n<li>Letthet i hodet<\/li>\n<li>Forvirring eller uvanlig oppf\u00f8rsel<\/li>\n<li>Anfall<\/li>\n<li>Uforklarlige bl\u00e5merker eller bl\u00f8dninger<\/li>\n<li>Leverproblemer, som kvalme, \u00f8vre magesmerter, kl\u00f8e, m\u00f8rk urin eller gulsott<\/li>\n<li>Symptomer p\u00e5 serotonergt syndrom, inkludert agitasjon, hallusinasjoner, feber og muskelstivhet<\/li>\n<\/ul>\n<p><strong>Tilleggsinformasjon<\/strong> For mer detaljert informasjon om de potensielle bivirkningene og interaksjonene til Lortab 10\/500, vennligst se v\u00e5re omfattende legemiddelinformasjonsressurser.<\/p>\n","protected":false},"excerpt":{"rendered":"<p>Kj\u00f8p Lortab 10 p\u00e5 nett. Lortab er et medikament som lindrer moderat til intens smerte. hvor kj\u00f8pe Lortab 10 online, Lortab 10 for salg online.  <\/p>\n","protected":false},"featured_media":19945,"comment_status":"open","ping_status":"closed","template":"","meta":{"om_disable_all_campaigns":false,"_sitemap_exclude":false,"_sitemap_priority":"","_sitemap_frequency":"","_monsterinsights_skip_tracking":false,"_monsterinsights_sitenote_active":false,"_monsterinsights_sitenote_note":"","_monsterinsights_sitenote_category":0},"product_cat":[30105],"product_tag":[30985,30975,30969,30980,30970,30977,30968,30972,31055,30966,30973,30967,30974,30984,30983,30981,30987,30982,30986,30978,30976,30979,30971],"class_list":{"0":"post-32807","1":"product","2":"type-product","3":"status-publish","4":"has-post-thumbnail","6":"product_cat-smertestillende","7":"product_tag-autentisk-lortab-10-europe","8":"product_tag-bestill-lortab-10-eu","9":"product_tag-bestill-lortab-10-online","10":"product_tag-billig-lortab-10-europa","11":"product_tag-effekter-av-lortab-10","12":"product_tag-hvor-kan-du-kjope-lortab-10-europe","13":"product_tag-hvor-kan-du-kjope-lortab-10-online","14":"product_tag-hvor-mye-koster-lortab-10","15":"product_tag-kjop-hydrocodone-online","16":"product_tag-kjop-lortab-10","17":"product_tag-kjop-lortab-10-online-europa","18":"product_tag-kjop-lortab-10-pa-nett","19":"product_tag-lortab-10-beste-pris-europa","20":"product_tag-lortab-10-europa-levering-no","21":"product_tag-lortab-10-europa-rabatt-no","22":"product_tag-lortab-10-europa-tilbud","23":"product_tag-lortab-10-europe-anmeldelse","24":"product_tag-lortab-10-europe-butikk","25":"product_tag-lortab-10-europe-leverandorer","26":"product_tag-lortab-10-europe-salg","27":"product_tag-lortab-10-gratis-frakt-europa","28":"product_tag-lortab-10-nettbutikk-europa","29":"product_tag-lortab-10-salg-pa-nett","31":"first","32":"instock","33":"shipping-taxable","34":"purchasable","35":"product-type-variable","36":"farmacie-col"},"aioseo_notices":[],"_links":{"self":[{"href":"https:\/\/lacasadelamedicina.es\/no\/wp-json\/wp\/v2\/product\/32807"}],"collection":[{"href":"https:\/\/lacasadelamedicina.es\/no\/wp-json\/wp\/v2\/product"}],"about":[{"href":"https:\/\/lacasadelamedicina.es\/no\/wp-json\/wp\/v2\/types\/product"}],"replies":[{"embeddable":true,"href":"https:\/\/lacasadelamedicina.es\/no\/wp-json\/wp\/v2\/comments?post=32807"}],"wp:featuredmedia":[{"embeddable":true,"href":"https:\/\/lacasadelamedicina.es\/no\/wp-json\/wp\/v2\/media\/19945"}],"wp:attachment":[{"href":"https:\/\/lacasadelamedicina.es\/no\/wp-json\/wp\/v2\/media?parent=32807"}],"wp:term":[{"taxonomy":"product_cat","embeddable":true,"href":"https:\/\/lacasadelamedicina.es\/no\/wp-json\/wp\/v2\/product_cat?post=32807"},{"taxonomy":"product_tag","embeddable":true,"href":"https:\/\/lacasadelamedicina.es\/no\/wp-json\/wp\/v2\/product_tag?post=32807"}],"curies":[{"name":"wp","href":"https:\/\/api.w.org\/{rel}","templated":true}]}}