{"id":32765,"date":"2024-08-11T12:03:31","date_gmt":"2024-08-11T12:03:31","guid":{"rendered":"https:\/\/lacasadelamedicina.es\/product\/kjop-norco-online\/"},"modified":"2024-08-11T12:03:31","modified_gmt":"2024-08-11T12:03:31","slug":"kjop-norco-online","status":"publish","type":"product","link":"https:\/\/lacasadelamedicina.es\/no\/produkt\/kjop-norco-online\/","title":{"rendered":"Kj\u00f8p NORCO Online"},"content":{"rendered":"<h1 class=\"product_title entry-title\">Kj\u00f8p NORCO Online<\/h1>\n<p> Norco er en reseptbelagt medisin som kombinerer hydrokodon og paracetamol, beregnet for smertebehandling n\u00e5r ikke-opioidbehandlinger ikke har gitt tilstrekkelig lindring. Det kommer i tablettform og tas oralt, med effekter som vanligvis starter innen 30 minutter. Vanlige bivirkninger av Norco inkluderer svimmelhet, d\u00f8sighet, kvalme, oppkast, forstoppelse og kl\u00f8e. Ytterligere bivirkninger kan inkludere hodepine, tretthet, &laquo;hjernet\u00e5ke&raquo;, magesmerter og endringer i blodtrykket. Alvorlige bivirkninger som krever \u00f8yeblikkelig legehjelp er:     <\/p>\n<ul>\n<li>Langsom eller vanskelig pust, bl\u00e5aktig farge p\u00e5 lepper eller ekstremiteter<\/li>\n<li>Overdosesymptomer: manglende respons, redusert pust, ekstrem d\u00f8sighet, kald eller klam hud, langsom hjerterytme, smerter i \u00f8vre del av magen, m\u00f8rk urin, gulsott<\/li>\n<li>Abstinenssymptomer: angst, selvmordstanker, rastl\u00f8shet, rennende nese, gjesping, svette, frysninger, utvidede pupiller, irritabilitet<\/li>\n<li>Alvorlige allergiske reaksjoner: utslett, elveblest, blemmer, pustevansker, rask hjerterytme, svimmelhet, plutselig varme<\/li>\n<\/ul>\n<p> Forstoppelse er en hyppig bivirkning av Norco. For \u00e5 klare det, s\u00f8rg for tilstrekkelig vanninntak og innlemme mer fiber i kostholdet ditt. Hvis disse tiltakene er utilstrekkelige, kontakt helsepersonell for potensielle alternative behandlinger eller medisiner. Unng\u00e5 alkohol mens du bruker Norco, ettersom \u00e5 kombinere de to kan \u00f8ke d\u00f8sighet og svimmelhet, og kan skade leveren din. F\u00f8lg alltid forskriverens instruksjoner ang\u00e5ende dosering og bruk. Ikke endre dosen eller seponer medisinen uten \u00e5 konsultere helsepersonell, som gradvis kan redusere dosen for \u00e5 minimere abstinenssymptomer. Hold nalokson (Narcan) lett tilgjengelig for \u00e5 motvirke potensielle overdoseeffekter, og utdanne de som st\u00e5r deg n\u00e6r om bruken. S\u00f8k n\u00f8dhjelp hvis nalokson administreres, siden effekten er midlertidig. Gi beskjed til legen din dersom du er gravid eller planlegger \u00e5 bli gravid, da Norco generelt ikke anbefales under graviditet. Informer ogs\u00e5 helsepersonell hvis du ammer, siden medisinen kan g\u00e5 over i morsmelk og utgj\u00f8re en risiko for babyen din. Oppbevar Norco trygt, utilgjengelig for barn og kj\u00e6ledyr, og bruk programmer for tilbaketaking av medisiner for \u00e5 kaste ubrukt medisin p\u00e5 en sikker m\u00e5te for \u00e5 forhindre utilsiktet overdose.<\/p>\n","protected":false},"excerpt":{"rendered":"<p>Kj\u00f8p Norco p\u00e5 nett. Norco er en kombinasjonsmedisin som inneholder hydrokodon og paracetamol. Det brukes til \u00e5 h\u00e5ndtere smerte for folk som har pr\u00f8vd ikke-opioide medisiner, men ikke har f\u00e5tt nok lindring.  <\/p>\n","protected":false},"featured_media":19990,"comment_status":"open","ping_status":"closed","template":"","meta":{"om_disable_all_campaigns":false,"_sitemap_exclude":false,"_sitemap_priority":"","_sitemap_frequency":"","_monsterinsights_skip_tracking":false,"_monsterinsights_sitenote_active":false,"_monsterinsights_sitenote_note":"","_monsterinsights_sitenote_category":0},"product_cat":[30105],"product_tag":[31057,30843,30837,30848,30838,30845,30836,30840,30834,30841,30835,30842,30855,30850,30854,30852,30851,30846,30849,30844,30847,30839],"class_list":{"0":"post-32765","1":"product","2":"type-product","3":"status-publish","4":"has-post-thumbnail","6":"product_cat-smertestillende","7":"product_tag-bestill-hydrocodone-online","8":"product_tag-bestill-norco-eu","9":"product_tag-bestill-norco-pa-nett","10":"product_tag-billig-norco-europe","11":"product_tag-effekter-av-norco","12":"product_tag-hvor-kan-du-kjope-norco-europe","13":"product_tag-hvor-kan-du-kjope-norco-pa-nett","14":"product_tag-hvor-mye-er-norco","15":"product_tag-kjop-norco","16":"product_tag-kjop-norco-online-europa","17":"product_tag-kjop-norco-pa-nett","18":"product_tag-norco-beste-pris-europa","19":"product_tag-norco-europe-anmeldelse","20":"product_tag-norco-europe-butikk","21":"product_tag-norco-europe-leverandorer","22":"product_tag-norco-europe-levering","23":"product_tag-norco-europe-rabatt-no","24":"product_tag-norco-europe-salg","25":"product_tag-norco-europe-tilbud","26":"product_tag-norco-gratis-frakt-europa","27":"product_tag-norco-nettbutikk-europa","28":"product_tag-norco-salg-pa-nett","30":"first","31":"instock","32":"shipping-taxable","33":"purchasable","34":"product-type-variable","35":"farmacie-col"},"aioseo_notices":[],"_links":{"self":[{"href":"https:\/\/lacasadelamedicina.es\/no\/wp-json\/wp\/v2\/product\/32765"}],"collection":[{"href":"https:\/\/lacasadelamedicina.es\/no\/wp-json\/wp\/v2\/product"}],"about":[{"href":"https:\/\/lacasadelamedicina.es\/no\/wp-json\/wp\/v2\/types\/product"}],"replies":[{"embeddable":true,"href":"https:\/\/lacasadelamedicina.es\/no\/wp-json\/wp\/v2\/comments?post=32765"}],"wp:featuredmedia":[{"embeddable":true,"href":"https:\/\/lacasadelamedicina.es\/no\/wp-json\/wp\/v2\/media\/19990"}],"wp:attachment":[{"href":"https:\/\/lacasadelamedicina.es\/no\/wp-json\/wp\/v2\/media?parent=32765"}],"wp:term":[{"taxonomy":"product_cat","embeddable":true,"href":"https:\/\/lacasadelamedicina.es\/no\/wp-json\/wp\/v2\/product_cat?post=32765"},{"taxonomy":"product_tag","embeddable":true,"href":"https:\/\/lacasadelamedicina.es\/no\/wp-json\/wp\/v2\/product_tag?post=32765"}],"curies":[{"name":"wp","href":"https:\/\/api.w.org\/{rel}","templated":true}]}}