{"id":32618,"date":"2024-08-11T13:08:06","date_gmt":"2024-08-11T13:08:06","guid":{"rendered":"https:\/\/lacasadelamedicina.es\/product\/kjop-oxycontin-pa-nett\/"},"modified":"2024-08-11T13:08:06","modified_gmt":"2024-08-11T13:08:06","slug":"kjop-oxycontin-pa-nett","status":"publish","type":"product","link":"https:\/\/lacasadelamedicina.es\/no\/produkt\/kjop-oxycontin-pa-nett\/","title":{"rendered":"Kj\u00f8p OxyContin p\u00e5 nett"},"content":{"rendered":"<h1 class=\"product_title entry-title\">Kj\u00f8p OXYCONTIN p\u00e5 nett<\/h1>\n<p><strong>Kj\u00f8p OxyContin Online<\/strong> OxyContin er en kraftig reseptbelagt medisin som brukes til \u00e5 h\u00e5ndtere alvorlig smerte som krever kontinuerlig, langvarig opioidbehandling. Det er foreskrevet n\u00e5r andre smertebehandlingsalternativer, inkludert ikke-opioide smertestillende midler eller opioider med \u00f8yeblikkelig frigj\u00f8ring, har vist seg utilstrekkelige eller ut\u00e5lelige. Oxycodone, tilgjengelig under merkenavn som OxyContin og Roxicodone, er et semisyntetisk opioid som brukes til \u00e5 behandle moderat til alvorlig smerte. Det tas vanligvis oralt og kommer i formuleringer med b\u00e5de umiddelbar frigj\u00f8ring og kontrollert frigj\u00f8ring. Oksykodon med umiddelbar frigj\u00f8ring begynner \u00e5 lindre smerte innen omtrent 15 minutter og varer i opptil seks timer. I Storbritannia er den ogs\u00e5 tilgjengelig som injiserbar. Oksykodon kan kombineres med andre medisiner som acetaminophen, ibuprofen, nalokson, naltrekson og aspirin. Denne medisinen er utviklet for \u00e5 h\u00e5ndtere p\u00e5g\u00e5ende alvorlig smerte, for eksempel smerte relatert til kreft. Oksykodon virker ved \u00e5 endre hvordan hjernen din oppfatter og reagerer p\u00e5 smerte. H\u00f8yere doser (over 40 milligram per tablett) b\u00f8r bare brukes hvis du har v\u00e6rt p\u00e5 et regelmessig regime med opioide smertestillende medisiner p\u00e5 grunn av risikoen for overdose eller d\u00f8d hvis det brukes av noen som ikke er vant til opioider. Oksykodonformen med utvidet frigivelse er ikke beregnet p\u00e5 milde eller kortvarige smerter.           <strong>Vanlige bivirkninger:<\/strong><\/p>\n<ul>\n<li>Eufori<\/li>\n<li>Forstoppelse<\/li>\n<li>Kvalme og oppkast<\/li>\n<li>Tap av matlyst<\/li>\n<li>D\u00f8sighet<\/li>\n<li>Svimmelhet<\/li>\n<li>Kl\u00f8e<\/li>\n<li>T\u00f8rr munn<\/li>\n<li>Svette<\/li>\n<\/ul>\n<p> Potensielle alvorlige bivirkninger inkluderer avhengighet, avhengighet, irritabilitet, depresjon eller mani, delirium, hallusinasjoner, redusert pust, gastroparese, bradykardi og hypotensjon. Personer som er allergiske mot kodein kan ogs\u00e5 reagere p\u00e5 oksykodon. Bruk av oksykodon tidlig i svangerskapet anses generelt som relativt trygt. Rask seponering av oksykodon kan f\u00f8re til abstinenssymptomer. Legemidlet aktiverer \u03bc-opioidreseptoren og er omtrent 1,5 ganger s\u00e5 effektivt som morfin n\u00e5r det tas oralt. OxyContin er tilgjengelig som en tablett med kontrollert frigj\u00f8ring beregnet for administrering hver 12. time. Studier har vist at oksykodon med kontrollert frigj\u00f8ring kan sammenlignes med oksykodon, morfin og hydromorfon med umiddelbar frigj\u00f8ring n\u00e5r det gjelder \u00e5 h\u00e5ndtere moderate til alvorlige kreftsmerter, med f\u00e6rre bivirkninger enn morfin. I 2014 anbefalte European Association for Palliative Care oksykodon som et andrelinjebehandlingsalternativ til morfin mot kreftsmerter.<\/p>\n","protected":false},"excerpt":{"rendered":"<div class=\"flex-shrink-0 flex flex-col relative items-end\">\n<div>\n<div class=\"pt-0\">\n<div class=\"gizmo-bot-avatar flex h-8 w-8 items-center justify-center overflow-hidden rounded-full\">\n<div class=\"relative p-1 rounded-sm flex items-center justify-center bg-token-main-surface-primary text-token-text-primary h-8 w-8\"><strong>Kj\u00f8p OxyContin Online <\/strong>OxyContin er en potent reseptbelagt medisin foreskrevet for \u00e5 h\u00e5ndtere alvorlig smerte som krever kontinuerlig, langvarig opioidbehandling. Den brukes n\u00e5r andre smertebehandlingsalternativer er utilstrekkelige og krever daglig bruk d\u00f8gnet rundt for \u00e5 effektivt kontrollere smerte. <\/div>\n<\/div>\n<\/div>\n<\/div>\n<\/div>\n","protected":false},"featured_media":20080,"comment_status":"open","ping_status":"closed","template":"","meta":{"om_disable_all_campaigns":false,"_sitemap_exclude":false,"_sitemap_priority":"","_sitemap_frequency":"","_monsterinsights_skip_tracking":false,"_monsterinsights_sitenote_active":false,"_monsterinsights_sitenote_note":"","_monsterinsights_sitenote_category":0},"product_cat":[30105],"product_tag":[30661,30672,30669,30660,30703,30658,30665,30659,30666,30668,30671,30663],"class_list":{"0":"post-32618","1":"product","2":"type-product","3":"status-publish","4":"has-post-thumbnail","6":"product_cat-smertestillende","7":"product_tag-bestill-oxycontin-online","8":"product_tag-billig-oxycontin-europe","9":"product_tag-hvor-kan-du-kjope-oxycontin-europe","10":"product_tag-hvor-kan-du-kjope-oxycontin-online","11":"product_tag-kjop-oxycodone-online","12":"product_tag-kjop-oxycontin","13":"product_tag-kjop-oxycontin-online-europa","14":"product_tag-kjop-oxycontin-pa-nett","15":"product_tag-oxycontin-beste-pris-europa","16":"product_tag-oxycontin-gratis-frakt-europa","17":"product_tag-oxycontin-nettbutikk-europa","18":"product_tag-oxycontin-salg-pa-nett","20":"first","21":"instock","22":"shipping-taxable","23":"purchasable","24":"product-type-variable","25":"farmacie-col"},"aioseo_notices":[],"_links":{"self":[{"href":"https:\/\/lacasadelamedicina.es\/no\/wp-json\/wp\/v2\/product\/32618"}],"collection":[{"href":"https:\/\/lacasadelamedicina.es\/no\/wp-json\/wp\/v2\/product"}],"about":[{"href":"https:\/\/lacasadelamedicina.es\/no\/wp-json\/wp\/v2\/types\/product"}],"replies":[{"embeddable":true,"href":"https:\/\/lacasadelamedicina.es\/no\/wp-json\/wp\/v2\/comments?post=32618"}],"wp:featuredmedia":[{"embeddable":true,"href":"https:\/\/lacasadelamedicina.es\/no\/wp-json\/wp\/v2\/media\/20080"}],"wp:attachment":[{"href":"https:\/\/lacasadelamedicina.es\/no\/wp-json\/wp\/v2\/media?parent=32618"}],"wp:term":[{"taxonomy":"product_cat","embeddable":true,"href":"https:\/\/lacasadelamedicina.es\/no\/wp-json\/wp\/v2\/product_cat?post=32618"},{"taxonomy":"product_tag","embeddable":true,"href":"https:\/\/lacasadelamedicina.es\/no\/wp-json\/wp\/v2\/product_tag?post=32618"}],"curies":[{"name":"wp","href":"https:\/\/api.w.org\/{rel}","templated":true}]}}