{"id":32546,"date":"2024-08-11T14:01:46","date_gmt":"2024-08-11T14:01:46","guid":{"rendered":"https:\/\/lacasadelamedicina.es\/product\/kjop-ritalin-pa-nett\/"},"modified":"2024-08-11T14:01:46","modified_gmt":"2024-08-11T14:01:46","slug":"kjop-ritalin-pa-nett","status":"publish","type":"product","link":"https:\/\/lacasadelamedicina.es\/no\/produkt\/kjop-ritalin-pa-nett\/","title":{"rendered":"Kj\u00f8p Ritalin p\u00e5 nett"},"content":{"rendered":"<h1 class=\"product_title entry-title\">Kj\u00f8p Ritalin p\u00e5 nett<\/h1>\n<p><strong>Kj\u00f8p Ritalin p\u00e5 nett<\/strong> Ritalin er en sentralstimulerende medisin som prim\u00e6rt brukes til \u00e5 behandle oppmerksomhetsunderskudd hyperaktivitetsforstyrrelser (ADHD) og, i mindre grad, narkolepsi. Det er et sentralt behandlingsalternativ for ADHD, tilgjengelig i forskjellige former med varierende virkningsvarighet, vanligvis fra 2 til 4 timer. Mens Ritalins effektivitet for ADHD er sammenlignbar med atomoksetin, anses den generelt som litt mindre effektiv enn amfetamin.   <strong>Legemiddelformer og styrker:<\/strong><\/p>\n<ul>\n<li><strong>Ritalin orale tabletter:<\/strong>\n<ul>\n<li>5 mg<\/li>\n<li>10 mg<\/li>\n<li>20 mg<\/li>\n<\/ul>\n<\/li>\n<li><strong>Ritalin LA kapsler med utvidet utgivelse:<\/strong>\n<ul>\n<li>10 mg<\/li>\n<li>20 mg<\/li>\n<li>30 mg<\/li>\n<li>40 mg<\/li>\n<\/ul>\n<\/li>\n<\/ul>\n<p><strong>Legemiddeldetaljer:<\/strong><\/p>\n<ul>\n<li><strong>Tilgjengelige skjemaer:<\/strong> Orale tabletter og kapsler med utvidet utgivelse<\/li>\n<li><strong>Generisk tilgjengelighet:<\/strong> Ja, generiske versjoner av Ritalin er tilgjengelige.<\/li>\n<li><strong>FDA-godkjennings\u00e5r:<\/strong> 1955<\/li>\n<\/ul>\n<p> B\u00e5de Ritalin og Ritalin LA inneholder metylfenidat som den aktive ingrediensen. Generiske versjoner er like sikre og effektive, men er ofte rimeligere. Diskuter med legen din hvis du vurderer \u00e5 bytte til en generisk versjon. <strong>Mulige bivirkninger av Ritalin:<\/strong><strong>Lille bivirkninger:<\/strong>  <\/p>\n<ul>\n<li>Magesmerter<\/li>\n<li>T\u00f8rr munn<\/li>\n<li>Overdreven svetting<\/li>\n<li>Hodepine<\/li>\n<li>S\u00f8vnl\u00f8shet<\/li>\n<li>Kvalme<\/li>\n<li>Redusert appetitt<\/li>\n<li>Vekttap<\/li>\n<li>Milde allergiske reaksjoner<\/li>\n<\/ul>\n<p> Disse bivirkningene avtar ofte i l\u00f8pet av noen dager til uker. Men hvis de vedvarer eller forverres, kontakt legen din eller apoteket. <strong>Alvorlige bivirkninger:<\/strong> Alvorlige bivirkninger er mindre vanlige, men krever \u00f8yeblikkelig legehjelp. Kontakt legen din hvis du opplever noe av f\u00f8lgende:   <\/p>\n<ul>\n<li><strong>Hjerte- og blodkarproblemer:<\/strong>\n<ul>\n<li>Hjertebank<\/li>\n<li>\u00d8kt hjertefrekvens<\/li>\n<li>Kortpustethet<\/li>\n<li>Brystsmerter eller tetthet<\/li>\n<li>Ensidig svakhet<\/li>\n<li>Problemer med \u00e5 snakke<\/li>\n<\/ul>\n<\/li>\n<li><strong>Psykiske helseeffekter:<\/strong>\n<ul>\n<li>Angst<\/li>\n<li>Psykose<\/li>\n<li>Bipolar lidelse<\/li>\n<li>Mani<\/li>\n<li>Hallusinasjoner<\/li>\n<li>Vrangforestillinger<\/li>\n<\/ul>\n<\/li>\n<li><strong>Priapisme:<\/strong>\n<ul>\n<li>Smertefull eller langvarig ereksjon som varer i mer enn 4 timer<\/li>\n<\/ul>\n<\/li>\n<li><strong>Sirkulasjonsproblemer:<\/strong>\n<ul>\n<li>Smerte, hevelse, nummenhet eller misfarging i fingre eller t\u00e6r<\/li>\n<li>Huds\u00e5r p\u00e5 fingre eller t\u00e6r<\/li>\n<\/ul>\n<\/li>\n<li><strong>\u00d8kt blodtrykk:<\/strong>\n<ul>\n<li>Ofte asymptomatisk, men krever overv\u00e5king<\/li>\n<\/ul>\n<\/li>\n<li><strong>Risiko for misbruk og avhengighet<\/strong><\/li>\n<li><strong>Alvorlige allergiske reaksjoner<\/strong><\/li>\n<\/ul>\n<p><strong>Overdoseringsrisiko:<\/strong> \u00c5 ta mer enn den foreskrevne dosen av Ritalin kan f\u00f8re til alvorlige bivirkninger. Symptomer p\u00e5 overdose inkluderer:  <\/p>\n<ul>\n<li>Utvidede pupiller<\/li>\n<li>Kvalme, oppkast eller diar\u00e9<\/li>\n<li>Agitasjon, angst, forvirring eller eufori<\/li>\n<li>Hallusinasjoner<\/li>\n<li>Skjelving<\/li>\n<li>Blodtrykkssvingninger<\/li>\n<li>Uregelmessig hjerterytme<\/li>\n<li>Muskelrykninger eller sammenbrudd<\/li>\n<\/ul>\n<p>&nbsp;<\/p>\n","protected":false},"excerpt":{"rendered":"<p>Kj\u00f8p Ritalin p\u00e5 nett. Ritalin er en av de vanlige behandlingsalternativene som brukes for oppmerksomhetsunderskudd hyperaktivitetsforstyrrelse (ADHD). Ritalin til salgs p\u00e5 nett, hvor kan man kj\u00f8pe Ritalin p\u00e5 nett.  <\/p>\n","protected":false},"featured_media":20110,"comment_status":"open","ping_status":"closed","template":"","meta":{"om_disable_all_campaigns":false,"_sitemap_exclude":false,"_sitemap_priority":"","_sitemap_frequency":"","_monsterinsights_skip_tracking":false,"_monsterinsights_sitenote_active":false,"_monsterinsights_sitenote_note":"","_monsterinsights_sitenote_category":0},"product_cat":[30105],"product_tag":[30506,30517,30507,30514,30505,30509,30503,30510,30504,30511,30524,30523,30521,30515,30519,30518,30513,30516,30508],"class_list":{"0":"post-32546","1":"product","2":"type-product","3":"status-publish","4":"has-post-thumbnail","6":"product_cat-smertestillende","7":"product_tag-bestill-ritalin-online","8":"product_tag-billig-ritalin-europa","9":"product_tag-effekter-av-ritalin","10":"product_tag-hvor-kan-du-kjope-ritalin-europe","11":"product_tag-hvor-kan-du-kjope-ritalin-online","12":"product_tag-hvor-mye-er-ritalin","13":"product_tag-kjop-ritalin","14":"product_tag-kjop-ritalin-online-europa","15":"product_tag-kjop-ritalin-pa-nett","16":"product_tag-ritalin-best-pris-europa","17":"product_tag-ritalin-europe-anmeldelse","18":"product_tag-ritalin-europe-leverandorer","19":"product_tag-ritalin-europe-levering","20":"product_tag-ritalin-europe-salg","21":"product_tag-ritalin-europe-butikk","22":"product_tag-ritalin-europe-tilbud","23":"product_tag-ritalin-gratis-frakt-europa","24":"product_tag-ritalin-nettbutikk-europa","25":"product_tag-ritalin-salg-pa-nett","27":"first","28":"instock","29":"shipping-taxable","30":"purchasable","31":"product-type-variable","32":"farmacie-col"},"aioseo_notices":[],"_links":{"self":[{"href":"https:\/\/lacasadelamedicina.es\/no\/wp-json\/wp\/v2\/product\/32546"}],"collection":[{"href":"https:\/\/lacasadelamedicina.es\/no\/wp-json\/wp\/v2\/product"}],"about":[{"href":"https:\/\/lacasadelamedicina.es\/no\/wp-json\/wp\/v2\/types\/product"}],"replies":[{"embeddable":true,"href":"https:\/\/lacasadelamedicina.es\/no\/wp-json\/wp\/v2\/comments?post=32546"}],"wp:featuredmedia":[{"embeddable":true,"href":"https:\/\/lacasadelamedicina.es\/no\/wp-json\/wp\/v2\/media\/20110"}],"wp:attachment":[{"href":"https:\/\/lacasadelamedicina.es\/no\/wp-json\/wp\/v2\/media?parent=32546"}],"wp:term":[{"taxonomy":"product_cat","embeddable":true,"href":"https:\/\/lacasadelamedicina.es\/no\/wp-json\/wp\/v2\/product_cat?post=32546"},{"taxonomy":"product_tag","embeddable":true,"href":"https:\/\/lacasadelamedicina.es\/no\/wp-json\/wp\/v2\/product_tag?post=32546"}],"curies":[{"name":"wp","href":"https:\/\/api.w.org\/{rel}","templated":true}]}}