{"id":32502,"date":"2024-08-11T14:20:08","date_gmt":"2024-08-11T14:20:08","guid":{"rendered":"https:\/\/lacasadelamedicina.es\/product\/kjop-roxicodone-online\/"},"modified":"2024-08-11T14:20:08","modified_gmt":"2024-08-11T14:20:08","slug":"kjop-roxicodone-online","status":"publish","type":"product","link":"https:\/\/lacasadelamedicina.es\/no\/produkt\/kjop-roxicodone-online\/","title":{"rendered":"Kj\u00f8p Roxicodone online"},"content":{"rendered":"<h1 class=\"product_title entry-title\">Kj\u00f8p Roxicodone online<\/h1>\n<p> Roksikodon er en potent reseptbelagt medisin som brukes til \u00e5 h\u00e5ndtere alvorlig smerte n\u00e5r andre behandlinger, for eksempel ikke-opioide smertestillende midler, er ineffektive eller ut\u00e5lelige. Denne opioidmedisinen har en risiko for overdose og d\u00f8d, og til og med riktig bruk i henhold til resepten kan f\u00f8re til avhengighet, misbruk og misbruk. <strong>Viktig informasjon f\u00f8r du tar roksikodon:<\/strong> Ikke bruk roksikodon hvis du:  <\/p>\n<ul>\n<li>Er allergisk mot oksykodon.<\/li>\n<li>Har alvorlig astma eller pusteproblemer.<\/li>\n<li>Har en blokkering i magen eller tarmen.<\/li>\n<li>Er ikke allerede tolerante for en lignende opioidmedisin.<\/li>\n<\/ul>\n<p> Roksikodon er generelt ikke godkjent for bruk hos personer under 18 \u00e5r. For \u00e5 sikre at Roxicodone er trygt for deg, informer legen din dersom du har:  <\/p>\n<ul>\n<li>Pusteproblemer eller s\u00f8vnapn\u00e9.<\/li>\n<li>En historie med hodeskader eller anfall.<\/li>\n<li>Narkotika- eller alkoholavhengighet eller psykiske lidelser.<\/li>\n<li>Lever- eller nyresykdom.<\/li>\n<li>Vannlatingsproblemer.<\/li>\n<li>Problemer med gallebl\u00e6ren, bukspyttkjertelen eller skjoldbruskkjertelen.<\/li>\n<\/ul>\n<p> Hvis det brukes under graviditet, kan Roxikodon for\u00e5rsake avhengighet hos babyen, noe som kan f\u00f8re til potensielt livstruende abstinenssymptomer som kan kreve medisinsk behandling i flere uker. <strong>Bivirkninger av roksikodon:<\/strong> S\u00f8k akutt medisinsk hjelp hvis du opplever tegn p\u00e5 en allergisk reaksjon, inkludert: <\/p>\n<ul>\n<li>Elveblest<\/li>\n<li>Pustevansker<\/li>\n<li>Hevelse i ansikt, lepper, tunge eller svelg<\/li>\n<\/ul>\n<p> Roksikodon kan bremse eller slutte \u00e5 puste, noe som kan v\u00e6re d\u00f8delig. S\u00f8rg for at noen rundt deg er forberedt p\u00e5 \u00e5 administrere nalokson og opps\u00f8k \u00f8yeblikkelig legehjelp hvis du opplever langsom pust, bl\u00e5lige lepper eller problemer med \u00e5 v\u00e5kne. Kontakt legen din umiddelbart hvis du har:   <\/p>\n<ul>\n<li>St\u00f8yende eller grunt pust, eller pusteavbrudd under s\u00f8vn<\/li>\n<li>Langsom puls eller svak puls<\/li>\n<li>Lys i hodet eller besvimelse<\/li>\n<li>Forvirring eller uvanlig oppf\u00f8rsel<\/li>\n<li>Anfall<\/li>\n<li>Lave kortisolniv\u00e5er, for\u00e5rsaker symptomer som kvalme, oppkast, tap av matlyst, svimmelhet og ekstrem tretthet<\/li>\n<li>H\u00f8ye serotoninniv\u00e5er, indikert av agitasjon, hallusinasjoner, feber, svetting, skjelving, rask hjertefrekvens, muskelstivhet, rykninger, tap av koordinasjon, kvalme, oppkast eller diar\u00e9<\/li>\n<\/ul>\n<p> Alvorlige pusteproblemer er mer vanlig hos eldre voksne og de med kroniske pusteforstyrrelser eller alvorlige helsetilstander. <strong>Vanlige bivirkninger:<\/strong><\/p>\n<ul>\n<li>D\u00f8sighet<\/li>\n<li>Hodepine<\/li>\n<li>Svimmelhet<\/li>\n<li>Tretthet<\/li>\n<li>Forstoppelse<\/li>\n<li>Magesmerter<\/li>\n<li>Kvalme<\/li>\n<li>Oppkast<\/li>\n<\/ul>\n<p><strong>Roksikodonemballasje og lagring:<\/strong> Roksikodon er tilgjengelig i: <\/p>\n<ul>\n<li><strong>15 mg gr\u00f8nne tabletter<\/strong>: Sk\u00e5ret og preget med &laquo;54 710&raquo;\n<ul>\n<li>NDC 23635-581-10: Flasker med 100 tabletter<\/li>\n<\/ul>\n<\/li>\n<li><strong>30 mg bl\u00e5 tabletter<\/strong>: Sk\u00e5ret og preget med &laquo;54 199&raquo;\n<ul>\n<li>NDC 23635-582-10: Flasker med 100 tabletter<\/li>\n<\/ul>\n<\/li>\n<\/ul>\n<p> Oppbevar Roxikodon i en tett, lysbestandig beholder. Beskytt mot fuktighet og oppbevar ved 25\u00b0C (77\u00b0F), med tillatte bevegelser mellom 15\u00b0 og 30\u00b0C (59\u00b0 til 86\u00b0F). Oppbevar og kast Roxicodone p\u00e5 en sikker m\u00e5te for \u00e5 forhindre misbruk.   &nbsp;<\/p>\n","protected":false},"excerpt":{"rendered":"<p>Kj\u00f8p Roxicodone online. Roksikodon er et sterkt reseptbelagt smertestillende legemiddel som inneholder et opioid som brukes til \u00e5 h\u00e5ndtere alvorlig smerte. hvor kan man kj\u00f8pe Roxicodone online, Roxicodone for salg p\u00e5 nettet. Avtrykk: &laquo;A&raquo; &laquo;215&raquo; og &laquo;V&raquo; &laquo;4812&raquo; Form\/farge: Bl\u00e5 runde tabletter   <\/p>\n","protected":false},"featured_media":20125,"comment_status":"open","ping_status":"closed","template":"","meta":{"om_disable_all_campaigns":false,"_sitemap_exclude":false,"_sitemap_priority":"","_sitemap_frequency":"","_monsterinsights_skip_tracking":false,"_monsterinsights_sitenote_active":false,"_monsterinsights_sitenote_note":"","_monsterinsights_sitenote_category":0},"product_cat":[30105],"product_tag":[30374,30385,30703,30371,30372,30378,30376,30381,30391,30388,30383],"class_list":{"0":"post-32502","1":"product","2":"type-product","3":"status-publish","4":"has-post-thumbnail","6":"product_cat-smertestillende","7":"product_tag-bestill-roxicodone-online","8":"product_tag-billig-roxicodone-europe","9":"product_tag-kjop-oxycodone-online","10":"product_tag-kjop-roxicodone","11":"product_tag-kjop-roxicodone-online","12":"product_tag-kjop-roxicodone-online-europa","13":"product_tag-roksikodon-salg-pa-nett","14":"product_tag-roxicodon-gratis-frakt-europa","15":"product_tag-roxicodone-europe-leverandorer","16":"product_tag-roxicodone-europe-rabatt-no","17":"product_tag-roxicodone-europe-salg","19":"first","20":"instock","21":"shipping-taxable","22":"purchasable","23":"product-type-variable","24":"farmacie-col"},"aioseo_notices":[],"_links":{"self":[{"href":"https:\/\/lacasadelamedicina.es\/no\/wp-json\/wp\/v2\/product\/32502"}],"collection":[{"href":"https:\/\/lacasadelamedicina.es\/no\/wp-json\/wp\/v2\/product"}],"about":[{"href":"https:\/\/lacasadelamedicina.es\/no\/wp-json\/wp\/v2\/types\/product"}],"replies":[{"embeddable":true,"href":"https:\/\/lacasadelamedicina.es\/no\/wp-json\/wp\/v2\/comments?post=32502"}],"wp:featuredmedia":[{"embeddable":true,"href":"https:\/\/lacasadelamedicina.es\/no\/wp-json\/wp\/v2\/media\/20125"}],"wp:attachment":[{"href":"https:\/\/lacasadelamedicina.es\/no\/wp-json\/wp\/v2\/media?parent=32502"}],"wp:term":[{"taxonomy":"product_cat","embeddable":true,"href":"https:\/\/lacasadelamedicina.es\/no\/wp-json\/wp\/v2\/product_cat?post=32502"},{"taxonomy":"product_tag","embeddable":true,"href":"https:\/\/lacasadelamedicina.es\/no\/wp-json\/wp\/v2\/product_tag?post=32502"}],"curies":[{"name":"wp","href":"https:\/\/api.w.org\/{rel}","templated":true}]}}