{"id":32483,"date":"2024-08-11T14:27:21","date_gmt":"2024-08-11T14:27:21","guid":{"rendered":"https:\/\/lacasadelamedicina.es\/product\/kjop-suboxone-pa-nett\/"},"modified":"2024-08-11T14:27:21","modified_gmt":"2024-08-11T14:27:21","slug":"kjop-suboxone-pa-nett","status":"publish","type":"product","link":"https:\/\/lacasadelamedicina.es\/no\/produkt\/kjop-suboxone-pa-nett\/","title":{"rendered":"Kj\u00f8p Suboxone p\u00e5 nett"},"content":{"rendered":"<h1 class=\"product_title entry-title\">Kj\u00f8p Suboxone p\u00e5 nett<\/h1>\n<p> Suboxone er en reseptbelagt medisin som brukes til \u00e5 behandle opioidbruksforstyrrelse (OUD). Den kombinerer to aktive ingredienser: buprenorfin og nalokson. Denne medisinen reduserer risikoen for overdosering av opioider som heroin eller fentanyl betydelig, og reduserer d\u00f8deligheten med opptil 50 %. Suboxone hjelper til med \u00e5 h\u00e5ndtere opioidabstinenssymptomer og st\u00f8tter langsiktige restitusjonsm\u00e5l ved \u00e5 redusere trangen og risikoen for tilbakefall.    <strong>Slik fungerer Suboxone:<\/strong><\/p>\n<ul>\n<li><strong>Buprenorfin<\/strong>: Buprenorfin er en delvis opioidagonist som hjelper til med \u00e5 lindre abstinenssymptomer ved \u00e5 delvis stimulere opioidreseptorer i hjernen. Dette hjelper med \u00e5 h\u00e5ndtere cravings og letter overgangen bort fra opioidavhengighet n\u00e5r det brukes under medisinsk tilsyn. <\/li>\n<li><strong>Naloxone<\/strong>: En opioidantagonist, nalokson er inkludert for \u00e5 forhindre misbruk av medisinen. Det reverserer effekten av opioider og kan indusere abstinenssymptomer hvis Suboxone blir misbrukt, noe som gj\u00f8r det til et tryggere alternativ for langtidsbehandling. <\/li>\n<\/ul>\n<p><strong>Fordeler med Suboxone:<\/strong> Suboxone har blitt en foretrukket medisin for behandling av OUD p\u00e5 grunn av dens sikkerhetsprofil og effektivitet. I motsetning til metadon, en annen behandling for OUD, er Suboxone mindre sannsynlighet for \u00e5 v\u00e6re vanedannende og kan foreskrives av en prim\u00e6rlege, i motsetning til metadon som vanligvis krever behandling i et spesialisert senter. <strong>Resept og bruk:<\/strong> Suboxone kan foreskrives i begynnelsen av behandlingen eller under langvarig restitusjon. Det er avgj\u00f8rende \u00e5 diskutere med helsepersonell den beste behandlingsplanen som er skreddersydd for dine behov. Omfattende behandling inkluderer ofte atferdshelsest\u00f8tte ved siden av medikamentassistert terapi (MAT). <strong>Suboxone-bivirkninger:<\/strong><strong>Alvorlige bivirkninger:<\/strong>   <\/p>\n<ul>\n<li><strong>Allergiske reaksjoner<\/strong>: Elveblest, pustevansker, hevelse i ansikt, lepper, tunge eller svelg.<\/li>\n<li><strong>Pusteproblemer<\/strong>: Sakte eller stoppet pust, spesielt med lange pauser, bl\u00e5 lepper eller problemer med \u00e5 v\u00e5kne.<\/li>\n<li><strong>Leverproblemer<\/strong>: Smerter i \u00f8vre del av magen, tap av matlyst, m\u00f8rk urin, leirefarget avf\u00f8ring, gulsott.<\/li>\n<li><strong>H\u00f8ye serotoninniv\u00e5er<\/strong>: Agitasjon, hallusinasjoner, feber, svette, skjelvinger, rask hjertefrekvens, muskelstivhet, kvalme, oppkast, diar\u00e9.<\/li>\n<li><strong>Lavt kortisolniv\u00e5<\/strong>: Kvalme, oppkast, tap av matlyst, svimmelhet, alvorlig svakhet.<\/li>\n<li><strong>Borttrekkssymptomer<\/strong>: Skjelving, svette, rennende nese, rennende \u00f8yne, muskelsmerter.<\/li>\n<\/ul>\n<p><strong>Vanlige bivirkninger:<\/strong><\/p>\n<ul>\n<li>Svimmelhet, d\u00f8sighet, t\u00e5kesyn, konsentrasjonsvansker.<\/li>\n<li>Abstinenssymptomer, tungesmerter, kvalme, oppkast, forstoppelse.<\/li>\n<li>Hodepine, ryggsmerter, \u00f8kt svette, s\u00f8vnproblemer.<\/li>\n<\/ul>\n<p><strong>Forskjellen mellom Subutex og Suboxone:<\/strong> Den prim\u00e6re forskjellen er at Suboxone inneholder b\u00e5de buprenorfin og nalokson, mens Subutex bare inneholder buprenorfin. Subutex var den opprinnelige formuleringen og ble funnet \u00e5 v\u00e6re effektiv, men hadde et h\u00f8yere potensial for misbruk. Suboxone ble utviklet for \u00e5 l\u00f8se dette problemet ved \u00e5 inkludere nalokson, som blokkerer effekten av opioider p\u00e5 reseptorsteder. Injeksjon av Suboxone kan f\u00f8re til rask abstinens, noe som hindrer misbruk.<\/p>\n","protected":false},"excerpt":{"rendered":"<p>Kj\u00f8p Suboxone p\u00e5 nett. Suboxone er en fast dose kombinasjonsmedisin som inkluderer buprenorfin og nalokson. Suboxone til salgs p\u00e5 nett  <\/p>\n","protected":false},"featured_media":20140,"comment_status":"open","ping_status":"closed","template":"","meta":{"om_disable_all_campaigns":false,"_sitemap_exclude":false,"_sitemap_priority":"","_sitemap_frequency":"","_monsterinsights_skip_tracking":false,"_monsterinsights_sitenote_active":false,"_monsterinsights_sitenote_note":"","_monsterinsights_sitenote_category":0},"product_cat":[30105],"product_tag":[30308,30319,30309,30311,30305,30312,30306],"class_list":{"0":"post-32483","1":"product","2":"type-product","3":"status-publish","4":"has-post-thumbnail","6":"product_cat-smertestillende","7":"product_tag-bestill-suboxone-online","8":"product_tag-billig-suboxone-europe","9":"product_tag-effekter-av-suboxone","10":"product_tag-hvor-mye-koster-suboxone","11":"product_tag-kjop-suboxone","12":"product_tag-kjop-suboxone-online-europa","13":"product_tag-kjop-suboxone-pa-nett","15":"first","16":"instock","17":"shipping-taxable","18":"purchasable","19":"product-type-variable","20":"farmacie-col"},"aioseo_notices":[],"_links":{"self":[{"href":"https:\/\/lacasadelamedicina.es\/no\/wp-json\/wp\/v2\/product\/32483"}],"collection":[{"href":"https:\/\/lacasadelamedicina.es\/no\/wp-json\/wp\/v2\/product"}],"about":[{"href":"https:\/\/lacasadelamedicina.es\/no\/wp-json\/wp\/v2\/types\/product"}],"replies":[{"embeddable":true,"href":"https:\/\/lacasadelamedicina.es\/no\/wp-json\/wp\/v2\/comments?post=32483"}],"wp:featuredmedia":[{"embeddable":true,"href":"https:\/\/lacasadelamedicina.es\/no\/wp-json\/wp\/v2\/media\/20140"}],"wp:attachment":[{"href":"https:\/\/lacasadelamedicina.es\/no\/wp-json\/wp\/v2\/media?parent=32483"}],"wp:term":[{"taxonomy":"product_cat","embeddable":true,"href":"https:\/\/lacasadelamedicina.es\/no\/wp-json\/wp\/v2\/product_cat?post=32483"},{"taxonomy":"product_tag","embeddable":true,"href":"https:\/\/lacasadelamedicina.es\/no\/wp-json\/wp\/v2\/product_tag?post=32483"}],"curies":[{"name":"wp","href":"https:\/\/api.w.org\/{rel}","templated":true}]}}