{"id":32445,"date":"2024-08-11T14:53:54","date_gmt":"2024-08-11T14:53:54","guid":{"rendered":"https:\/\/lacasadelamedicina.es\/product\/kjop-vicodin-pa-nett\/"},"modified":"2024-08-11T14:53:54","modified_gmt":"2024-08-11T14:53:54","slug":"kjop-vicodin-pa-nett","status":"publish","type":"product","link":"https:\/\/lacasadelamedicina.es\/no\/produkt\/kjop-vicodin-pa-nett\/","title":{"rendered":"Kj\u00f8p Vicodin p\u00e5 nett"},"content":{"rendered":"<h1 class=\"product_title entry-title\">Kj\u00f8p Vicodin p\u00e5 nett<\/h1>\n<p> Vicodin er en reseptbelagt medisin som kombinerer to aktive ingredienser: <\/p>\n<ol>\n<li><strong>Hydrokodon:<\/strong> Et opioid (narkotisk) smertestillende middel.<\/li>\n<li><strong>Acetaminophen:<\/strong> Et ikke-narkotisk smertestillende middel og febernedsettende middel.<\/li>\n<\/ol>\n<p><strong>Bruker:<\/strong><\/p>\n<ul>\n<li>Vicodin brukes til \u00e5 behandle moderat til moderat alvorlig smerte. Det er vanligvis foreskrevet n\u00e5r smertelindring ikke kan oppn\u00e5s med ikke-opioide medisiner alene. <\/li>\n<\/ul>\n<p><strong>Doseringsretningslinjer:<\/strong> Den maksimale daglige dosen av Vicodin avhenger av formuleringen: <\/p>\n<ul>\n<li><strong>Vicodin 5 mg\/300 mg<\/strong>: Ta 1 til 2 tabletter hver 4. til 6. time etter behov, ikke overstige 8 tabletter i l\u00f8pet av 24 timer.<\/li>\n<li><strong>Vicodin 7,5 mg\/300 mg<\/strong>: Ta 1 tablett hver 4. til 6. time etter behov, ikke overskrid 6 tabletter i l\u00f8pet av 24 timer.<\/li>\n<li><strong>Vicodin 10 mg\/300 mg<\/strong>: Ta 1 tablett hver 4. til 6. time etter behov, ikke overskrid 6 tabletter i l\u00f8pet av 24 timer.<\/li>\n<\/ul>\n<p><strong>Viktige hensyn:<\/strong><\/p>\n<ul>\n<li><strong>Acetaminophen-grense:<\/strong> De fleste voksne kan trygt ta opptil 4000 mg acetaminophen per dag, men denne grensen inkluderer alle kilder til acetaminophen, for eksempel andre over- -mot medisiner.<\/li>\n<li><strong>Unng\u00e5 \u00e5 overskride doser:<\/strong> V\u00e6r forsiktig med den totale mengden acetaminophen for \u00e5 forhindre leverskade.<\/li>\n<\/ul>\n<p><strong>Bivirkninger:<\/strong><strong>Vanlige bivirkninger:<\/strong><\/p>\n<ul>\n<li>Stivhet<\/li>\n<li>Svimmelhet<\/li>\n<li>Kvalme<\/li>\n<li>Oppkast<\/li>\n<li>Oppr\u00f8rt mage<\/li>\n<li>D\u00f8sighet<\/li>\n<li>Forstoppelse<\/li>\n<li>Hodepine<\/li>\n<li>Stemningsendringer<\/li>\n<li>Uklart syn<\/li>\n<li>Ringer i \u00f8rene<\/li>\n<li>T\u00f8rr munn<\/li>\n<li>Vansker med vannlating<\/li>\n<\/ul>\n<p><strong>Alvorlige bivirkninger:<\/strong><\/p>\n<ul>\n<li>Grunn eller langsom pust<\/li>\n<li>Forvirring, uvanlige tanker eller oppf\u00f8rsel<\/li>\n<li>Anfall<\/li>\n<li>Smerter i \u00f8vre del av magen<\/li>\n<li>Kl\u00f8e<\/li>\n<li>Tap av matlyst<\/li>\n<li>M\u00f8rk urin<\/li>\n<li>Leirefarget avf\u00f8ring<\/li>\n<li>Gulfarging av hud eller \u00f8yne<\/li>\n<\/ul>\n<p><strong>S\u00f8k \u00f8yeblikkelig medisinsk hjelp hvis:<\/strong><\/p>\n<ul>\n<li>Du opplever symptomer som alvorlige synsforandringer, hjertebank eller alvorlig hodepine.<\/li>\n<li>Du har symptomer p\u00e5 en alvorlig allergisk reaksjon, som elveblest, hevelse i ansiktet eller halsen eller pustevansker.<\/li>\n<\/ul>\n<p><strong>Sammenligning med Percocet:<\/strong><\/p>\n<ul>\n<li><strong>Effektivitet:<\/strong> Studier har vist at Vicodin og Percocet (som inneholder oksykodon) er like effektive for kortsiktig smertebehandling og akutte smerter fra brudd.<\/li>\n<li><strong>Potens:<\/strong> Oksykodon (Percocet) er omtrent 1,5 ganger kraftigere enn hydrokodon (Vicodin) n\u00e5r det tas i like doser.<\/li>\n<\/ul>\n<p><strong>Sikkerhet og forholdsregler:<\/strong><\/p>\n<ul>\n<li><strong>Vanedannende:<\/strong> Vicodin kan v\u00e6re vanedannende og kan f\u00f8re til avhengighet eller avhengighet. Bruk den n\u00f8yaktig som foreskrevet. <\/li>\n<li><strong>Overdoseringsrisiko:<\/strong> \u00c5 ta for mye Vicodin eller kombinere det med andre depressiva (som alkohol) kan f\u00f8re til alvorlige helsekomplikasjoner, inkludert overdose og d\u00f8d.<\/li>\n<li><strong>Konsultasjon:<\/strong> Diskuter eventuelle bekymringer eller bivirkninger med helsepersonell og informer dem om andre medisiner eller helsetilstander.<\/li>\n<\/ul>\n<p><strong>Juridisk informasjon og kj\u00f8psinformasjon:<\/strong><\/p>\n<ul>\n<li><strong>Reseptkrav:<\/strong> Vicodin er kun tilgjengelig med resept. Det er viktig \u00e5 f\u00e5 det gjennom et lisensiert apotek og ikke gjennom uautoriserte nettkilder. <\/li>\n<li><strong>Kj\u00f8p:<\/strong> For sikkerhets skyld, skaff alltid Vicodin gjennom legitime kanaler og f\u00f8lg de foreskrevne doseringsretningslinjene n\u00f8ye.<\/li>\n<\/ul>\n","protected":false},"excerpt":{"rendered":"<p>Kj\u00f8p Vicodin p\u00e5 nett. Vicodin er en kombinasjon av det narkotiske hydrokodonet og ikke-narkotiske smertestillende paracetamol som brukes til lindring av moderat til moderat alvorlig smerte. <\/p>\n","protected":false},"featured_media":20185,"comment_status":"open","ping_status":"closed","template":"","meta":{"om_disable_all_campaigns":false,"_sitemap_exclude":false,"_sitemap_priority":"","_sitemap_frequency":"","_monsterinsights_skip_tracking":false,"_monsterinsights_sitenote_active":false,"_monsterinsights_sitenote_note":"","_monsterinsights_sitenote_category":0},"product_cat":[30105],"product_tag":[30204,30198,30199,30206,30197,30201,31055,30195,30202,30196,30203,30216,30211,30215,30213,30212,30207,30210,30205,30208,30200],"class_list":{"0":"post-32445","1":"product","2":"type-product","3":"status-publish","4":"has-post-thumbnail","6":"product_cat-smertestillende","7":"product_tag-bestill-vicodin-eu","8":"product_tag-bestill-vicodin-pa-nett","9":"product_tag-effekter-av-vicodin","10":"product_tag-hvor-kan-du-kjope-vicodin-europe","11":"product_tag-hvor-kan-du-kjope-vicodin-online","12":"product_tag-hvor-mye-er-vicodin","13":"product_tag-kjop-hydrocodone-online","14":"product_tag-kjop-vicodin","15":"product_tag-kjop-vicodin-online-europa","16":"product_tag-kjop-vicodin-pa-nett","17":"product_tag-vicodin-beste-pris-europa","18":"product_tag-vicodin-europe-anmeldelse","19":"product_tag-vicodin-europe-butikk","20":"product_tag-vicodin-europe-leverandorer","21":"product_tag-vicodin-europe-levering","22":"product_tag-vicodin-europe-rabatt-no","23":"product_tag-vicodin-europe-salg","24":"product_tag-vicodin-europe-tilbud","25":"product_tag-vicodin-gratis-frakt-europa","26":"product_tag-vicodin-nettbutikk-europa","27":"product_tag-vicodin-salg-pa-nett","29":"first","30":"instock","31":"shipping-taxable","32":"purchasable","33":"product-type-variable","34":"farmacie-col"},"aioseo_notices":[],"_links":{"self":[{"href":"https:\/\/lacasadelamedicina.es\/no\/wp-json\/wp\/v2\/product\/32445"}],"collection":[{"href":"https:\/\/lacasadelamedicina.es\/no\/wp-json\/wp\/v2\/product"}],"about":[{"href":"https:\/\/lacasadelamedicina.es\/no\/wp-json\/wp\/v2\/types\/product"}],"replies":[{"embeddable":true,"href":"https:\/\/lacasadelamedicina.es\/no\/wp-json\/wp\/v2\/comments?post=32445"}],"wp:featuredmedia":[{"embeddable":true,"href":"https:\/\/lacasadelamedicina.es\/no\/wp-json\/wp\/v2\/media\/20185"}],"wp:attachment":[{"href":"https:\/\/lacasadelamedicina.es\/no\/wp-json\/wp\/v2\/media?parent=32445"}],"wp:term":[{"taxonomy":"product_cat","embeddable":true,"href":"https:\/\/lacasadelamedicina.es\/no\/wp-json\/wp\/v2\/product_cat?post=32445"},{"taxonomy":"product_tag","embeddable":true,"href":"https:\/\/lacasadelamedicina.es\/no\/wp-json\/wp\/v2\/product_tag?post=32445"}],"curies":[{"name":"wp","href":"https:\/\/api.w.org\/{rel}","templated":true}]}}