{"id":35044,"date":"2024-08-09T14:02:09","date_gmt":"2024-08-09T14:02:09","guid":{"rendered":"https:\/\/lacasadelamedicina.es\/product\/koop-cocaine-van-visschubben-online\/"},"modified":"2024-08-09T14:02:09","modified_gmt":"2024-08-09T14:02:09","slug":"koop-cocaine-van-visschubben-online","status":"publish","type":"product","link":"https:\/\/lacasadelamedicina.es\/nl\/product\/koop-cocaine-van-visschubben-online\/","title":{"rendered":"Koop coca\u00efne van visschubben online"},"content":{"rendered":"<h3>Koop Fish Scale Coca\u00efne online.<\/h3>\n<p> Een van de puurste vormen van coca\u00efne die vandaag de dag verkrijgbaar is, is fish scale coca\u00efne, die steeds populairder wordt bij gebruikers die op zoek zijn naar een hoogwaardige substantie. Conventionele vormen van coca\u00efne zijn minder krachtig dan fish scale coca\u00efne, die soms wordt gemengd met andere narcotica om het sterker te maken. Zoek niet verder dan Dr. Lawsons Pharmacy als u fish scale coca\u00efne online wilt kopen voor de laagste prijs. Koop Fish Scale Coca\u00efne Online &#8211;    <a href=\"https:\/\/drlawsonspharmacy\/contact-us\/\">CONTACT<\/a><\/p>\n<h3>Hoe wordt visschubbencoca\u00efne gemaakt?<\/h3>\n<p> Probeer Fish Scale Cocaine te koop als u op zoek bent naar een nieuwe manier om high te worden. Het is parelwit van kleur en is een coca\u00efne met een hoge intensiteit. De term &#8220;fish scale coca\u00efne&#8221; verwijst naar het kenmerkende uiterlijk. Fish scale coca\u00efne wordt gemaakt door zuiveringszout of een actief plaatselijk verdovingsmiddel te mengen met puur coca\u00efnepoeder om een \u200b\u200bbasis te cre\u00ebren die wordt verhit tot het vloeibaar wordt, vervolgens wordt gezeefd, gegoten en afgekoeld. Deze vormen produceren een stopverfachtige massa die, zodra deze is afgekoeld, wordt opgebroken in even grote &#8220;fish scales&#8221; van het coca\u00efnebevattende product. Dit cre\u00ebert een aanzienlijke markt voor personen die het als recreatieve drug willen gebruiken. Deze stukken kunnen vervolgens verder worden verwerkt tot poeder of als zodanig worden verkocht. U kunt fish scale coca\u00efne online kopen, zowel in bulk als per gram bij Dr Lawsons Pharmacy.        <\/p>\n<h3>Voordelen en bijwerkingen van visschubbencoca\u00efne<\/h3>\n<p> De beste optie voor coca\u00efne die zowel krachtig als verslavend is, is fish scale coca\u00efne. Fish scale coca\u00efne verschilt op veel manieren van andere soorten coca\u00efne, waaronder de intensiteit van de pieken en dalen. U kunt er zeker van zijn dat u de best mogelijke ervaring krijgt, omdat fish scale coca\u00efne ook in hoge kwaliteit verkrijgbaar is. Het is ideaal voor gebruik in korte uitbarstingen of wanneer u geen tijd hebt voor een volledige dosis, omdat het ongeveer twee uur aanhoudt als het wordt ingenomen. Fish scale coca\u00efne is gewoon een andere vorm van de stof die mensen graag gebruiken; het heeft geen negatieve juridische of gezondheidseffecten. Een krachtig type coca\u00efne genaamd &#8220;fish scale coca\u00efne&#8221; wint de laatste tijd aan populariteit. Hoewel het een krachtige high kan veroorzaken, kan het ook negatieve gevolgen hebben die fataal kunnen zijn. Voordat u Fishscale Coca\u00efne neemt, is het belangrijk om uzelf te informeren over het productieproces van de drug, mogelijke voordelen en risico&#8217;s en waar u het legaal kunt verkrijgen. Mensen die ervoor kiezen om Fishscale Cocaine online in grote hoeveelheden of kleine doses te kopen, zijn uiteindelijk zelf verantwoordelijk voor het nemen van weloverwogen beslissingen over hun eigen gezondheid en welzijn.         <\/p>\n<h3>Waar kan ik Fishscale Cocaine online kopen?<\/h3>\n<p> Bij Dr. Lawsons Pharmacy is veilige opslag van verdovende middelen onze topprioriteit, daarom kopen we alleen Fishscale Cocaine van gerenommeerde leveranciers. Om ervoor te zorgen dat u een product van hoge kwaliteit ontvangt, ondergaat al onze Fishscale Cocaine strenge kwaliteitscontroles en testmethoden. Om een \u200b\u200bveilige levering te garanderen, verpakken en vervoeren we onze Fishscale Cocaine voor online verkoop discreet en zorgvuldig. Bestel nu Fishscale Cocaine in groothandel!    &nbsp;<\/p>\n","protected":false},"excerpt":{"rendered":"<p>&nbsp;<\/p>\n","protected":false},"featured_media":18692,"comment_status":"closed","ping_status":"closed","template":"","meta":{"om_disable_all_campaigns":false,"_sitemap_exclude":false,"_sitemap_priority":"","_sitemap_frequency":"","_monsterinsights_skip_tracking":false,"_monsterinsights_sitenote_active":false,"_monsterinsights_sitenote_note":"","_monsterinsights_sitenote_category":0},"product_cat":[10339],"product_tag":[37089,37058,37070,37068,37082,37086,37090,37088,37091,37076,37084,37072,37062,37078,37060,37080,37064,37052,37054,37066,37074,37056],"class_list":{"0":"post-35044","1":"product","2":"type-product","3":"status-publish","4":"has-post-thumbnail","6":"product_cat-cocaine-nl","7":"product_tag-authentieke-cocaine-uit-visschubben-europa","8":"product_tag-bestel-cocaine-van-visschubben-online","9":"product_tag-cocaine-bestellen-bij-visschubben-eu","10":"product_tag-cocaine-uit-visschubben-beste-prijs-europa","11":"product_tag-cocaine-uit-visschubben-europa-deals","12":"product_tag-cocaine-uit-visschubben-europa-korting","13":"product_tag-cocaine-uit-visschubben-europa-leveranciers","14":"product_tag-cocaine-uit-visschubben-europa-levering","15":"product_tag-cocaine-uit-visschubben-europa-review","16":"product_tag-cocaine-uit-visschubben-europa-verkoop","17":"product_tag-cocaine-uit-visschubben-europa-winkel","18":"product_tag-cocaine-uit-visschubben-gratis-verzending-europa","19":"product_tag-cocaine-uit-visschubben-online-verkopen","20":"product_tag-cocaine-uit-visschubben-online-winkel-europa","21":"product_tag-effecten-van-cocaine-uit-visschubben","22":"product_tag-goedkope-cocaine-uit-visschubben-europa","23":"product_tag-hoeveel-is-cocaine-uit-visschubben","24":"product_tag-koop-cocaine-van-visschubben","25":"product_tag-koop-cocaine-van-visschubben-online","26":"product_tag-koop-cocaine-van-visschubben-online-europa","27":"product_tag-waar-cocaine-kopen-van-visschubben-europa","28":"product_tag-waar-kun-je-online-cocaine-kopen-van-visschubben","30":"first","31":"instock","32":"shipping-taxable","33":"purchasable","34":"product-type-variable","35":"farmacie-col"},"aioseo_notices":[],"_links":{"self":[{"href":"https:\/\/lacasadelamedicina.es\/nl\/wp-json\/wp\/v2\/product\/35044"}],"collection":[{"href":"https:\/\/lacasadelamedicina.es\/nl\/wp-json\/wp\/v2\/product"}],"about":[{"href":"https:\/\/lacasadelamedicina.es\/nl\/wp-json\/wp\/v2\/types\/product"}],"replies":[{"embeddable":true,"href":"https:\/\/lacasadelamedicina.es\/nl\/wp-json\/wp\/v2\/comments?post=35044"}],"wp:featuredmedia":[{"embeddable":true,"href":"https:\/\/lacasadelamedicina.es\/nl\/wp-json\/wp\/v2\/media\/18692"}],"wp:attachment":[{"href":"https:\/\/lacasadelamedicina.es\/nl\/wp-json\/wp\/v2\/media?parent=35044"}],"wp:term":[{"taxonomy":"product_cat","embeddable":true,"href":"https:\/\/lacasadelamedicina.es\/nl\/wp-json\/wp\/v2\/product_cat?post=35044"},{"taxonomy":"product_tag","embeddable":true,"href":"https:\/\/lacasadelamedicina.es\/nl\/wp-json\/wp\/v2\/product_tag?post=35044"}],"curies":[{"name":"wp","href":"https:\/\/api.w.org\/{rel}","templated":true}]}}