{"id":35011,"date":"2024-08-09T14:02:13","date_gmt":"2024-08-09T14:02:13","guid":{"rendered":"https:\/\/lacasadelamedicina.es\/product\/peruaanse-cocaine-online-kopen\/"},"modified":"2024-08-09T14:02:13","modified_gmt":"2024-08-09T14:02:13","slug":"peruaanse-cocaine-online-kopen","status":"publish","type":"product","link":"https:\/\/lacasadelamedicina.es\/nl\/product\/peruaanse-cocaine-online-kopen\/","title":{"rendered":"Peruaanse coca\u00efne online kopen"},"content":{"rendered":"<h3>Koop Peruaanse coca\u00efne online.<\/h3>\n<p> Ben je op zoek naar een echte, sterke high? dr. Lawsons Pharmacy biedt de <a href=\"https:\/\/dieapotheke247.com\/\">O<\/a>online bestelling van Peruaanse coca\u00efne. Met een productieproces dat consequent coca\u00efne van hoge kwaliteit produceert, zijn wij gespecialiseerd in het online verkopen van alleen de beste Peruaanse coca\u00efne. Peruaanse coca\u00efne online    <a href=\"https:\/\/drlawsonspharmacy\/contact-us\/\"><a href=\"https:\/\/drlawsonspharmacy\/contact-us\/\">kopen<\/a><\/a>  &#8211;  <a href=\"https:\/\/dieapotheke247.com\/\"><a href=\"https:\/\/dieapotheke247.com\/\">CONTACT<\/a><\/a><\/p>\n<p><em>Berlijn, Hamburg, M\u00fcnchen, M\u00fcnchen, Keulen, Keulen, Frankfurt, Stuttgart, D\u00fcsseldorf, Dortmund, Essen, Leipzig, Bremen, Dresden, Hannover, Hannover, Neurenberg, Neurenberg, Duisburg, Bochum, Wuppertal, Bonn, Mannheim, Karlsruhe, Augsburg, Wiesbaden, M\u00fcnster, Gelsenkirchen, Aken, Chemnitz, Braunschweig, Kiel, Krefeld, Halle, Saale,<\/em><\/p>\n<h3>Hoe wordt Peruaanse coca\u00efne gemaakt?<\/h3>\n<p> Wanneer u coca\u00efne probeert te kopen, is het belangrijk om de processen te begrijpen die plaatsvinden bij het maken van coca\u00efne. Peruaanse coca\u00efne wordt op verschillende manieren geproduceerd. Peruaanse coca\u00efne wordt meestal gemaakt door middel van fermentatie. Cocabladeren worden tijdens het fermentatieproces in water gedrenkt, waardoor gekristalliseerd coca\u00efnehydrochloride ontstaat. Deze methode levert een product van hoge kwaliteit op dat gemakkelijk te doseren is en waarvoor geen speciaal gereedschap of vaardigheden vereist zijn. Het verkrijgen van coca\u00efne met behulp van ether is een ander typisch proces in Peru. Cocabladeren worden verwerkt tot kristallen van coca\u00efnehydrochloride nadat ze tijdens het extractieproces in een etheroplossing zijn ondergedompeld. De extractieomstandigheden kunnen vari\u00ebren, waardoor dit proces minder betrouwbaar is dan fermentatie in termen van kwaliteitsconsistentie.        <\/p>\n<h3>Koop Peruaanse coca\u00efne online<\/h3>\n<p> Last but not least wordt in Peru ook de subkritische waterimmersietechniek (SWIM) gebruikt om coca\u00efne te verkrijgen. Bij het SWIM-proces worden cocabladeren bij subatmosferische druk in water geweekt totdat ze in vloeistof oplossen, en de opgeloste vaste stoffen worden vervolgens ge\u00ebxtraheerd met behulp van conventionele oplosmiddelextractiemethoden zoals destillatie of kristallisatie. Als u Peruaanse coca\u00efne van Dr. Wanneer u Lawsons Pharmacy online bestelt, kunt u erop vertrouwen dat u een product van hoge kwaliteit ontvangt dat aan uw behoeften voldoet.   <\/p>\n<h3>Voordelen van Peruaanse coca\u00efne<\/h3>\n<p> Zonder twijfel is de Peruaanse coca\u00efne een van de meest gebruikte verdovende middelen ter wereld. En niet zonder reden: het is een krachtige stimulans die ervoor kan zorgen dat u zich energieker en vrolijker voelt. Peruaanse coca\u00efnegebruikers melden vaak dat ze zich energieker en alerter voelen na het nuttigen van de stof. Meer energie kan de productiviteit, concentratie en probleemoplossing ondersteunen. dr. Lawsons Pharmacy biedt Peruaanse coca\u00efne in bulk aan, waardoor gebruikers zich gelukkiger kunnen voelen en meer kunnen genieten van sociale bijeenkomsten, artistieke inspanningen en recreatieve activiteiten dan zonder de drug.     <\/p>\n<h3>Wat zijn de bijwerkingen van het gebruik van Peruaanse coca\u00efne?<\/h3>\n<p> Crack-coca\u00efne uit Peru is een soort die vaak een hogere potentie heeft dan andere crack-soorten. Dit geeft aan dat Peruaanse coca\u00efne mogelijk ernstigere fysieke bijwerkingen heeft dan andere vormen van crack-coca\u00efne. Verhoogde hartslag en bloeddruk, een hoger risico op luchtwegaandoeningen, verslaving en gedragsveranderingen, psychologische bijwerkingen zoals depressie, angst en parano\u00efde gedachten, ontwenningsverschijnselen, langdurige schade aan inwendige organen, zwangerschapsrisico&#8217;s en andere gezondheidsproblemen zijn enkele voorbeelden van mogelijke fysieke bijwerkingen van het Peruaanse coca\u00efnegebruik.   <\/p>\n<h3>Waar kan ik authentieke Peruaanse coca\u00efne online kopen?<\/h3>\n<p> Bent u op zoek naar een manier om de Peruaanse coca\u00efne volledig te consumeren zonder het risico te worden gearresteerd? dr. Lawsons Apotheek is de enige optie. Hier kunt u veilig online Peruaanse coca\u00efne van hoge kwaliteit kopen. Omdat onze producten sterker zijn dan andere soorten coca\u00efne die op de markt verkrijgbaar zijn, zijn ze onderscheidend. Doe nu uw aankoop!     &nbsp;<\/p>\n","protected":false},"excerpt":{"rendered":"<p>Koop Peruaanse coca\u00efne online. Ben je op zoek naar een echte, sterke high? dr. Lawsons Pharmacy biedt de Oonline bestelling van Peruaanse coca\u00efne. Met een productieproces dat consequent coca\u00efne van hoge kwaliteit produceert, zijn wij gespecialiseerd in het online verkopen van alleen de beste Peruaanse coca\u00efne. Peruaanse coca\u00efne online kopen &#8211; CONTACT Berlijn, Hamburg, M\u00fcnchen, [&hellip;]<\/p>\n","protected":false},"featured_media":18332,"comment_status":"closed","ping_status":"closed","template":"","meta":{"om_disable_all_campaigns":false,"_sitemap_exclude":false,"_sitemap_priority":"","_sitemap_frequency":"","_monsterinsights_skip_tracking":false,"_monsterinsights_sitenote_active":false,"_monsterinsights_sitenote_note":"","_monsterinsights_sitenote_category":0},"product_cat":[10339],"product_tag":[36932,36922,36917,36927,36919,36920,36921,36928,36930,36934,36925,36929,36923,36914,36931,36913,36915,36926,36933,36918,36924,36916],"class_list":{"0":"post-35011","1":"product","2":"type-product","3":"status-publish","4":"has-post-thumbnail","6":"product_cat-cocaine-nl","7":"product_tag-authentieke-peruaanse-cocaine-europa","8":"product_tag-bestel-peruaanse-cocaine-eu","9":"product_tag-effecten-van-peruaanse-cocaine","10":"product_tag-goedkope-peruaanse-cocaine-europa","11":"product_tag-hoeveel-kost-peruaanse-cocaine","12":"product_tag-koop-peruaanse-cocaine-online-europa","13":"product_tag-peruaanse-cocaine-beste-prijs-europa","14":"product_tag-peruaanse-cocaine-europa-deals","15":"product_tag-peruaanse-cocaine-europa-korting","16":"product_tag-peruaanse-cocaine-europa-review","17":"product_tag-peruaanse-cocaine-europa-verkoop","18":"product_tag-peruaanse-cocaine-europa-winkel","19":"product_tag-peruaanse-cocaine-gratis-verzending-europa","20":"product_tag-peruaanse-cocaine-kopen","21":"product_tag-peruaanse-cocaine-levering-in-europa","22":"product_tag-peruaanse-cocaine-online-bestellen","23":"product_tag-peruaanse-cocaine-online-kopen","24":"product_tag-peruaanse-cocaine-online-winkel-europa","25":"product_tag-peruaanse-cocaineleveranciers-in-europa","26":"product_tag-peruaanse-cocaineverkoop-online","27":"product_tag-waar-peruaanse-cocaine-kopen-europa","28":"product_tag-waar-peruaanse-cocaine-online-kopen","30":"first","31":"instock","32":"shipping-taxable","33":"purchasable","34":"product-type-variable","35":"farmacie-col"},"aioseo_notices":[],"_links":{"self":[{"href":"https:\/\/lacasadelamedicina.es\/nl\/wp-json\/wp\/v2\/product\/35011"}],"collection":[{"href":"https:\/\/lacasadelamedicina.es\/nl\/wp-json\/wp\/v2\/product"}],"about":[{"href":"https:\/\/lacasadelamedicina.es\/nl\/wp-json\/wp\/v2\/types\/product"}],"replies":[{"embeddable":true,"href":"https:\/\/lacasadelamedicina.es\/nl\/wp-json\/wp\/v2\/comments?post=35011"}],"wp:featuredmedia":[{"embeddable":true,"href":"https:\/\/lacasadelamedicina.es\/nl\/wp-json\/wp\/v2\/media\/18332"}],"wp:attachment":[{"href":"https:\/\/lacasadelamedicina.es\/nl\/wp-json\/wp\/v2\/media?parent=35011"}],"wp:term":[{"taxonomy":"product_cat","embeddable":true,"href":"https:\/\/lacasadelamedicina.es\/nl\/wp-json\/wp\/v2\/product_cat?post=35011"},{"taxonomy":"product_tag","embeddable":true,"href":"https:\/\/lacasadelamedicina.es\/nl\/wp-json\/wp\/v2\/product_tag?post=35011"}],"curies":[{"name":"wp","href":"https:\/\/api.w.org\/{rel}","templated":true}]}}