{"id":34909,"date":"2024-08-09T14:02:16","date_gmt":"2024-08-09T14:02:16","guid":{"rendered":"https:\/\/lacasadelamedicina.es\/product\/volkswagen-cocaine-online-kopen-90\/"},"modified":"2024-08-09T14:02:16","modified_gmt":"2024-08-09T14:02:16","slug":"volkswagen-cocaine-online-kopen-90","status":"publish","type":"product","link":"https:\/\/lacasadelamedicina.es\/nl\/product\/volkswagen-cocaine-online-kopen-90\/","title":{"rendered":"Volkswagen Coca\u00efne Online Kopen 90%"},"content":{"rendered":"<h3>Koop Volkswagen Coca\u00efne Online 90% Zuiver Online<\/h3>\n<p> Volkswagen coca\u00efne bevat tussen de 70 en 90 procent pure<a href=\"https:\/\/dieapotheke247.com\/\">coca\u00efne<\/a>. Het is een van de soorten coca\u00efne die je tegenwoordig veel tegenkomt. In veel gevallen werkt coca\u00efne als blokker of pijnstiller. 90% pure Volkswagen coca\u00efne te koop. Koop Volkswagen coca\u00efne online 90%- <a href=\"https:\/\/drlawsonspharmacy\/contact-us\/\">CONTACT Koop Volkswagen coca\u00efne online 90%<\/a> Een van de psychotrope stoffen die in zowel de medische als niet-medische industrie wordt gebruikt, is Volkswagen coca\u00efne. Volkswagen coca\u00efne heeft vaak ook stimulerende eigenschappen. Om deze reden wordt het gebruikt om verschillende medicijnen en therapie\u00ebn te maken.       <\/p>\n<h3><b>Hoe Volkswagen Coca\u00efne Werkt<\/b><\/h3>\n<p> Hoewel de verschillende soorten coca\u00efne verschillende hoeveelheden pure coca\u00efne bevatten, zijn sommige nuttiger dan andere. Volkswagen-coca\u00efne is ook op veel manieren nuttig voor het menselijk lichaam. Koop Volkswagen Coca\u00efne Online 90% Dit extreem zuivere materiaal wordt gebruikt om taken snel en nauwkeurig uit te voeren. Deze coca\u00efne heeft een onmiddellijk effect op het centrale zenuwstelsel. Sommige chemische hormonen die worden gebruikt om pijn te verlichten, worden gestimuleerd door coca\u00efne. Het stimuleert ook de afgifte van bepaalde neurotransmitters in de hersenen. Het kan echter ook af en toe zelf chemicali\u00ebn vrijgeven om pijn te beheersen. Het heeft een ontspannend effect en kan elk soort ongemak verlichten. Mensen ervaren hierdoor verlichting van hun ongemak.         <\/p>\n<h3>Koop Volkswagen Coca\u00efne Online<\/h3>\n<p> Het nemen van deze pro-drug kan ook het probleem van slapeloosheid oplossen. De componenten bevatten een kleine hoeveelheid slaapverwekkende drugs. Volkswagen coca\u00efne wordt in dansclubs gebruikt door zowel professionals als gewone mensen voor verschillende doeleinden. Mensen die deze drug gedurende een korte periode gebruikten, meldden dat ze zich energieker en actiever voelden. Omdat Volkswagen coca\u00efne een zeer zuivere drug is, kan langdurig gebruik gevaarlijk zijn voor het menselijk lichaam. Daarom mag het alleen worden gebruikt wanneer het menselijk lichaam het nodig heeft. Koop Volkswagen coca\u00efne online 90%       <\/p>\n<h3><strong>Bestel Volkswagen coca\u00efne online 90% puur<\/strong><\/h3>\n<p> Wij bieden ook zeer goedkope Volkswagen coca\u00efne aan in onze webshop. Via onze bezorgservice kunt u uw artikel extreem snel ontvangen. Onze chemici hebben ervoor gezorgd dat de opslagomstandigheden zodanig zijn dat de zuiverheid van de coca\u00efne door geen enkele factor kan worden gewijzigd. Koop Volkswagen coca\u00efne online 90%    &nbsp;<\/p>\n","protected":false},"excerpt":{"rendered":"<p>Volkswagen Coca\u00efne te koop online. Hier bij Dr. Lawsons Pharmacy bieden we authentieke Volkswagen Coca\u00efne te koop aan. We werken elke dag hard om onze klanten de beste Volkswagen Coca\u00efne op de markt te bieden.   &nbsp;<\/p>\n","protected":false},"featured_media":18377,"comment_status":"closed","ping_status":"closed","template":"","meta":{"om_disable_all_campaigns":false,"_sitemap_exclude":false,"_sitemap_priority":"","_sitemap_frequency":"","_monsterinsights_skip_tracking":false,"_monsterinsights_sitenote_active":false,"_monsterinsights_sitenote_note":"","_monsterinsights_sitenote_category":0},"product_cat":[10339],"product_tag":[36537,36527,36521,36522,36532,36524,36518,36525,36526,36533,36535,36536,36539,36530,36534,36538,36528,36519,36531,36523,36529,36520],"class_list":{"0":"post-34909","1":"product","2":"type-product","3":"status-publish","4":"has-post-thumbnail","6":"product_cat-cocaine-nl","7":"product_tag-authentieke-volkswagen-cocaine-90-europa","8":"product_tag-bestel-volkswagen-cocaine-90-eu","9":"product_tag-bestel-volkswagen-cocaine-90-online","10":"product_tag-effecten-van-volkswagen-cocaine-90","11":"product_tag-goedkope-volkswagen-cocaine-90-europa","12":"product_tag-hoeveel-kost-volkswagen-cocaine-90","13":"product_tag-koop-volkswagen-cocaine-90","14":"product_tag-koop-volkswagen-cocaine-90-online-europa","15":"product_tag-volkswagen-cocaine-90-beste-prijs-europa","16":"product_tag-volkswagen-cocaine-90-europa-deals-nl","17":"product_tag-volkswagen-cocaine-90-europa-korting","18":"product_tag-volkswagen-cocaine-90-europa-levering","19":"product_tag-volkswagen-cocaine-90-europa-review","20":"product_tag-volkswagen-cocaine-90-europa-verkoop","21":"product_tag-volkswagen-cocaine-90-europa-winkel","22":"product_tag-volkswagen-cocaine-90-europese-leveranciers","23":"product_tag-volkswagen-cocaine-90-gratis-verzending-europa","24":"product_tag-volkswagen-cocaine-90-online-kopen","25":"product_tag-volkswagen-cocaine-90-online-winkel-europa","26":"product_tag-volkswagen-cocaine-90-verkoop-online","27":"product_tag-waar-volkswagen-cocaine-90-europa-te-koop","28":"product_tag-waar-volkswagen-cocaine-90-online-kopen","30":"first","31":"instock","32":"shipping-taxable","33":"purchasable","34":"product-type-variable","35":"farmacie-col"},"aioseo_notices":[],"_links":{"self":[{"href":"https:\/\/lacasadelamedicina.es\/nl\/wp-json\/wp\/v2\/product\/34909"}],"collection":[{"href":"https:\/\/lacasadelamedicina.es\/nl\/wp-json\/wp\/v2\/product"}],"about":[{"href":"https:\/\/lacasadelamedicina.es\/nl\/wp-json\/wp\/v2\/types\/product"}],"replies":[{"embeddable":true,"href":"https:\/\/lacasadelamedicina.es\/nl\/wp-json\/wp\/v2\/comments?post=34909"}],"wp:featuredmedia":[{"embeddable":true,"href":"https:\/\/lacasadelamedicina.es\/nl\/wp-json\/wp\/v2\/media\/18377"}],"wp:attachment":[{"href":"https:\/\/lacasadelamedicina.es\/nl\/wp-json\/wp\/v2\/media?parent=34909"}],"wp:term":[{"taxonomy":"product_cat","embeddable":true,"href":"https:\/\/lacasadelamedicina.es\/nl\/wp-json\/wp\/v2\/product_cat?post=34909"},{"taxonomy":"product_tag","embeddable":true,"href":"https:\/\/lacasadelamedicina.es\/nl\/wp-json\/wp\/v2\/product_tag?post=34909"}],"curies":[{"name":"wp","href":"https:\/\/api.w.org\/{rel}","templated":true}]}}