{"id":34891,"date":"2024-08-09T14:02:16","date_gmt":"2024-08-09T14:02:16","guid":{"rendered":"https:\/\/lacasadelamedicina.es\/product\/crack-cocaine-online-kopen\/"},"modified":"2024-08-09T14:02:16","modified_gmt":"2024-08-09T14:02:16","slug":"crack-cocaine-online-kopen","status":"publish","type":"product","link":"https:\/\/lacasadelamedicina.es\/nl\/product\/crack-cocaine-online-kopen\/","title":{"rendered":"Crack-coca\u00efne online kopen"},"content":{"rendered":"<h3>Crack-coca\u00efne online kopen.<\/h3>\n<p> Crack is de drug voor jou als je op zoek bent naar een high die je een krachtige energieboost geeft. De cocaplant is de bron van crack, een krachtige stimulant. Het heeft een sterk, direct effect dat onder andere plezier en een energieboost oplevert. Ben je van plan om crackcoca\u00efne online te kopen? Zo ja, dan is Dr. Lawsons Pharmacy jouw one-stop-shop voor alles wat je online wilt kopen over crack. Koop crackcoca\u00efne online &#8211;      <a href=\"https:\/\/drlawsonspharmacy\/contact-us\/\">CONTACT<\/a><\/p>\n<h3>Waaruit bestaat crack-coca\u00efne?<\/h3>\n<p> De bladeren van de cocaplant worden gebruikt om coca\u00efne te maken, een stimulerend middel. Het wordt vaak op de markt gebracht als &#8220;crack coca\u00efne&#8221;, een combinatie van coca\u00efne en water. Dr. Lawsons Pharmacy is de beste keuze voor iedereen die deze krachtige substantie veilig wil kopen, dankzij hun brede assortiment van hoogwaardige crack in bulk, veilige betaalmethoden en discrete levering.   <\/p>\n<h3>Voordelen van Crack Coca\u00efne<\/h3>\n<p> Een van de meest gebruikte verdovende middelen op de markt is crack, en dat is niet voor niets. Het is een gemakkelijke en snelle manier om een \u200b\u200bkrachtige high te krijgen die langer aanhoudt dan andere drugs. In tegenstelling tot andere verdovende middelen, die soms uren nodig hebben om effect te hebben, werkt crack direct. U kunt direct genieten van uw high, omdat u de effecten al na een paar minuten kunt voelen. Crack zou ook de creativiteit en emotionele intensiteit verhogen in vergelijking met andere drugs zoals marihuana of ecstasy. Koop Crack Coca\u00efne Online Bij Dr. Bij Lawsons Pharmacy bieden we consumenten in alle landen betaalbare toegang tot premium crack coca\u00efne die online te koop is. U kunt er zeker van zijn dat u de best mogelijke resultaten krijgt, aangezien onze crack wordt geproduceerd volgens de hoogste zuiverheidsnormen.       <\/p>\n<h3>Bijwerkingen van Crack-Coca\u00efne<\/h3>\n<p> Crack is een extreem verslavende en schadelijke stof die uw gezondheid ernstig kan schaden. De negatieve effecten van crack kunnen dodelijk, verslavend zijn en een negatieve impact hebben op de geestelijke gezondheid. Bovendien kan crack onmiddellijke fysieke bijwerkingen hebben, zoals hartkloppingen, agressie en psychose. Het is belangrijk om uzelf te informeren over de risico&#8217;s voordat u crack gebruikt, omdat negatieve effecten op de lange termijn pas jaren na consumptie zichtbaar worden.    <\/p>\n<h3>Crack Coca\u00efne Online Kopen &#8211; Crack Coca\u00efne Online Kopen bij Dr Lawsons Pharmacy<\/h3>\n<p> Op zoek naar een manier om high te worden? Bezoek Dr. Lawsons Pharmacy, de website waar u kwaliteitsgeteste crack in bulk kunt kopen. Wij bieden een breed scala aan goederen, waaronder crack in formaten van \u00e9\u00e9n kilogram tot kleine hoeveelheden. U zult nergens anders een betere deal vinden dan onze uitstekende crackprijs. Wij verpakken onze artikelen met grote zorg, zodat ze discreet en veilig aankomen, omdat wij de waarde van privacy kennen. Wij hopen oprecht dat u Dr. Lawsons Pharmacy als uw primaire internetbron voor het kopen van crack zult beschouwen.      &nbsp;<\/p>\n","protected":false},"excerpt":{"rendered":"<p>Crack-coca\u00efne online kopen. Crack is de drug voor jou als je op zoek bent naar een high die je een krachtige energieboost geeft. De cocaplant is de bron van crack, een krachtige stimulant. Het heeft een sterk, direct effect dat onder andere plezier en een energieboost oplevert. Ben je van plan om crackcoca\u00efne online te [&hellip;]<\/p>\n","protected":false},"featured_media":18752,"comment_status":"closed","ping_status":"closed","template":"","meta":{"om_disable_all_campaigns":false,"_sitemap_exclude":false,"_sitemap_priority":"","_sitemap_frequency":"","_monsterinsights_skip_tracking":false,"_monsterinsights_sitenote_active":false,"_monsterinsights_sitenote_note":"","_monsterinsights_sitenote_category":0},"product_cat":[10339],"product_tag":[36471,36460,36467,36469,36472,36470,36473,36464,36468,36462,36453,36465,36457,36452,36461,36454,36459,36456,36466,36458,36455,36463],"class_list":{"0":"post-34891","1":"product","2":"type-product","3":"status-publish","4":"has-post-thumbnail","6":"product_cat-cocaine-nl","7":"product_tag-authentieke-crack-cocaine-europa","8":"product_tag-crack-cocaine-beste-prijs-europa","9":"product_tag-crack-cocaine-europa-deals","10":"product_tag-crack-cocaine-europa-korting","11":"product_tag-crack-cocaine-europa-leveranciers","12":"product_tag-crack-cocaine-europa-levering","13":"product_tag-crack-cocaine-europa-review","14":"product_tag-crack-cocaine-europa-verkoop","15":"product_tag-crack-cocaine-europa-winkel","16":"product_tag-crack-cocaine-gratis-verzending-europa","17":"product_tag-crack-cocaine-online-bestellen-nl","18":"product_tag-crack-cocaine-online-winkel-europa","19":"product_tag-crack-cocaine-verkoop-online","20":"product_tag-crack-cocaine-kopen","21":"product_tag-crackcocaine-bestellen-eu","22":"product_tag-crackcocaine-online-kopen","23":"product_tag-crackcocaine-online-kopen-europa","24":"product_tag-effecten-van-crack-cocaine","25":"product_tag-goedkope-crackcocaine-europa","26":"product_tag-hoeveel-kost-crack-cocaine","27":"product_tag-waar-crack-cocaine-online-kopen","28":"product_tag-waar-crackcocaine-kopen-europa","30":"first","31":"instock","32":"shipping-taxable","33":"purchasable","34":"product-type-variable","35":"farmacie-col"},"aioseo_notices":[],"_links":{"self":[{"href":"https:\/\/lacasadelamedicina.es\/nl\/wp-json\/wp\/v2\/product\/34891"}],"collection":[{"href":"https:\/\/lacasadelamedicina.es\/nl\/wp-json\/wp\/v2\/product"}],"about":[{"href":"https:\/\/lacasadelamedicina.es\/nl\/wp-json\/wp\/v2\/types\/product"}],"replies":[{"embeddable":true,"href":"https:\/\/lacasadelamedicina.es\/nl\/wp-json\/wp\/v2\/comments?post=34891"}],"wp:featuredmedia":[{"embeddable":true,"href":"https:\/\/lacasadelamedicina.es\/nl\/wp-json\/wp\/v2\/media\/18752"}],"wp:attachment":[{"href":"https:\/\/lacasadelamedicina.es\/nl\/wp-json\/wp\/v2\/media?parent=34891"}],"wp:term":[{"taxonomy":"product_cat","embeddable":true,"href":"https:\/\/lacasadelamedicina.es\/nl\/wp-json\/wp\/v2\/product_cat?post=34891"},{"taxonomy":"product_tag","embeddable":true,"href":"https:\/\/lacasadelamedicina.es\/nl\/wp-json\/wp\/v2\/product_tag?post=34891"}],"curies":[{"name":"wp","href":"https:\/\/api.w.org\/{rel}","templated":true}]}}