{"id":25141,"date":"2024-08-09T14:01:50","date_gmt":"2024-08-09T14:01:50","guid":{"rendered":"https:\/\/lacasadelamedicina.es\/product\/koop-black-tar-heroine-online\/"},"modified":"2024-08-09T14:01:50","modified_gmt":"2024-08-09T14:01:50","slug":"koop-black-tar-heroine-online","status":"publish","type":"product","link":"https:\/\/lacasadelamedicina.es\/nl\/product\/koop-black-tar-heroine-online\/","title":{"rendered":"Koop Black Tar Hero\u00efne online"},"content":{"rendered":"<h3>Koop Black Tar Hero\u00efne Online<\/h3>\n<p> Zwarte teer hero\u00efne is een variant van narcotische hero\u00efne die wordt gekenmerkt door zijn teerachtige zwarte consistentie. Hoewel het een gevaarlijke en krachtige substantie is, is er nog steeds veel vraag naar vanwege de toegankelijkheid en betaalbare prijs. Daarom is Dr. Lawsons Pharmacy de ideale optie als u zwarte teer hero\u00efne online wilt kopen tegen de laagste kosten. Koop zwarte teer hero\u00efne online &#8211;    <a href=\"https:\/\/drlawsonspharmacy\/contact-us\/\">CONTACT<\/a><\/p>\n<h3>Hoe ziet Black Tar Heroin eruit en hoe ruikt het?<\/h3>\n<p> Het residu dat achterblijft bij het roken of injecteren van har<a href=\"https:\/\/dieapotheke247.com\/\">e<\/a>roin hardt uit en wordt gebruikt om zwarte teerhero\u00efne te maken. Het heeft een sterkere geur en smaak dan andere soorten hero\u00efne en is krachtiger. Klik op &#8220;Toevoegen aan winkelwagen&#8221; en voltooi het afrekenproces om zwarte teerhero\u00efne online te kopen bij Dr. Lawsons Pharmacy. Vervolgens wordt zwarte teerhero\u00efne in bulk rechtstreeks bij u thuis afgeleverd. Deel nooit naalden of spuiten met iemand en bewaar uw medicijnen veilig buiten bereik van kinderen en dieren.     <\/p>\n<h3>Het proces van het maken en verhandelen van zwarte teerhero\u00efne<\/h3>\n<p> Opiumpoeder wordt gebruikt om hero\u00efne te maken die bekend staat als &#8220;zwarte teer&#8221;. Na verhitting en vermenging met andere chemicali\u00ebn verandert dit materiaal in een kleverige, donkere substantie die bekend staat als &#8220;teer&#8221;. De teer wordt vervolgens afgebroken in kleine stukjes en op straat verkocht als hero\u00efne. De productie en handel in zwarte teerhero\u00efne zijn ingewikkelde processen. Hero\u00efnedealers onderhandelen met de criminele onderwereld om de benodigdheden te verkrijgen die nodig zijn om het verdovende middel te produceren en vechten terug tegen pogingen van de wetshandhaving om hen te dwarsbomen. Maar nu zwarte teerhero\u00efne online te koop is bij gerenommeerde winkels zoals Dr. Lawsons Pharmacy, is deze methode gemakkelijker dan ooit. Wees u bewust van de gevaren van het online bestellen van zwarte teerhero\u00efne. U loopt niet alleen het risico om drugs te krijgen van een onbetrouwbare leverancier, maar u loopt ook het risico op een overdosis en het oplopen van HIV of andere infecties (SOA&#8217;s). Koop deze drugs daarom alleen bij een gerenommeerde verkoper zoals Dr. Lawsons Pharmacy.         <\/p>\n<h3>Negatieve effecten van zwarte teerhero\u00efne<\/h3>\n<p> Black tar hero\u00efne is een krachtige, onzuivere variant van de drug die een aantal ernstige negatieve effecten heeft. Black tar hero\u00efne kan bijvoorbeeld hoofdpijn, misselijkheid en braken veroorzaken. Langdurig gebruik kan ook ontwenningsverschijnselen veroorzaken, zoals angst, agitatie en depressie. Uw risico op het ontwikkelen van hart- en longproblemen kan ook toenemen als u black tar hero\u00efne gebruikt. Als u of iemand die u kent worstelt met black tar hero\u00efneverslaving, aarzel dan niet om hulp te vragen.     <\/p>\n<h3>Waarom Black Tar Heroin online kopen bij Dr. Lawsons Pharmacy?<\/h3>\n<p> Bent u op zoek naar een kwalitatieve en betrouwbare internetleverancier om black tar hero\u00efne te kopen? Dr. Lawsons Pharmacy is de enige optie. Hier kunt u high quality black tar hero\u00efne krijgen voor de beste prijs. Bovendien bieden wij de snelste levertijden in de branche.    &nbsp;<\/p>\n","protected":false},"excerpt":{"rendered":"<p>&nbsp;<\/p>\n<p>&nbsp;<\/p>\n","protected":false},"featured_media":17927,"comment_status":"closed","ping_status":"closed","template":"","meta":{"om_disable_all_campaigns":false,"_sitemap_exclude":false,"_sitemap_priority":"","_sitemap_frequency":"","_monsterinsights_skip_tracking":false,"_monsterinsights_sitenote_active":false,"_monsterinsights_sitenote_note":"","_monsterinsights_sitenote_category":0},"product_cat":[11067],"product_tag":[11263,11253,11245,11259,11261,11262,11265,11256,11260,11249,11257,11248,11258,11250,11244,11246,11251,11264,11255,11247,11252,11254],"class_list":{"0":"post-25141","1":"product","2":"type-product","3":"status-publish","4":"has-post-thumbnail","6":"product_cat-heroine","7":"product_tag-authentieke-black-tar-heroine-europa","8":"product_tag-bestel-black-tar-heroin-eu","9":"product_tag-bestel-black-tar-heroin-online","10":"product_tag-black-tar-heroin-europa-deals","11":"product_tag-black-tar-heroin-europa-korting","12":"product_tag-black-tar-heroin-europa-levering","13":"product_tag-black-tar-heroin-europa-recensie","14":"product_tag-black-tar-heroin-europa-verkoop","15":"product_tag-black-tar-heroin-europa-winkel","16":"product_tag-black-tar-heroin-verkoop-online","17":"product_tag-black-tar-heroine-online-winkel-europa","18":"product_tag-effecten-van-zwarte-teerheroine","19":"product_tag-goedkope-black-tar-heroine-europa","20":"product_tag-hoeveel-kost-black-tar-heroin","21":"product_tag-koop-black-tar-heroine","22":"product_tag-koop-black-tar-heroine-online","23":"product_tag-koop-black-tar-heroine-online-europa","24":"product_tag-leveranciers-van-black-tar-heroin-europa","25":"product_tag-waar-black-tar-heroin-europa-te-koop","26":"product_tag-waar-black-tar-heroin-online-te-koop-is","27":"product_tag-zwarte-teer-heroine-beste-prijs-europa","28":"product_tag-zwarte-teer-heroine-gratis-verzending-europa","30":"first","31":"instock","32":"shipping-taxable","33":"purchasable","34":"product-type-variable","35":"farmacie-col"},"aioseo_notices":[],"_links":{"self":[{"href":"https:\/\/lacasadelamedicina.es\/nl\/wp-json\/wp\/v2\/product\/25141"}],"collection":[{"href":"https:\/\/lacasadelamedicina.es\/nl\/wp-json\/wp\/v2\/product"}],"about":[{"href":"https:\/\/lacasadelamedicina.es\/nl\/wp-json\/wp\/v2\/types\/product"}],"replies":[{"embeddable":true,"href":"https:\/\/lacasadelamedicina.es\/nl\/wp-json\/wp\/v2\/comments?post=25141"}],"wp:featuredmedia":[{"embeddable":true,"href":"https:\/\/lacasadelamedicina.es\/nl\/wp-json\/wp\/v2\/media\/17927"}],"wp:attachment":[{"href":"https:\/\/lacasadelamedicina.es\/nl\/wp-json\/wp\/v2\/media?parent=25141"}],"wp:term":[{"taxonomy":"product_cat","embeddable":true,"href":"https:\/\/lacasadelamedicina.es\/nl\/wp-json\/wp\/v2\/product_cat?post=25141"},{"taxonomy":"product_tag","embeddable":true,"href":"https:\/\/lacasadelamedicina.es\/nl\/wp-json\/wp\/v2\/product_tag?post=25141"}],"curies":[{"name":"wp","href":"https:\/\/api.w.org\/{rel}","templated":true}]}}