{"id":25133,"date":"2024-08-09T14:01:50","date_gmt":"2024-08-09T14:01:50","guid":{"rendered":"https:\/\/lacasadelamedicina.es\/product\/koop-afghaanse-heroine-online\/"},"modified":"2024-08-09T14:01:50","modified_gmt":"2024-08-09T14:01:50","slug":"koop-afghaanse-heroine-online","status":"publish","type":"product","link":"https:\/\/lacasadelamedicina.es\/nl\/product\/koop-afghaanse-heroine-online\/","title":{"rendered":"Koop Afghaanse hero\u00efne online"},"content":{"rendered":"<h3>Koop Afghaanse hero\u00efne online<\/h3>\n<p> Veel landen verbieden de extractie van Afghaanse hero\u00efne uit papaverbloemen, maar dit weerhoudt mensen er niet van om de stof te verkrijgen. Afghaanse hero\u00efne is in feite een van de meest gebruikte varianten van de drug vanwege de krachtige euforische effecten. Als u op zoek bent naar de beste Afghaanse hero\u00efne om online te kopen, hoeft u niet verder te zoeken dan Dr. Lawsons Pharmacy.   <a href=\"https:\/\/dieapotheke247.com\/\"><a href=\"https:\/\/dieapotheke247.com\/\">Koop Afghaanse<\/a><\/a> Hero\u00efne Online &#8211; <a href=\"https:\/\/drlawsonspharmacy\/contact-us\/\">CONTACT<\/a><\/p>\n<h3>Hoe wordt Afghaanse hero\u00efne gemaakt?<\/h3>\n<p> Opium wordt gebruikt om Afghaanse hero\u00efne te maken, een vorm van verdovend middel. Opium is een natuurlijke bron van morfine en code\u00efne die wordt gewonnen uit de papaverplant. Om Afghaanse hero\u00efne te maken, moet opium eerst worden gekookt tot het een kleverige zwarte teer wordt. Het moet vervolgens worden gefilterd door kaasdoek om onzuiverheden te verwijderen. Eenmaal gedroogd, wordt deze zwarte teer vermalen tot een poeder, dat vervolgens wordt gebruikt om stenen of pillen te maken. Afghaanse hero\u00efne is er in verschillende vormen, elk met unieke eigenschappen en toepassingen. De populairste vorm van hero\u00efne in Afghanistan is witte hero\u00efne, algemeen bekend als &#8220;rauwe opium&#8221;, en het is doorgaans van lagere kwaliteit dan andere vormen. Vanwege de sterkte is bruine hero\u00efne (gemaakt van gedeeltelijk gedroogde zwarte teer) populairder bij gebruikers en heeft het een sterker effect. De meest krachtige van allemaal is donkerbruine hero\u00efne (gemaakt van volledig gedroogde zwarte teer), die ook het grootste potentieel voor misbruik heeft vanwege de moeilijke doseringsregulering.         <\/p>\n<h3>Voordelen van Afghaanse hero\u00efne<\/h3>\n<p> Afghaanse hero\u00efne is de beste optie voor een intense en euforische high als je het online koopt. Dit type hero\u00efne is een van de puurste en sterkste die er zijn, en mensen zoeken het vaak op vanwege de geweldige effecten. Hierdoor wordt Afghaanse hero\u00efne gebruikt om opiaatverslaving en chronische pijn te behandelen, twee ziektes die maar al te vaak voorkomen in de moderne cultuur.   <\/p>\n<h3>Bijwerkingen van Afghaanse hero\u00efne<\/h3>\n<p> Omdat Afghaanse hero\u00efne een opio\u00efde is die is afgeleid van de opiumpapaver, heeft het ook bepaalde negatieve effecten. Een snellere hartslag, hogere bloeddruk en euforie (de high die ontstaat door hero\u00efnegebruik) zijn enkele van de negatieve effecten op korte termijn van Afghaanse hero\u00efnegebruik. Verslaving, chronische hepatitis C-infectie (een potentieel dodelijke leverziekte), psychische problemen zoals angst en depressie, en sterfgevallen door overdoses behoren tot de gezondheidsproblemen op lange termijn die verband houden met Afghaanse hero\u00efnegebruik.   <\/p>\n<h3>Waar kan ik Afghaanse hero\u00efne online kopen?<\/h3>\n<p> Wilt u Afghaanse hero\u00efne online discreet en veilig kopen? Koop het bij Dr. Lawsons Pharmacy. Wij bieden een uitgebreid assortiment van hoogwaardige artikelen en hebben jarenlange ervaring in het bedrijfsleven. Om de ideale dosering voor u te krijgen, kunt u kiezen uit een selectie van pure, biologische en laboratoriumgeteste producten. De beschikbaarheid van talloze handige betaalmethoden, waaronder creditcards, PayPal en Western Union, maakt het kopen van Afghaanse hero\u00efne online in bulk eenvoudig en handig voor iedereen. Koop dus nu de beste Afghaanse hero\u00efne!      &nbsp;<\/p>\n","protected":false},"excerpt":{"rendered":"<p>Koop Afghaanse hero\u00efne online Veel landen verbieden de extractie van Afghaanse hero\u00efne uit papaverbloemen, maar dit weerhoudt mensen er niet van om de stof te verkrijgen. Afghaanse hero\u00efne is in feite een van de meest gebruikte varianten van de drug vanwege de krachtige euforische effecten. Als u op zoek bent naar de beste Afghaanse hero\u00efne [&hellip;]<\/p>\n","protected":false},"featured_media":17912,"comment_status":"closed","ping_status":"closed","template":"","meta":{"om_disable_all_campaigns":false,"_sitemap_exclude":false,"_sitemap_priority":"","_sitemap_frequency":"","_monsterinsights_skip_tracking":false,"_monsterinsights_sitenote_active":false,"_monsterinsights_sitenote_note":"","_monsterinsights_sitenote_category":0},"product_cat":[11067],"product_tag":[11230,11237,11239,11243,11234,11238,11232,11222,11242,11240,11223,11229,11235,11227,11241,11231,11224,11226,11236,11228,11233,11225],"class_list":{"0":"post-25133","1":"product","2":"type-product","3":"status-publish","4":"has-post-thumbnail","6":"product_cat-heroine","7":"product_tag-afghaanse-heroine-beste-prijs-europa","8":"product_tag-afghaanse-heroine-europa-deals","9":"product_tag-afghaanse-heroine-europa-korting","10":"product_tag-afghaanse-heroine-europa-recensie","11":"product_tag-afghaanse-heroine-europa-verkoop","12":"product_tag-afghaanse-heroine-europa-winkel","13":"product_tag-afghaanse-heroine-gratis-verzending-europa","14":"product_tag-afghaanse-heroine-kopen","15":"product_tag-afghaanse-heroine-leveranciers-in-europa","16":"product_tag-afghaanse-heroine-levering-in-europa","17":"product_tag-afghaanse-heroine-online-kopen","18":"product_tag-afghaanse-heroine-online-kopen-europa","19":"product_tag-afghaanse-heroine-online-winkel-europa","20":"product_tag-afghaanse-heroineverkoop-online","21":"product_tag-authentieke-afghaanse-heroine-europa","22":"product_tag-bestel-afghaanse-heroine-eu","23":"product_tag-bestel-afghaanse-heroine-online","24":"product_tag-effecten-van-afghaanse-heroine","25":"product_tag-goedkope-afghaanse-heroine-europa","26":"product_tag-hoeveel-kost-afghaanse-heroine","27":"product_tag-waar-afghaanse-heroine-kopen-europa","28":"product_tag-waar-afghaanse-heroine-online-kopen","30":"first","31":"instock","32":"shipping-taxable","33":"purchasable","34":"product-type-variable","35":"farmacie-col"},"aioseo_notices":[],"_links":{"self":[{"href":"https:\/\/lacasadelamedicina.es\/nl\/wp-json\/wp\/v2\/product\/25133"}],"collection":[{"href":"https:\/\/lacasadelamedicina.es\/nl\/wp-json\/wp\/v2\/product"}],"about":[{"href":"https:\/\/lacasadelamedicina.es\/nl\/wp-json\/wp\/v2\/types\/product"}],"replies":[{"embeddable":true,"href":"https:\/\/lacasadelamedicina.es\/nl\/wp-json\/wp\/v2\/comments?post=25133"}],"wp:featuredmedia":[{"embeddable":true,"href":"https:\/\/lacasadelamedicina.es\/nl\/wp-json\/wp\/v2\/media\/17912"}],"wp:attachment":[{"href":"https:\/\/lacasadelamedicina.es\/nl\/wp-json\/wp\/v2\/media?parent=25133"}],"wp:term":[{"taxonomy":"product_cat","embeddable":true,"href":"https:\/\/lacasadelamedicina.es\/nl\/wp-json\/wp\/v2\/product_cat?post=25133"},{"taxonomy":"product_tag","embeddable":true,"href":"https:\/\/lacasadelamedicina.es\/nl\/wp-json\/wp\/v2\/product_tag?post=25133"}],"curies":[{"name":"wp","href":"https:\/\/api.w.org\/{rel}","templated":true}]}}