{"id":25109,"date":"2024-08-09T14:01:54","date_gmt":"2024-08-09T14:01:54","guid":{"rendered":"https:\/\/lacasadelamedicina.es\/product\/koop-online-wit-heroinepoeder\/"},"modified":"2024-08-09T14:01:54","modified_gmt":"2024-08-09T14:01:54","slug":"koop-online-wit-heroinepoeder","status":"publish","type":"product","link":"https:\/\/lacasadelamedicina.es\/nl\/product\/koop-online-wit-heroinepoeder\/","title":{"rendered":"Koop online wit hero\u00efnepoeder"},"content":{"rendered":"<h1>Koop online witte hero\u00efnepoeder.<\/h1>\n<p> Koop Witte Hero\u00efne Poeder Online &#8211; Een van de meest krachtige en lucratieve soorten hero\u00efne op de markt is wit poeder. Maar bij wie moet je het kopen? De beste plek om wit hero\u00efne poeder online te kopen tegen de laagste kosten is Dr. Lawsons Pharmacy. Met een verscheidenheid aan bezorg- en betaalmethoden, maakt Dr. Lawsons Pharmac<a href=\"https:\/\/dieapotheke247.com\/\">y<\/a> het gemakkelijk en veilig om wit hero\u00efne poeder in bulk te kopen. Met onze 100% tevredenheidsgarantie zijn we er trots op dat we onze klanten een snelle, discrete en veilige winkelervaring bieden. Koop Wit Hero\u00efne Poeder Online &#8211;      <a href=\"https:\/\/drlawsonspharmacy\/contact-us\/\"><a href=\"https:\/\/drlawsonspharmacy\/contact-us\/\">CONTACT Bestel Hero\u00efne Online<\/a><\/a><\/p>\n<h3>De voordelen van wit hero\u00efnepoeder<\/h3>\n<p> Hoewel witte hero\u00efnepoeder vaak recreatief of medisch wordt gebruikt om opio\u00efde pijn te behandelen, wordt het ook steeds populairder onder mensen die op zoek zijn naar extremere ervaringen. U kunt nu puur wit hero\u00efnepoeder online kopen bij Dr. Lawsons Pharmacy en de krachtige effecten ervan persoonlijk ervaren. U kunt de puurste hero\u00efne op de markt krijgen als u het in witte poedervorm koopt bij Dr. Lawsons Pharmacy. Dit maakt het perfect voor mensen die op zoek zijn naar een intense ervaring, omdat uw dosis sterker is en langer meegaat dan bij andere soorten hero\u00efne. Bovendien zijn de prijzen redelijk en zijn de levertijden kort. Waar wacht u nog op? Bestel nu een grote hoeveelheid witte poederhero\u00efne! Koop wit hero\u00efnepoeder online        <\/p>\n<h3>Risico&#8217;s verbonden aan het gebruik van witte hero\u00efnepoeder<\/h3>\n<p> Wees u bewust van de gevaren als u van plan bent om online witte hero\u00efnepoeder te kopen. Witte hero\u00efnepoeder is een zeer verslavende stof die zowel psychische als fysieke afhankelijkheid kan veroorzaken als u het vaak gebruikt. U kunt ernstige en pijnlijke ontwenningsverschijnselen ervaren als u het plotseling stopt met gebruiken. Bovendien kunnen zelfs kleine doses van deze krachtige chemische stof dodelijk zijn als ze verkeerd of in overmaat worden gebruikt. Overdosering is zelfs een van de meest voorkomende sterfgevallen die verband houden met het gebruik van witte hero\u00efnepoeder. Last but not least is het gebruik van witte hero\u00efnepoeder in verband gebracht met een aantal schadelijke effecten op de geestelijke gezondheid, waaronder paranoia, verdriet, gedachtestoornissen, angst en terugval in verslaving. Koop witte hero\u00efnepoeder online       <\/p>\n<h3>Koop Witte Hero\u00efne Poeder Online<\/h3>\n<p> Het is belangrijk om te begrijpen dat er geen &#8220;veilige&#8221; dosering van witte hero\u00efnepoeder is, aangezien elke hoeveelheid potentieel dodelijk kan zijn vanwege interacties met iemands bekende of onbewuste gevoeligheden en andere medische problemen. Om deze reden mag het gebruik van hero\u00efne &#8211; hoe weinig ook &#8211; alleen worden gedaan onder strikt toezicht van een gekwalificeerde medische professional. Bestel hero\u00efne online   <\/p>\n<h3>Waarom is Dr. Lawsons Pharmacy de beste plek om online witte hero\u00efnepoeder te kopen?<\/h3>\n<p> Als u online witte hero\u00efnepoeder wilt kopen, zijn er verschillende voordelen, waaronder betaalbaarheid en eenvoud. Het is echter belangrijk om op de hoogte te zijn van de gevaren van het gebruik van deze stof en deze alleen te kopen bij betrouwbare leveranciers zoals Dr. Lawsons Pharmacy. Met de hulp van Dr. Lawsons Pharmacy kunt u vol vertrouwen genieten van de vele voordelen van groothandel witte hero\u00efnepoeder online. Bestel hero\u00efne online    &nbsp;<\/p>\n","protected":false},"excerpt":{"rendered":"<p>Koop online witte hero\u00efnepoeder. Koop Witte Hero\u00efne Poeder Online &#8211; Een van de meest krachtige en lucratieve soorten hero\u00efne op de markt is wit poeder. Maar bij wie moet je het kopen? De beste plek om wit hero\u00efne poeder online te kopen tegen de laagste kosten is Dr. Lawsons Pharmacy. Met een verscheidenheid aan bezorg- [&hellip;]<\/p>\n","protected":false},"featured_media":17987,"comment_status":"closed","ping_status":"closed","template":"","meta":{"om_disable_all_campaigns":false,"_sitemap_exclude":false,"_sitemap_priority":"","_sitemap_frequency":"","_monsterinsights_skip_tracking":false,"_monsterinsights_sitenote_active":false,"_monsterinsights_sitenote_note":"","_monsterinsights_sitenote_category":0},"product_cat":[11067],"product_tag":[11175,11159,11165,11160,11170,11162,11157,11156,11163,11158,11167,11172,11166,11169,11164,11171,11173,11176,11174,11177,11168,11161],"class_list":{"0":"post-25109","1":"product","2":"type-product","3":"status-publish","4":"has-post-thumbnail","6":"product_cat-heroine","7":"product_tag-authentiek-wit-heroinepoeder-europa","8":"product_tag-bestel-online-witte-heroinepoeder","9":"product_tag-bestel-witte-heroinepoeder-eu","10":"product_tag-effecten-van-wit-heroinepoeder","11":"product_tag-goedkope-witte-heroinepoeder-europa","12":"product_tag-hoeveel-kost-witte-heroinepoeder","13":"product_tag-koop-online-wit-heroinepoeder","14":"product_tag-koop-witte-heroinepoeder","15":"product_tag-koop-witte-heroinepoeder-online-europa","16":"product_tag-waar-kan-ik-online-witte-heroinepoeder-kopen","17":"product_tag-waar-kan-ik-witte-heroinepoeder-kopen-in-europa","18":"product_tag-witte-heroine-poeder-europa-winkel","19":"product_tag-witte-heroine-poeder-gratis-verzending-europa","20":"product_tag-witte-heroine-poeder-online-winkel-europa","21":"product_tag-witte-heroinepoeder-beste-prijs-europa","22":"product_tag-witte-heroinepoeder-europa-deals","23":"product_tag-witte-heroinepoeder-europa-korting","24":"product_tag-witte-heroinepoeder-europa-leveranciers","25":"product_tag-witte-heroinepoeder-europa-levering","26":"product_tag-witte-heroinepoeder-europa-review","27":"product_tag-witte-heroinepoeder-europa-verkoop","28":"product_tag-witte-heroinepoeder-online-verkopen","30":"first","31":"instock","32":"shipping-taxable","33":"purchasable","34":"product-type-variable","35":"farmacie-col"},"aioseo_notices":[],"_links":{"self":[{"href":"https:\/\/lacasadelamedicina.es\/nl\/wp-json\/wp\/v2\/product\/25109"}],"collection":[{"href":"https:\/\/lacasadelamedicina.es\/nl\/wp-json\/wp\/v2\/product"}],"about":[{"href":"https:\/\/lacasadelamedicina.es\/nl\/wp-json\/wp\/v2\/types\/product"}],"replies":[{"embeddable":true,"href":"https:\/\/lacasadelamedicina.es\/nl\/wp-json\/wp\/v2\/comments?post=25109"}],"wp:featuredmedia":[{"embeddable":true,"href":"https:\/\/lacasadelamedicina.es\/nl\/wp-json\/wp\/v2\/media\/17987"}],"wp:attachment":[{"href":"https:\/\/lacasadelamedicina.es\/nl\/wp-json\/wp\/v2\/media?parent=25109"}],"wp:term":[{"taxonomy":"product_cat","embeddable":true,"href":"https:\/\/lacasadelamedicina.es\/nl\/wp-json\/wp\/v2\/product_cat?post=25109"},{"taxonomy":"product_tag","embeddable":true,"href":"https:\/\/lacasadelamedicina.es\/nl\/wp-json\/wp\/v2\/product_tag?post=25109"}],"curies":[{"name":"wp","href":"https:\/\/api.w.org\/{rel}","templated":true}]}}