{"id":25096,"date":"2024-08-09T14:01:54","date_gmt":"2024-08-09T14:01:54","guid":{"rendered":"https:\/\/lacasadelamedicina.es\/product\/koop-onversneden-heroine-online\/"},"modified":"2024-08-09T14:01:54","modified_gmt":"2024-08-09T14:01:54","slug":"koop-onversneden-heroine-online","status":"publish","type":"product","link":"https:\/\/lacasadelamedicina.es\/nl\/product\/koop-onversneden-heroine-online\/","title":{"rendered":"Koop onversneden hero\u00efne online"},"content":{"rendered":"<h1>Koop ongesneden hero\u00efne online<\/h1>\n<p> Koop Ongesneden Hero\u00efne Online &#8211; Ongesneden hero\u00efne kan online worden gekocht bij bepaalde dealers, hoewel dit zijn eigen risico&#8217;s met zich meebrengt. Dus als u zich hebt afgevraagd waar u echte, veilige, ongesneden hero\u00efne online kunt vinden, is Dr. Lawsons Pharmacy de plek om naartoe te gaan. Koop Ongesneden Hero\u00efne Online &#8211;   <a href=\"https:\/\/drlawsonspharmacy\/contact-us\/\">CONTACT<\/a><\/p>\n<h3>Hoe wordt onversneden hero\u00efne gemaakt?<\/h3>\n<p> Ongesneden hero\u00efne wordt gemaakt van de gedroogde peulen van de opiumpapaver. Het wordt verzameld en omgezet in een poederachtig, wit materiaal. Het bevat hoge concentraties morfine, <a href=\"https:\/\/dieapotheke247.com\/\">c<\/a>ode\u00efne en andere stoffen, waaronder krachtige opio\u00efden. Het eindresultaat is een ongeraffineerde variant van opium die vrij is van extra chemicali\u00ebn en verwerkingsmiddelen. Afhankelijk van de hoeveelheid vocht en aanwezige alkalo\u00efden, verandert de sterkte van de drug.     <\/p>\n<h3>Voordelen van onversneden hero\u00efne<\/h3>\n<p> Ongesneden hero\u00efne is uw keuze als u op zoek bent naar een high die superieur is aan de rest. Ongesneden hero\u00efne is krachtiger en zuiverder dan andere vormen van hero\u00efne en biedt betere effecten op korte en lange termijn. Bovendien kan het worden afgestemd op de behoeften van de gebruiker, wat resulteert in cocktails die de gebruiker meer controle geven over de dosering en kwaliteit van de drug. Het is ook veiliger om ongesneden hero\u00efne die online is gekocht onder toezicht te consumeren. Vanwege de hogere sterkte is er minder risico op een overdosis. Vergeleken met andere soorten hero\u00efne heeft ongesneden hero\u00efne minder negatieve effecten en een lager risico op verslaving. Klanten hebben zelfs beweerd dat Dr. Lawsons Pharmacy het gemakkelijker maakt om pure, sterke, ongesneden hero\u00efne online te kopen.       <\/p>\n<h3>Bijwerkingen van onversneden hero\u00efne<\/h3>\n<p> Een verhoogd risico op verslaving en overdosis, evenals hogere percentages hiv en andere infecties, zijn allemaal gezondheidsrisico&#8217;s die samenhangen met het gebruik van onversneden hero\u00efne. Bovendien kan onversneden hero\u00efne fysieke bijwerkingen veroorzaken, waaronder misselijkheid, braken, een snelle hartslag en een hoger risico op overdosis. In bepaalde omstandigheden kan het zelfs leiden tot de dood.   <\/p>\n<h3>Waar kan ik online onversneden hero\u00efne kopen?<\/h3>\n<p> Wanneer u online op zoek bent naar onversneden hero\u00efne in bulk, kijk dan naar leveranciers zoals Dr. Lawsons Pharmacy, waarvan de producten door andere bronnen als hoogwaardig zijn beoordeeld. Houd er bij het vergelijken van prijzen van onversneden hero\u00efne online rekening mee dat de kosten sterk kunnen vari\u00ebren, afhankelijk van de locatie (bijv. steden waar de straatprijs van hero\u00efne doorgaans hoger is), tijdstip van de dag (euthanasieceremonies resulteren vaak in hogere prijzen), betaalmethode (creditcards rekenen doorgaans hogere kosten dan PayPal), enz. Omdat wat u koopt waarschijnlijk gemengd zal zijn met andere stoffen, ongeacht de bron, is het belangrijk om niet te veel op te gaan in de prijsdetails. Concentreer u in plaats daarvan op het waarborgen dat de zuiverheid en versheid behouden blijven tijdens het transport- en aankoopproces, niet alleen in de uiteindelijke productfase.    <\/p>\n<h3>Koop ongesneden hero\u00efne online bij Dr. Lawsons Pharmacy<\/h3>\n<p> Het is belangrijk om te onthouden dat onjuist of onverantwoord gebruik van onversneden hero\u00efne ernstige gevolgen kan hebben. Met dat in gedachten, moet u onversneden hero\u00efne alleen online kopen bij gerenommeerde apotheken zoals Dr. Lawsons Pharmacy. Voor de beste prijs bieden wij alleen groothandelsverkoop van echte, onversneden hero\u00efne.   &nbsp;<\/p>\n","protected":false},"excerpt":{"rendered":"<p>Koop ongesneden hero\u00efne online Koop Ongesneden Hero\u00efne Online &#8211; Ongesneden hero\u00efne kan online worden gekocht bij bepaalde dealers, hoewel dit zijn eigen risico&#8217;s met zich meebrengt. Dus als u zich hebt afgevraagd waar u echte, veilige, ongesneden hero\u00efne online kunt vinden, is Dr. Lawsons Pharmacy de plek om naartoe te gaan. Koop Ongesneden Hero\u00efne Online [&hellip;]<\/p>\n","protected":false},"featured_media":17972,"comment_status":"closed","ping_status":"closed","template":"","meta":{"om_disable_all_campaigns":false,"_sitemap_exclude":false,"_sitemap_priority":"","_sitemap_frequency":"","_monsterinsights_skip_tracking":false,"_monsterinsights_sitenote_active":false,"_monsterinsights_sitenote_note":"","_monsterinsights_sitenote_category":0},"product_cat":[11067],"product_tag":[11131,11121,11113,11116,11126,11118,11114,11119,11133,11120,11127,11129,11132,11130,11124,11128,11122,11112,11125,11117,11115,11123],"class_list":{"0":"post-25096","1":"product","2":"type-product","3":"status-publish","4":"has-post-thumbnail","6":"product_cat-heroine","7":"product_tag-authentieke-onversneden-heroine-europa","8":"product_tag-bestel-onversneden-heroine-eu","9":"product_tag-bestel-onversneden-heroine-online","10":"product_tag-effecten-van-onversneden-heroine","11":"product_tag-goedkope-onversneden-heroine-europa","12":"product_tag-hoeveel-kost-onversneden-heroine","13":"product_tag-koop-onversneden-heroine-online","14":"product_tag-koop-onversneden-heroine-online-europa","15":"product_tag-ongesneden-heroine-europa-recensie","16":"product_tag-onversneden-heroine-beste-prijs-europa","17":"product_tag-onversneden-heroine-europa-deals","18":"product_tag-onversneden-heroine-europa-korting","19":"product_tag-onversneden-heroine-europa-leveranciers","20":"product_tag-onversneden-heroine-europa-levering","21":"product_tag-onversneden-heroine-europa-verkoop","22":"product_tag-onversneden-heroine-europa-winkel","23":"product_tag-onversneden-heroine-gratis-verzending-europa","24":"product_tag-onversneden-heroine-kopen","25":"product_tag-onversneden-heroine-online-winkel-europa","26":"product_tag-onversneden-heroine-verkoop-online","27":"product_tag-waar-kun-je-online-onversneden-heroine-kopen","28":"product_tag-waar-kun-je-onversneden-heroine-kopen-in-europa","30":"first","31":"instock","32":"shipping-taxable","33":"purchasable","34":"product-type-variable","35":"farmacie-col"},"aioseo_notices":[],"_links":{"self":[{"href":"https:\/\/lacasadelamedicina.es\/nl\/wp-json\/wp\/v2\/product\/25096"}],"collection":[{"href":"https:\/\/lacasadelamedicina.es\/nl\/wp-json\/wp\/v2\/product"}],"about":[{"href":"https:\/\/lacasadelamedicina.es\/nl\/wp-json\/wp\/v2\/types\/product"}],"replies":[{"embeddable":true,"href":"https:\/\/lacasadelamedicina.es\/nl\/wp-json\/wp\/v2\/comments?post=25096"}],"wp:featuredmedia":[{"embeddable":true,"href":"https:\/\/lacasadelamedicina.es\/nl\/wp-json\/wp\/v2\/media\/17972"}],"wp:attachment":[{"href":"https:\/\/lacasadelamedicina.es\/nl\/wp-json\/wp\/v2\/media?parent=25096"}],"wp:term":[{"taxonomy":"product_cat","embeddable":true,"href":"https:\/\/lacasadelamedicina.es\/nl\/wp-json\/wp\/v2\/product_cat?post=25096"},{"taxonomy":"product_tag","embeddable":true,"href":"https:\/\/lacasadelamedicina.es\/nl\/wp-json\/wp\/v2\/product_tag?post=25096"}],"curies":[{"name":"wp","href":"https:\/\/api.w.org\/{rel}","templated":true}]}}