{"id":25019,"date":"2024-08-09T14:02:03","date_gmt":"2024-08-09T14:02:03","guid":{"rendered":"https:\/\/lacasadelamedicina.es\/product\/koop-jwh-018-online\/"},"modified":"2024-08-09T14:02:03","modified_gmt":"2024-08-09T14:02:03","slug":"koop-jwh-018-online","status":"publish","type":"product","link":"https:\/\/lacasadelamedicina.es\/nl\/product\/koop-jwh-018-online\/","title":{"rendered":"Koop JWH-018 online"},"content":{"rendered":"<h1>Koop JWH-018 online<\/h1>\n<p> Online te koop: JWH-018. De synthetische cannabino\u00efde JWH-018 is in verschillende vormen een bestanddeel van de zelfgekweekte blend &#8220;Zest&#8221;. De euforische effecten van deze specerij-cannabino\u00efde, die vergelijkbaar zijn met die van 9-THC uit cannabis, zijn de belangrijkste reden voor het illegale gebruik ervan. Hoewel JWH-018 aanzienlijk krachtiger is dan vrijwel gelijke hoeveelheden cannabis, vormt het een aanzienlijke uitdaging voor detectie door standaard 9-THC-tests. Koop JWH-018 online.     <a href=\"https:\/\/drlawsonspharmacy\/contact-us\/\"><a href=\"https:\/\/drlawsonspharmacy\/contact-us\/\">CONTACT<\/a><\/a><\/p>\n<h3>Koop JWH-018 online<\/h3>\n<p> De media hebben minstens \u00e9\u00e9n geval van JWH-018-verslaving gemeld. De cli\u00ebnt gebruikte JWH-018 dag na dag gedurende een zeer lange periode. De negatieve gevolgen van terugtrekking waren ernstiger dan die van cannabisverslaving. Toen JWH-018 online werd verkocht, werd waargenomen dat de dikte van de CB1-receptoren aanzienlijk veranderde na inname, zodat desensibilisatie sneller optrad dan bij vergelijkbare <a href=\"https:\/\/dieapotheke247.com\/\">cannabino\u00efden<\/a>. De dood van een honkbalspeler op de middelbare school uit South Carolina werd door JWH-018 door Anderson County Lijkschouwer Greg Shore op 15 oktober 2011 toegeschreven aan &#8220;drugsintoxicatie en orgaanfalen&#8221;. De stad Anderson SC gaf uiteindelijk op 16 december een e-mail over de zaak van 4 november als reactie op een FOIA-verzoek. Vergeleken met THC, dat een gedeeltelijke agonist is op de CB1-receptoren, zijn JWH-018, vele andere synthetische cannabino\u00efden en JWH-018 die online te koop zijn, volledige agonisten. Er is aangetoond dat THC via een aantal mechanismen de neurotransmissie van de GABA-receptor in de hersenen verslechtert. Omdat het de neurotransmissie van GABA effectiever remt dan THC, wordt in een klein aantal gevallen vermoed dat JWH-018 de oorzaak is van epileptische aanvallen en convulsies (meestal bij niet-standaard JWH-klanten). Bij overmatig gebruik kunnen volledige cannabino\u00efdereceptoragonisten de gebruiker in re\u00ebel gevaar brengen.             <\/p>\n<h4><strong>Ik heb JWH-018<\/strong><\/h4>\n<p> De negatieve effecten van het online kopen van JWH-018 zijn zowel op fysiek als psychologisch vlak bewezen. E\u00e9n onderzoek beschreef waanzinnige terugvallen en onaangename bijwerkingen bij goed behandelde pati\u00ebnten met psychische aandoeningen na het inhaleren van JWH-018. [21] Er is aanbevolen dat personen met risicofactoren voor krankzinnige stoornissen (bijvoorbeeld een voorgeschiedenis of familiegeschiedenis van psychose) de consumptie van JWH-018 en andere synthetische cannabino\u00efden moeten vermijden vanwege de bezorgdheid dat deze bij risicopersonen een psychose zouden kunnen veroorzaken. Tegenwoordig is het gemakkelijk en tijdbesparend om JWH-018 online te bestellen, aangezien er verschillende websites zijn die deze service aanbieden. U kunt JWH-018 online bestellen bij Rolland Meds en krijgt een tijdige en veilige levering omdat zij de beste services bieden.   <\/p>\n<h3>Kunt u mij vertellen waar ik JWH-018 kan kopen?<\/h3>\n<p> JWH-018 te koop, JWH-018 straatwaarde, JWH-018 dosis, waar kan ik JWH-018 online kopen, wat is JWH-018 en JWH-018 van topkwaliteit zijn allemaal te koop. Voor al deze onopgeloste vragen kunnen wij de oplossing bieden. U kunt ontdekken hoe en waar u JWH-018 online kunt kopen door simpelweg op onze website te surfen. JWH-018 is een punt van zorg. Weet u ook waar ik JWH-018 online kan kopen? Koop JWH-018 te koop, hoe maak je JWH-018, hoe ziet JWH-018 eruit, hoeveel kost JWH-018 op straat, hoeveel kost JWH-018 online, waar kan ik JWH-018 kopen en waar kan ik pure JWH -018 krijgen.      <\/p>\n<h3><strong>Bestel JWH-018<\/strong><\/h3>\n<p> Het is overduidelijk dat mensen niet onmiddellijk vertrouwen hebben in de kwaliteit van JWH-018 die online wordt verkocht, omdat ze deze niet fysiek kunnen inspecteren. Bij online verkoper JWH-018 is dit echter niet het geval. De hier aangeboden producten zijn een nauwkeurige weergave van wat ze zijn, met eersteklas onderhoud uitgevoerd onder professioneel toezicht. Sneller &amp;amp; Discrete verzending: Zoals beloofd wordt de JWH-018 online geleverd onmiddellijk nadat de bestelling is ontvangen. Het verzendteam streeft ernaar om de verzending en levering snel en gemakkelijk te maken. Wanneer u JWH-018 bij een specialist op een online platform koopt, bent u bovendien verzekerd van eersteklas service.      &nbsp;<\/p>\n","protected":false},"excerpt":{"rendered":"<p>Koop online JWH-018. De synthetische cannabino\u00efde JWH-018 is een component van de zelfgekweekte mix &#8220;Zest&#8221; in verschillende vormen. De euforische effecten van deze specerijcannabino\u00efde, die vergelijkbaar zijn met die van cannabis&#8217; 9-THC, zijn de belangrijkste reden voor het illegale gebruik ervan.   &nbsp;<\/p>\n","protected":false},"featured_media":18122,"comment_status":"closed","ping_status":"closed","template":"","meta":{"om_disable_all_campaigns":false,"_sitemap_exclude":false,"_sitemap_priority":"","_sitemap_frequency":"","_monsterinsights_skip_tracking":false,"_monsterinsights_sitenote_active":false,"_monsterinsights_sitenote_note":"","_monsterinsights_sitenote_category":0},"product_cat":[10162],"product_tag":[10844,10834,10826,10829,10839,10831,10833,10846,10840,10842,10843,10837,10841,10845,10838,10835,10830,10827,10825,10832,10828,10836],"class_list":{"0":"post-25019","1":"product","2":"type-product","3":"status-publish","4":"has-post-thumbnail","6":"product_cat-onderzoekschemicalien-en-psychedelica","7":"product_tag-authentieke-jwh-018-europa","8":"product_tag-bestel-jwh-018-eu","9":"product_tag-bestel-jwh-018-online","10":"product_tag-effecten-van-jwh-018","11":"product_tag-goedkoop-jwh-018-europa","12":"product_tag-hoeveel-kost-jwh-018","13":"product_tag-jwh-018-beste-prijs-europa","14":"product_tag-jwh-018-europa-beoordeling","15":"product_tag-jwh-018-europa-deals","16":"product_tag-jwh-018-europa-korting","17":"product_tag-jwh-018-europa-levering","18":"product_tag-jwh-018-europa-verkoop","19":"product_tag-jwh-018-europa-winkel","20":"product_tag-jwh-018-europese-leveranciers","21":"product_tag-jwh-018-gratis-verzending-europa-nl","22":"product_tag-jwh-018-gratis-verzending-europa","23":"product_tag-jwh-018-online-te-koop","24":"product_tag-koop-jwh-018-nl","25":"product_tag-koop-jwh-018-online-nl","26":"product_tag-koop-jwh-018-online-europa","27":"product_tag-waar-jwh-018-online-te-koop","28":"product_tag-waar-te-koop-jwh-018-europa","30":"first","31":"instock","32":"shipping-taxable","33":"purchasable","34":"product-type-variable","35":"farmacie-col"},"aioseo_notices":[],"_links":{"self":[{"href":"https:\/\/lacasadelamedicina.es\/nl\/wp-json\/wp\/v2\/product\/25019"}],"collection":[{"href":"https:\/\/lacasadelamedicina.es\/nl\/wp-json\/wp\/v2\/product"}],"about":[{"href":"https:\/\/lacasadelamedicina.es\/nl\/wp-json\/wp\/v2\/types\/product"}],"replies":[{"embeddable":true,"href":"https:\/\/lacasadelamedicina.es\/nl\/wp-json\/wp\/v2\/comments?post=25019"}],"wp:featuredmedia":[{"embeddable":true,"href":"https:\/\/lacasadelamedicina.es\/nl\/wp-json\/wp\/v2\/media\/18122"}],"wp:attachment":[{"href":"https:\/\/lacasadelamedicina.es\/nl\/wp-json\/wp\/v2\/media?parent=25019"}],"wp:term":[{"taxonomy":"product_cat","embeddable":true,"href":"https:\/\/lacasadelamedicina.es\/nl\/wp-json\/wp\/v2\/product_cat?post=25019"},{"taxonomy":"product_tag","embeddable":true,"href":"https:\/\/lacasadelamedicina.es\/nl\/wp-json\/wp\/v2\/product_tag?post=25019"}],"curies":[{"name":"wp","href":"https:\/\/api.w.org\/{rel}","templated":true}]}}