{"id":24955,"date":"2024-08-09T14:02:04","date_gmt":"2024-08-09T14:02:04","guid":{"rendered":"https:\/\/lacasadelamedicina.es\/product\/koop-fentanylpoeder-online\/"},"modified":"2024-09-02T21:21:45","modified_gmt":"2024-09-02T21:21:45","slug":"koop-fentanylpoeder-online","status":"publish","type":"product","link":"https:\/\/lacasadelamedicina.es\/nl\/product\/koop-fentanylpoeder-online\/","title":{"rendered":"Koop Fentanylpoeder Online"},"content":{"rendered":"<h1>Koop Fentanylpoeder Online<\/h1>\n<p> Fentanylpoeder te koop online, geweldige synthetische opio\u00efde pijnstiller Fentanylpoeder lijkt qua effecten op morfine, maar is 50 tot vele malen sterker.3 Het is een medicijn van schema II dat een arts moet toedienen.4 Het wordt meestal gebruikt om pati\u00ebnten met ondraaglijke pijn te behandelen of om pijn na een operatie te beheersen. Het wordt ook af en toe gebruikt om mensen met chronische pijn te behandelen die geen andere opio\u00efden kunnen verdragen.5 In de geneeskunde is fentanyl bekend onder namen als Actiq, Duragesic en Sublimaze. Apache, China Girl, China White, Dance Fever, Friend, Goodfella, Jackpot, Murder 8, TNT en Tango and Cash zijn enkele straatnamen voor fentanyl of hero\u00efne die fentanyl bevat. Koop Fentanylpoeder online &#8211;       <a href=\"https:\/\/drlawsonspharmacy\/contact-us\/\">CONTACT<\/a><\/p>\n<h3>Hoe wordt Fentanyl door mensen gebruikt?<\/h3>\n<p> Fentanyl wordt vaak toegediend via infusen, transdermale fixaties of zuigtabletten als een arts het voorschrijft.6 De fentanyl en fentanylanalogen die in verband worden gebracht met recente overdoses, worden echter gedistribueerd vanuit geheime laboratoria.7 Deze niet-medicamenteuze fentanyl wordt te koop aangeboden in de volgende vormen: als poeder, gestrooid op vloeipapier, gecombineerd met of als vervanging voor hero\u00efne, of in de vorm van pillen die andere, minder krachtige opio\u00efden nabootsen.8 Fentanyl kan oraal worden ingenomen, gegromd, ge\u00efnfuseerd of opgenomen via slijmvliezen door vloeipapier in de mond te plaatsen.    <\/p>\n<h3>Wat zijn de effecten van fentanyl op de hersenen?<\/h3>\n<p> Fentanyl werkt op een vergelijkbare manier als hero\u00efne, morfine en andere verdovende middelen doordat het zich bindt aan de narcotische receptoren van het lichaam. Deze receptoren bevinden zich in hersengebieden die pijn en emotie reguleren. 9 Verdovende middelen kunnen het dopaminegehalte in de beloningsgebieden van de hersenen verhogen door zich aan deze receptoren te binden, wat resulteert in een staat van high-achtig gedrag. 9 De effecten van fentanyl zijn vergelijkbaar met die van hero\u00efne en omvatten euforie, uitputting, misselijkheid, chaos, obstructie, sedatie, veerkracht, fixatie, ademnood en beknelling, vanzelfsprekendheid, een trance-achtige staat en de dood.   <\/p>\n<h3>Kent u online bronnen voor Fentanyl?<\/h3>\n<p> Waar kan ik Fentanylpoeder online kopen, waar kan ik Fentanyl online kopen, wat is Fentanyl en premium kwaliteit Fentanylpoeder te koop. Fentanylpoeder te koop, Fentanylpoeder straatwaarde, Fentanyl dosering en hoe Fentanylpoeder te maken. Wij kunnen de oplossingen bieden voor al deze onopgeloste vragen. U kunt meer te weten komen over waar en hoe u Fentanylpoeder online kunt kopen door gewoon op onze website te bladeren. Hoe zit het met Fentanylpoeder? Weet u waar u Fentanyl online kunt kopen? Koop Fentanylpoeder, Fentanylpoeder te koop, Hoe Fentanylpoeder te maken, Hoe ziet Fentanylpoeder eruit, Straatwaarde van Fentanylpoeder, Kosten van Fentanylpoeder, Waar Fentanylpoeder te koop is, Zuiver Fentanylpoeder, Leveranciers van Fentanylpoeder, Waar kan ik Fentanylpoeder online kopen en Prijs van Fentanylpoeder       <\/p>\n<h3>Koop Fentanylpoeder Online<\/h3>\n<p> Het is heel begrijpelijk dat mensen de kwaliteit van Fentanylpoeder dat online wordt verkocht niet meteen accepteren, omdat ze het niet persoonlijk kunnen verifi\u00ebren. De situatie is echter anders bij online Fentanylpoederleveranciers. De producten die hier worden aangeboden, zijn precies wat ze zijn en worden eersteklas onderhouden onder professioneel toezicht. Snelle en discrete verzending: Het Fentanylpoeder wordt zoals beloofd direct na ontvangst van de bestelling geleverd. Het verzendteam doet er alles aan om ervoor te zorgen dat het verzend- en leveringsproces snel en eenvoudig verloopt. Wanneer u Fentanylpoeder koopt bij een gerenommeerde internetverkoper, kunt u ook eersteklas service verwachten.      &nbsp;<\/p>\n","protected":false},"excerpt":{"rendered":"<p>Vergeleken met morfine is fentanyl een krachtig synthetisch opio\u00efde pijnstiller dat 50 tot 100 keer krachtiger is.1,2 Het is een voorgeschreven medicijn van Schema II3 en wordt doorgaans gebruikt om pijn te beheersen na een operatie of om mensen met ernstige pijn te behandelen. &nbsp;<\/p>\n","protected":false},"featured_media":18602,"comment_status":"closed","ping_status":"closed","template":"","meta":{"om_disable_all_campaigns":false,"_sitemap_exclude":false,"_sitemap_priority":"","_sitemap_frequency":"","_monsterinsights_skip_tracking":false,"_monsterinsights_sitenote_active":false,"_monsterinsights_sitenote_note":"","_monsterinsights_sitenote_category":0},"product_cat":[10162],"product_tag":[10624,10614,10609,10613,10626,10620,10622,10623,10617,10621,10615,10618,10625,10605,10608,10610,10619,10611,10606,10612,10616,10607],"class_list":{"0":"post-24955","1":"product","2":"type-product","3":"status-publish","4":"has-post-thumbnail","6":"product_cat-onderzoekschemicalien-en-psychedelica","7":"product_tag-authentiek-fentanylpoeder-europa","8":"product_tag-bestel-fentanyl-poeder-eu","9":"product_tag-effecten-van-fentanylpoeder","10":"product_tag-fentanyl-poeder-beste-prijs-europa","11":"product_tag-fentanyl-poeder-europa-beoordeling","12":"product_tag-fentanyl-poeder-europa-deals","13":"product_tag-fentanyl-poeder-europa-korting","14":"product_tag-fentanyl-poeder-europa-levering","15":"product_tag-fentanyl-poeder-europa-te-koop","16":"product_tag-fentanyl-poeder-europa-winkel","17":"product_tag-fentanyl-poeder-gratis-verzending-europa","18":"product_tag-fentanyl-poeder-online-winkel-europa","19":"product_tag-fentanylpoeder-europa-leveranciers","20":"product_tag-fentanylpoeder-kopen","21":"product_tag-fentanylpoeder-online-bestellen","22":"product_tag-fentanylpoeder-online-te-koop","23":"product_tag-goedkope-fentanyl-poeder-europa","24":"product_tag-hoeveel-kost-fentanylpoeder","25":"product_tag-koop-fentanylpoeder-online","26":"product_tag-koop-fentanylpoeder-online-europa","27":"product_tag-waar-fentanylpoeder-europa-kopen","28":"product_tag-waar-fentanylpoeder-online-kopen","30":"first","31":"instock","32":"shipping-taxable","33":"purchasable","34":"product-type-variable","35":"farmacie-col"},"aioseo_notices":[],"_links":{"self":[{"href":"https:\/\/lacasadelamedicina.es\/nl\/wp-json\/wp\/v2\/product\/24955"}],"collection":[{"href":"https:\/\/lacasadelamedicina.es\/nl\/wp-json\/wp\/v2\/product"}],"about":[{"href":"https:\/\/lacasadelamedicina.es\/nl\/wp-json\/wp\/v2\/types\/product"}],"replies":[{"embeddable":true,"href":"https:\/\/lacasadelamedicina.es\/nl\/wp-json\/wp\/v2\/comments?post=24955"}],"wp:featuredmedia":[{"embeddable":true,"href":"https:\/\/lacasadelamedicina.es\/nl\/wp-json\/wp\/v2\/media\/18602"}],"wp:attachment":[{"href":"https:\/\/lacasadelamedicina.es\/nl\/wp-json\/wp\/v2\/media?parent=24955"}],"wp:term":[{"taxonomy":"product_cat","embeddable":true,"href":"https:\/\/lacasadelamedicina.es\/nl\/wp-json\/wp\/v2\/product_cat?post=24955"},{"taxonomy":"product_tag","embeddable":true,"href":"https:\/\/lacasadelamedicina.es\/nl\/wp-json\/wp\/v2\/product_tag?post=24955"}],"curies":[{"name":"wp","href":"https:\/\/api.w.org\/{rel}","templated":true}]}}