{"id":24843,"date":"2024-08-09T14:02:13","date_gmt":"2024-08-09T14:02:13","guid":{"rendered":"https:\/\/lacasadelamedicina.es\/product\/mexicaanse-cocaine-online-kopen\/"},"modified":"2024-08-09T14:02:13","modified_gmt":"2024-08-09T14:02:13","slug":"mexicaanse-cocaine-online-kopen","status":"publish","type":"product","link":"https:\/\/lacasadelamedicina.es\/nl\/product\/mexicaanse-cocaine-online-kopen\/","title":{"rendered":"Mexicaanse coca\u00efne online kopen"},"content":{"rendered":"<h3>Koop Mexicaanse coca\u00efne online.<\/h3>\n<p> Mexicaanse coca\u00efne online kopen kan een snelle en veilige manier zijn om de drug te verkrijgen zonder dat u te maken krijgt met dealers of de zwarte markt in uw buurt. Dus als u Mexicaanse coca\u00efne wilt kopen, maar niet weet waar u moet beginnen, plaats dan gewoon een bestelling bij Narco Powders en laat het bij u thuis bezorgen. Koop Mexicaanse coca\u00efne online &#8211;   <a href=\"https:\/\/drlawsonspharmacy\/contact-us\/\">Koupit mexick\u00fd kokain online<\/a><\/p>\n<h3>Jak se vyr\u00e1b\u00ed mexick\u00fd kokain?<\/h3>\n<p> Existuj\u00ed dva hlavn\u00ed typy kokainu: mexick\u00fd a kolumbijsk\u00fd. Zat\u00edmco kolumbijsk\u00fd kokain se z\u00edsk\u00e1v\u00e1 z list\u016f africk\u00e9ho ke\u0159e koky, mexick\u00fd kokain se vyr\u00e1b\u00ed bu\u010f z list\u016f koky, nebo z m\u00e1ku. Mexick\u00fd kokain se vyr\u00e1b\u00ed o n\u011bco slo\u017eit\u011bj\u0161\u00edm zp\u016fsobem ne\u017e kolumbijsk\u00fd kokain. Listy koky se nejprve usu\u0161\u00ed, ne\u017e se rozdrt\u00ed na pr\u00e1\u0161ek. K vytvo\u0159en\u00ed ka\u0161e se tento pr\u00e1\u0161ek sm\u00edch\u00e1 s vodou a dal\u0161\u00edmi l\u00e1tkami, jako je cukr a s\u016fl. Sm\u011bs se pot\u00e9 zah\u0159eje, aby se vytvo\u0159ila hust\u00e1 pasta, ze kter\u00e9 lze tvarovat tablety nebo bloky.      <\/p>\n<h3>Koupit mexick\u00fd kokain online<\/h3>\n<p> Existuje mnoho alternativn\u00edch metod zpracov\u00e1n\u00ed mexick\u00e9ho kokainu. P\u0159ed injek\u010dn\u00edm nebo kou\u0159en\u00edm lze mexick\u00fd kokain rozpustit v r\u016fzn\u00fdch rozpou\u0161t\u011bdlech. Pokud si chcete koupit mexick\u00fd kokain online od Dr. Lawsons Pharmacy, m\u011bli byste v\u011bnovat pozornost bezpe\u010dnostn\u00edm pokyn\u016fm na webov\u00fdch str\u00e1nk\u00e1ch. Kdykoli je to mo\u017en\u00e9, pou\u017e\u00edvejte \u010dist\u00e9 jehly a nevst\u0159ikujte l\u00e9k do otev\u0159en\u00fdch ran, proto\u017ee to m\u016f\u017ee v\u00e9st k infekc\u00edm a dal\u0161\u00edm zdravotn\u00edm probl\u00e9m\u016fm. Tak\u00e9 bu\u010fte v\u017edy opatrn\u00ed p\u0159i sexu s n\u011bk\u00fdm, kdo pr\u00e1v\u011b u\u017eil mexick\u00fd kokain zakoupen\u00fd online. Koupit mexick\u00fd kokain online      <\/p>\n<h3>V\u00fdhody mexick\u00e9ho kokainu<\/h3>\n<p> Jednou z nejpou\u017e\u00edvan\u011bj\u0161\u00edch odr\u016fd kokainu je mexick\u00fd kokain. M\u00e1 siln\u00fd a dlouhotrvaj\u00edc\u00ed \u00fa\u010dinek, je nejvy\u0161\u0161\u00ed kvality a m\u00e1 ide\u00e1ln\u00ed st\u0159ih. Nav\u00edc ve srovn\u00e1n\u00ed s jin\u00fdmi druhy kokainu je mexick\u00fd kokain m\u00e9n\u011b pravd\u011bpodobn\u011b fal\u0161ovan\u00fd nebo obsahuje kontaminanty. To znamen\u00e1, \u017ee je rychlej\u0161\u00ed na vytvo\u0159en\u00ed a jednodu\u0161\u0161\u00ed pou\u017eit\u00ed. A kone\u010dn\u011b, mexick\u00fd kokain je nejlep\u0161\u00ed volbou pro ty, kte\u0159\u00ed pot\u0159ebuj\u00ed narkotika na cest\u00e1ch, proto\u017ee jej lze skladovat po dlouhou dobu, ani\u017e by se zhor\u0161ila nebo ztratila jeho pou\u017eitelnost.     <\/p>\n<h3>Vedlej\u0161\u00ed \u00fa\u010dinky mexick\u00e9ho kokainu<\/h3>\n<p> Mexick\u00fd kokain je n\u00e1vykov\u00e1, siln\u00e1 l\u00e1tka, kter\u00e1 m\u016f\u017ee m\u00edt negativn\u00ed vedlej\u0161\u00ed \u00fa\u010dinky. Pravideln\u00e9 u\u017e\u00edv\u00e1n\u00ed mexick\u00e9ho kokainu, stejn\u011b jako jak\u00e1koli jin\u00e1 z\u00e1vislost, m\u016f\u017ee m\u00edt za n\u00e1sledek zv\u00fd\u0161enou srde\u010dn\u00ed frekvenci, pocen\u00ed a roz\u0161\u00ed\u0159en\u00e9 zorni\u010dky. V z\u00e1va\u017en\u00fdch p\u0159\u00edpadech jsou mo\u017en\u00e9 z\u00e1chvaty, \u00fazkost, v\u0159edy v \u00fastech a nevolnost. U\u017e\u00edv\u00e1n\u00ed tohoto l\u00e9ku s sebou nese riziko rozvoje fyzick\u00e9 z\u00e1vislosti, proto byste m\u011bli pe\u010dliv\u011b dodr\u017eovat pokyny pro d\u00e1vkov\u00e1n\u00ed.    <\/p>\n<h3>Kde koupit mexick\u00fd kokain online?<\/h3>\n<p> Als u hoogwaardige Mexicaanse coca\u00efne wilt kopen, is er geen betere plek om naartoe te gaan dan Dr. Lawsons Pharmacy. Van wit poeder tot crack, u kunt hier alle soorten Mexicaanse coca\u00efne krijgen. U kunt er zeker van zijn dat u in ons brede assortiment de juiste vari\u00ebteit en het juiste type coca\u00efne voor uw behoeften vindt. Daarnaast bieden we verschillende betaalmethoden, waaronder Bitcoin en bankoverschrijving, zodat u drugs met volledig vertrouwen kunt kopen.    &nbsp;<\/p>\n","protected":false},"excerpt":{"rendered":"<p>Koop Mexicaanse coca\u00efne online. Mexicaanse coca\u00efne online kopen kan een snelle en veilige manier zijn om de drug te verkrijgen zonder dat u te maken krijgt met dealers of de zwarte markt in uw buurt. Dus als u Mexicaanse coca\u00efne wilt kopen, maar niet weet waar u moet beginnen, plaats dan gewoon een bestelling bij [&hellip;]<\/p>\n","protected":false},"featured_media":18737,"comment_status":"closed","ping_status":"closed","template":"","meta":{"om_disable_all_campaigns":false,"_sitemap_exclude":false,"_sitemap_priority":"","_sitemap_frequency":"","_monsterinsights_skip_tracking":false,"_monsterinsights_sitenote_active":false,"_monsterinsights_sitenote_note":"","_monsterinsights_sitenote_category":0},"product_cat":[10339],"product_tag":[10406,10425,10415,10410,10420,10412,10413,10414,10421,10423,10424,10427,10418,10422,10416,10407,10408,10419,10426,10411,10417,10409],"class_list":{"0":"post-24843","1":"product","2":"type-product","3":"status-publish","4":"has-post-thumbnail","6":"product_cat-cocaine-nl","7":"product_tag-authentieke-mexicaanse-cocaine-europa","8":"product_tag-authentieke-mexicaanse-cocaine-europa-nl","9":"product_tag-bestel-mexicaanse-cocaine-eu","10":"product_tag-effecten-van-mexicaanse-cocaine","11":"product_tag-goedkope-mexicaanse-cocaine-europa","12":"product_tag-hoeveel-kost-mexicaanse-cocaine","13":"product_tag-koop-mexicaanse-cocaine-online-europa","14":"product_tag-mexicaanse-cocaine-beste-prijs-europa","15":"product_tag-mexicaanse-cocaine-europa-deals","16":"product_tag-mexicaanse-cocaine-europa-korting","17":"product_tag-mexicaanse-cocaine-europa-levering","18":"product_tag-mexicaanse-cocaine-europa-review","19":"product_tag-mexicaanse-cocaine-europa-verkoop","20":"product_tag-mexicaanse-cocaine-europa-winkel","21":"product_tag-mexicaanse-cocaine-gratis-verzending-europa","22":"product_tag-mexicaanse-cocaine-online-bestellen","23":"product_tag-mexicaanse-cocaine-online-kopen","24":"product_tag-mexicaanse-cocaine-online-winkel-europa","25":"product_tag-mexicaanse-cocaineleveranciers-in-europa","26":"product_tag-mexicaanse-cocaineverkoop-online","27":"product_tag-waar-mexicaanse-cocaine-kopen-europa","28":"product_tag-waar-mexicaanse-cocaine-online-kopen","30":"first","31":"instock","32":"shipping-taxable","33":"purchasable","34":"product-type-variable","35":"farmacie-col"},"aioseo_notices":[],"_links":{"self":[{"href":"https:\/\/lacasadelamedicina.es\/nl\/wp-json\/wp\/v2\/product\/24843"}],"collection":[{"href":"https:\/\/lacasadelamedicina.es\/nl\/wp-json\/wp\/v2\/product"}],"about":[{"href":"https:\/\/lacasadelamedicina.es\/nl\/wp-json\/wp\/v2\/types\/product"}],"replies":[{"embeddable":true,"href":"https:\/\/lacasadelamedicina.es\/nl\/wp-json\/wp\/v2\/comments?post=24843"}],"wp:featuredmedia":[{"embeddable":true,"href":"https:\/\/lacasadelamedicina.es\/nl\/wp-json\/wp\/v2\/media\/18737"}],"wp:attachment":[{"href":"https:\/\/lacasadelamedicina.es\/nl\/wp-json\/wp\/v2\/media?parent=24843"}],"wp:term":[{"taxonomy":"product_cat","embeddable":true,"href":"https:\/\/lacasadelamedicina.es\/nl\/wp-json\/wp\/v2\/product_cat?post=24843"},{"taxonomy":"product_tag","embeddable":true,"href":"https:\/\/lacasadelamedicina.es\/nl\/wp-json\/wp\/v2\/product_tag?post=24843"}],"curies":[{"name":"wp","href":"https:\/\/api.w.org\/{rel}","templated":true}]}}