{"id":24837,"date":"2024-08-09T14:02:16","date_gmt":"2024-08-09T14:02:16","guid":{"rendered":"https:\/\/lacasadelamedicina.es\/product\/koop-colombiaanse-cocaine-online\/"},"modified":"2024-09-02T16:18:00","modified_gmt":"2024-09-02T16:18:00","slug":"koop-colombiaanse-cocaine-online","status":"publish","type":"product","link":"https:\/\/lacasadelamedicina.es\/nl\/product\/koop-colombiaanse-cocaine-online\/","title":{"rendered":"Koop Colombiaanse coca\u00efne online"},"content":{"rendered":"<h3>Koop Colombiaanse coca\u00efne online.<\/h3>\n<p> Bent u op zoek naar Colombiaanse coca\u00efne om online te kopen? In dat geval is Dr. Lawsons Pharmacy de ideale plek voor u. Hier kunt u een breed scala aan premium coca\u00efneproducten krijgen die gemaakt zijn van Colombiaanse cocabladeren. Koop Colombiaanse coca\u00efne online &#8211;    <a href=\"https:\/\/drlawsonspharmacy\/contact-us\/\">CONTACT<\/a><\/p>\n<h3>Hoe wordt Colombiaanse coca\u00efne gemaakt?<\/h3>\n<p> Een van de meest gebruikte verdovende middelen op de markt van vandaag is Colombiaanse coca\u00efne. Het is een krachtig stimulerend middel dat energie en focus kan verhogen. Om Colombiaanse coca\u00efne te produceren, moeten boeren eerst cocabladeren oogsten in de Andes. Zodra de cocabladeren rijp zijn, worden ze geplukt en omgezet in kristallen van coca\u00efnehydrochloride. Dit proces omvat het distilleren van de bladeren met behulp van verschillende chemische processen, zoals zuurwassen en etherextractie. Ten slotte wordt de coca\u00efne naar het buitenland vervoerd en verkocht op de ondergrondse markt.      <\/p>\n<h3>Koop Colombiaanse coca\u00efne online<\/h3>\n<p> Omdat Colombiaanse coca\u00efne lucratiever is dan andere soorten drugs in Europa en andere delen van de wereld, gebruiken drugshandelorganisaties verschillende routes en havens om het daar te krijgen. Vanwege deze kenmerken zijn er vaak grote prijsverschillen tussen Colombiaanse coca\u00efne en andere drugs die op de markt verkrijgbaar zijn.  <\/p>\n<h3>Voordelen van Colombiaanse coca\u00efne<\/h3>\n<p> Als u een intenser gevoel van euforie wilt ervaren of <a href=\"https:\/\/dieapotheke247.com\/\">Colombiaanse<\/a> coca\u00efne wilt gebruiken als onderdeel van uw verslavingsbehandeling, zijn er een aantal voordelen aan verbonden. Colombiaanse coca\u00efne heeft een hogere potentie dan andere soorten coca\u00efne, waardoor gebruikers de voordelen kunnen ervaren met een veel kleinere hoeveelheid, en ook een groter gevoel van plezier en alertheid hebben. Vanwege de zuiverheid en het ontbreken van kruisbesmetting met andere stoffen, wordt Colombiaanse coca\u00efne die online wordt gekocht vaak als aantrekkelijker gezien. Wij hebben de ideale Colombiaanse coca\u00efne te koop, of u het nu wilt snuiven of roken. Probeer het nu bij Dr. Lawsons Pharmacy. U zult niet teleurgesteld worden!      <\/p>\n<h3>Bijwerkingen van Colombiaanse coca\u00efne<\/h3>\n<p> Kortetermijn-bijwerkingen van coca\u00efnegebruik zijn onder andere dat gebruikers een gevoel van euforie of high ervaren, evenals verhoogde energie en motivatie. Afhankelijk van hoeveel coca\u00efne iemand heeft geconsumeerd, duren deze ongewenste effecten meestal ongeveer een uur. Problemen met concentratie en aandacht, verhoogde hartslag en bloeddruk, slapeloosheid, snel gewichtsverlies of -toename, verslaving, toevallen, leverschade en zelfs de dood zijn allemaal mogelijke langetermijn-negatieve effecten van coca\u00efnegebruik.   <\/p>\n<h3>Waar kan ik online Colombiaanse coca\u00efne bestellen?<\/h3>\n<p> Online coca\u00efne bestellen bij Dr. Lawsons Pharmacy is om een \u200b\u200baantal redenen zinvol. Een daarvan is dat de verschillende autoriteiten verdeeld blijven over de vraag of het legaal is om online coca\u00efne te kopen. Maar u kunt Colombiaanse coca\u00efne online kopen zonder bang te zijn om gearresteerd te worden. Het gemak van online coca\u00efne kopen is een andere rechtvaardiging. Dr. Lawsons Pharmacy maakt het gemakkelijk en handig om Colombiaanse coca\u00efne in bulk te kopen zonder dat u uw huis of werkplek hoeft te verlaten. Last but not least biedt Dr Lawsons Pharmacy een verscheidenheid aan coca\u00efneproducten te koop aan, van poeder tot crack bricks.      &nbsp;<\/p>\n","protected":false},"excerpt":{"rendered":"<p>&nbsp;<\/p>\n","protected":false},"featured_media":18362,"comment_status":"closed","ping_status":"closed","template":"","meta":{"om_disable_all_campaigns":false,"_sitemap_exclude":false,"_sitemap_priority":"","_sitemap_frequency":"","_monsterinsights_skip_tracking":false,"_monsterinsights_sitenote_active":false,"_monsterinsights_sitenote_note":"","_monsterinsights_sitenote_category":0},"product_cat":[10339],"product_tag":[10403,10393,10385,10392,10401,10405,10396,10400,10394,10384,10402,10386,10397,10399,10404,10389,10388,10398,10390,10391,10395,10387],"class_list":{"0":"post-24837","1":"product","2":"type-product","3":"status-publish","4":"has-post-thumbnail","6":"product_cat-cocaine-nl","7":"product_tag-authentieke-colombiaanse-cocaine-europa","8":"product_tag-bestel-colombiaanse-cocaine-eu","9":"product_tag-bestel-colombiaanse-cocaine-online","10":"product_tag-colombiaanse-cocaine-beste-prijs-europa","11":"product_tag-colombiaanse-cocaine-europa-korting","12":"product_tag-colombiaanse-cocaine-europa-review","13":"product_tag-colombiaanse-cocaine-europa-verkoop","14":"product_tag-colombiaanse-cocaine-europa-winkel","15":"product_tag-colombiaanse-cocaine-gratis-verzending-europa","16":"product_tag-colombiaanse-cocaine-kopen","17":"product_tag-colombiaanse-cocaine-levering-in-europa","18":"product_tag-colombiaanse-cocaine-online-kopen","19":"product_tag-colombiaanse-cocaine-online-winkel-europa","20":"product_tag-colombiaanse-cocainehandel-in-europa","21":"product_tag-colombiaanse-cocaineleveranciers-in-europa","22":"product_tag-colombiaanse-cocaineverkoop-online","23":"product_tag-effecten-van-colombiaanse-cocaine","24":"product_tag-goedkope-colombiaanse-cocaine-europa","25":"product_tag-hoeveel-kost-colombiaanse-cocaine","26":"product_tag-koop-colombiaanse-cocaine-online-europa","27":"product_tag-waar-colombiaanse-cocaine-kopen-europa","28":"product_tag-waar-colombiaanse-cocaine-online-kopen","30":"first","31":"instock","32":"shipping-taxable","33":"purchasable","34":"product-type-variable","35":"farmacie-col"},"aioseo_notices":[],"_links":{"self":[{"href":"https:\/\/lacasadelamedicina.es\/nl\/wp-json\/wp\/v2\/product\/24837"}],"collection":[{"href":"https:\/\/lacasadelamedicina.es\/nl\/wp-json\/wp\/v2\/product"}],"about":[{"href":"https:\/\/lacasadelamedicina.es\/nl\/wp-json\/wp\/v2\/types\/product"}],"replies":[{"embeddable":true,"href":"https:\/\/lacasadelamedicina.es\/nl\/wp-json\/wp\/v2\/comments?post=24837"}],"wp:featuredmedia":[{"embeddable":true,"href":"https:\/\/lacasadelamedicina.es\/nl\/wp-json\/wp\/v2\/media\/18362"}],"wp:attachment":[{"href":"https:\/\/lacasadelamedicina.es\/nl\/wp-json\/wp\/v2\/media?parent=24837"}],"wp:term":[{"taxonomy":"product_cat","embeddable":true,"href":"https:\/\/lacasadelamedicina.es\/nl\/wp-json\/wp\/v2\/product_cat?post=24837"},{"taxonomy":"product_tag","embeddable":true,"href":"https:\/\/lacasadelamedicina.es\/nl\/wp-json\/wp\/v2\/product_tag?post=24837"}],"curies":[{"name":"wp","href":"https:\/\/api.w.org\/{rel}","templated":true}]}}