{"id":24770,"date":"2024-08-09T14:02:39","date_gmt":"2024-08-09T14:02:39","guid":{"rendered":"https:\/\/lacasadelamedicina.es\/product\/koop-105-mcg-voidrealm-online\/"},"modified":"2024-09-01T20:02:39","modified_gmt":"2024-09-01T20:02:39","slug":"koop-105-mcg-voidrealm-online","status":"publish","type":"product","link":"https:\/\/lacasadelamedicina.es\/nl\/product\/koop-105-mcg-voidrealm-online\/","title":{"rendered":"Koop 105 MCG Voidrealm online"},"content":{"rendered":"<p><strong>Koop 105 mcg Voidrealm online<\/strong> LSD is misschien niet giftig, maar resistentie kan ontstaan \u200b\u200bbij het aanbrengen van stijgende doses. Ongunstige psychologische reacties zoals angst, depressie en visioenen zijn waarschijnlijk. Zorgwekkende hallucinaties kunnen ontstaan \u200b\u200bzonder verdere toepassing, een syndroom dat chronisch visus-hallucinogeen syndroom wordt genoemd. Dood als gevolg van LSD is zeer ongebruikelijk. <strong>Feiten die u kunnen helpen bij het online kopen van 105 Mcg Voidrealm<\/strong> Hoewel LSD een breed scala aan producten biedt, zoals vape-karren, fractal storm, teacher&#8217;s graze, enzovoort. En Voidrealm is een andere populaire LSD-stof die niet bijzonder verslavend is, maar het is belangrijk om voorzichtig te zijn bij het gebruik van deze drugs. Hier zijn enkele suggesties om u te helpen bij het online kopen van 105 mcg void realm. <strong>Feiten om u te helpen 105 Mcg Voidrealm online te kopen<\/strong><strong>Conclusie<\/strong> 105 mcg void domein cre\u00ebert resistentie, wat betekent dat de pati\u00ebnt meer LSD nodig heeft om hetzelfde effect te bereiken. Pati\u00ebnten die het medicijn regelmatig gebruiken, moeten geleidelijk hogere doses toedienen om de mate van afhankelijkheid die ze eerder ervoeren, in stand te houden. Gezien de onzekere aard van het product is dit een zeer gevaarlijke praktijk. In 2018 is het aantal mensen van twaalf jaar en ouder dat slachtoffer is geworden. <strong>Bestel onderzoekschemicali\u00ebn op darkweb,<\/strong> ,Koop onderzoekschemicali\u00ebn op darkweb online met snelle levering door DHL en Fedex.Koop onderzoekschemicali\u00ebn online in de VS.Koop LSD-medicijnen online.Koop fentanyl online in de Verenigde Staten.Koop Crystal Meth online, Coca\u00efne te koop online in de VS<\/p>\n","protected":false},"excerpt":{"rendered":"<p>Koop 105 mcg Voidrealm OnlineHoewel LSD een zeer grote verscheidenheid aan producten heeft, zoals vape carts, fractal storm, teacher\u2019s graze, enzovoort. En Voidrealm is ook een van die populaire producten van LSD die niet zo verslavend is, maar men moet voorzichtig genoeg zijn met dit soort drugs. Daarom zijn hier enkele punten die u kunnen helpen bij het online kopen van 105 mcg void realm  <\/p>\n","protected":false},"featured_media":19172,"comment_status":"open","ping_status":"closed","template":"","meta":{"om_disable_all_campaigns":false,"_sitemap_exclude":false,"_sitemap_priority":"","_sitemap_frequency":"","_monsterinsights_skip_tracking":false,"_monsterinsights_sitenote_active":false,"_monsterinsights_sitenote_note":"","_monsterinsights_sitenote_category":0},"product_cat":[9895],"product_tag":[10079,10088,10089,10092,10083,10087,10086,10091,10081,10084,10076,10090,10080,10071,10075,10085,10077,10073,10072,10078,10074,10082],"class_list":{"0":"post-24770","1":"product","2":"type-product","3":"status-publish","4":"has-post-thumbnail","6":"product_cat-lsd-nl","7":"product_tag-105-mcg-voidrealm-beste-prijs-europa","8":"product_tag-105-mcg-voidrealm-europa-korting","9":"product_tag-105-mcg-voidrealm-europa-levering","10":"product_tag-105-mcg-voidrealm-europa-recensie","11":"product_tag-105-mcg-voidrealm-europa-verkoop","12":"product_tag-105-mcg-voidrealm-europa-winkel","13":"product_tag-105-mcg-voidrealm-europa-deals","14":"product_tag-105-mcg-voidrealm-europe-leveranciers","15":"product_tag-105-mcg-voidrealm-gratis-verzending-europa","16":"product_tag-105-mcg-voidrealm-online-winkel-europa","17":"product_tag-105-mcg-voidrealm-verkopen-online","18":"product_tag-authentieke-105-mcg-voidrealm-europa","19":"product_tag-bestel-105-mcg-voidrealm-eu","20":"product_tag-bestel-105-mcg-voidrealm-online","21":"product_tag-effecten-van-105-mcg-voidrealm","22":"product_tag-goedkoop-105-mcg-voidrealm-europa","23":"product_tag-hoeveel-kost-105-mcg-voidrealm","24":"product_tag-koop-105-mcg-voidrealm","25":"product_tag-koop-105-mcg-voidrealm-online","26":"product_tag-koop-105-mcg-voidrealm-online-europa","27":"product_tag-waar-kan-ik-105-mcg-voidrealm-online-kopen","28":"product_tag-waar-te-koop-105-mcg-voidrealm-europa","30":"first","31":"instock","32":"shipping-taxable","33":"purchasable","34":"product-type-variable","35":"farmacie-col"},"aioseo_notices":[],"_links":{"self":[{"href":"https:\/\/lacasadelamedicina.es\/nl\/wp-json\/wp\/v2\/product\/24770"}],"collection":[{"href":"https:\/\/lacasadelamedicina.es\/nl\/wp-json\/wp\/v2\/product"}],"about":[{"href":"https:\/\/lacasadelamedicina.es\/nl\/wp-json\/wp\/v2\/types\/product"}],"replies":[{"embeddable":true,"href":"https:\/\/lacasadelamedicina.es\/nl\/wp-json\/wp\/v2\/comments?post=24770"}],"wp:featuredmedia":[{"embeddable":true,"href":"https:\/\/lacasadelamedicina.es\/nl\/wp-json\/wp\/v2\/media\/19172"}],"wp:attachment":[{"href":"https:\/\/lacasadelamedicina.es\/nl\/wp-json\/wp\/v2\/media?parent=24770"}],"wp:term":[{"taxonomy":"product_cat","embeddable":true,"href":"https:\/\/lacasadelamedicina.es\/nl\/wp-json\/wp\/v2\/product_cat?post=24770"},{"taxonomy":"product_tag","embeddable":true,"href":"https:\/\/lacasadelamedicina.es\/nl\/wp-json\/wp\/v2\/product_tag?post=24770"}],"curies":[{"name":"wp","href":"https:\/\/api.w.org\/{rel}","templated":true}]}}