{"id":24431,"date":"2024-08-11T13:08:06","date_gmt":"2024-08-11T13:08:06","guid":{"rendered":"https:\/\/lacasadelamedicina.es\/product\/oxycontin-online-kopen\/"},"modified":"2024-08-11T13:08:06","modified_gmt":"2024-08-11T13:08:06","slug":"oxycontin-online-kopen","status":"publish","type":"product","link":"https:\/\/lacasadelamedicina.es\/nl\/product\/oxycontin-online-kopen\/","title":{"rendered":"OxyContin online kopen"},"content":{"rendered":"<h1 class=\"product_title entry-title\">OXYCONTIN online kopen<\/h1>\n<p><strong>OxyContin online kopen<\/strong> OxyContin is een krachtig voorgeschreven medicijn dat wordt gebruikt voor het beheersen van ernstige pijn waarvoor continue, langdurige opio\u00efdebehandeling nodig is. Het wordt voorgeschreven wanneer andere opties voor pijnbeheersing, waaronder niet-opio\u00efde pijnstillers of opio\u00efden met onmiddellijke afgifte, onvoldoende of ondraaglijk zijn gebleken. Oxycodon, verkrijgbaar onder merknamen zoals OxyContin en Roxicodone, is een semi-synthetische opio\u00efde die wordt gebruikt voor de behandeling van matige tot ernstige pijn. Het wordt doorgaans oraal ingenomen en is verkrijgbaar in zowel onmiddellijke als gecontroleerde afgifteformuleringen. Oxycodon met onmiddellijke afgifte begint pijn te verlichten binnen ongeveer 15 minuten en houdt tot zes uur aan. In het Verenigd Koninkrijk is het ook verkrijgbaar als injecteerbaar middel. Oxycodon kan worden gecombineerd met andere medicijnen zoals paracetamol, ibuprofen, naloxon, naltrexon en aspirine. Dit medicijn is ontworpen voor het beheersen van aanhoudende ernstige pijn, zoals pijn gerelateerd aan kanker. Oxycodon werkt door te veranderen hoe uw hersenen pijn waarnemen en erop reageren. Hogere doses (meer dan 40 milligram per tablet) mogen alleen worden gebruikt als u een regelmatig regime van opio\u00efde pijnstillers hebt gebruikt vanwege het risico op een overdosis of overlijden als het wordt gebruikt door iemand die niet gewend is aan opio\u00efden. De vorm van oxycodon met verlengde afgifte is niet bedoeld voor milde of kortdurende pijn.           <strong>Vaak voorkomende bijwerkingen:<\/strong><\/p>\n<ul>\n<li>Euforie<\/li>\n<li>Constipatie<\/li>\n<li>Misselijkheid en braken<\/li>\n<li>Verlies van eetlust<\/li>\n<li>Slaperigheid<\/li>\n<li>Duizeligheid<\/li>\n<li>Jeuk<\/li>\n<li>Droge mond<\/li>\n<li>Zweten<\/li>\n<\/ul>\n<p> Mogelijke ernstige bijwerkingen zijn onder meer verslaving, afhankelijkheid, prikkelbaarheid, depressie of manie, delirium, hallucinaties, vertraagde ademhaling, gastroparese, bradycardie en hypotensie. Mensen die allergisch zijn voor code\u00efne kunnen ook reageren op oxycodon. Oxycodon gebruiken tijdens de vroege zwangerschap wordt over het algemeen als relatief veilig beschouwd. Snel stoppen met oxycodon kan leiden tot ontwenningsverschijnselen. Het medicijn activeert de \u03bc-opio\u00efde receptor en is ongeveer 1,5 keer zo effectief als morfine bij orale inname. OxyContin is verkrijgbaar als een tablet met gecontroleerde afgifte die bedoeld is voor toediening om de 12 uur. Studies hebben aangetoond dat oxycodon met gecontroleerde afgifte vergelijkbaar is met oxycodon met onmiddellijke afgifte, morfine en hydromorfon bij het behandelen van matige tot ernstige kankerpijn, met minder bijwerkingen dan morfine. In 2014 adviseerde de European Association for Palliative Care oxycodon als tweedelijnsbehandelingsoptie voor morfine bij kankerpijn.<\/p>\n","protected":false},"excerpt":{"rendered":"<div class=\"flex-shrink-0 flex flex-col relative items-end\">\n<div>\n<div class=\"pt-0\">\n<div class=\"gizmo-bot-avatar flex h-8 w-8 items-center justify-center overflow-hidden rounded-full\">\n<div class=\"relative p-1 rounded-sm flex items-center justify-center bg-token-main-surface-primary text-token-text-primary h-8 w-8\"><strong>OxyContin online kopen <\/strong>OxyContin is een krachtig voorgeschreven medicijn dat wordt voorgeschreven voor het beheersen van ernstige pijn waarvoor continue, langdurige opio\u00efdebehandeling noodzakelijk is. Het wordt gebruikt wanneer andere opties voor pijnbeheersing onvoldoende zijn en vereist dagelijks, 24 uur per dag gebruik om pijn effectief te beheersen. <\/div>\n<\/div>\n<\/div>\n<\/div>\n<\/div>\n","protected":false},"featured_media":20072,"comment_status":"open","ping_status":"closed","template":"","meta":{"om_disable_all_campaigns":false,"_sitemap_exclude":false,"_sitemap_priority":"","_sitemap_frequency":"","_monsterinsights_skip_tracking":false,"_monsterinsights_sitenote_active":false,"_monsterinsights_sitenote_note":"","_monsterinsights_sitenote_category":0},"product_cat":[9262],"product_tag":[9442,9453,9462,9447,9449,9439,9440,9446,9444,9452,9450,9441],"class_list":{"0":"post-24431","1":"product","2":"type-product","3":"status-publish","4":"has-post-thumbnail","6":"product_cat-pijnstillers","7":"product_tag-bestel-oxycontin-online","8":"product_tag-goedkope-oxycontin-europa","9":"product_tag-oxycodon-online-kopen","10":"product_tag-oxycontin-beste-prijs-europa","11":"product_tag-oxycontin-gratis-verzending-europa","12":"product_tag-oxycontin-kopen","13":"product_tag-oxycontin-online-kopen","14":"product_tag-oxycontin-online-kopen-europa","15":"product_tag-oxycontin-online-te-koop","16":"product_tag-oxycontin-online-winkel-europa","17":"product_tag-waar-oxycontin-europa-kopen","18":"product_tag-waar-oxycontin-online-kopen","20":"first","21":"instock","22":"shipping-taxable","23":"purchasable","24":"product-type-variable","25":"farmacie-col"},"aioseo_notices":[],"_links":{"self":[{"href":"https:\/\/lacasadelamedicina.es\/nl\/wp-json\/wp\/v2\/product\/24431"}],"collection":[{"href":"https:\/\/lacasadelamedicina.es\/nl\/wp-json\/wp\/v2\/product"}],"about":[{"href":"https:\/\/lacasadelamedicina.es\/nl\/wp-json\/wp\/v2\/types\/product"}],"replies":[{"embeddable":true,"href":"https:\/\/lacasadelamedicina.es\/nl\/wp-json\/wp\/v2\/comments?post=24431"}],"wp:featuredmedia":[{"embeddable":true,"href":"https:\/\/lacasadelamedicina.es\/nl\/wp-json\/wp\/v2\/media\/20072"}],"wp:attachment":[{"href":"https:\/\/lacasadelamedicina.es\/nl\/wp-json\/wp\/v2\/media?parent=24431"}],"wp:term":[{"taxonomy":"product_cat","embeddable":true,"href":"https:\/\/lacasadelamedicina.es\/nl\/wp-json\/wp\/v2\/product_cat?post=24431"},{"taxonomy":"product_tag","embeddable":true,"href":"https:\/\/lacasadelamedicina.es\/nl\/wp-json\/wp\/v2\/product_tag?post=24431"}],"curies":[{"name":"wp","href":"https:\/\/api.w.org\/{rel}","templated":true}]}}