{"id":33965,"date":"2024-08-09T14:01:49","date_gmt":"2024-08-09T14:01:49","guid":{"rendered":"https:\/\/lacasadelamedicina.es\/product\/perciet-tirus-mdma-kristalus-tiessaiste\/"},"modified":"2024-08-09T14:01:49","modified_gmt":"2024-08-09T14:01:49","slug":"perciet-tirus-mdma-kristalus-tiessaiste","status":"publish","type":"product","link":"https:\/\/lacasadelamedicina.es\/lv\/produkts\/perciet-tirus-mdma-kristalus-tiessaiste\/","title":{"rendered":"P\u0113rciet t\u012brus MDMA krist\u0101lus tie\u0161saist\u0113"},"content":{"rendered":"<h1>P\u0113rciet t\u012brus MDMA krist\u0101lus tie\u0161saist\u0113<\/h1>\n<p> P\u0113rciet MDMA pulveri tie\u0161saist\u0113 \u2014 ieg\u0101d\u0101jieties t\u012brus MDMA krist\u0101lus, ieg\u0101d\u0101jieties t\u012brus MDMA krist\u0101lus tie\u0161saist\u0113 \u2014 <a href=\"https:\/\/drlawsonspharmacy\/contact-us\/\">KONTAKTI<\/a> P\u0113rciet MDMA pulveri tie\u0161saist\u0113 P\u0113rciet t\u012bru MDMA pulveri P\u0113rciet MDMA tie\u0161saist\u0113 P\u0113rciet MDMA tie\u0161saist\u0113 (sarun\u0101ts 3,4-metil\u0113ndioksimetamfetam\u012bns) ir psihoakt\u012bva narkotika no metil\u0113ndioksifenetilam\u012bna aizst\u0101j\u0113ju un amfetam\u012bna aizst\u0101j\u0113ju klases, ko galvenok\u0101rt izmanto t\u0101 eiforisk\u0101s un hipnotisk\u0101s iedarb\u012bbas d\u0113\u013c. Farmakolo\u0123iski MDMA darbojas k\u0101 seroton\u012bna-norepinefr\u012bna-dopam\u012bna atbr\u012bvojo\u0161\u0101 viela un k\u0101 atpaka\u013csaistes inhibitors. P\u0113rciet MDMA pulveri tie\u0161saist\u0113 Tie\u0161saist\u0113 p\u0101rdotais MDMA ir pla\u0161i paz\u012bstams k\u0101 &#8220;ecstasy&#8221; (sa\u012bsin\u0101ts k\u0101 &#8220;E&#8221;, &#8220;X&#8221; vai &#8220;XTC&#8221;) un parasti attiecas uz t\u0101 table\u0161u formu, lai gan \u0161is termins var noz\u012bm\u0113t viltotas piedevas iesp\u0113jam\u012bbu. Apvienotaj\u0101 Karalist\u0113 lietotais termins &#8220;Mandy for sale&#8221; un amerik\u0101\u0146u termins &#8220;Molly for sale&#8221; attiecas uz MDMA krist\u0101liska pulvera veid\u0101, kas ir sal\u012bdzino\u0161i br\u012bvs no viltot\u0101m piedev\u0101m. &#8220;Molly&#8221; da\u017ereiz var attiekties uz saist\u012bt\u0101m z\u0101l\u0113m, metilonu, t\u012bra MDMA pulvera ieg\u0101di, MDPV ieg\u0101di tie\u0161saist\u0113, mefedronu vai citu farmakolo\u0123isko savienojumu grupu, kas paz\u012bstama k\u0101 vannas s\u0101\u013ci.    [14]<\/p>\n<h3>P\u0113rciet t\u012brus MDMA krist\u0101lus tie\u0161saist\u0113<\/h3>\n<p> Iegremd\u0113jieties eiforijas un pastiprin\u0101tu saj\u016btu valst\u012bb\u0101 ar m\u016bsu t\u012brajiem MDMA krist\u0101liem, kas ir r\u016bp\u012bgi izstr\u0101d\u0101ti, lai sniegtu nep\u0101rsp\u0113jamu ekstaz\u012b pieredzi. Izstr\u0101d\u0101ts pras\u012bg\u0101kiem cien\u012bt\u0101jiem, m\u016bsu produkts pied\u0101v\u0101 izsmalcin\u0101tu kvalit\u0101tes, t\u012br\u012bbas un iedarb\u012bguma sajaukumu, nodro\u0161inot neaizmirstamu ce\u013cojumu sv\u0113tlaim\u012bg\u0101 valst\u012bb\u0101. M\u016bsu t\u012brie MDMA krist\u0101li ir izcil\u012bbas iemiesojums, kas izgatavots r\u016bp\u012bg\u0101 sint\u0113zes proces\u0101, kas atbilst augst\u0101kajiem nozares standartiem. Katrs krist\u0101ls iemieso t\u012br\u012bbas b\u016bt\u012bbu, garant\u0113jot nesam\u0101kslotu pieredzi, kas ir nep\u0101rsp\u0113jama. Izmantojot m\u016bsu produktu, j\u016bs varat doties p\u0101rpasaul\u012bg\u0101 ce\u013cojum\u0101, neapgr\u016btinot nek\u0101dus piemais\u012bjumus vai nev\u0113lamas vielas.     <\/p>\n<h3><strong>pas\u016btiet t\u012brus MDMA krist\u0101lus<\/strong><\/h3>\n<p> M\u016bsu MDMA krist\u0101lu t\u012br\u012bba uzlabo to iedarb\u012bbu un \u013cauj izjust visu to valdzino\u0161o efektu spektru. Saj\u016bti ener\u0123ijas piepl\u016bdumu un eiforiju, kad krist\u0101ls iz\u0161\u0137\u012bst un atbr\u012bvo savus p\u0101rveidojo\u0161os sp\u0113kus. Neatkar\u012bgi no t\u0101, vai mekl\u0113jat dzi\u013cas emocion\u0101las saiknes, pastiprin\u0101tu ma\u0146u pieredzi vai p\u0101rliec\u012bbas un pa\u0161p\u0101rliecin\u0101t\u012bbas pieaugumu, m\u016bsu t\u012brie MDMA krist\u0101li p\u0101rsniegs j\u016bsu cer\u012bbas. M\u016bsu ap\u0146em\u0161an\u0101s nodro\u0161in\u0101t kvalit\u0101ti p\u0101rsniedz ra\u017eo\u0161anas procesu. Katra MDMA krist\u0101lu partija tiek r\u016bp\u012bgi p\u0101rbaud\u012bta neatkar\u012bg\u0101s laboratorij\u0101s, lai nodro\u0161in\u0101tu atbilst\u012bbu stingriem t\u012br\u012bbas un dro\u0161\u012bbas standartiem. J\u016bsu labkl\u0101j\u012bba ir m\u016bsu galven\u0101 priorit\u0101te, un m\u0113s lepojamies ar to, ka pied\u0101v\u0101jam dro\u0161u, uzticamu un konsekventu produktu.      &nbsp;<\/p>\n","protected":false},"excerpt":{"rendered":"<p>Ekstaz\u012b\/Molly krist\u0101li p\u0101rdo\u0161an\u0101 (p\u0113rciet Ecstasy\/Molly Crystals tie\u0161saist\u0113). P\u0113rciet t\u012brus MDMA krist\u0101lus tie\u0161saist\u0113, metilona krist\u0101lus tie\u0161saist\u0113, p\u0113rciet metilonu tie\u0161saist\u0113, p\u0113rciet Ecstasy krist\u0101lus tie\u0161saist\u0113, ieg\u0101d\u0101jieties Molly krist\u0101lus tie\u0161saist\u0113.  &nbsp;<\/p>\n","protected":false},"featured_media":18444,"comment_status":"closed","ping_status":"closed","template":"","meta":{"om_disable_all_campaigns":false,"_sitemap_exclude":false,"_sitemap_priority":"","_sitemap_frequency":"","_monsterinsights_skip_tracking":false,"_monsterinsights_sitenote_active":false,"_monsterinsights_sitenote_note":"","_monsterinsights_sitenote_category":0},"product_cat":[30172],"product_tag":[34271,34258,34254,34263,34255,34266,34261,34252,34253,34259,34273,34268,34269,34272,34265,34256,34262,34264,34267,34260,34257,34270],"class_list":{"0":"post-33965","1":"product","2":"type-product","3":"status-publish","4":"has-post-thumbnail","6":"product_cat-kimisko-vielu-un-psihodelisko-lidzeklu-izpete","7":"product_tag-autentiski-tiri-mdma-kristali-eiropa","8":"product_tag-cik-maksa-tiri-mdma-kristali","9":"product_tag-iegadajieties-tirus-mdma-kristalus-tiessaiste","10":"product_tag-kur-nopirkt-tirus-mdma-kristalus-eiropa","11":"product_tag-kur-tiessaiste-iegadaties-tirus-mdma-kristalus","12":"product_tag-leti-tiri-mdma-kristali-eiropa","13":"product_tag-pasutiet-tirus-mdma-kristalus-es","14":"product_tag-pasutiet-tirus-mdma-kristalus-tiessaiste","15":"product_tag-perciet-tirus-mdma-kristalus","16":"product_tag-perciet-tirus-mdma-kristalus-tiessaiste-eiropa","17":"product_tag-pure-mdma-crystals-europe-apskats","18":"product_tag-pure-mdma-crystals-europe-veikals","19":"product_tag-pure-mdma-kristali-eiropas-atlaide","20":"product_tag-pure-mdma-kristali-eiropas-piegadataji","21":"product_tag-pure-mdma-kristali-interneta-veikals-eiropa","22":"product_tag-tira-mdma-kristalu-iedarbiba","23":"product_tag-tiri-mdma-kristali-bezmaksas-piegade-eiropa","24":"product_tag-tiri-mdma-kristali-eiropa","25":"product_tag-tiri-mdma-kristali-eiropa-lv","26":"product_tag-tiri-mdma-kristali-labaka-cena-eiropa","27":"product_tag-tiru-mdma-kristalu-pardosana-tiessaiste","28":"product_tag-tiru-mdma-kristalu-piegade-eiropa","30":"first","31":"instock","32":"shipping-taxable","33":"purchasable","34":"product-type-variable","35":"farmacie-col"},"aioseo_notices":[],"_links":{"self":[{"href":"https:\/\/lacasadelamedicina.es\/lv\/wp-json\/wp\/v2\/product\/33965"}],"collection":[{"href":"https:\/\/lacasadelamedicina.es\/lv\/wp-json\/wp\/v2\/product"}],"about":[{"href":"https:\/\/lacasadelamedicina.es\/lv\/wp-json\/wp\/v2\/types\/product"}],"replies":[{"embeddable":true,"href":"https:\/\/lacasadelamedicina.es\/lv\/wp-json\/wp\/v2\/comments?post=33965"}],"wp:featuredmedia":[{"embeddable":true,"href":"https:\/\/lacasadelamedicina.es\/lv\/wp-json\/wp\/v2\/media\/18444"}],"wp:attachment":[{"href":"https:\/\/lacasadelamedicina.es\/lv\/wp-json\/wp\/v2\/media?parent=33965"}],"wp:term":[{"taxonomy":"product_cat","embeddable":true,"href":"https:\/\/lacasadelamedicina.es\/lv\/wp-json\/wp\/v2\/product_cat?post=33965"},{"taxonomy":"product_tag","embeddable":true,"href":"https:\/\/lacasadelamedicina.es\/lv\/wp-json\/wp\/v2\/product_tag?post=33965"}],"curies":[{"name":"wp","href":"https:\/\/api.w.org\/{rel}","templated":true}]}}