{"id":33952,"date":"2024-08-09T14:01:49","date_gmt":"2024-08-09T14:01:49","guid":{"rendered":"https:\/\/lacasadelamedicina.es\/product\/perciet-tiru-mdma-pulveri-tiessaiste\/"},"modified":"2024-08-09T14:01:49","modified_gmt":"2024-08-09T14:01:49","slug":"perciet-tiru-mdma-pulveri-tiessaiste","status":"publish","type":"product","link":"https:\/\/lacasadelamedicina.es\/lv\/produkts\/perciet-tiru-mdma-pulveri-tiessaiste\/","title":{"rendered":"P\u0113rciet t\u012bru MDMA pulveri tie\u0161saist\u0113"},"content":{"rendered":"<h3>P\u0113rciet t\u012bru MDMA pulveri tie\u0161saist\u0113<\/h3>\n<p> Pirkt MDMA tie\u0161saist\u0113, kas paz\u012bstams ar\u012b k\u0101 3,4-metil\u0113ndioksimetamfetam\u012bns, ir psihoakt\u012bvs stimulants, kas klasific\u0113ts k\u0101 amfetam\u012bns un metil\u0113ndioksifenetilam\u012bna aizst\u0101j\u0113js, ko visbie\u017e\u0101k izmanto t\u0101 eiforisk\u0101s un emp\u0101tisk\u0101s iedarb\u012bbas d\u0113\u013c. MDMA Purchase Pure Powder atbr\u012bvo seroton\u012bnu, norepinefr\u012bnu un dopam\u012bnu un kav\u0113 MDMA atpaka\u013csaisti. P\u0113rciet MDMA pulveri tie\u0161saist\u0113 \u2014 ieg\u0101d\u0101jieties t\u012bru MDMA pulveri tie\u0161saist\u0113 \u2014 <a href=\"https:\/\/drlawsonspharmacy\/contact-us\/\">KONTAKTI \u2014 <\/a> Termins &#8220;ecstasy&#8221; (sa\u012bsin\u0101ts k\u0101 &#8220;E&#8221;, &#8220;X&#8221; vai &#8220;XTC&#8221;) tie\u0161saist\u0113 pied\u0101v\u0101tajam MDMA bie\u017ei attiecas uz t\u0101 plan\u0161etdatora formu , ta\u010du \u0161is termins var nor\u0101d\u012bt uz iesp\u0113jamu viltojumu. Apvienotaj\u0101 Karalist\u0113 apz\u012bm\u0113jumi \u201cMandy for sale\u201d un \u201cMolly for sale\u201d ASV attiecas uz MDMA krist\u0101liska pulvera form\u0101, kur\u0101 nav viltotu piedevu. Run\u0101jot par z\u0101l\u0113m, terminu &#8220;Molly&#8221; var izmantot ar\u012b, lai apz\u012bm\u0113tu metilonu, t\u012bru MDMA pulveri, MDPV tie\u0161saist\u0113, mefedronu vai citu farmakolo\u0123isko vielu klasi, kas paz\u012bstama k\u0101 vannas s\u0101\u013ci.     <\/p>\n<h3>P\u0113rciet Pure MDMA pulveri tie\u0161saist\u0113<\/h3>\n<p> Izmantojot Pure MDMA Powder, augst\u0101k\u0101s klases produktu, kas izstr\u0101d\u0101ts, lai sniegtu nep\u0101rsp\u0113jamu ma\u0146u pieredzi, j\u016bs varat izbaud\u012bt visliel\u0101kos rezult\u0101tus. M\u016bsu Pure MDMA pulveris ir izstr\u0101d\u0101ts ar visliel\u0101ko r\u016bp\u012bbu un nep\u0101rsp\u0113jamu kvalit\u0101ti, lai nodro\u0161in\u0101tu nep\u0101rsp\u0113jamu pieredzi gan pieredz\u0113ju\u0161iem entuziastiem, gan p\u0113tniekiem. M\u016bsu piln\u012bbas mekl\u0113jumi s\u0101kas ar r\u016bp\u012bgu augst\u0101k\u0101s kvalit\u0101tes sast\u0101vda\u013cu izv\u0113li un izsmalcin\u0101tu ra\u017eo\u0161anas procesu pielieto\u0161anu. Katras Pure MDMA pulvera partijas r\u016bp\u012bgai ra\u017eo\u0161anai tiek izmantotas modernas sint\u0113tisk\u0101s metodes, lai garant\u0113tu, ka gatavais produkts ir br\u012bvs no pies\u0101r\u0146ot\u0101jiem un toks\u012bniem. Varat b\u016bt dro\u0161s, ka sa\u0146emsiet \u013coti izcilu produktu, pateicoties m\u016bsu ap\u0146em\u0161an\u0101s iev\u0113rot t\u012br\u012bbu.     <\/p>\n<h3><strong>pas\u016btiet t\u012bru MDMA pulveri<\/strong><\/h3>\n<p> Sp\u0113ja maksim\u0101li palielin\u0101t savas saj\u016btas ir tas, kas izce\u013c Pure MDMA pulveri no cit\u0101m viel\u0101m. \u0160\u012b sp\u0113c\u012bg\u0101 viela izraisa sp\u0113c\u012bgu un eiforisku garast\u0101vokli, izraisot seroton\u012bna, dopam\u012bna un norepinefr\u012bna izdal\u012b\u0161anos. Pure MDMA Powder ir nep\u0101rsp\u0113jama iesp\u0113ja izp\u0113t\u012bt cilv\u0113ka pr\u0101ta sare\u017e\u0123\u012bt\u0101s darb\u012bbas neatkar\u012bgi no t\u0101, vai mekl\u0113jat ieskaujo\u0161u pieredzi vai veicat neiro\u0137\u012bmiskus p\u0113t\u012bjumus. M\u016bsu ap\u0146em\u0161an\u0101s nodro\u0161in\u0101t klientu apmierin\u0101t\u012bbu p\u0101rsniedz m\u016bsu pied\u0101v\u0101jumu kvalit\u0101ti. Dro\u0161\u012bba un pareiza lieto\u0161ana ir m\u016bsu galven\u0101 priorit\u0101te. Ir svar\u012bgi atcer\u0113ties, ka t\u012bru MDMA pulveri nek\u0101d\u0101 gad\u012bjum\u0101 nedr\u012bkst lietot p\u0101rtik\u0101 un tas ir paredz\u0113ts tikai p\u0113tniec\u012bbas nol\u016bkiem. Visi pat\u0113r\u0113t\u0101ji tiek aicin\u0101ti iev\u0113rot viet\u0113jos likumus un mor\u0101les normas, kas reglament\u0113 \u0161\u012bs \u0137\u012bmisk\u0101s vielas apstr\u0101di un lieto\u0161anu. Dr Lawsons Pharmacy m\u0113s saprotam priv\u0101tuma un diskr\u0113ta iepakojuma noz\u012bmi. J\u016bsu t\u012bra MDMA pulvera pas\u016bt\u012bjums tiks dro\u0161i iesai\u0146ots, lai nodro\u0161in\u0101tu konfidencialit\u0101ti, un nos\u016bt\u012bts tie\u0161i uz j\u016bsu durv\u012bm.<\/p>\n","protected":false},"excerpt":{"rendered":"<ul>\n<li>P\u0113rciet t\u012bru MDMA pulveri tie\u0161saist\u0113<\/li>\n<li>T\u012brs MDMA pulveris tie\u0161saist\u0113<\/li>\n<li>P\u0101rdodu ekstaz\u012b\/molly pulveri<\/li>\n<li>P\u0113rciet Ecstasy\/Molly pulveri tie\u0161saist\u0113<\/li>\n<\/ul>\n<p>&nbsp;<\/p>\n","protected":false},"featured_media":17904,"comment_status":"closed","ping_status":"closed","template":"","meta":{"om_disable_all_campaigns":false,"_sitemap_exclude":false,"_sitemap_priority":"","_sitemap_frequency":"","_monsterinsights_skip_tracking":false,"_monsterinsights_sitenote_active":false,"_monsterinsights_sitenote_note":"","_monsterinsights_sitenote_category":0},"product_cat":[30172],"product_tag":[34227,34214,34210,34219,34211,34222,34217,34209,34208,34215,34221,34228,34229,34224,34212,34213,34218,34226,34220,34223,34225,34216],"class_list":{"0":"post-33952","1":"product","2":"type-product","3":"status-publish","4":"has-post-thumbnail","6":"product_cat-kimisko-vielu-un-psihodelisko-lidzeklu-izpete","7":"product_tag-autentisks-tirs-mdma-pulveris-eiropa","8":"product_tag-cik-maksa-tirs-mdma-pulveris","9":"product_tag-iegadajieties-tiru-mdma-pulveri-tiessaiste","10":"product_tag-kur-nopirkt-tiru-mdma-pulveri-eiropa","11":"product_tag-kur-tiessaiste-iegadaties-tiru-mdma-pulveri","12":"product_tag-lets-tirs-mdma-pulveris-eiropa","13":"product_tag-pasutiet-tiru-mdma-pulveri-eu","14":"product_tag-pasutiet-tiru-mdma-pulveri-tiessaiste","15":"product_tag-perciet-tiru-mdma-pulveri","16":"product_tag-perciet-tiru-mdma-pulveri-tiessaiste-eiropa","17":"product_tag-pure-mdma-pulvera-interneta-veikals-eiropa","18":"product_tag-pure-mdma-pulveris-eiropas-piegadatajiem","19":"product_tag-tira-mdma-pulvera-eiropas-apskats","20":"product_tag-tira-mdma-pulvera-eiropas-veikals","21":"product_tag-tira-mdma-pulvera-iedarbiba","22":"product_tag-tira-mdma-pulvera-pardosana-tiessaiste","23":"product_tag-tira-mdma-pulvera-piegade-bez-maksas-eiropa","24":"product_tag-tira-mdma-pulvera-piegade-eiropa","25":"product_tag-tirs-mdma-pulveris-eiropa","26":"product_tag-tirs-mdma-pulveris-eiropa-lv","27":"product_tag-tirs-mdma-pulveris-eiropas-atlaide","28":"product_tag-tirs-mdma-pulveris-labaka-cena-eiropa","30":"first","31":"instock","32":"shipping-taxable","33":"purchasable","34":"product-type-variable","35":"farmacie-col"},"aioseo_notices":[],"_links":{"self":[{"href":"https:\/\/lacasadelamedicina.es\/lv\/wp-json\/wp\/v2\/product\/33952"}],"collection":[{"href":"https:\/\/lacasadelamedicina.es\/lv\/wp-json\/wp\/v2\/product"}],"about":[{"href":"https:\/\/lacasadelamedicina.es\/lv\/wp-json\/wp\/v2\/types\/product"}],"replies":[{"embeddable":true,"href":"https:\/\/lacasadelamedicina.es\/lv\/wp-json\/wp\/v2\/comments?post=33952"}],"wp:featuredmedia":[{"embeddable":true,"href":"https:\/\/lacasadelamedicina.es\/lv\/wp-json\/wp\/v2\/media\/17904"}],"wp:attachment":[{"href":"https:\/\/lacasadelamedicina.es\/lv\/wp-json\/wp\/v2\/media?parent=33952"}],"wp:term":[{"taxonomy":"product_cat","embeddable":true,"href":"https:\/\/lacasadelamedicina.es\/lv\/wp-json\/wp\/v2\/product_cat?post=33952"},{"taxonomy":"product_tag","embeddable":true,"href":"https:\/\/lacasadelamedicina.es\/lv\/wp-json\/wp\/v2\/product_tag?post=33952"}],"curies":[{"name":"wp","href":"https:\/\/api.w.org\/{rel}","templated":true}]}}