{"id":33940,"date":"2024-08-09T14:01:49","date_gmt":"2024-08-09T14:01:49","guid":{"rendered":"https:\/\/lacasadelamedicina.es\/product\/perciet-kvalitativu-oksikodona-pulveri-tiessaiste\/"},"modified":"2024-08-09T14:01:49","modified_gmt":"2024-08-09T14:01:49","slug":"perciet-kvalitativu-oksikodona-pulveri-tiessaiste","status":"publish","type":"product","link":"https:\/\/lacasadelamedicina.es\/lv\/produkts\/perciet-kvalitativu-oksikodona-pulveri-tiessaiste\/","title":{"rendered":"P\u0113rciet kvalitat\u012bvu oksikodona pulveri tie\u0161saist\u0113"},"content":{"rendered":"<h3><strong>P\u0113rciet kvalitat\u012bvu oksikodona pulveri tie\u0161saist\u0113<\/strong><\/h3>\n<p> P\u0101rdo\u0161an\u0101 kvalitat\u012bvs oksikodona pulveris <a href=\"https:\/\/dieapotheke247.com\/\">Oksikodons<\/a> ir opio\u012bdu alkalo\u012bds ar prets\u0101pju iedarb\u012bbu, kas ir da\u013c\u0113ji sint\u0113tisks un l\u012bdz\u012bgs morf\u012bnam. Saistoties ar centr\u0101l\u0101s nervu sist\u0113mas (CNS) mu receptoriem, oksikodons atdarina pa\u0161a organisma opio\u012bdu darb\u012bbu un t\u0101d\u0113j\u0101di tam ir prets\u0101pju iedarb\u012bba. Kad opi\u0101tu receptors ir saist\u012bts, G-prote\u012bna komplekss tiek stimul\u0113ts, lai apmain\u012btu GTP pret PDB, un tiek inhib\u0113ta adenil\u0101ta ciklaze, t\u0101d\u0113j\u0101di kav\u0113jot cAMP veido\u0161anos. Turkl\u0101t viela P, gamma-aminosviestsk\u0101be (GABA), dopam\u012bns, acetilhol\u012bns un norepinefr\u012bns ir starp nocicept\u012bviem neirotransmiteriem, kas tiek blo\u0137\u0113ti. Turkl\u0101t oksikodons nov\u0113r\u0161 glikagona, insul\u012bna, somatostat\u012bna un vazopres\u012bna sekr\u0113ciju. Turkl\u0101t oksikodons iek\u0161\u0113ji atjauno k\u0101lija kan\u0101lus, izraisot hiperpolariz\u0101ciju un samazin\u0101tu neironu uzbudin\u0101m\u012bbu. Tas ar\u012b aizver N tipa sprieguma atkar\u012bgos kalcija kan\u0101lus un atver ar G prote\u012bnu saist\u012btos k\u0101lija kan\u0101lus. &#8211; P\u0113rciet kvalitat\u012bvu oksikodona pulveri tie\u0161saist\u0113 \u2014 <a href=\"https:\/\/drlawsonspharmacy\/contact-us\/\">KONTAKTI<\/a> Meksedrons pieder katinonu \u0137\u012bmiskajai klasei un rea\u0123\u0113 k\u0101 t\u0101ds. Meksedronam ir balto dimantu &#8220;fiziskais izskats&#8221;, ta\u010du to var ieg\u0101d\u0101ties ar\u012b k\u0101 sint\u0113tisku pulveri vai krist\u0101lus. Maksim\u0101l\u0101 meksedrona deva ir no 50 mg l\u012bdz 100 mg, un to lieto iek\u0161\u0137\u012bgi. L\u012bdz\u012bga iedarb\u012bba tiek nov\u0113rota, lietojot mefedrona devas no 100 mg l\u012bdz 150 mg. Mexedrone iedarb\u012bba var ilgt 4 l\u012bdz 6 stundas.            <\/p>\n<h3><strong>P\u0113rciet kvalitat\u012bvu oksikodona pulveri tie\u0161saist\u0113<\/strong><\/h3>\n<p> Meksedrons ir &#8220;psihoakt\u012bvas z\u0101les&#8221;, kas ir klasific\u0113tas k\u0101 entaktog\u0113ns un stimulants. Tam ir ar\u012b ener\u0123isks efekts. Var iedom\u0101ties, bet v\u0113l nav pier\u0101d\u012bts, ka Mexedrone izraisa sinapses appl\u016b\u0161anu notikuma stimul\u0113jo\u0161\u0101s ietekmes d\u0113\u013c. Mexedrone lieto\u0161anas laik\u0101 akt\u012bvaj\u0101s sinaps\u0113s var b\u016bt dopam\u012bns, norepinefr\u012bns un seroton\u012bns. Mexedrone iedarb\u012bba ir par 70% l\u012bdzv\u0113rt\u012bga t\u0101 pamatsavienojuma mefedrona iedarb\u012bbai, un t\u0101 ir fiziska, gar\u012bga un dzirdes rakstura, kas k\u013c\u016bst ticam\u0101ka, palielinoties devai. Faktisk\u0101s Mexedrone blakuspar\u0101d\u012bbas ir pacil\u0101t\u012bba, sed\u0101cija, pastiprin\u0101ta materi\u0101la saj\u016bta, sl\u0101pes, pastiprin\u0101ta sv\u012b\u0161ana, nevald\u0101mas saj\u016btas, zobu grie\u0161ana, vibr\u0113jo\u0161a redze un trauc\u0113ta temperat\u016bras regul\u0113\u0161ana. Meksedronam ir intoksik\u0101cija, domu pa\u0101trin\u0101jums un t\u012bklo\u0161an\u0101s k\u0101 psiholo\u0123iska ietekme. Meksedrona blakuspar\u0101d\u012bbas var izpausties ar\u012b k\u0101 dzirdams pastiprin\u0101jums. Mexedrona lieto\u0161ana var izrais\u012bt visaugst\u0101ko p\u0113cstimul\u0101cijas efektu. Mexedrone p\u0113cstimul\u0101cijas efekts var b\u016bt kait\u012bgs un ietver pal\u0113nin\u0101tu domu un iedvesmu, intelektu\u0101lu nogurumu, nemieru, nek\u0101rt\u012bbu, smagu pr\u0101ta st\u0101vokli un uzman\u012bbu. Mexedrone p\u0113cpamudin\u0101\u0161anas sekas, visticam\u0101k, ir saist\u012btas ar sinapses pat\u0113ri\u0146u, jo sinapses pied\u0101v\u0101jums tika samazin\u0101ts pieredzes stimul\u0113\u0161anas f\u0101z\u0113.           &nbsp;<\/p>\n","protected":false},"excerpt":{"rendered":"<p>Ieg\u0101d\u0101jieties augstas kvalit\u0101tes oksikodona pulveri tie\u0161saist\u0113, lai \u0101rst\u0113tu m\u0113renas vai smagas s\u0101pes, kad nepiecie\u0161ama ilgsto\u0161a 24\/7 s\u0101pju mazin\u0101\u0161ana. &nbsp;<\/p>\n","protected":false},"featured_media":17889,"comment_status":"closed","ping_status":"closed","template":"","meta":{"om_disable_all_campaigns":false,"_sitemap_exclude":false,"_sitemap_priority":"","_sitemap_frequency":"","_monsterinsights_skip_tracking":false,"_monsterinsights_sitenote_active":false,"_monsterinsights_sitenote_note":"","_monsterinsights_sitenote_category":0},"product_cat":[30172],"product_tag":[34183,34170,34166,34175,34167,34168,34169,34174,34185,34181,34176,34182,34179,34184,34177,34172,34180,34178,34171,34173,34165,34164],"class_list":{"0":"post-33940","1":"product","2":"type-product","3":"status-publish","4":"has-post-thumbnail","6":"product_cat-kimisko-vielu-un-psihodelisko-lidzeklu-izpete","7":"product_tag-autentisks-kvalitates-oksikodona-pulveris-eiropa","8":"product_tag-cik-maksa-kvalitativs-oksikodona-pulveris","9":"product_tag-iegadajieties-kvalitativu-oksikodona-pulveri-tiessaiste","10":"product_tag-kur-nopirkt-quality-oxycodone-powder-europe","11":"product_tag-kur-tiessaiste-iegadaties-kvalitativu-oksikodona-pulveri","12":"product_tag-kvalitativa-oksikodona-pulvera-ietekme","13":"product_tag-kvalitativa-oksikodona-pulvera-pardosana-tiessaiste","14":"product_tag-kvalitativa-oksikodona-pulvera-piegade-bez-maksas-eiropa","15":"product_tag-kvalitativa-oxycodone-powder-europe-apskats","16":"product_tag-kvalitativa-oxycodone-powder-europe-atlaide","17":"product_tag-kvalitativa-oxycodone-powder-europe-izpardosana","18":"product_tag-kvalitativa-oxycodone-powder-europe-piegade","19":"product_tag-kvalitativi-oxycodone-powder-europe-piedavajumi","20":"product_tag-kvalitativi-oxycodone-powder-europe-piegadataji","21":"product_tag-kvalitativs-oksikodona-pulveris-interneta-veikals-eiropa","22":"product_tag-kvalitativs-oksikodona-pulveris-par-labako-cenu-eiropa","23":"product_tag-kvalitativs-oxycodone-powder-europe-veikals","24":"product_tag-lets-kvalitativs-oksikodona-pulveris-eiropa","25":"product_tag-nopirkt-kvalitativu-oksikodona-pulveri-tiessaiste-eiropa","26":"product_tag-pasutiet-kvalitativu-oksikodona-pulveri-eu","27":"product_tag-pasutiet-kvalitativu-oksikodona-pulveri-tiessaiste","28":"product_tag-perciet-kvalitativu-oksikodona-pulveri","30":"first","31":"instock","32":"shipping-taxable","33":"purchasable","34":"product-type-variable","35":"farmacie-col"},"aioseo_notices":[],"_links":{"self":[{"href":"https:\/\/lacasadelamedicina.es\/lv\/wp-json\/wp\/v2\/product\/33940"}],"collection":[{"href":"https:\/\/lacasadelamedicina.es\/lv\/wp-json\/wp\/v2\/product"}],"about":[{"href":"https:\/\/lacasadelamedicina.es\/lv\/wp-json\/wp\/v2\/types\/product"}],"replies":[{"embeddable":true,"href":"https:\/\/lacasadelamedicina.es\/lv\/wp-json\/wp\/v2\/comments?post=33940"}],"wp:featuredmedia":[{"embeddable":true,"href":"https:\/\/lacasadelamedicina.es\/lv\/wp-json\/wp\/v2\/media\/17889"}],"wp:attachment":[{"href":"https:\/\/lacasadelamedicina.es\/lv\/wp-json\/wp\/v2\/media?parent=33940"}],"wp:term":[{"taxonomy":"product_cat","embeddable":true,"href":"https:\/\/lacasadelamedicina.es\/lv\/wp-json\/wp\/v2\/product_cat?post=33940"},{"taxonomy":"product_tag","embeddable":true,"href":"https:\/\/lacasadelamedicina.es\/lv\/wp-json\/wp\/v2\/product_tag?post=33940"}],"curies":[{"name":"wp","href":"https:\/\/api.w.org\/{rel}","templated":true}]}}