{"id":33816,"date":"2024-08-09T14:01:50","date_gmt":"2024-08-09T14:01:50","guid":{"rendered":"https:\/\/lacasadelamedicina.es\/product\/metho-methadone-hcl-pulveris-nopirkt-tiessaiste\/"},"modified":"2024-08-09T14:01:50","modified_gmt":"2024-08-09T14:01:50","slug":"metho-methadone-hcl-pulveris-nopirkt-tiessaiste","status":"publish","type":"product","link":"https:\/\/lacasadelamedicina.es\/lv\/produkts\/metho-methadone-hcl-pulveris-nopirkt-tiessaiste\/","title":{"rendered":"Metho Methadone HCL pulveris nopirkt tie\u0161saist\u0113"},"content":{"rendered":"<h1>Ieg\u0101d\u0101jieties Metho Methadone HCL pulveri tie\u0161saist\u0113<\/h1>\n<p> P\u0113rciet vairumtirdzniec\u012bbas 99,8% t\u012bru Metho Methadone HCL pulveri par vairumtirdzniec\u012bbas cen\u0101m. P\u0113rciet Metho Methadone HCL pulvera veid\u0101. Vid\u0113jas l\u012bdz stipras s\u0101pes tiek \u0101rst\u0113tas ar Metho (Meth<a href=\"https:\/\/dieapotheke247.com\/\">o<\/a>n HCL). Ieg\u0101d\u0101jieties Metho Methadone HCL pulveri tie\u0161saist\u0113 \u2014 <a href=\"https:\/\/drlawsonspharmacy\/contact-us\/\">kontaktpersona<\/a> To lieto ar\u012b, lai \u0101rst\u0113tu atkar\u012bbu no narkotik\u0101m vai p\u0101rvald\u012btu abstinences simptomus cilv\u0113kiem, kuri sa\u0146em narkotiku atkar\u012bbas \u0101rst\u0113\u0161anu, k\u0101 ar\u012b medic\u012bnisko uzraudz\u012bbu un atbalstu. \u0160\u012bs z\u0101les ir narkotisks prets\u0101pju l\u012bdzeklis.     <strong>K\u0101 tiek pieg\u0101d\u0101tas pakas?<\/strong> Lai nodro\u0161in\u0101tu, ka s\u016bt\u012bjums veiksm\u012bgi iziet cauri lidostas rentgena iek\u0101rtai, m\u0113s r\u016bp\u012bgi iekraujam to ar volframu un koppap\u012bru. Iepakojuma \u0101rpuse ir r\u016bp\u012bgi iesai\u0146ota iepakojuma pap\u012br\u0101. Meta s\u0101ls vai pulvera formas (Metadona HCL) tiek izmantotas m\u0113renu vai smagu s\u0101pju \u0101rst\u0113\u0161anai. \u0160\u012b viela ir lieliski piem\u0113rota medic\u012bnas speci\u0101listu uzraudz\u012bbai un konsult\u0101cij\u0101m narkotiku atkar\u012bbas \u0101rst\u0113\u0161an\u0101. pal\u012bdz cilv\u0113kiem p\u0101rvald\u012bt abstinences simptomus. Metho Methadone HCL pulveris ir vien\u012bgais efekt\u012bvais l\u012bdzeklis opio\u012bdu atkar\u012bbas vai s\u0101pju mazin\u0101\u0161anai. Medic\u012bnas speci\u0101listi jau sen ir uztic\u0113ju\u0161ies sp\u0113c\u012bgajam un efekt\u012bvajam \u0161o revolucion\u0101ro z\u0101\u013cu mais\u012bjumam. Metho Methadone HCL pulveris ir j\u016bsu atsl\u0113ga uz uzlabotu dz\u012bves kvalit\u0101ti, pateicoties t\u0101 augstajai kvalit\u0101tei un labi dokument\u0113tajiem rezult\u0101tiem. Metho Methadone HCL pulveris ir farmaceitiskas kvalit\u0101tes medikaments, kas tiek r\u016bp\u012bgi ra\u017eots, izmantojot vismodern\u0101k\u0101s metodes. T\u0101 galven\u0101 sast\u0101vda\u013ca metadona hidrohlor\u012bds ir sint\u0113tisks opio\u012bds, kas efekt\u012bvi mazina s\u0101pes un mazina abstinences simptomus, piesaistoties smadze\u0146u opio\u012bdu receptoriem.          <\/p>\n<h3><strong>Pas\u016btiet Metho Methadone HCL pulveri tie\u0161saist\u0113<\/strong><\/h3>\n<p> Viena no galvenaj\u0101m Metho Methadone HCL pulvera priek\u0161roc\u012bb\u0101m ir t\u0101 ilgsto\u0161a iedarb\u012bba. Tas nodro\u0161ina ilgsto\u0161u s\u0101pju mazin\u0101\u0161anu, padarot to par labu iesp\u0113ju cilv\u0113kiem ar hronisk\u0101m s\u0101p\u0113m. Turkl\u0101t, pateicoties t\u0101 efektivit\u0101tei opio\u012bdu abstinences simptomu \u0101rst\u0113\u0161an\u0101, tas ir k\u013cuvis par galveno l\u012bdzekli ar medikamentiem saist\u012bt\u0101s \u0101rst\u0113\u0161anas programm\u0101s cilv\u0113kiem, kuri cen\u0161as p\u0101rvar\u0113t savu atkar\u012bbu. Dr. Lawsons Pharmacy klientu dro\u0161\u012bba un labkl\u0101j\u012bba ir m\u016bsu galven\u0101 priorit\u0101te. Lai nodro\u0161in\u0101tu t\u0101 iedarb\u012bgumu un t\u012br\u012bbu, m\u016bsu Metho Methadone HCL pulverim tiek veikta stingra p\u0101rbaude. M\u0113s izmantojam tikai materi\u0101lus no cien\u012bjamiem ra\u017eot\u0101jiem, un m\u016bsu ra\u017eo\u0161anas iek\u0101rtas ir pak\u013cautas augst\u0101kajiem nozares standartiem, t\u0101p\u0113c varat b\u016bt p\u0101rliecin\u0101ti, ka sa\u0146emat kvalitat\u012bvu produktu. Metho Methadone HCL pulveri dr\u012bkst lietot tikai p\u0113c ieteikuma un licenc\u0113ta vesel\u012bbas apr\u016bpes sniedz\u0113ja uzraudz\u012bb\u0101, jo tas ir recep\u0161u medikaments. P\u0113c j\u016bsu st\u0101vok\u013ca nov\u0113rt\u0113\u0161anas vi\u0146i izlems par pareizo devu un \u0101rst\u0113\u0161anas strat\u0113\u0123iju j\u016bsu individu\u0101laj\u0101m vajadz\u012bb\u0101m.        &nbsp;<\/p>\n","protected":false},"excerpt":{"rendered":"<p>Ieg\u0101d\u0101jieties Metho Methadone HCL pulveri tie\u0161saist\u0113. 99,8% t\u012brs Metho Methadone HCL pulveris pieejams vairumtirdzniec\u012bb\u0101 par atlaid\u0113m. Vid\u0113jas vai stipras s\u0101pes tiek \u0101rst\u0113tas ar Metho (Metadona HCL).   &nbsp;<\/p>\n","protected":false},"featured_media":18489,"comment_status":"closed","ping_status":"closed","template":"","meta":{"om_disable_all_campaigns":false,"_sitemap_exclude":false,"_sitemap_priority":"","_sitemap_frequency":"","_monsterinsights_skip_tracking":false,"_monsterinsights_sitenote_active":false,"_monsterinsights_sitenote_note":"","_monsterinsights_sitenote_category":0},"product_cat":[30172],"product_tag":[34051,34038,34033,34039,34043,34034,34046,34042,34053,34048,34036,34045,34037,34050,34044,34049,34047,34052,34040,34041,34035,34032],"class_list":{"0":"post-33816","1":"product","2":"type-product","3":"status-publish","4":"has-post-thumbnail","6":"product_cat-kimisko-vielu-un-psihodelisko-lidzeklu-izpete","7":"product_tag-autentisks-metho-methadone-hcl-pulveris-eiropa","8":"product_tag-cik-maksa-metho-methadone-hcl-pulveris","9":"product_tag-iegadajieties-metho-methadone-hcl-pulveri-tiessaiste","10":"product_tag-iegadajieties-metho-methadone-hcl-pulveri-tiessaiste-eiropa","11":"product_tag-kur-nopirkt-metho-methadone-hcl-pulveris-europe","12":"product_tag-kur-tiessaiste-iegadaties-metho-methadone-hcl-pulveri","13":"product_tag-lets-metho-methadone-hcl-pulveris-eiropa","14":"product_tag-metho-methadone-hcl-pulvera-bezmaksas-piegade-eiropa","15":"product_tag-metho-methadone-hcl-pulvera-eiropas-apskats","16":"product_tag-metho-methadone-hcl-pulvera-eiropas-veikals","17":"product_tag-metho-methadone-hcl-pulvera-ietekme","18":"product_tag-metho-methadone-hcl-pulvera-interneta-veikals-eiropa","19":"product_tag-metho-methadone-hcl-pulvera-pardosana-tiessaiste","20":"product_tag-metho-methadone-hcl-pulvera-piegade-eiropa","21":"product_tag-metho-methadone-hcl-pulveris-eiropa","22":"product_tag-metho-methadone-hcl-pulveris-eiropa-atlaide","23":"product_tag-metho-methadone-hcl-pulveris-eiropa-piedavajumi","24":"product_tag-metho-methadone-hcl-pulveris-eiropa-piegadataji","25":"product_tag-metho-methadone-hcl-pulveris-labaka-cena-eiropa","26":"product_tag-pasutiet-metho-methadone-hcl-pulveri-eu","27":"product_tag-pasutiet-metho-methadone-hcl-pulveri-tiessaiste","28":"product_tag-perciet-metho-methadone-hcl-pulveri","30":"first","31":"instock","32":"shipping-taxable","33":"purchasable","34":"product-type-variable","35":"farmacie-col"},"aioseo_notices":[],"_links":{"self":[{"href":"https:\/\/lacasadelamedicina.es\/lv\/wp-json\/wp\/v2\/product\/33816"}],"collection":[{"href":"https:\/\/lacasadelamedicina.es\/lv\/wp-json\/wp\/v2\/product"}],"about":[{"href":"https:\/\/lacasadelamedicina.es\/lv\/wp-json\/wp\/v2\/types\/product"}],"replies":[{"embeddable":true,"href":"https:\/\/lacasadelamedicina.es\/lv\/wp-json\/wp\/v2\/comments?post=33816"}],"wp:featuredmedia":[{"embeddable":true,"href":"https:\/\/lacasadelamedicina.es\/lv\/wp-json\/wp\/v2\/media\/18489"}],"wp:attachment":[{"href":"https:\/\/lacasadelamedicina.es\/lv\/wp-json\/wp\/v2\/media?parent=33816"}],"wp:term":[{"taxonomy":"product_cat","embeddable":true,"href":"https:\/\/lacasadelamedicina.es\/lv\/wp-json\/wp\/v2\/product_cat?post=33816"},{"taxonomy":"product_tag","embeddable":true,"href":"https:\/\/lacasadelamedicina.es\/lv\/wp-json\/wp\/v2\/product_tag?post=33816"}],"curies":[{"name":"wp","href":"https:\/\/api.w.org\/{rel}","templated":true}]}}