{"id":33776,"date":"2024-08-09T14:01:50","date_gmt":"2024-08-09T14:01:50","guid":{"rendered":"https:\/\/lacasadelamedicina.es\/product\/perciet-bruna-pulvera-heroinu-tiessaiste\/"},"modified":"2024-08-09T14:01:50","modified_gmt":"2024-08-09T14:01:50","slug":"perciet-bruna-pulvera-heroinu-tiessaiste","status":"publish","type":"product","link":"https:\/\/lacasadelamedicina.es\/lv\/produkts\/perciet-bruna-pulvera-heroinu-tiessaiste\/","title":{"rendered":"P\u0113rciet br\u016bn\u0101 pulvera hero\u012bnu tie\u0161saist\u0113"},"content":{"rendered":"<h1>P\u0113rciet br\u016bn\u0101 pulvera hero\u012bnu tie\u0161saist\u0113<\/h1>\n<p> Br\u016bnais pulveris hero\u012bns (BPH) k\u013c\u016bst arvien popul\u0101r\u0101ks starptautiskaj\u0101 tirg\u016b. Lai gan LPH past\u0101v jau k\u0101du laiku, interese par to pieaug, pateicoties \u012bpa\u0161ajai ietekmei, ko t\u0101 atst\u0101j uz cilv\u0113ka \u0137ermeni. T\u0101tad, ja v\u0113laties tie\u0161saist\u0113 ieg\u0101d\u0101ties br\u016bno hero\u012bna pulveri, Dr. Lawsons Pharmacy ir lab\u0101k\u0101 izv\u0113le. P\u0113rciet br\u016bn\u0101 pulvera hero\u012bnu tie\u0161saist\u0113 &#8211;    <a href=\"https:\/\/drlawsonspharmacy\/contact-us\/\">KONTAKTI<\/a><\/p>\n<h3>No k\u0101 izgatavots br\u016bnais hero\u012bna pulveris?<\/h3>\n<p> Opijs BPH form\u0101 ir p\u0101rstr\u0101d\u0101ts pulver\u012b. \u0160is pulveris ir sp\u0113c\u012bg\u0101ks un atkar\u012bg\u0101ks nek\u0101 citi opija veidi, jo to ir viegli sm\u0113\u0137\u0113t vai injic\u0113t. BPH ir ar\u012b vair\u0101k piem\u0113rots lieto\u0161anai augstas intensit\u0101tes aktivit\u0101t\u0113s, piem\u0113ram, sporta vai seksa laik\u0101, jo tam ir ilg\u0101ka iedarb\u012bba nek\u0101 citiem opija veidiem.   <\/p>\n<h3>Br\u016bna pulvera hero\u012bna priek\u0161roc\u012bbas<\/h3>\n<p> Br\u016bnais pulveris hero\u012bns (BPH) neap\u0161aub\u0101mi ir viena no m\u016bsdien\u0101s visbie\u017e\u0101k lietotaj\u0101m viel\u0101m. Tas ir viegli ieg\u016bstams un nodro\u0161ina t\u016bl\u012bt\u0113ju augstumu. BPH da\u017ereiz sauc par &#8220;br\u016bno hero\u012bnu&#8221;, jo to parasti gatavo no br\u016bn\u0101 cukura, kafijas un cepam\u0101s sodas. BPH ir augstas kvalit\u0101tes hero\u012bns, kas noz\u012bm\u0113, ka tas satur iev\u0113rojamu daudzumu morf\u012bna un kode\u012bna. T\u0101p\u0113c t\u0101 ir lieliska iesp\u0113ja cilv\u0113kiem, kuri mekl\u0113 sp\u0113c\u012bgu devu s\u0101pju mazin\u0101\u0161anai. Turkl\u0101t BPH pied\u0101v\u0101 \u0101tru pieg\u0101di uz jebkuru vietu pasaul\u0113, padarot to par lab\u0101ko variantu cilv\u0113kiem, kuriem z\u0101les nepiecie\u0161amas nekav\u0113joties. Visbeidzot, br\u016bn\u0101 pulvera hero\u012bna cena ir sapr\u0101t\u012bga sal\u012bdzin\u0101jum\u0101 ar citiem pieg\u0101d\u0101t\u0101jiem, padarot to par v\u0113lamu izv\u0113li klientiem, kuri v\u0113las augstas kvalit\u0101tes medikamentus, nep\u0101rk\u0101pjot savu bud\u017eetu.       <\/p>\n<h3>P\u0113rciet br\u016bn\u0101 pulvera hero\u012bnu tie\u0161saist\u0113<\/h3>\n<p> Hero\u012bns br\u016bn\u0101 pulvera veid\u0101 ir \u013coti atkar\u012bbu izraiso\u0161a un riskanta narkotiska viela, ko bie\u017ei kombin\u0113 ar cit\u0101m viel\u0101m, lai pastiprin\u0101tu t\u0101 iedarb\u012bbu. To parasti tirgo uz ielas k\u0101 br\u016bnu, melnu vai \u0161aujampulveri. Morf\u012bna un citu opi\u0101tu kombin\u0101cija br\u016bn\u0101 hero\u012bna pulver\u012b pie\u0161\u0137ir tai augstu iedarb\u012bbu. Br\u016bn\u0101 hero\u012bna pulvera t\u016bl\u012bt\u0113j\u0101s blakuspar\u0101d\u012bbas ir pa\u0101trin\u0101ta sirdsdarb\u012bba, sp\u0113c\u012bga siltuma saj\u016bta, \u0101tra elpo\u0161ana un iek\u0101res saj\u016bta. T\u016bl\u012bt p\u0113c \u0161\u012bm sek\u0101m rodas miegain\u012bbas un relaks\u0101cijas saj\u016bta. Regul\u0101ra br\u016bn\u0101 hero\u012bna pulvera lieto\u0161ana laika gait\u0101 var izrais\u012bt atkar\u012bbu no narkotik\u0101m un atkar\u012bbu.      <\/p>\n<h3>K\u0101p\u0113c ieg\u0101d\u0101ties br\u016bn\u0101 pulvera hero\u012bnu no Dr Lawsons Pharmacy?<\/h3>\n<p> Ja v\u0113laties ieg\u0101d\u0101ties br\u016bno hero\u012bna pulveri tie\u0161saist\u0113, ir vair\u0101kas iesp\u0113jas. Tom\u0113r ne visas \u0161\u012bs iesp\u0113jas ir uzticamas vai dro\u0161as. Dr Lawsons Pharmacy ir noder\u012bga \u0161aj\u0101 situ\u0101cij\u0101. M\u0113s pied\u0101v\u0101jam pla\u0161u uzticamu br\u016bn\u0101 hero\u012bna pulvera formu, z\u012bmolu un \u0161\u0137ir\u0146u kl\u0101stu p\u0101rdo\u0161anai tie\u0161saist\u0113. Turkl\u0101t m\u016bsu \u012bsie pieg\u0101des termi\u0146i \u013cauj jums ieg\u0101d\u0101ties medikamentus bez probl\u0113m\u0101m. M\u0113s v\u0113lamies, lai katrs klients, kur\u0161 pie mums veic pas\u016bt\u012bjumu, g\u016btu apmierino\u0161u pieredzi. Lab\u0101k\u0101 vieta br\u016bn\u0101 pulvera hero\u012bna ieg\u0101dei tie\u0161saist\u0113 ir Dr. Lawsons Pharmacy, kas pied\u0101v\u0101 vienk\u0101r\u0161u pas\u016bt\u012b\u0161anas procesu un \u0113rtas apmaksas iesp\u0113jas. T\u0101p\u0113c pas\u016btiet m\u016bsu veikal\u0101 tagad, lai g\u016btu labumu no lab\u0101kaj\u0101m atlaid\u0113m v\u0113lamajiem produktiem.        &nbsp;<\/p>\n","protected":false},"excerpt":{"rendered":"<p>P\u0113rciet br\u016bn\u0101 pulvera hero\u012bnu tie\u0161saist\u0113 Br\u016bnais pulveris hero\u012bns (BPH) k\u013c\u016bst arvien popul\u0101r\u0101ks starptautiskaj\u0101 tirg\u016b. Lai gan LPH past\u0101v jau k\u0101du laiku, interese par to pieaug, pateicoties \u012bpa\u0161ajai ietekmei, ko t\u0101 atst\u0101j uz cilv\u0113ka \u0137ermeni. T\u0101tad, ja v\u0113laties tie\u0161saist\u0113 ieg\u0101d\u0101ties br\u016bno hero\u012bna pulveri, Dr. Lawsons Pharmacy ir lab\u0101k\u0101 izv\u0113le. P\u0113rciet br\u016bn\u0101 pulvera hero\u012bnu tie\u0161saist\u0113 &#8211; KONTAKTI [&hellip;]<\/p>\n","protected":false},"featured_media":17949,"comment_status":"closed","ping_status":"closed","template":"","meta":{"om_disable_all_campaigns":false,"_sitemap_exclude":false,"_sitemap_priority":"","_sitemap_frequency":"","_monsterinsights_skip_tracking":false,"_monsterinsights_sitenote_active":false,"_monsterinsights_sitenote_note":"","_monsterinsights_sitenote_category":0},"product_cat":[33304],"product_tag":[33985,33987,33983,33986,33984,33970,33979,33978,33971,33981,33976,33982,33974,33972,33966,33977,33969,33980,33967,33975,33968,33973],"class_list":{"0":"post-33776","1":"product","2":"type-product","3":"status-publish","4":"has-post-thumbnail","6":"product_cat-heroins","7":"product_tag-autentisks-bruna-pulvera-heroins-eiropa","8":"product_tag-brown-powder-heroin-europe-apskats","9":"product_tag-brown-powder-heroin-europe-atlaide","10":"product_tag-brown-powder-heroin-europe-piegadataji","11":"product_tag-brown-powder-heroina-piegade-eiropa","12":"product_tag-bruna-pulvera-heroina-iedarbiba","13":"product_tag-bruna-pulvera-heroina-interneta-veikals-eiropa","14":"product_tag-bruna-pulvera-heroina-izpardosana-eiropa","15":"product_tag-bruna-pulvera-heroina-pardosana-tiessaiste","16":"product_tag-bruna-pulvera-heroina-piedavajumi-eiropa","17":"product_tag-bruna-pulvera-heroina-piegade-bez-maksas-eiropa","18":"product_tag-bruna-pulvera-heroina-veikals-eiropa","19":"product_tag-brunais-pulveris-heroins-par-labako-cenu-eiropa","20":"product_tag-cik-maksa-bruna-pulvera-heroins","21":"product_tag-iegadajieties-bruno-heroina-pulveri-tiessaiste","22":"product_tag-kur-nopirkt-bruna-pulvera-heroinu-eiropa","23":"product_tag-kur-tiessaiste-iegadaties-bruna-pulvera-heroinu","24":"product_tag-lets-bruna-pulvera-heroins-eiropa","25":"product_tag-nopirkt-bruno-pulveri-heroinu","26":"product_tag-pasutiet-bruna-pulvera-heroinu-eu","27":"product_tag-pasutiet-bruno-heroina-pulveri-tiessaiste","28":"product_tag-perciet-bruna-pulvera-heroinu-tiessaiste-eiropa","30":"first","31":"instock","32":"shipping-taxable","33":"purchasable","34":"product-type-variable","35":"farmacie-col"},"aioseo_notices":[],"_links":{"self":[{"href":"https:\/\/lacasadelamedicina.es\/lv\/wp-json\/wp\/v2\/product\/33776"}],"collection":[{"href":"https:\/\/lacasadelamedicina.es\/lv\/wp-json\/wp\/v2\/product"}],"about":[{"href":"https:\/\/lacasadelamedicina.es\/lv\/wp-json\/wp\/v2\/types\/product"}],"replies":[{"embeddable":true,"href":"https:\/\/lacasadelamedicina.es\/lv\/wp-json\/wp\/v2\/comments?post=33776"}],"wp:featuredmedia":[{"embeddable":true,"href":"https:\/\/lacasadelamedicina.es\/lv\/wp-json\/wp\/v2\/media\/17949"}],"wp:attachment":[{"href":"https:\/\/lacasadelamedicina.es\/lv\/wp-json\/wp\/v2\/media?parent=33776"}],"wp:term":[{"taxonomy":"product_cat","embeddable":true,"href":"https:\/\/lacasadelamedicina.es\/lv\/wp-json\/wp\/v2\/product_cat?post=33776"},{"taxonomy":"product_tag","embeddable":true,"href":"https:\/\/lacasadelamedicina.es\/lv\/wp-json\/wp\/v2\/product_tag?post=33776"}],"curies":[{"name":"wp","href":"https:\/\/api.w.org\/{rel}","templated":true}]}}