{"id":33764,"date":"2024-08-09T14:01:50","date_gmt":"2024-08-09T14:01:50","guid":{"rendered":"https:\/\/lacasadelamedicina.es\/product\/perciet-black-tar-heroinu-tiessaiste\/"},"modified":"2024-08-09T14:01:50","modified_gmt":"2024-08-09T14:01:50","slug":"perciet-black-tar-heroinu-tiessaiste","status":"publish","type":"product","link":"https:\/\/lacasadelamedicina.es\/lv\/produkts\/perciet-black-tar-heroinu-tiessaiste\/","title":{"rendered":"P\u0113rciet Black Tar hero\u012bnu tie\u0161saist\u0113"},"content":{"rendered":"<h3>P\u0113rciet Black Tar hero\u012bnu tie\u0161saist\u0113<\/h3>\n<p> Meln\u0101s darvas hero\u012bns ir narkotisk\u0101 hero\u012bna paveids, kam rakstur\u012bga darvai l\u012bdz\u012bga melna konsistence. Lai gan t\u0101 ir b\u012bstama un sp\u0113c\u012bga viela, t\u0101 joproj\u0101m ir \u013coti piepras\u012bta t\u0101s pieejam\u012bbas un pie\u0146emam\u0101s cenas d\u0113\u013c. T\u0101p\u0113c Dr. Lawsons Pharmacy ir ide\u0101ls risin\u0101jums, ja v\u0113laties ieg\u0101d\u0101ties meln\u0101s darvas hero\u012bnu tie\u0161saist\u0113 par viszem\u0101ko cenu. P\u0113rciet meln\u0101 darvas hero\u012bnu tie\u0161saist\u0113 &#8211;    <a href=\"https:\/\/drlawsonspharmacy\/contact-us\/\">KONTAKTI<\/a><\/p>\n<h3>K\u0101ds ir meln\u0101 darvas hero\u012bna izskats un smar\u017ea?<\/h3>\n<p> Atlikumi, kas paliku\u0161i sm\u0113\u0137\u0113\u0161anas vai injekcijas laik\u0101, <a href=\"https:\/\/dieapotheke247.com\/\">e<\/a>ro\u012bns saciet\u0113 un tiek izmantots meln\u0101 darvas hero\u012bna pagatavo\u0161anai. Tam ir sp\u0113c\u012bg\u0101ka smar\u017ea un gar\u0161a nek\u0101 citiem hero\u012bna veidiem, un tas ir sp\u0113c\u012bg\u0101ks. Noklik\u0161\u0137iniet uz &#8220;Pievienot grozam&#8221; un pabeidziet izrakst\u012b\u0161an\u0101s procesu, lai ieg\u0101d\u0101tos Black Tar hero\u012bnu tie\u0161saist\u0113 no Dr. Lawsons Pharmacy. Tad Black Tar Hero\u012bns tiks pieg\u0101d\u0101ts vairum\u0101 tie\u0161i uz j\u016bsu m\u0101j\u0101m. Nekad nevienam nedalieties ar adat\u0101m vai \u0161\u013circ\u0113m un glab\u0101jiet z\u0101les b\u0113rniem un dz\u012bvniekiem nepieejam\u0101 viet\u0101.     <\/p>\n<h3>Meln\u0101s darvas hero\u012bna ra\u017eo\u0161anas un tirdzniec\u012bbas process<\/h3>\n<p> Opija pulveris tiek izmantots, lai padar\u012btu hero\u012bnu paz\u012bstamu k\u0101 &#8220;melno darvu&#8221;. P\u0113c kars\u0113\u0161anas un apvieno\u0161anas ar cit\u0101m \u0137\u012bmisk\u0101m viel\u0101m \u0161is materi\u0101ls p\u0101rv\u0113r\u0161as lip\u012bg\u0101, tum\u0161\u0101 viel\u0101, kas paz\u012bstama k\u0101 &#8220;darva&#8221;. P\u0113c tam darvu sadala mazos gabali\u0146os un p\u0101rdod uz ielas k\u0101 hero\u012bnu. Meln\u0101s darvas hero\u012bna ra\u017eo\u0161ana un tirdzniec\u012bba ir sare\u017e\u0123\u012bti procesi. Hero\u012bna tirgot\u0101ji risina sarunas ar noziedz\u012bgo pasauli, lai ieg\u016btu narkotiku ra\u017eo\u0161anai nepiecie\u0161am\u0101s preces un c\u012bn\u012btos pret jebk\u0101diem ties\u012bbaizsardz\u012bbas iest\u0101\u017eu m\u0113\u0123in\u0101jumiem tos izjaukt. Ta\u010du tagad, kad meln\u0101 darvas hero\u012bns ir pieejams p\u0101rdo\u0161anai tie\u0161saist\u0113 no t\u0101diem cien\u012bjamiem veikaliem k\u0101 Dr. Lawsons Pharmacy, \u0161\u012b metode ir vienk\u0101r\u0161\u0101ka nek\u0101 jebkad agr\u0101k. Esiet inform\u0113ts par briesm\u0101m, pas\u016btot meln\u0101 darvas hero\u012bnu tie\u0161saist\u0113. J\u016bs ne tikai risk\u0113jat ieg\u016bt z\u0101les no neuzticama pieg\u0101d\u0101t\u0101ja, bet ar\u012b pak\u013caujat sevi p\u0101rdoz\u0113\u0161anas un infic\u0113\u0161an\u0101s ar HIV vai cit\u0101m infekcij\u0101m (STS) riskam. T\u0101p\u0113c ieg\u0101d\u0101jieties \u0161\u012bs z\u0101les tikai no t\u0101da cien\u012bjama mazumtirgot\u0101ja k\u0101 Dr. Lawsons Pharmacy.         <\/p>\n<h3>Meln\u0101s darvas hero\u012bna negat\u012bv\u0101 ietekme<\/h3>\n<p> Meln\u0101s darvas hero\u012bns ir sp\u0113c\u012bgs, net\u012brs narkotiku variants, kam ir vair\u0101kas nopietnas negat\u012bvas sekas. Piem\u0113ram, meln\u0101s darvas hero\u012bns var izrais\u012bt galvass\u0101pes, sliktu d\u016b\u0161u un vem\u0161anu. Ilgsto\u0161a lieto\u0161ana var izrais\u012bt ar\u012b abstinences simptomus, piem\u0113ram, trauksmi, uzbudin\u0101jumu un depresiju. J\u016bsu risks saslimt ar sirds un plau\u0161u probl\u0113m\u0101m var ar\u012b palielin\u0101ties, ja lietojat meln\u0101 darvas hero\u012bnu. Ja j\u016bs vai k\u0101ds jums paz\u012bstams cilv\u0113ks c\u012bn\u0101s ar atkar\u012bbu no meln\u0101 darvas hero\u012bna, l\u016bdzu, nevilcinieties l\u016bgt pal\u012bdz\u012bbu.     <\/p>\n<h3>K\u0101p\u0113c ieg\u0101d\u0101ties Black Tar hero\u012bnu tie\u0161saist\u0113 no Dr. Lawsons Pharmacy?<\/h3>\n<p> Vai mekl\u0113jat kvalitat\u012bvu un uzticamu interneta pieg\u0101d\u0101t\u0101ju, no kura ieg\u0101d\u0101ties meln\u0101s darvas hero\u012bnu? Dr Lawsons Pharmacy ir vien\u012bg\u0101 iesp\u0113ja. \u0160eit j\u016bs varat ieg\u016bt augstas kvalit\u0101tes meln\u0101s darvas hero\u012bnu par vislab\u0101ko cenu. Turkl\u0101t m\u0113s pied\u0101v\u0101jam vis\u0101tr\u0101kos pieg\u0101des laikus nozar\u0113.    &nbsp;<\/p>\n","protected":false},"excerpt":{"rendered":"<p>&nbsp;<\/p>\n<p>&nbsp;<\/p>\n","protected":false},"featured_media":17934,"comment_status":"closed","ping_status":"closed","template":"","meta":{"om_disable_all_campaigns":false,"_sitemap_exclude":false,"_sitemap_priority":"","_sitemap_frequency":"","_monsterinsights_skip_tracking":false,"_monsterinsights_sitenote_active":false,"_monsterinsights_sitenote_note":"","_monsterinsights_sitenote_category":0},"product_cat":[33304],"product_tag":[33941,33943,33939,33942,33938,33940,33928,33924,33933,33925,33936,33932,33926,33935,33934,33927,33937,33930,33922,33931,33923,33929],"class_list":{"0":"post-33764","1":"product","2":"type-product","3":"status-publish","4":"has-post-thumbnail","6":"product_cat-heroins","7":"product_tag-autentisks-melna-darvas-heroins-eiropa","8":"product_tag-black-tar-heroin-europe-apskats","9":"product_tag-black-tar-heroin-europe-atlaide","10":"product_tag-black-tar-heroin-europe-piegadataji","11":"product_tag-black-tar-heroin-europe-veikals","12":"product_tag-black-tar-heroina-piegade-eiropa","13":"product_tag-cik-maksa-melnas-darvas-heroins","14":"product_tag-iegadajieties-melna-darvas-heroinu-tiessaiste","15":"product_tag-kur-nopirkt-black-tar-heroinu-eiropa","16":"product_tag-kur-tiessaiste-iegadaties-black-tar-heroinu","17":"product_tag-lets-melna-darvas-heroins-eiropa","18":"product_tag-melnas-darvas-heroina-bezmaksas-piegade-uz-eiropu","19":"product_tag-melnas-darvas-heroina-iedarbiba","20":"product_tag-melnas-darvas-heroina-interneta-veikals-eiropa","21":"product_tag-melnas-darvas-heroina-izpardosana-eiropa","22":"product_tag-melnas-darvas-heroina-pardosana-tiessaiste","23":"product_tag-melnas-darvas-heroina-piedavajumi-eiropa","24":"product_tag-melnas-darvas-heroins-labaka-cena-eiropa","25":"product_tag-nopirkt-black-tar-heroinu","26":"product_tag-pasutiet-black-tar-heroin-eu","27":"product_tag-pasutiet-black-tar-heroinu-tiessaiste","28":"product_tag-perciet-melna-darvas-heroinu-tiessaiste-eiropa","30":"first","31":"instock","32":"shipping-taxable","33":"purchasable","34":"product-type-variable","35":"farmacie-col"},"aioseo_notices":[],"_links":{"self":[{"href":"https:\/\/lacasadelamedicina.es\/lv\/wp-json\/wp\/v2\/product\/33764"}],"collection":[{"href":"https:\/\/lacasadelamedicina.es\/lv\/wp-json\/wp\/v2\/product"}],"about":[{"href":"https:\/\/lacasadelamedicina.es\/lv\/wp-json\/wp\/v2\/types\/product"}],"replies":[{"embeddable":true,"href":"https:\/\/lacasadelamedicina.es\/lv\/wp-json\/wp\/v2\/comments?post=33764"}],"wp:featuredmedia":[{"embeddable":true,"href":"https:\/\/lacasadelamedicina.es\/lv\/wp-json\/wp\/v2\/media\/17934"}],"wp:attachment":[{"href":"https:\/\/lacasadelamedicina.es\/lv\/wp-json\/wp\/v2\/media?parent=33764"}],"wp:term":[{"taxonomy":"product_cat","embeddable":true,"href":"https:\/\/lacasadelamedicina.es\/lv\/wp-json\/wp\/v2\/product_cat?post=33764"},{"taxonomy":"product_tag","embeddable":true,"href":"https:\/\/lacasadelamedicina.es\/lv\/wp-json\/wp\/v2\/product_tag?post=33764"}],"curies":[{"name":"wp","href":"https:\/\/api.w.org\/{rel}","templated":true}]}}