{"id":33685,"date":"2024-08-09T14:01:50","date_gmt":"2024-08-09T14:01:50","guid":{"rendered":"https:\/\/lacasadelamedicina.es\/product\/perciet-tiru-mmb-2201-pulveri-tiessaiste\/"},"modified":"2024-09-17T18:05:59","modified_gmt":"2024-09-17T18:05:59","slug":"perciet-tiru-mmb-2201-pulveri-tiessaiste","status":"publish","type":"product","link":"https:\/\/lacasadelamedicina.es\/lv\/produkts\/perciet-tiru-mmb-2201-pulveri-tiessaiste\/","title":{"rendered":"P\u0113rciet t\u012bru MMB-2201 pulveri tie\u0161saist\u0113"},"content":{"rendered":"<h1>P\u0113rciet Pure MMB-2201 pulveri tie\u0161saist\u0113<\/h1>\n<p> P\u0113rciet MMB-2201 pulveri tie\u0161saist\u0113. Kanabino\u012bdi ir visaugst\u0101k\u0101s p\u0113tniec\u012bbas \u0137\u012bmisk\u0101s vielas. MDMB-2201 var ieg\u0101d\u0101ties tie\u0161saist\u0113 no cien\u012bjama pieg\u0101d\u0101t\u0101ja Coinstar Chemical par vairumtirdzniec\u012bbas cen\u0101m. P\u0113rciet Pure MMB-2201 pulveri tie\u0161saist\u0113 \u2014 <a href=\"https:\/\/drlawsonspharmacy\/contact-us\/\">KONTAKTI<\/a><strong>5f MDMB 2201 p\u0101rdo\u0161anai MDMB 2201 reddit<\/strong><strong>mmb-fub | mmbfub<\/strong><strong>fub2201 | fub-akb48<\/strong> (paz\u012bstams ar\u012b k\u0101 5F-MMB-PICA, 5F-AMB-PICA un I-AMB) ir sp\u0113c\u012bgs sint\u0113tisks kanabino\u012bds, kura pamat\u0101 ir indola-3-karboksam\u012bds, ko p\u0101rdod k\u0101 akt\u012bvo sast\u0101vda\u013cu ka\u0146epju mais\u012bjumos un lieto. k\u0101 dizaineru z\u0101les. Sint\u0113tisks. 2014. gada janv\u0101r\u012b tas pirmo reizi min\u0113ts Krievij\u0101 un Baltkrievij\u0101; tom\u0113r v\u0113l\u0101k tas tika p\u0101rdots vair\u0101k\u0101m cit\u0101m valst\u012bm. Sint\u0113tiskais kanabino\u012bds no indazolu grupas, ko sauc par 5F-MDMB-2201, ir \u013coti sal\u012bdzin\u0101ms ar MMB-2201. 5F-MDMB-2201 sp\u0113c\u012bgi ietekm\u0113 (antagoniz\u0113) CB1 un CB2 receptorus. Meksedrons pieder pie katinonu \u0137\u012bmisk\u0101s klases un rea\u0123\u0113 k\u0101 t\u0101ds. Meksedronam ir balto dimantu &#8220;fiziskais izskats&#8221;, ta\u010du to var ieg\u0101d\u0101ties ar\u012b k\u0101 sint\u0113tikai l\u012bdz\u012bgu pulveri vai krist\u0101lus. Meksedrona maksim\u0101l\u0101 deva ir no 50 mg l\u012bdz 100 mg, un to lieto iek\u0161\u0137\u012bgi. Ir nov\u0113rots, ka mefedrona devas no 100 mg l\u012bdz 150 mg rada l\u012bdz\u012bgus efektus. Mexedrone iedarb\u012bba var ilgt 4 l\u012bdz 6 stundas.             <\/p>\n<h3>P\u0113rciet Pure MMB-2201 pulveri tie\u0161saist\u0113<\/h3>\n<p> Meksedrons ir &#8220;psihoakt\u012bvas z\u0101les&#8221;, kas ir klasific\u0113tas k\u0101 entaktog\u0113ns un stimulants. Tas ar\u012b izraisa uzbudin\u0101jumu. Var iedom\u0101ties, bet v\u0113l nav pier\u0101d\u012bts, ka Mexedrone izraisa sinaptiskos pl\u016bdus notikuma stimul\u0113jo\u0161\u0101s ietekmes d\u0113\u013c. Mexedrone lieto\u0161anas laik\u0101 akt\u012bvaj\u0101s sinaps\u0113s var b\u016bt dopam\u012bns, norepinefr\u012bns un seroton\u012bns.    <\/p>\n<h3><strong>Pas\u016btiet MMB-2201<\/strong><\/h3>\n<p> Mexedrone iedarb\u012bba ir 70% no s\u0101kotn\u0113j\u0101s \u0137\u012bmisk\u0101s vielas mefedrona iedarb\u012bbas. Mexedrone iedarb\u012bba ir fiziska, gar\u012bga un dzirdama, un t\u0101 k\u013c\u016bst ticam\u0101ka ar liel\u0101kiem m\u0113r\u012bjumiem. Faktisk\u0101s Mexedrone blakuspar\u0101d\u012bbas ir pacil\u0101t\u012bba, sed\u0101cija, pastiprin\u0101ta \u0137erme\u0146a saj\u016bta, sl\u0101pes, pastiprin\u0101ta sv\u012b\u0161ana, neierobe\u017eotas saj\u016btas, zobu grie\u0161ana, vibr\u0113jo\u0161a redze un trauc\u0113ta temperat\u016bras regul\u0113\u0161ana. Meksedronam ir psiholo\u0123iska ietekme, piem\u0113ram, aizrau\u0161an\u0101s, domu pa\u0101trin\u0101\u0161ana un t\u012bklo\u0161anas efekts. Mexedrone blakuspar\u0101d\u012bbas var izpausties ar\u012b dzirdamos uzlabojumos. Meksedrona lieto\u0161ana p\u0113c stimul\u0101cijas var rad\u012bt vislab\u0101kos efektus. Mexedrone iedarb\u012bba p\u0113c lieto\u0161anas var b\u016bt kait\u012bga, izraisot pal\u0113nin\u0101tu dom\u0101\u0161anu un iedvesmu, intelektu\u0101lu sp\u0113ku izs\u012bkumu, diskomfortu, nepaklaus\u012bbu, smagu garast\u0101vokli un uzman\u012bbu. Mexedrone sekas, visticam\u0101k, rodas sinapses pat\u0113ri\u0146a rezult\u0101t\u0101, jo pieredzes ierosin\u0101\u0161anas f\u0101z\u0113 tika samazin\u0101ta sinapses pieg\u0101de.        &nbsp;<\/p>\n","protected":false},"excerpt":{"rendered":"<p>P\u0113rciet t\u012bru MMB-2201 pulveri tie\u0161saist\u0113. Zin\u0101ms ar\u012b k\u0101 I-AMB, 5F-AMB-PICA vai MMB-2201 pulveris.  &nbsp;<\/p>\n<p>&nbsp;<\/p>\n","protected":false},"featured_media":18459,"comment_status":"closed","ping_status":"closed","template":"","meta":{"om_disable_all_campaigns":false,"_sitemap_exclude":false,"_sitemap_priority":"","_sitemap_frequency":"","_monsterinsights_skip_tracking":false,"_monsterinsights_sitenote_active":false,"_monsterinsights_sitenote_note":"","_monsterinsights_sitenote_category":0},"product_cat":[30172],"product_tag":[33743,33730,33735,33726,33738,33733,33727,33724,33725,33731,33740,33737,33741,33744,33745,33728,33729,33734,33742,33736,33739,33732],"class_list":{"0":"post-33685","1":"product","2":"type-product","3":"status-publish","4":"has-post-thumbnail","6":"product_cat-kimisko-vielu-un-psihodelisko-lidzeklu-izpete","7":"product_tag-autentisks-tirs-mmb-2201-pulveris-eiropa","8":"product_tag-cik-maksa-tirs-mmb-2201-pulveris","9":"product_tag-kur-nopirkt-tiru-mmb-2201-pulveri-eiropa","10":"product_tag-kur-tiessaiste-iegadaties-tiru-mmb-2201-pulveri","11":"product_tag-lets-tirs-mmb-2201-pulveris-eiropa","12":"product_tag-pasutiet-tiru-mmb-2201-pulveri-eu","13":"product_tag-pasutiet-tiru-mmb-2201-pulveri-tiessaiste","14":"product_tag-perciet-tiru-mmb-2201-pulveri","15":"product_tag-perciet-tiru-mmb-2201-pulveri-tiessaiste","16":"product_tag-perciet-tiru-mmb-2201-pulveri-tiessaiste-eiropa","17":"product_tag-pure-mmb-2201-pulvera-eiropas-veikals","18":"product_tag-pure-mmb-2201-pulvera-interneta-veikals-eiropa","19":"product_tag-pure-mmb-2201-pulveris-eiropa-atlaide","20":"product_tag-pure-mmb-2201-pulveris-eiropa-piegadatajiem","21":"product_tag-tira-mmb-2201-pulvera-eiropas-apskats","22":"product_tag-tira-mmb-2201-pulvera-iedarbiba","23":"product_tag-tira-mmb-2201-pulvera-pardosana-tiessaiste","24":"product_tag-tira-mmb-2201-pulvera-piegade-bez-maksas-eiropa","25":"product_tag-tira-mmb-2201-pulvera-piegade-eiropa","26":"product_tag-tirs-mmb-2201-pulveris-eiropa","27":"product_tag-tirs-mmb-2201-pulveris-eiropa-lv","28":"product_tag-tirs-mmb-2201-pulveris-par-labako-cenu-eiropa","30":"first","31":"instock","32":"shipping-taxable","33":"purchasable","34":"product-type-variable","35":"farmacie-col"},"aioseo_notices":[],"_links":{"self":[{"href":"https:\/\/lacasadelamedicina.es\/lv\/wp-json\/wp\/v2\/product\/33685"}],"collection":[{"href":"https:\/\/lacasadelamedicina.es\/lv\/wp-json\/wp\/v2\/product"}],"about":[{"href":"https:\/\/lacasadelamedicina.es\/lv\/wp-json\/wp\/v2\/types\/product"}],"replies":[{"embeddable":true,"href":"https:\/\/lacasadelamedicina.es\/lv\/wp-json\/wp\/v2\/comments?post=33685"}],"wp:featuredmedia":[{"embeddable":true,"href":"https:\/\/lacasadelamedicina.es\/lv\/wp-json\/wp\/v2\/media\/18459"}],"wp:attachment":[{"href":"https:\/\/lacasadelamedicina.es\/lv\/wp-json\/wp\/v2\/media?parent=33685"}],"wp:term":[{"taxonomy":"product_cat","embeddable":true,"href":"https:\/\/lacasadelamedicina.es\/lv\/wp-json\/wp\/v2\/product_cat?post=33685"},{"taxonomy":"product_tag","embeddable":true,"href":"https:\/\/lacasadelamedicina.es\/lv\/wp-json\/wp\/v2\/product_tag?post=33685"}],"curies":[{"name":"wp","href":"https:\/\/api.w.org\/{rel}","templated":true}]}}