{"id":33605,"date":"2024-08-09T14:01:54","date_gmt":"2024-08-09T14:01:54","guid":{"rendered":"https:\/\/lacasadelamedicina.es\/product\/perciet-balto-heroina-pulveri-tiessaiste\/"},"modified":"2024-08-09T14:01:54","modified_gmt":"2024-08-09T14:01:54","slug":"perciet-balto-heroina-pulveri-tiessaiste","status":"publish","type":"product","link":"https:\/\/lacasadelamedicina.es\/lv\/produkts\/perciet-balto-heroina-pulveri-tiessaiste\/","title":{"rendered":"P\u0113rciet balto hero\u012bna pulveri tie\u0161saist\u0113"},"content":{"rendered":"<h1>P\u0113rciet balto pulvera hero\u012bnu tie\u0161saist\u0113.<\/h1>\n<p> P\u0113rciet balto hero\u012bna pulveri tie\u0161saist\u0113 \u2014 viens no sp\u0113c\u012bg\u0101kajiem un ienes\u012bg\u0101kajiem hero\u012bna veidiem tirg\u016b ir balts pulveris. Bet no k\u0101 to vajadz\u0113tu pirkt? Lab\u0101k\u0101 vieta, kur tie\u0161saist\u0113 ieg\u0101d\u0101ties balto hero\u012bna pulveri par viszem\u0101ko cenu, ir Dr. Lawsons Pharmacy. Dr. Lawsons Pharmac<a href=\"https:\/\/dieapotheke247.com\/\">y<\/a> \u013cauj viegli un dro\u0161i ieg\u0101d\u0101ties balto hero\u012bna pulveri vairum\u0101. Ar m\u016bsu 100% apmierin\u0101t\u012bbas garantiju m\u0113s lepojamies ar to, ka nodro\u0161in\u0101m saviem klientiem \u0101tru, diskr\u0113tu un dro\u0161u iepirk\u0161an\u0101s pieredzi. P\u0113rciet balto hero\u012bna pulveri tie\u0161saist\u0113 &#8211;      <a href=\"https:\/\/drlawsonspharmacy\/contact-us\/\"><a href=\"https:\/\/drlawsonspharmacy\/contact-us\/\">KONTAKTI Pas\u016btiet hero\u012bnu tie\u0161saist\u0113<\/a><\/a><\/p>\n<h3>Balt\u0101 hero\u012bna pulvera priek\u0161roc\u012bbas<\/h3>\n<p> Lai gan balto hero\u012bna pulveri bie\u017ei izmanto atp\u016btai vai medic\u012bniskiem nol\u016bkiem, lai \u0101rst\u0113tu opio\u012bdu s\u0101pes, tas k\u013c\u016bst arvien popul\u0101r\u0101ks ar\u012b to cilv\u0113ku vid\u016b, kuri mekl\u0113 ekstr\u0113m\u0101ku pieredzi. Tagad j\u016bs varat ieg\u0101d\u0101ties t\u012bru baltu hero\u012bna pulveri tie\u0161saist\u0113 no Dr. Lawsons Pharmacy un izjust t\u0101 sp\u0113c\u012bgo iedarb\u012bbu kl\u0101tien\u0113. Tirg\u016b t\u012br\u0101ko hero\u012bnu varat ieg\u016bt balt\u0101 pulvera veid\u0101 no Dr. Lawsons Pharmacy. Tas padara to ide\u0101li piem\u0113rotu cilv\u0113kiem, kuri mekl\u0113 intens\u012bvu pieredzi, jo j\u016bsu deva ir sp\u0113c\u012bg\u0101ka un ilgst ilg\u0101k nek\u0101 citiem hero\u012bna veidiem. Turkl\u0101t cenas ir sapr\u0101t\u012bgas un pieg\u0101des laiks ir \u012bss. Ko tu gaidi? Pas\u016btiet lielu daudzumu balt\u0101 pulvera hero\u012bna jau t\u016bl\u012bt! P\u0113rciet balto hero\u012bna pulveri tie\u0161saist\u0113        <\/p>\n<h3>Riski, kas saist\u012bti ar balt\u0101 hero\u012bna pulvera lieto\u0161anu<\/h3>\n<p> Esiet inform\u0113ts par briesm\u0101m, ja pl\u0101nojat ieg\u0101d\u0101ties balto hero\u012bna pulveri p\u0101rdo\u0161anai tie\u0161saist\u0113. Baltais hero\u012bna pulveris ir \u013coti atkar\u012bbu izraiso\u0161a viela, kas var izrais\u012bt gan psiholo\u0123isku, gan fizisku atkar\u012bbu, ja to bie\u017ei lieto. Ja p\u0113k\u0161\u0146i p\u0101rtraucat lietot, Jums var rasties smagi un s\u0101p\u012bgi abstinences simptomi. Turkl\u0101t pat nelielas \u0161\u012bs sp\u0113c\u012bg\u0101s \u0137\u012bmisk\u0101s vielas devas var b\u016bt let\u0101las, ja to lieto nepareizi vai p\u0101rm\u0113r\u012bgi. Faktiski p\u0101rdoz\u0113\u0161ana ir viens no visizplat\u012bt\u0101kajiem n\u0101ves gad\u012bjumiem, kas saist\u012bts ar balt\u0101 hero\u012bna pulvera lieto\u0161anu. Visbeidzot, balt\u0101 hero\u012bna pulvera lieto\u0161ana ir saist\u012bta ar vair\u0101kiem kait\u012bgiem gar\u012bg\u0101s vesel\u012bbas trauc\u0113jumiem, tostarp paranoju, skumj\u0101m, dom\u0101\u0161anas trauc\u0113jumiem, trauksmi un atkar\u012bbas recid\u012bvu. P\u0113rciet balto hero\u012bna pulveri tie\u0161saist\u0113       <\/p>\n<h3>P\u0113rciet balto hero\u012bna pulveri tie\u0161saist\u0113<\/h3>\n<p> Ir svar\u012bgi saprast, ka nav &#8220;dro\u0161as&#8221; balt\u0101 hero\u012bna pulvera devas, jo jebkur\u0161 daudzums var b\u016bt let\u0101ls mijiedarb\u012bbas d\u0113\u013c ar zin\u0101mu vai neapzin\u0101tu cilv\u0113ka jut\u012bgumu un cit\u0101m medic\u012bnisk\u0101m probl\u0113m\u0101m. \u0160\u012b iemesla d\u0113\u013c hero\u012bna lieto\u0161ana \u2013 neatkar\u012bgi no t\u0101, cik maza \u2013 ir j\u0101veic tikai stingr\u0101 kvalific\u0113ta medic\u012bnas speci\u0101lista uzraudz\u012bb\u0101. Pas\u016btiet hero\u012bnu tie\u0161saist\u0113   <\/p>\n<h3>K\u0101p\u0113c Dr. Lawsons Pharmacy ir lab\u0101k\u0101 vieta, kur tie\u0161saist\u0113 ieg\u0101d\u0101ties balto hero\u012bna pulveri?<\/h3>\n<p> Ja v\u0113laties ieg\u0101d\u0101ties balto hero\u012bna pulveri tie\u0161saist\u0113, ir vair\u0101kas priek\u0161roc\u012bbas, tostarp pieejam\u012bba un vienk\u0101r\u0161\u012bba. Tom\u0113r ir svar\u012bgi apzin\u0101ties \u0161\u012bs vielas lieto\u0161anas risku un ieg\u0101d\u0101ties to tikai no uzticamiem pieg\u0101d\u0101t\u0101jiem, piem\u0113ram, Dr. Lawsons Pharmacy. Ar Dr. Lawsons Pharmacy pal\u012bdz\u012bbu j\u016bs varat dro\u0161i izbaud\u012bt daudzas priek\u0161roc\u012bbas, ko sniedz vairumtirdzniec\u012bbas balt\u0101 hero\u012bna pulveris tie\u0161saist\u0113. Pas\u016btiet hero\u012bnu tie\u0161saist\u0113    &nbsp;<\/p>\n","protected":false},"excerpt":{"rendered":"<p>P\u0113rciet balto pulvera hero\u012bnu tie\u0161saist\u0113. P\u0113rciet balto hero\u012bna pulveri tie\u0161saist\u0113 \u2014 viens no sp\u0113c\u012bg\u0101kajiem un ienes\u012bg\u0101kajiem hero\u012bna veidiem tirg\u016b ir balts pulveris. Bet no k\u0101 to vajadz\u0113tu pirkt? Lab\u0101k\u0101 vieta, kur tie\u0161saist\u0113 ieg\u0101d\u0101ties balto hero\u012bna pulveri par viszem\u0101ko cenu, ir Dr. Lawsons Pharmacy. Dr. Lawsons Pharmacy \u013cauj viegli un dro\u0161i ieg\u0101d\u0101ties balto hero\u012bna pulveri vairum\u0101. [&hellip;]<\/p>\n","protected":false},"featured_media":17994,"comment_status":"closed","ping_status":"closed","template":"","meta":{"om_disable_all_campaigns":false,"_sitemap_exclude":false,"_sitemap_priority":"","_sitemap_frequency":"","_monsterinsights_skip_tracking":false,"_monsterinsights_sitenote_active":false,"_monsterinsights_sitenote_note":"","_monsterinsights_sitenote_category":0},"product_cat":[33304],"product_tag":[33501,33498,33486,33495,33492,33487,33500,33494,33497,33503,33499,33502,33490,33488,33493,33484,33496,33491,33485,33482,33483,33489],"class_list":{"0":"post-33605","1":"product","2":"type-product","3":"status-publish","4":"has-post-thumbnail","6":"product_cat-heroins","7":"product_tag-autentisks-baltais-heroina-pulveris-eiropa","8":"product_tag-balta-heroina-pulvera-eiropas-veikals","9":"product_tag-balta-heroina-pulvera-iedarbiba","10":"product_tag-balta-heroina-pulvera-interneta-veikals-eiropa","11":"product_tag-balta-heroina-pulvera-piegade-bez-maksas-eiropa","12":"product_tag-balta-heroina-pulvera-tirdznieciba-tiessaiste","13":"product_tag-balta-heroina-pulveris-piegade-eiropa","14":"product_tag-baltais-heroina-pulveris-eiropa","15":"product_tag-baltais-heroina-pulveris-eiropa-lv","16":"product_tag-baltais-heroina-pulveris-eiropas-apskats","17":"product_tag-baltais-heroina-pulveris-eiropas-atlaide","18":"product_tag-baltais-heroina-pulveris-eiropas-piegadatajiem","19":"product_tag-baltais-heroina-pulveris-labaka-cena-eiropa","20":"product_tag-cik-maksa-baltais-heroina-pulveris","21":"product_tag-kur-nopirkt-balto-heroina-pulveri-eiropa","22":"product_tag-kur-tiessaiste-nopirkt-balto-heroina-pulveri","23":"product_tag-lets-baltais-heroina-pulveris-eiropa","24":"product_tag-pasutiet-balto-heroina-pulveri-eu","25":"product_tag-pasutiet-balto-heroina-pulveri-tiessaiste","26":"product_tag-perciet-balto-heroina-pulveri","27":"product_tag-perciet-balto-heroina-pulveri-tiessaiste","28":"product_tag-perciet-balto-heroina-pulveri-tiessaiste-eiropa","30":"first","31":"instock","32":"shipping-taxable","33":"purchasable","34":"product-type-variable","35":"farmacie-col"},"aioseo_notices":[],"_links":{"self":[{"href":"https:\/\/lacasadelamedicina.es\/lv\/wp-json\/wp\/v2\/product\/33605"}],"collection":[{"href":"https:\/\/lacasadelamedicina.es\/lv\/wp-json\/wp\/v2\/product"}],"about":[{"href":"https:\/\/lacasadelamedicina.es\/lv\/wp-json\/wp\/v2\/types\/product"}],"replies":[{"embeddable":true,"href":"https:\/\/lacasadelamedicina.es\/lv\/wp-json\/wp\/v2\/comments?post=33605"}],"wp:featuredmedia":[{"embeddable":true,"href":"https:\/\/lacasadelamedicina.es\/lv\/wp-json\/wp\/v2\/media\/17994"}],"wp:attachment":[{"href":"https:\/\/lacasadelamedicina.es\/lv\/wp-json\/wp\/v2\/media?parent=33605"}],"wp:term":[{"taxonomy":"product_cat","embeddable":true,"href":"https:\/\/lacasadelamedicina.es\/lv\/wp-json\/wp\/v2\/product_cat?post=33605"},{"taxonomy":"product_tag","embeddable":true,"href":"https:\/\/lacasadelamedicina.es\/lv\/wp-json\/wp\/v2\/product_tag?post=33605"}],"curies":[{"name":"wp","href":"https:\/\/api.w.org\/{rel}","templated":true}]}}