{"id":33596,"date":"2024-08-09T14:01:54","date_gmt":"2024-08-09T14:01:54","guid":{"rendered":"https:\/\/lacasadelamedicina.es\/product\/perciet-jwh-210-kimisko-pulveri-tiessaiste\/"},"modified":"2024-08-09T14:01:54","modified_gmt":"2024-08-09T14:01:54","slug":"perciet-jwh-210-kimisko-pulveri-tiessaiste","status":"publish","type":"product","link":"https:\/\/lacasadelamedicina.es\/lv\/produkts\/perciet-jwh-210-kimisko-pulveri-tiessaiste\/","title":{"rendered":"P\u0113rciet JWH-210 \u0137\u012bmisko pulveri tie\u0161saist\u0113"},"content":{"rendered":"<h1 class=\"product_title enter-title\">P\u0113rciet \u0137\u012bmisko pulveri JWH-210 tie\u0161saist\u0113<\/h1>\n<p> P\u0113rciet JWH-210 \u0137\u012bmisko pulveri tie\u0161saist\u0113 \u2014 ieg\u0101d\u0101jieties JWH-210 \u0137\u012bmisko pulveri tie\u0161saist\u0113. JWH-210 (4-etilnaftalen-1-il-(1-pentilindol-3-il)metanons), zin\u0101ms ar\u012b k\u0101. ir sp\u0113c\u012bgs kanabino\u012bds. P\u0113rciet JWH-210 \u0137\u012bmisko pulveri tie\u0161saist\u0113 \u2014 <a href=\"https:\/\/drlawsonspharmacy\/contact-us\/\">CONTACT<\/a> JWH-210 var ieg\u0101d\u0101ties tie\u0161saist\u0113. K\u0101 naftoilindolu \u0123imenes loceklis JWH-210 ir sp\u0113c\u012bgs kanabino\u012bdu agonists CB1 un CB2 receptoriem ar Ki v\u0113rt\u012bb\u0101m 0,46 nM CB1 un 0,69 nM CB2. To lieto s\u0101pju mazin\u0101\u0161anai. Ar sp\u0113c\u012bg\u0101ku saist\u012b\u0161an\u0101s afinit\u0101ti (t.i., zem\u0101ku Ki) ar CB1 nek\u0101 t\u0101 4-metil- un 4-n-propilhomologiem JWH-122 (CB1Ki 0,69 nM), tas ir viens no sp\u0113c\u012bg\u0101kajiem 4-aizvietotajiem naftila atvasin\u0101jumiem naftoilindolu s\u0113rij\u0101. . un JWH-182 (CB1 Ki 0,65 nM) vai JWH-081 (CB1 Ki 1,2 nM), 4-metoksi molekulas [2] D\u017eons V. Hafmens iedvesmoja atkl\u0101jumu un nosaukumu pie\u0161\u0137ir\u0161anu.        <\/p>\n<h3>P\u0113rciet JWH-210 \u0137\u012bmisko pulveri tie\u0161saist\u0113<\/h3>\n<p> Vai esat m\u0113r\u0137tiec\u012bgs zin\u0101tnieks, kur\u0161 v\u0113las iedzi\u013cin\u0101ties sare\u017e\u0123\u012btaj\u0101 sint\u0113tisko kanabino\u012bdu jom\u0101? Tad mekl\u0113jiet JWH-210 Chemical Powder \u2014 visprogres\u012bv\u0101ko produktu, kas izstr\u0101d\u0101ts, lai atbalst\u012btu revolucion\u0101rus farmakolo\u0123ijas p\u0113t\u012bjumus. JWH-210 \u0137\u012bmiskais pulveris ir ide\u0101ls instruments, lai maksim\u0101li palielin\u0101tu j\u016bsu p\u0113t\u012bjumu potenci\u0101lu, pateicoties t\u0101 augstajai kvalit\u0101tei un \u012bpa\u0161aj\u0101m \u012bpa\u0161\u012bb\u0101m. JWH-210 \u0137\u012bmiskais pulveris ir r\u016bp\u012bgi ra\u017eots, izmantojot vismodern\u0101k\u0101s metodes, lai nodro\u0161in\u0101tu t\u012bru un uzticamu produktu ar katru pas\u016bt\u012bjumu. \u0160ai vielai piem\u012bt izcila afinit\u0101te un selektivit\u0101te k\u0101 sp\u0113c\u012bgs kanabino\u012bdu receptoru agonists, \u013caujot p\u0113tniekiem ieg\u016bt visaptvero\u0161u izpratni par kompleksajiem meh\u0101nismiem, kas darbojas endokanabino\u012bdu sist\u0113m\u0101.     <\/p>\n<h3><strong>Pas\u016btiet JWH-210 \u0137\u012bmisko pulveri<\/strong><\/h3>\n<p> JWH-210 \u0137\u012bmisk\u0101 pulvera iev\u0113rojam\u0101 stabilit\u0101te, kas \u013cauj prec\u012bzi apr\u0113\u0137in\u0101t devu un veikt pla\u0161us eksperimentus, ir viena no t\u0101 galvenaj\u0101m priek\u0161roc\u012bb\u0101m. T\u0101 stabilit\u0101te un \u0161\u0137\u012bd\u012bba daudzos izplat\u012btos \u0161\u0137\u012bdin\u0101t\u0101jos padara to par ide\u0101lu kandid\u0101tu pla\u0161am laboratorijas lietojumu kl\u0101stam. Pateicoties JWH-210 \u0137\u012bmiskajam pulverim, p\u0113tnieki var br\u012bvi izp\u0113t\u012bt da\u017e\u0101das aizraujo\u0161as p\u0113tniec\u012bbas t\u0113mas, piem\u0113ram, neirofarmakolo\u0123iju, s\u0101pju \u0101rst\u0113\u0161anu un atkar\u012bbas p\u0113t\u012bjumus. \u0160\u012bs vielas piel\u0101go\u0161an\u0101s sp\u0113ja paver jaunas iesp\u0113jas revolucion\u0101riem atkl\u0101jumiem, kas var\u0113tu ietekm\u0113t z\u0101\u013cu un medic\u012bnas p\u0113t\u012bjumu att\u012bst\u012bbu n\u0101kotn\u0113.    &nbsp;<\/p>\n","protected":false},"excerpt":{"rendered":"<p>P\u0113rciet JWH-210 \u0137\u012bmisko pulveri tie\u0161saist\u0113. JWH-210 \u0137\u012bmiskais pulveris pieder naftoilindolu saimei un tiek izmantots k\u0101 prets\u0101pju l\u012bdzeklis.  &nbsp;<\/p>\n","protected":false},"featured_media":18534,"comment_status":"closed","ping_status":"closed","template":"","meta":{"om_disable_all_campaigns":false,"_sitemap_exclude":false,"_sitemap_priority":"","_sitemap_frequency":"","_monsterinsights_skip_tracking":false,"_monsterinsights_sitenote_active":false,"_monsterinsights_sitenote_note":"","_monsterinsights_sitenote_category":0},"product_cat":[30172],"product_tag":[33457,33444,33459,33455,33450,33453,33458,33456,33454,33451,33448,33442,33443,33446,33449,33441,33452,33438,33447,33440,33439,33445],"class_list":{"0":"post-33596","1":"product","2":"type-product","3":"status-publish","4":"has-post-thumbnail","6":"product_cat-kimisko-vielu-un-psihodelisko-lidzeklu-izpete","7":"product_tag-autentisks-jwh-210-kimiskais-pulveris-eiropa","8":"product_tag-cik-maksa-jwh-210-kimiskais-pulveris","9":"product_tag-jwh-210-chemical-powder-europe-apskats","10":"product_tag-jwh-210-chemical-powder-europe-atlaide","11":"product_tag-jwh-210-chemical-powder-europe-izpardosana","12":"product_tag-jwh-210-chemical-powder-europe-piedavajumi","13":"product_tag-jwh-210-chemical-powder-europe-piegadataji","14":"product_tag-jwh-210-chemical-powder-europe-piegade","15":"product_tag-jwh-210-chemical-powder-europe-veikals","16":"product_tag-jwh-210-chemical-powder-interneta-veikals-eiropa","17":"product_tag-jwh-210-kimiska-pulvera-bezmaksas-piegade-eiropa","18":"product_tag-jwh-210-kimiska-pulvera-iedarbiba","19":"product_tag-jwh-210-kimiska-pulvera-tirdznieciba-tiessaiste","20":"product_tag-jwh-210-kimiskais-pulveris-par-labako-cenu-eiropa","21":"product_tag-kur-nopirkt-jwh-210-chemical-powder-europe","22":"product_tag-kur-tiessaiste-iegadaties-jwh-210-kimisko-pulveri","23":"product_tag-lets-jwh-210-kimiskais-pulveris-eiropa","24":"product_tag-nopirkt-jwh-210-kimisko-pulveri","25":"product_tag-pasutiet-jwh-210-kimisko-pulveri-eu","26":"product_tag-pasutiet-jwh-210-kimisko-pulveri-tiessaiste","27":"product_tag-perciet-jwh-210-kimisko-pulveri-tiessaiste","28":"product_tag-perciet-jwh-210-kimisko-pulveri-tiessaiste-eiropa","30":"first","31":"instock","32":"shipping-taxable","33":"purchasable","34":"product-type-variable","35":"farmacie-col"},"aioseo_notices":[],"_links":{"self":[{"href":"https:\/\/lacasadelamedicina.es\/lv\/wp-json\/wp\/v2\/product\/33596"}],"collection":[{"href":"https:\/\/lacasadelamedicina.es\/lv\/wp-json\/wp\/v2\/product"}],"about":[{"href":"https:\/\/lacasadelamedicina.es\/lv\/wp-json\/wp\/v2\/types\/product"}],"replies":[{"embeddable":true,"href":"https:\/\/lacasadelamedicina.es\/lv\/wp-json\/wp\/v2\/comments?post=33596"}],"wp:featuredmedia":[{"embeddable":true,"href":"https:\/\/lacasadelamedicina.es\/lv\/wp-json\/wp\/v2\/media\/18534"}],"wp:attachment":[{"href":"https:\/\/lacasadelamedicina.es\/lv\/wp-json\/wp\/v2\/media?parent=33596"}],"wp:term":[{"taxonomy":"product_cat","embeddable":true,"href":"https:\/\/lacasadelamedicina.es\/lv\/wp-json\/wp\/v2\/product_cat?post=33596"},{"taxonomy":"product_tag","embeddable":true,"href":"https:\/\/lacasadelamedicina.es\/lv\/wp-json\/wp\/v2\/product_tag?post=33596"}],"curies":[{"name":"wp","href":"https:\/\/api.w.org\/{rel}","templated":true}]}}