{"id":33577,"date":"2024-08-09T14:01:54","date_gmt":"2024-08-09T14:01:54","guid":{"rendered":"https:\/\/lacasadelamedicina.es\/product\/perciet-nesagrieztu-heroinu-tiessaiste\/"},"modified":"2024-08-09T14:01:54","modified_gmt":"2024-08-09T14:01:54","slug":"perciet-nesagrieztu-heroinu-tiessaiste","status":"publish","type":"product","link":"https:\/\/lacasadelamedicina.es\/lv\/produkts\/perciet-nesagrieztu-heroinu-tiessaiste\/","title":{"rendered":"P\u0113rciet nesagrieztu hero\u012bnu tie\u0161saist\u0113"},"content":{"rendered":"<h1>P\u0113rciet nesagrieztu hero\u012bnu tie\u0161saist\u0113<\/h1>\n<p> P\u0113rciet nesagrieztu hero\u012bnu tie\u0161saist\u0113 \u2014 nesagrieztu hero\u012bnu var ieg\u0101d\u0101ties tie\u0161saist\u0113 no noteiktiem izplat\u012bt\u0101jiem, lai gan tas rada savus riskus. T\u0101tad, ja esat dom\u0101jis, kur tie\u0161saist\u0113 atrast \u012bstu, dro\u0161u, nesagrieztu hero\u012bnu, Dr. Lawsons Pharmacy ir t\u0101 vieta, kur doties. P\u0113rciet nesagrieztu hero\u012bnu tie\u0161saist\u0113 &#8211;   <a href=\"https:\/\/drlawsonspharmacy\/contact-us\/\">KONTAKTI<\/a><\/p>\n<h3>K\u0101 tiek ra\u017eots nesagriezts hero\u012bns?<\/h3>\n<p> Nesagrieztu hero\u012bnu gatavo no opija mago\u0146u \u017e\u0101v\u0113t\u0101m p\u0101kst\u012bm. To sav\u0101c un p\u0101rv\u0113r\u0161 pulverveida, balt\u0101 materi\u0101l\u0101. Tas satur augstu morf\u012bna koncentr\u0101ciju, <a href=\"https:\/\/dieapotheke247.com\/\">c<\/a>ode\u012bns un citas vielas, tostarp sp\u0113c\u012bgi opio\u012bdi. Gala rezult\u0101ts ir nerafin\u0113ta opija \u0161\u0137irne, kas nesatur papildu \u0137\u012bmiskas vielas un apstr\u0101des a\u0123entus. Atkar\u012bb\u0101 no eso\u0161\u0101 mitruma un alkalo\u012bdu daudzuma main\u0101s z\u0101\u013cu stiprums.     <\/p>\n<h3>Nesagriezta hero\u012bna priek\u0161roc\u012bbas<\/h3>\n<p> Nesagrieztam hero\u012bnam vajadz\u0113tu b\u016bt j\u016bsu izv\u0113lei, ja mekl\u0113jat augst\u0101ko dz\u0113rienu, kas ir p\u0101r\u0101ks par p\u0101r\u0113jo. Nesagriezts hero\u012bns ir sp\u0113c\u012bg\u0101ks un t\u012br\u0101ks nek\u0101 citi hero\u012bna veidi, un tam ir lab\u0101ka \u012bstermi\u0146a un ilgtermi\u0146a iedarb\u012bba. Turkl\u0101t to var piel\u0101got lietot\u0101ja vajadz\u012bb\u0101m, k\u0101 rezult\u0101t\u0101 tiek ieg\u016bti koktei\u013ci, kas \u013cauj lietot\u0101jam vair\u0101k kontrol\u0113t z\u0101\u013cu devu un kvalit\u0101ti. Dro\u0161\u0101k ir ar\u012b uzraudz\u012bb\u0101 pat\u0113r\u0113t nesagrieztu hero\u012bnu, kas ieg\u0101d\u0101ts tie\u0161saist\u0113. Liel\u0101ka stipruma d\u0113\u013c ir maz\u0101ks p\u0101rdoz\u0113\u0161anas risks. Sal\u012bdzinot ar citiem hero\u012bna veidiem, nesagrieztam hero\u012bnam ir maz\u0101k negat\u012bvu seku un maz\u0101ks atkar\u012bbas risks. Faktiski klienti ir apgalvoju\u0161i, ka Dr. Lawsons Pharmacy atvieglo t\u012bra, stipra, nesagriezta hero\u012bna ieg\u0101di tie\u0161saist\u0113.       <\/p>\n<h3>Nesagriezta hero\u012bna blakuspar\u0101d\u012bbas<\/h3>\n<p> Palielin\u0101ts atkar\u012bbas un p\u0101rdoz\u0113\u0161anas risks, k\u0101 ar\u012b augst\u0101ks HIV un citu infekciju l\u012bmenis ir viss vesel\u012bbas apdraud\u0113jums, kas saist\u012bts ar nesagriezta hero\u012bna lieto\u0161anu. Turkl\u0101t nesagriezts hero\u012bns var izrais\u012bt fiziskas blakuspar\u0101d\u012bbas, tostarp sliktu d\u016b\u0161u, vem\u0161anu, \u0101tru sirdsdarb\u012bbu un liel\u0101ku p\u0101rdoz\u0113\u0161anas risku. Noteiktos apst\u0101k\u013cos tas var izrais\u012bt pat n\u0101vi.   <\/p>\n<h3>Kur tie\u0161saist\u0113 nopirkt nesagrieztu hero\u012bnu?<\/h3>\n<p> Mekl\u0113jot lielapjoma nesagrieztu hero\u012bnu tie\u0161saist\u0113, mekl\u0113jiet t\u0101dus pieg\u0101d\u0101t\u0101jus k\u0101 Dr. Lawsons Pharmacy, kuru produkti citos avotos ir nov\u0113rt\u0113ti k\u0101 augstas kvalit\u0101tes. Sal\u012bdzinot nesagriezta hero\u012bna cenas tie\u0161saist\u0113, \u0146emiet v\u0113r\u0101, ka izmaksas var iev\u0113rojami at\u0161\u0137irties atkar\u012bb\u0101 no atra\u0161an\u0101s vietas (piem\u0113ram, pils\u0113tas, kur hero\u012bna cena iel\u0101s m\u0113dz b\u016bt augst\u0101ka), diennakts laika (eitan\u0101zijas ceremoniju rezult\u0101t\u0101 cenas bie\u017ei vien ir augst\u0101kas), maks\u0101juma veida ( kred\u012btkartes m\u0113dz iekas\u0113t augst\u0101kas maksas nek\u0101 PayPal) utt. T\u0101 k\u0101 j\u016bsu ieg\u0101d\u0101tais produkts, iesp\u0113jams, tiks sajaukts ar cit\u0101m viel\u0101m neatkar\u012bgi no avota, ir svar\u012bgi p\u0101r\u0101k neiedzi\u013cin\u0101ties cenu deta\u013c\u0101s. T\u0101 viet\u0101 koncentr\u0113jieties uz to, lai nodro\u0161in\u0101tu t\u012br\u012bbas un svaiguma saglab\u0101\u0161anu vis\u0101 transport\u0113\u0161anas un ieg\u0101des proces\u0101, nevis tikai gala produkta posm\u0101.    <\/p>\n<h3>Ieg\u0101d\u0101jieties nesagrieztu hero\u012bnu tie\u0161saist\u0113 no Dr. Lawsons Pharmacy<\/h3>\n<p> Ir svar\u012bgi atcer\u0113ties, ka nepareizai vai bezatbild\u012bgai nesagriezta hero\u012bna lieto\u0161anai var b\u016bt nopietnas sekas. Paturot to pr\u0101t\u0101, jums ir j\u0101ieg\u0101d\u0101jas nesagriezts hero\u012bns tie\u0161saist\u0113 tikai t\u0101d\u0101s cien\u012bjam\u0101s aptiek\u0101s k\u0101 Dr. Lawsons Pharmacy. Par lab\u0101ko cenu m\u0113s pied\u0101v\u0101jam tikai \u012bsta, nesagriezta hero\u012bna vairumtirdzniec\u012bbu.   &nbsp;<\/p>\n","protected":false},"excerpt":{"rendered":"<p>P\u0113rciet nesagrieztu hero\u012bnu tie\u0161saist\u0113 P\u0113rciet nesagrieztu hero\u012bnu tie\u0161saist\u0113 \u2014 nesagrieztu hero\u012bnu var ieg\u0101d\u0101ties tie\u0161saist\u0113 no noteiktiem izplat\u012bt\u0101jiem, lai gan tas rada savus riskus. T\u0101tad, ja esat dom\u0101jis, kur tie\u0161saist\u0113 atrast \u012bstu, dro\u0161u, nesagrieztu hero\u012bnu, Dr. Lawsons Pharmacy ir t\u0101 vieta, kur doties. P\u0113rciet nesagrieztu hero\u012bnu tie\u0161saist\u0113 &#8211; KONTAKTI K\u0101 tiek ra\u017eots nesagriezts hero\u012bns? Nesagrieztu hero\u012bnu [&hellip;]<\/p>\n","protected":false},"featured_media":17979,"comment_status":"closed","ping_status":"closed","template":"","meta":{"om_disable_all_campaigns":false,"_sitemap_exclude":false,"_sitemap_priority":"","_sitemap_frequency":"","_monsterinsights_skip_tracking":false,"_monsterinsights_sitenote_active":false,"_monsterinsights_sitenote_note":"","_monsterinsights_sitenote_category":0},"product_cat":[33304],"product_tag":[33413,33400,33405,33397,33408,33411,33410,33398,33407,33406,33404,33412,33399,33409,33402,33394,33403,33395,33396,33401,33415,33414],"class_list":{"0":"post-33577","1":"product","2":"type-product","3":"status-publish","4":"has-post-thumbnail","6":"product_cat-heroins","7":"product_tag-autentisks-nesagriezts-heroins-eiropa","8":"product_tag-cik-ir-nesagriezts-heroins","9":"product_tag-kur-nopirkt-nesagrieztu-heroinu-eiropa","10":"product_tag-kur-tiessaiste-nopirkt-nesagrieztu-heroinu","11":"product_tag-lets-nesagriezts-heroins-eiropa","12":"product_tag-nesagriezta-heroina-eiropa-atlaide","13":"product_tag-nesagriezta-heroina-eiropas-veikals","14":"product_tag-nesagriezta-heroina-ietekme","15":"product_tag-nesagriezta-heroina-interneta-veikals-eiropa","16":"product_tag-nesagriezta-heroina-pardosana-eiropa","17":"product_tag-nesagriezta-heroina-piegade-bez-maksas-eiropa","18":"product_tag-nesagriezta-heroina-piegade-eiropa","19":"product_tag-nesagriezta-heroina-tirdznieciba-tiessaiste","20":"product_tag-nesagriezti-heroina-eiropas-darijumi","21":"product_tag-nesagriezts-heroins-par-labako-cenu-eiropa","22":"product_tag-nopirkt-nesagrieztu-heroinu","23":"product_tag-pasutiet-nesagrieztu-heroinu-es","24":"product_tag-pasutiet-nesagrieztu-heroinu-tiessaiste","25":"product_tag-perciet-nesagrieztu-heroinu-tiessaiste","26":"product_tag-perciet-nesagrieztu-heroinu-tiessaiste-eiropa","27":"product_tag-uncut-heroin-europe-apskats","28":"product_tag-uncut-heroin-europe-piegadatajiem","30":"first","31":"instock","32":"shipping-taxable","33":"purchasable","34":"product-type-variable","35":"farmacie-col"},"aioseo_notices":[],"_links":{"self":[{"href":"https:\/\/lacasadelamedicina.es\/lv\/wp-json\/wp\/v2\/product\/33577"}],"collection":[{"href":"https:\/\/lacasadelamedicina.es\/lv\/wp-json\/wp\/v2\/product"}],"about":[{"href":"https:\/\/lacasadelamedicina.es\/lv\/wp-json\/wp\/v2\/types\/product"}],"replies":[{"embeddable":true,"href":"https:\/\/lacasadelamedicina.es\/lv\/wp-json\/wp\/v2\/comments?post=33577"}],"wp:featuredmedia":[{"embeddable":true,"href":"https:\/\/lacasadelamedicina.es\/lv\/wp-json\/wp\/v2\/media\/17979"}],"wp:attachment":[{"href":"https:\/\/lacasadelamedicina.es\/lv\/wp-json\/wp\/v2\/media?parent=33577"}],"wp:term":[{"taxonomy":"product_cat","embeddable":true,"href":"https:\/\/lacasadelamedicina.es\/lv\/wp-json\/wp\/v2\/product_cat?post=33577"},{"taxonomy":"product_tag","embeddable":true,"href":"https:\/\/lacasadelamedicina.es\/lv\/wp-json\/wp\/v2\/product_tag?post=33577"}],"curies":[{"name":"wp","href":"https:\/\/api.w.org\/{rel}","templated":true}]}}