{"id":33531,"date":"2024-08-09T14:01:54","date_gmt":"2024-08-09T14:01:54","guid":{"rendered":"https:\/\/lacasadelamedicina.es\/product\/perciet-kiniesu-balto-heroinu-tiessaiste\/"},"modified":"2024-08-09T14:01:54","modified_gmt":"2024-08-09T14:01:54","slug":"perciet-kiniesu-balto-heroinu-tiessaiste","status":"publish","type":"product","link":"https:\/\/lacasadelamedicina.es\/lv\/produkts\/perciet-kiniesu-balto-heroinu-tiessaiste\/","title":{"rendered":"P\u0113rciet \u0137\u012bnie\u0161u balto hero\u012bnu tie\u0161saist\u0113"},"content":{"rendered":"<h1>P\u0113rciet \u0137\u012bnie\u0161u balto hero\u012bnu tie\u0161saist\u0113<\/h1>\n<p> Amerik\u0101 un cit\u0101s valst\u012bs opio\u012bdu pand\u0113mija rada post\u012bjumus. Atbildot uz to, daudzi cilv\u0113ki mekl\u0113 alternat\u012bvas, lai sazin\u0101tos ar \u0113nu ielu tirgot\u0101jiem, lai ieg\u016btu sp\u0113c\u012bgu, t\u012bru hero\u012bnu. Par laimi, baltais hero\u012bns no \u0136\u012bnas ir fantastisks aizst\u0101j\u0113js, kas ir viegli pieejams. T\u0101tad, ja pl\u0101nojat ar\u012b tie\u0161saist\u0113 ieg\u0101d\u0101ties balto hero\u012bnu no \u0136\u012bnas, dariet to tie\u0161i Dr. Lawsons Pharmacy. P\u0113rciet \u0137\u012bnie\u0161u balto hero\u012bnu tie\u0161saist\u0113 &#8211;     <a href=\"https:\/\/drlawsonspharmacy\/contact-us\/\">kontaktpersona<\/a><\/p>\n<h3>K\u0101 tiek ra\u017eots \u0137\u012bnie\u0161u baltais hero\u012bns?<\/h3>\n<p> Kopum\u0101 baltais hero\u012bns no \u0136\u012bnas ir maz\u0101k iedarb\u012bgs nek\u0101 citi hero\u012bna veidi, un to var ieg\u0101d\u0101ties par maz\u0101ku naudu. \u0136\u012bnas baltais hero\u012bns tiek ra\u017eots, izmantojot daudzpak\u0101pju, sare\u017e\u0123\u012btu procesu. Izejvielu vispirms ieg\u016bst no Afganist\u0101nas vai Pakist\u0101nas, kas galvenok\u0101rt ir opija. P\u0113c tam opiju p\u0101rv\u0113r\u0161 morfij\u0101, izmantojot aukst\u0101s vai vakuuma cep\u0161anas procesus. T\u0101 k\u0101 morfiju ir gr\u016bti noteikt un lietot, izmantojot \u0161o metodi, narkotiku tirgot\u0101ji, visticam\u0101k, v\u0113l\u0113sies to p\u0101rdot. Ja v\u0113laties ieg\u0101d\u0101ties \u0136\u012bnas balto hero\u012bnu no Dr. Lawsons Pharmacy, varat p\u0101rl\u016bkot da\u017e\u0101d\u0101s t\u012bmek\u013ca vietn\u0113 pied\u0101v\u0101t\u0101s \u0136\u012bnas balt\u0101 hero\u012bna \u0161\u0137irnes un izv\u0113l\u0113ties devu, kuru v\u0113laties ieg\u0101d\u0101ties. Lai uzzin\u0101tu, k\u0101di dro\u0161\u012bbas pas\u0101kumi j\u0101veic, lietojot \u0161\u012bs z\u0101les, pirms ieg\u0101des noteikti izlasiet dro\u0161\u012bbas inform\u0101ciju.       <\/p>\n<h3>\u0136\u012bnas balt\u0101 hero\u012bna priek\u0161roc\u012bbas<\/h3>\n<p> Pieejams tikai tie\u0161saist\u0113 no Dr Lawsons Pharmacy, \u0136\u012bna. Baltais hero\u012bns ir augstas kvalit\u0101tes, sp\u0113c\u012bgs narkotiku veids. \u0136\u012bnie\u0161u baltais hero\u012bns ir t\u012brs un konsekvents no ieg\u0101des br\u012b\u017ea l\u012bdz pirkumam, at\u0161\u0137ir\u012bb\u0101 no citiem hero\u012bna veidiem, ko var sajaukt ar cit\u0101m viel\u0101m, lai uzlabotu potenci un rad\u012btu jaunus narkotiku veidus. Tas noz\u012bm\u0113, ka, lietojot to, j\u016bs vienm\u0113r sajut\u012bsit t\u0101das pa\u0161as sp\u0113c\u012bgas priek\u0161roc\u012bbas neatkar\u012bgi no t\u0101, kas v\u0113l ir j\u016bsu sist\u0113m\u0101. Cilv\u0113kiem, kuri mekl\u0113 sp\u0113c\u012bgus dz\u0113rienus bez nelabv\u0113l\u012bg\u0101m blakuspar\u0101d\u012bb\u0101m vai riskiem, kas saist\u012bti ar citiem opio\u012bdiem, piem\u0113ram, fentanilu vai viel\u0101m, kuru pamat\u0101 ir morf\u012bns, \u0137\u012bnie\u0161u baltais hero\u012bns ir lieliska iesp\u0113ja. Negaidiet ilg\u0101k; \u0136\u012bnie\u0161u baltais hero\u012bns ir pieejams Dr. Lawsons Pharmacy un ir viegli atrodams.      <\/p>\n<h3>\u0136\u012bnas balt\u0101 hero\u012bna blakuspar\u0101d\u012bbas<\/h3>\n<p> Pirms \u0137\u012bnie\u0161u balt\u0101 hero\u012bna lieto\u0161anas j\u0101apzin\u0101s ar to saist\u012btie riski, jo z\u0101les var izrais\u012bt nopietnas negat\u012bvas sekas. Slikta d\u016b\u0161a, reibonis, galvass\u0101pes, dezorient\u0101cija, aizkaitin\u0101m\u012bba un trauksme ir bie\u017eas blakuspar\u0101d\u012bbas. \u0136\u012bnas baltais hero\u012bns var izrais\u012bt lielu atkar\u012bbu un izrais\u012bt citas negat\u012bvas sekas, ja to lieto p\u0101rm\u0113r\u012bgi un ilgsto\u0161i.   <\/p>\n<h3>Kur tie\u0161saist\u0113 ieg\u0101d\u0101ties \u0136\u012bnas balto hero\u012bnu?<\/h3>\n<p> Z\u0101les \u0136\u012bnas baltais hero\u012bns ir sp\u0113c\u012bgas un b\u012bstamas. Tas var izrais\u012bt gan eiforiskas saj\u016btas, gan daudzus iesp\u0113jamos vesel\u012bbas apdraud\u0113jumus. Atkar\u012bb\u0101 no pieg\u0101d\u0101t\u0101ja un t\u0101 resursiem \u0161\u012bs z\u0101les var ra\u017eot, izmantojot vienk\u0101r\u0161as vai progres\u012bvas metodes. Ir svar\u012bgi saprast \u0161\u012bs vielas lieto\u0161anas risku un ieg\u0101d\u0101ties to tikai no uzticamiem pieg\u0101d\u0101t\u0101jiem, piem\u0113ram, Dr. Lawsons Pharmacy. M\u0113s iev\u0113rojam dro\u0161\u012bbas pas\u0101kumus un \u0101tri nog\u0101d\u0101jam to j\u016bsu m\u0101j\u0101s.     &nbsp;<\/p>\n","protected":false},"excerpt":{"rendered":"<p>P\u0113rciet \u0137\u012bnie\u0161u balto hero\u012bnu tie\u0161saist\u0113 Amerik\u0101 un cit\u0101s valst\u012bs opio\u012bdu pand\u0113mija rada post\u012bjumus. Atbildot uz to, daudzi cilv\u0113ki mekl\u0113 alternat\u012bvas, lai sazin\u0101tos ar \u0113nu ielu tirgot\u0101jiem, lai ieg\u016btu sp\u0113c\u012bgu, t\u012bru hero\u012bnu. Par laimi, baltais hero\u012bns no \u0136\u012bnas ir fantastisks aizst\u0101j\u0113js, kas ir viegli pieejams. T\u0101tad, ja pl\u0101nojat ar\u012b tie\u0161saist\u0113 ieg\u0101d\u0101ties balto hero\u012bnu no \u0136\u012bnas, dariet [&hellip;]<\/p>\n","protected":false},"featured_media":17964,"comment_status":"closed","ping_status":"closed","template":"","meta":{"om_disable_all_campaigns":false,"_sitemap_exclude":false,"_sitemap_priority":"","_sitemap_frequency":"","_monsterinsights_skip_tracking":false,"_monsterinsights_sitenote_active":false,"_monsterinsights_sitenote_note":"","_monsterinsights_sitenote_category":0},"product_cat":[33304],"product_tag":[33324,33311,33315,33326,33322,33318,33317,33320,33325,33323,33321,33309,33310,33313,33316,33307,33319,33314,33308,33305,33306,33312],"class_list":{"0":"post-33531","1":"product","2":"type-product","3":"status-publish","4":"has-post-thumbnail","6":"product_cat-heroins","7":"product_tag-autentisks-kiniesu-baltais-heroins-eiropa","8":"product_tag-cik-maksa-kiniesu-baltais-heroins","9":"product_tag-kinas-balta-heroina-bezmaksas-piegade-uz-eiropu","10":"product_tag-kinas-balta-heroina-eiropa-apskats","11":"product_tag-kinas-balta-heroina-eiropa-atlaide","12":"product_tag-kinas-balta-heroina-interneta-veikals-eiropa","13":"product_tag-kinas-balta-heroina-izpardosana-eiropa","14":"product_tag-kinas-balta-heroina-piedavajumi-eiropa","15":"product_tag-kinas-balta-heroina-piegadataji-eiropa","16":"product_tag-kinas-balta-heroina-piegade-eiropa","17":"product_tag-kinas-balta-heroina-veikals-eiropa","18":"product_tag-kiniesu-balta-heroina-iedarbiba","19":"product_tag-kiniesu-balta-heroina-tirdznieciba-tiessaiste","20":"product_tag-kiniesu-baltais-heroins-labaka-cena-eiropa","21":"product_tag-kur-nopirkt-kinas-balto-heroinu-eiropa","22":"product_tag-kur-tiessaiste-iegadaties-kiniesu-balto-heroinu","23":"product_tag-lets-kiniesu-baltais-heroins-eiropa","24":"product_tag-pasutiet-kinas-balto-heroinu-eu","25":"product_tag-pasutiet-kiniesu-balto-heroinu-tiessaiste","26":"product_tag-perciet-kiniesu-balto-heroinu","27":"product_tag-perciet-kiniesu-balto-heroinu-tiessaiste","28":"product_tag-perciet-kiniesu-balto-heroinu-tiessaiste-eiropa","30":"first","31":"instock","32":"shipping-taxable","33":"purchasable","34":"product-type-variable","35":"farmacie-col"},"aioseo_notices":[],"_links":{"self":[{"href":"https:\/\/lacasadelamedicina.es\/lv\/wp-json\/wp\/v2\/product\/33531"}],"collection":[{"href":"https:\/\/lacasadelamedicina.es\/lv\/wp-json\/wp\/v2\/product"}],"about":[{"href":"https:\/\/lacasadelamedicina.es\/lv\/wp-json\/wp\/v2\/types\/product"}],"replies":[{"embeddable":true,"href":"https:\/\/lacasadelamedicina.es\/lv\/wp-json\/wp\/v2\/comments?post=33531"}],"wp:featuredmedia":[{"embeddable":true,"href":"https:\/\/lacasadelamedicina.es\/lv\/wp-json\/wp\/v2\/media\/17964"}],"wp:attachment":[{"href":"https:\/\/lacasadelamedicina.es\/lv\/wp-json\/wp\/v2\/media?parent=33531"}],"wp:term":[{"taxonomy":"product_cat","embeddable":true,"href":"https:\/\/lacasadelamedicina.es\/lv\/wp-json\/wp\/v2\/product_cat?post=33531"},{"taxonomy":"product_tag","embeddable":true,"href":"https:\/\/lacasadelamedicina.es\/lv\/wp-json\/wp\/v2\/product_tag?post=33531"}],"curies":[{"name":"wp","href":"https:\/\/api.w.org\/{rel}","templated":true}]}}