{"id":33518,"date":"2024-08-09T14:01:55","date_gmt":"2024-08-09T14:01:55","guid":{"rendered":"https:\/\/lacasadelamedicina.es\/product\/perciet-jwh-200-pulveri-tiessaiste\/"},"modified":"2024-08-09T14:01:55","modified_gmt":"2024-08-09T14:01:55","slug":"perciet-jwh-200-pulveri-tiessaiste","status":"publish","type":"product","link":"https:\/\/lacasadelamedicina.es\/lv\/produkts\/perciet-jwh-200-pulveri-tiessaiste\/","title":{"rendered":"P\u0113rciet JWH-200 pulveri tie\u0161saist\u0113"},"content":{"rendered":"<h1 class=\"product_title entry-title\">P\u0113rciet JWH-200 pulveri tie\u0161saist\u0113<\/h1>\n<p> WH-200 pulveris: JWH-200 ir kanabino\u012bdu receptoru agonists, kas pieder pie aminoalkinilu \u0137\u012bmisk\u0101s grupas un tiek izmantots k\u0101 prets\u0101pju l\u012bdzeklis. JWH 200 ir kanabino\u012bdu receptoru (CB) ligands, kas ir aminoalk<a href=\"https:\/\/dieapotheke247.com\/\">ylind<\/a>ol. Tas mijiedarbojas ar CB1 receptoriem ar iev\u0113rojamu afinit\u0101ti (IC50 = 7,8-42 nM). P\u0113rciet JWH-200 talku. P\u0113rciet JWH-200 pulveri tie\u0161saist\u0113 \u2014 <a href=\"https:\/\/drlawsonspharmacy\/contact-us\/\">KONTAKTI P\u0113rciet JWH-200 pulveri tie\u0161saist\u0113<\/a> JWH 200 ir kanabino\u012bdu receptoru (CB) ligands, kas ir aminoalkilindols. Tam ir augsta afinit\u0101te pret CB1 receptoriem (IC50 = 7,8-42 nM). Sal\u012bdzinot ar 99-THC vai WIN 55 212, JWH 200 vismaz tikpat labi ietekm\u0113ja kust\u012bbu aktivit\u0101ti, astes latentumu, hipotermiju un gredzena nekust\u012bguma testu.       <\/p>\n<h3 class=\"product_title entry-title\">P\u0113rciet JWH-200 pulveri tie\u0161saist\u0113<\/h3>\n<p> Es v\u0113los j\u016bs iepaz\u012bstin\u0101t ar JWH-200 Powder \u2014 iev\u0113rojamu p\u0113tniecisko savienojumu, kas izstr\u0101d\u0101ts, lai pal\u012bdz\u0113tu jums virz\u012bties uz priek\u0161u j\u016bsu studij\u0101s interesantaj\u0101 sint\u0113tisko kanabino\u012bdu pasaul\u0113. JWH-200 pulveris ir ide\u0101ls katalizators revolucion\u0101riem farmakolo\u0123iskiem p\u0113t\u012bjumiem, pateicoties t\u0101 iev\u0113rojamajai t\u012br\u012bbai un sp\u0113c\u012bgaj\u0101m \u012bpa\u0161\u012bb\u0101m. JWH-200 pulveris pied\u0101v\u0101 p\u0113tniekiem nep\u0101rsp\u0113jamu konsistences un kvalit\u0101tes l\u012bmeni, jo tas tiek ra\u017eots ar lielu precizit\u0101ti, izmantojot vismodern\u0101k\u0101s sint\u0113zes metodes. \u0160\u012b viela pied\u0101v\u0101 retu iesp\u0113ju izprast endokanabino\u012bdu sist\u0113mas sare\u017e\u0123\u012bto darb\u012bbu, jo t\u0101 ir \u013coti selekt\u012bvs kanabino\u012bdu receptoru aktivators. JWH-200 pulveri raksturo t\u0101 izcil\u0101 stabilit\u0101te, kas garant\u0113 prec\u012bzu doz\u0113\u0161anu un ilgu eksperiment\u0113\u0161anas laiku. Pateicoties t\u0101s \u0161\u0137\u012bd\u012bbai daudzos izplat\u012btos \u0161\u0137\u012bdin\u0101t\u0101jos, \u0161\u012b \u0137\u012bmisk\u0101 viela ir piel\u0101gojama un viegli lietojama da\u017e\u0101d\u0101s laboratorijas situ\u0101cij\u0101s. P\u0113rciet JWH-200 pulveri       <\/p>\n<h3><strong>Pas\u016btiet JWH-200 pulveri tie\u0161saist\u0113<\/strong><\/h3>\n<p> JWH-200 pulveri var izmantot, lai izp\u0113t\u012btu da\u017e\u0101das studiju jomas, piem\u0113ram, neirofarmakolo\u0123iju, s\u0101pju \u0101rst\u0113\u0161anu un atkar\u012bbas p\u0113t\u012bjumus. T\u0101 daudzpus\u012bba rada jaunas iesp\u0113jas revolucion\u0101riem atkl\u0101jumiem, kas var ietekm\u0113t turpm\u0101ko z\u0101\u013cu un \u0101rst\u0113\u0161anas att\u012bst\u012bbu. Vietn\u0113 <span class=\"selectable-text copyable-text\">Dr Lawsons Pharmacy<\/span>, klientu apmierin\u0101t\u012bba un dro\u0161\u012bba ir m\u016bsu galven\u0101 priorit\u0101te. Lai nodro\u0161in\u0101tu, ka tas atbilst un p\u0101rsniedz nozares standartus, m\u016bsu JWH-200 pulveris tiek pak\u013cauts stingr\u0101m kvalit\u0101tes kontroles proced\u016br\u0101m. M\u0113s iev\u0113rojam stingras dro\u0161\u012bbas vadl\u012bnijas un nodro\u0161in\u0101m r\u016bp\u012bgu dokument\u0101ciju, lai nodro\u0161in\u0101tu vienm\u0113r\u012bgu un dro\u0161u izp\u0113tes pieredzi.     &nbsp;<\/p>\n","protected":false},"excerpt":{"rendered":"<p>P\u0113rciet JWH-200 pulveri tie\u0161saist\u0113. V\u0113l viens \u0161\u012b savienojuma nosaukums ir (1-(2-morfolin-4-iletil)indol-3-il)-naftalen-1-ilmetanons. P\u0113rciet tie\u0161i \u0161eit. M\u0113s izmantojam lab\u0101k\u0101s pieg\u0101des un diskr\u0113tas iepako\u0161anas metodes.    &nbsp;<\/p>\n","protected":false},"featured_media":18504,"comment_status":"closed","ping_status":"closed","template":"","meta":{"om_disable_all_campaigns":false,"_sitemap_exclude":false,"_sitemap_priority":"","_sitemap_frequency":"","_monsterinsights_skip_tracking":false,"_monsterinsights_sitenote_active":false,"_monsterinsights_sitenote_note":"","_monsterinsights_sitenote_category":0},"product_cat":[30172],"product_tag":[33279,33266,33262,33276,33264,33273,33270,33278,33265,33272,33275,33277,33280,33281,33268,33271,33263,33274,33260,33269,33261,33267],"class_list":{"0":"post-33518","1":"product","2":"type-product","3":"status-publish","4":"has-post-thumbnail","6":"product_cat-kimisko-vielu-un-psihodelisko-lidzeklu-izpete","7":"product_tag-autentisks-jwh-200-pulveris-eiropa","8":"product_tag-cik-maksa-jwh-200-pulveris","9":"product_tag-iegadajieties-jwh-200-pulveri-tiessaiste","10":"product_tag-jwh-200-pulvera-eiropas-veikals","11":"product_tag-jwh-200-pulvera-iedarbiba","12":"product_tag-jwh-200-pulvera-interneta-veikals-eiropa","13":"product_tag-jwh-200-pulvera-piegade-bez-maksas-eiropa","14":"product_tag-jwh-200-pulvera-piegade-eiropa","15":"product_tag-jwh-200-pulvera-tirdznieciba-tiessaiste","16":"product_tag-jwh-200-pulveris-eiropa","17":"product_tag-jwh-200-pulveris-eiropa-lv","18":"product_tag-jwh-200-pulveris-eiropa-atlaide","19":"product_tag-jwh-200-pulveris-eiropa-piegadataji","20":"product_tag-jwh-200-pulveris-eiropas-apskats","21":"product_tag-jwh-200-pulveris-par-labako-cenu-eiropa","22":"product_tag-kur-nopirkt-jwh-200-pulveris-eiropa","23":"product_tag-kur-tiessaiste-iegadaties-jwh-200-pulveri","24":"product_tag-lets-jwh-200-pulveris-eiropa","25":"product_tag-nopirkt-jwh-200-pulveri","26":"product_tag-pasutiet-jwh-200-pulveri-eu","27":"product_tag-pasutiet-jwh-200-pulveri-tiessaiste","28":"product_tag-perciet-jwh-200-pulveri-tiessaiste-eiropa","30":"first","31":"instock","32":"shipping-taxable","33":"purchasable","34":"product-type-variable","35":"farmacie-col"},"aioseo_notices":[],"_links":{"self":[{"href":"https:\/\/lacasadelamedicina.es\/lv\/wp-json\/wp\/v2\/product\/33518"}],"collection":[{"href":"https:\/\/lacasadelamedicina.es\/lv\/wp-json\/wp\/v2\/product"}],"about":[{"href":"https:\/\/lacasadelamedicina.es\/lv\/wp-json\/wp\/v2\/types\/product"}],"replies":[{"embeddable":true,"href":"https:\/\/lacasadelamedicina.es\/lv\/wp-json\/wp\/v2\/comments?post=33518"}],"wp:featuredmedia":[{"embeddable":true,"href":"https:\/\/lacasadelamedicina.es\/lv\/wp-json\/wp\/v2\/media\/18504"}],"wp:attachment":[{"href":"https:\/\/lacasadelamedicina.es\/lv\/wp-json\/wp\/v2\/media?parent=33518"}],"wp:term":[{"taxonomy":"product_cat","embeddable":true,"href":"https:\/\/lacasadelamedicina.es\/lv\/wp-json\/wp\/v2\/product_cat?post=33518"},{"taxonomy":"product_tag","embeddable":true,"href":"https:\/\/lacasadelamedicina.es\/lv\/wp-json\/wp\/v2\/product_tag?post=33518"}],"curies":[{"name":"wp","href":"https:\/\/api.w.org\/{rel}","templated":true}]}}