{"id":33445,"date":"2024-08-09T14:01:58","date_gmt":"2024-08-09T14:01:58","guid":{"rendered":"https:\/\/lacasadelamedicina.es\/product\/perciet-etizolama-pulveri-tiessaiste\/"},"modified":"2024-08-09T14:01:58","modified_gmt":"2024-08-09T14:01:58","slug":"perciet-etizolama-pulveri-tiessaiste","status":"publish","type":"product","link":"https:\/\/lacasadelamedicina.es\/lv\/produkts\/perciet-etizolama-pulveri-tiessaiste\/","title":{"rendered":"P\u0113rciet Etizol\u0101ma pulveri tie\u0161saist\u0113"},"content":{"rendered":"<h1>P\u0113rciet etizol\u0101ma pulveri tie\u0161saist\u0113<\/h1>\n<p> Etizol\u0101ma pulveri, API, akt\u012bv\u0101s farmaceitisk\u0101s sast\u0101vda\u013cas, starpproduktus ar dokument\u0101ciju un sertifik\u0101ciju, DMF, FDA un ASV z\u0101\u013cu pamatfailu ra\u017eo un pieg\u0101d\u0101 <span class=\"selectable-text copyable-text\">LA CASA DE LA MEDICINA &lt;\/span&gt; glob\u0101l\u0101 m\u0113rog\u0101. M\u0113s pied\u0101v\u0101jam augstas kvalit\u0101tes avotus ar pievienotaj\u0101m tehniskaj\u0101m paket\u0113m ieg\u0101dei atbilsto\u0161i vajadz\u012bb\u0101m\/RND daudzumam izstr\u0101dei vai veicin\u0101\u0161anai. Etizol\u0101ma vairumtirgot\u0101ji \u0136\u012bn\u0101. Etizol\u0101ma tirgot\u0101ji. P\u0113rciet etizol\u0101ma pulveri, atrodiet pieg\u0101d\u0101t\u0101ju vai ieg\u0101d\u0101jieties etizol\u0101ma pulveri vairum\u0101. Ieg\u0101d\u0101jieties etizol\u0101ma pulveri tie\u0161saist\u0113 \u2014 <a href=\"https:\/\/drlawsonspharmacy\/contact-us\/\">KONTAKTI<\/a>     <\/span><\/p>\n<p>&nbsp; M\u016bsu preces tiek ra\u017eotas cGMP atbilsto\u0161\u0101s iek\u0101rt\u0101s k\u0101 akt\u012bv\u0101s farmaceitisk\u0101s sast\u0101vda\u013cas farm\u0101cijas nozarei. Ja v\u0113laties ieg\u016bt vair\u0101k inform\u0101cijas, tostarp par produkta pa\u0161reiz\u0113jo DMF statusu, l\u016bdzu, sazinieties ar mums. M\u0113s ar prieku pal\u012bdz\u0113sim j\u016bsu p\u0113tniec\u012bbas un att\u012bst\u012bbas centienos.   <\/p>\n<h3>Nopirkt Etizolam pulveri tie\u0161saist\u0113<\/h3>\n<p> J\u016bs varat iejusties miera un klusuma pasaul\u0113 ar Etizolam pulveri \u2014 fantastisku farmaceitisko produktu, kas paz\u012bstams ar t\u0101 nomierino\u0161o un prettrauksmes iedarb\u012bbu. Tienodiazep\u012bna atvasin\u0101jums, ko sauc par etizol\u0101mu, ir ieguvis popularit\u0101ti starp akad\u0113mi\u0137iem, profesion\u0101\u013ciem un cilv\u0113kiem, kuri mekl\u0113 t\u0101du probl\u0113mu k\u0101 nemiers, bezmiegs un stress \u0101rst\u0113\u0161anu. Indiv\u012bdiem, kas mekl\u0113 mier\u012bgu garast\u0101vokli un labu miegu, Etizolam pulveris ir jauna atbilde. K\u0101 sp\u0113c\u012bgs benzodiazep\u012bna analogs, tas mijiedarbojas ar gamma-aminosviestsk\u0101bes (GABA) receptoriem smadzen\u0113s, pal\u012bdzot kontrol\u0113t p\u0101rm\u0113r\u012bgu neironu aktivit\u0101ti. Tam ir relaks\u0113jo\u0161a iedarb\u012bba, kas samazina trauksmes simptomus un veicina relaks\u0101ciju.     <\/p>\n<h3><strong>Pas\u016btiet Etizol\u0101ma pulveri<\/strong><\/h3>\n<p> M\u016bsu Etizolam pulveris nodro\u0161ina vislab\u0101kos p\u0113t\u012bjuma rezult\u0101tus un, pateicoties t\u0101 nep\u0101rsp\u0113jamai kvalit\u0101tei un t\u012br\u012bbai, ir uzticams risin\u0101jums, lai uzzin\u0101tu par \u0161\u012bs aizraujo\u0161\u0101s molekulas \u012bpa\u0161\u012bb\u0101m un pielietojumu. Lai nodro\u0161in\u0101tu visaugst\u0101ko kvalit\u0101tes un konsekvences l\u012bmeni, katrai partijai tiek veikta stingra p\u0101rbaude un anal\u012bze, iev\u0113rojot stingras kvalit\u0101tes kontroles pras\u012bbas. Etizol\u0101ma pulvera daudzpus\u012bba p\u0101rsteidz p\u0113tniekus. T\u0101 hipnotisk\u0101, nomierino\u0161\u0101 un musku\u013cu relaks\u0113jo\u0161\u0101 iedarb\u012bba padara to par lielisku l\u012bdzekli panikas l\u0113kmju, ar trauksmi saist\u012btu slim\u012bbu un pat miega trauc\u0113jumu p\u0113t\u012bjumos. Tiek p\u0113t\u012bts ar\u012b Etizolam pulvera potenci\u0101ls alkohola abstinences simptomu \u0101rst\u0113\u0161anai un da\u017eu veidu krampju kontrolei.     &nbsp;<\/p>\n","protected":false},"excerpt":{"rendered":"<p>P\u0113rciet etizol\u0101ma pulveri tie\u0161saist\u0113. \u012asts etizol\u0101ma pulveris tie\u0161saist\u0113 &#8211; Etizol\u0101ma pulveris p\u0101rdo\u0161an\u0101 | P\u0113rciet Etizol\u0101ma pulveri tie\u0161saist\u0113 | Etizol\u0101ma pulvera pulveris p\u0101rdo\u0161an\u0101 | P\u0113rciet l\u0113tus etizol\u0101ma pulvera pulveri | Kur tie\u0161saist\u0113 nopirkt etizol\u0101ma pulvera pulveri  &nbsp;<\/p>\n","protected":false},"featured_media":18519,"comment_status":"closed","ping_status":"closed","template":"","meta":{"om_disable_all_campaigns":false,"_sitemap_exclude":false,"_sitemap_priority":"","_sitemap_frequency":"","_monsterinsights_skip_tracking":false,"_monsterinsights_sitenote_active":false,"_monsterinsights_sitenote_note":"","_monsterinsights_sitenote_category":0},"product_cat":[30172],"product_tag":[33053,33040,33051,33055,33050,33038,33047,33044,33052,33039,33046,33049,33054,33042,33037,33045,33048,33036,33034,33043,33035,33041],"class_list":{"0":"post-33445","1":"product","2":"type-product","3":"status-publish","4":"has-post-thumbnail","6":"product_cat-kimisko-vielu-un-psihodelisko-lidzeklu-izpete","7":"product_tag-autentisks-etizolam-pulveris-eiropa","8":"product_tag-cik-ir-etizolama-pulveris","9":"product_tag-etizolam-pulveris-eiropa-atlaide","10":"product_tag-etizolama-pulvera-eiropas-apskats","11":"product_tag-etizolama-pulvera-eiropas-veikals","12":"product_tag-etizolama-pulvera-iedarbiba","13":"product_tag-etizolama-pulvera-interneta-veikals-eiropa","14":"product_tag-etizolama-pulvera-piegade-bez-maksas-eiropa","15":"product_tag-etizolama-pulvera-piegade-eiropa","16":"product_tag-etizolama-pulvera-tirdznieciba-tiessaiste","17":"product_tag-etizolama-pulveris-eiropa","18":"product_tag-etizolama-pulveris-eiropa-piedavajumi","19":"product_tag-etizolama-pulveris-eiropa-piegadataji","20":"product_tag-etizolama-pulveris-labaka-cena-eiropa","21":"product_tag-kur-nopirkt-etizolam-pulveri-tiessaiste","22":"product_tag-kur-nopirkt-etizolam-pulveris-europe","23":"product_tag-lets-etizolama-pulveris-eiropa","24":"product_tag-nopirkt-etizolam-pulveri-tiessaiste","25":"product_tag-nopirkt-etizolama-pulveri","26":"product_tag-pasutiet-etizolama-pulveri-eu","27":"product_tag-pasutiet-etizolama-pulveri-tiessaiste","28":"product_tag-perciet-etizolama-pulveri-tiessaiste-eiropa","30":"first","31":"instock","32":"shipping-taxable","33":"purchasable","34":"product-type-variable","35":"farmacie-col"},"aioseo_notices":[],"_links":{"self":[{"href":"https:\/\/lacasadelamedicina.es\/lv\/wp-json\/wp\/v2\/product\/33445"}],"collection":[{"href":"https:\/\/lacasadelamedicina.es\/lv\/wp-json\/wp\/v2\/product"}],"about":[{"href":"https:\/\/lacasadelamedicina.es\/lv\/wp-json\/wp\/v2\/types\/product"}],"replies":[{"embeddable":true,"href":"https:\/\/lacasadelamedicina.es\/lv\/wp-json\/wp\/v2\/comments?post=33445"}],"wp:featuredmedia":[{"embeddable":true,"href":"https:\/\/lacasadelamedicina.es\/lv\/wp-json\/wp\/v2\/media\/18519"}],"wp:attachment":[{"href":"https:\/\/lacasadelamedicina.es\/lv\/wp-json\/wp\/v2\/media?parent=33445"}],"wp:term":[{"taxonomy":"product_cat","embeddable":true,"href":"https:\/\/lacasadelamedicina.es\/lv\/wp-json\/wp\/v2\/product_cat?post=33445"},{"taxonomy":"product_tag","embeddable":true,"href":"https:\/\/lacasadelamedicina.es\/lv\/wp-json\/wp\/v2\/product_tag?post=33445"}],"curies":[{"name":"wp","href":"https:\/\/api.w.org\/{rel}","templated":true}]}}